{"id":2477,"date":"2016-02-11T09:01:14","date_gmt":"2016-02-11T09:01:14","guid":{"rendered":"https:\/\/latam.patiadiabetes.com\/patia\/comite-cientifico\/rafael-gabriel-2\/?lang=en"},"modified":"2020-12-07T18:13:45","modified_gmt":"2020-12-07T16:13:45","slug":"rafael-gabriel-2","status":"publish","type":"page","link":"https:\/\/latam.patiadiabetes.com\/en\/patia\/scientific-committee\/rafael-gabriel-2\/","title":{"rendered":"Rafael Gabriel"},"content":{"rendered":"<div class=\"fusion-fullwidth fullwidth-box fusion-builder-row-1 hundred-percent-fullwidth non-hundred-percent-height-scrolling\" style=\"background-color: rgba(255,255,255,0);background-position: center center;background-repeat: no-repeat;padding-top:0px;padding-right:0px;padding-bottom:0px;padding-left:0px;margin-bottom: 0px;margin-top: 0px;border-width: 0px 0px 0px 0px;border-color:#eae9e9;border-style:solid;\" ><div class=\"fusion-builder-row fusion-row\"><div class=\"fusion-layout-column fusion_builder_column fusion-builder-column-0 fusion_builder_column_1_1 1_1 fusion-one-full fusion-column-first fusion-column-last fusion-column-no-min-height\" style=\"margin-top:0px;margin-bottom:0px;\"><div class=\"fusion-column-wrapper fusion-flex-column-wrapper-legacy\" style=\"background-position:left top;background-repeat:no-repeat;-webkit-background-size:cover;-moz-background-size:cover;-o-background-size:cover;background-size:cover;padding: 0px 0px 0px 0px;\"><style type=\"text\/css\"><\/style><div class=\"fusion-title title fusion-title-1 fusion-sep-none fusion-title-text fusion-title-size-one\" style=\"margin-top:0px;margin-right:0px;margin-bottom:31px;margin-left:0px;\"><h1 class=\"title-heading-left fusion-responsive-typography-calculated\" style=\"margin:0;--fontSize:45;line-height:1.24;\">Rafael Gabriel<\/h1><\/div><div class=\"fusion-text fusion-text-1\"><p><img decoding=\"async\" class=\"lazyload wp-image-2036 size-full alignleft\" src=\"https:\/\/latam.patiadiabetes.com\/wp-content\/uploads\/2016\/01\/rafael-gabriel-1.png\" data-orig-src=\"https:\/\/latam.patiadiabetes.com\/wp-content\/uploads\/2016\/01\/rafael-gabriel-1.png\" alt=\"\" width=\"155\" height=\"155\" srcset=\"data:image\/svg+xml,%3Csvg%20xmlns%3D%27http%3A%2F%2Fwww.w3.org%2F2000%2Fsvg%27%20width%3D%27155%27%20height%3D%27155%27%20viewBox%3D%270%200%20155%20155%27%3E%3Crect%20width%3D%27155%27%20height%3D%27155%27%20fill-opacity%3D%220%22%2F%3E%3C%2Fsvg%3E\" data-srcset=\"https:\/\/latam.patiadiabetes.com\/wp-content\/uploads\/2016\/01\/rafael-gabriel-1-66x66.png 66w, https:\/\/latam.patiadiabetes.com\/wp-content\/uploads\/2016\/01\/rafael-gabriel-1-150x150.png 150w, https:\/\/latam.patiadiabetes.com\/wp-content\/uploads\/2016\/01\/rafael-gabriel-1.png 155w\" data-sizes=\"auto\" data-orig-sizes=\"(max-width: 155px) 100vw, 155px\" \/><\/p>\n<h3>Dr. Rafael Gabriel S\u00e1nchez<\/h3>\n<p><span style=\"font-weight: 400;\">Head of Research Methodology Unit<\/span><span style=\"font-weight: 400;\"><br \/>\nUniversidad Aut\u00f3noma de Madrid<br \/>\nMadrid (Spain)<br \/>\n<\/span><\/p>\n<\/div><div class=\"fusion-sep-clear\"><\/div><div class=\"fusion-separator fusion-full-width-sep\" style=\"margin-left: auto;margin-right: auto;margin-top:10px;margin-bottom:10px;width:100%;\"><\/div><div class=\"fusion-sep-clear\"><\/div><div class=\"fusion-text fusion-text-2\"><h3>Biography<\/h3>\n<p>MD, PhD,\u00a0<span style=\"font-weight: 400;\">Head of Clinical Epidemiology Unit, Instituto IdiPAZ, Hospital Universitario La Paz. Madrid 2004-15 and Instituto IIS- Princesa, Madrid. 2015-present<\/span><\/p>\n<p><span style=\"font-weight: 400;\">Professor of Clinical Epidemiology. National School of Public Health. National Institute of Health Carlos III (Spain).\u00a0<\/span><span style=\"font-weight: 400;\">Member Executive Board RIC (Red Espa\u00f1ola de Investigaci\u00f3n Cardiovascular).\u00a0<\/span><span style=\"font-weight: 400;\">Coordinator, Red Iberoamericana de Investigaci\u00f3n en Prevenci\u00f3n de Enfermedades Cardiometab\u00f3licas (IBERCARMEN).<\/span><\/p>\n<p><span style=\"font-weight: 400;\">Visiting professor National Instiytute of Public Health (Mexico).\u00a0<\/span><span style=\"font-weight: 400;\">Scientific Director Fundaci\u00f3n para la Diabetes 2006-9, Madrid. Spain<\/span><\/p>\n<\/div><div class=\"fusion-text fusion-text-3\"><h3>Publications<\/h3>\n<p><span style=\"font-weight: 400;\">He has published over 200 original scientific articles in journals with impact in the areas of epidemiology and prevention of diabetes, cardiovascular disease, cognitive impairment, aging and risk factors.<\/span><\/p>\n<\/div><div class=\"fusion-text fusion-text-4\"><\/div><div class=\"fusion-clearfix\"><\/div><\/div><\/div><\/div><style type=\"text\/css\">.fusion-fullwidth.fusion-builder-row-1 { overflow:visible; }<\/style><\/div>\n","protected":false},"excerpt":{"rendered":"","protected":false},"author":4,"featured_media":0,"parent":2472,"menu_order":0,"comment_status":"closed","ping_status":"closed","template":"side-navigation.php","meta":[],"yoast_head":"<!-- This site is optimized with the Yoast SEO plugin v19.14 - https:\/\/yoast.com\/wordpress\/plugins\/seo\/ -->\n<title>Rafael Gabriel - Comit\u00e9 cient\u00edfico Diabetes Prevent<\/title>\n<meta name=\"description\" content=\"El programa para conocer la predisposici\u00f3n gen\u00e9tica a padecer diabetes tipo 2 y de prevenci\u00f3n de la diabetes DIABETESprevent est\u00e1 avalado por el Dr.Rafael Gabriel S\u00e1nchez, MD, PhD, Director de la Unidad de Metodolog\u00eda de la Investigaci\u00f3n, Instituto de Investigaci\u00f3n del Hospital Universitario de la Princesa, Universidad Aut\u00f3noma de Madrid. Ha publicado m\u00e1s de 200 art\u00edculos cient\u00edficos originales en revistas con impacto y revisi\u00f3n por pares principalmente en los temas de epidemiolog\u00eda y prevenci\u00f3n de la diabetes, las enfermedades cardiovasculares, deterioro cognitivo, el envejecimiento y sus factores de riesgo.\" \/>\n<meta name=\"robots\" content=\"index, follow, max-snippet:-1, max-image-preview:large, max-video-preview:-1\" \/>\n<link rel=\"canonical\" href=\"https:\/\/latam.patiadiabetes.com\/en\/patia\/scientific-committee\/rafael-gabriel-2\/\" \/>\n<meta property=\"og:locale\" content=\"en_GB\" \/>\n<meta property=\"og:type\" content=\"article\" \/>\n<meta property=\"og:title\" content=\"Rafael Gabriel - Comit\u00e9 cient\u00edfico Diabetes Prevent\" \/>\n<meta property=\"og:description\" content=\"El programa para conocer la predisposici\u00f3n gen\u00e9tica a padecer diabetes tipo 2 y de prevenci\u00f3n de la diabetes DIABETESprevent est\u00e1 avalado por el Dr.Rafael Gabriel S\u00e1nchez, MD, PhD, Director de la Unidad de Metodolog\u00eda de la Investigaci\u00f3n, Instituto de Investigaci\u00f3n del Hospital Universitario de la Princesa, Universidad Aut\u00f3noma de Madrid. Ha publicado m\u00e1s de 200 art\u00edculos cient\u00edficos originales en revistas con impacto y revisi\u00f3n por pares principalmente en los temas de epidemiolog\u00eda y prevenci\u00f3n de la diabetes, las enfermedades cardiovasculares, deterioro cognitivo, el envejecimiento y sus factores de riesgo.\" \/>\n<meta property=\"og:url\" content=\"https:\/\/latam.patiadiabetes.com\/en\/patia\/scientific-committee\/rafael-gabriel-2\/\" \/>\n<meta property=\"og:site_name\" content=\"PATIA Diabetes\" \/>\n<meta property=\"article:modified_time\" content=\"2020-12-07T16:13:45+00:00\" \/>\n<meta property=\"og:image\" content=\"https:\/\/latam.patiadiabetes.com\/wp-content\/uploads\/2016\/01\/rafael-gabriel-1.png\" \/>\n<meta name=\"twitter:card\" content=\"summary_large_image\" \/>\n<meta name=\"twitter:label1\" content=\"Estimated reading time\" \/>\n\t<meta name=\"twitter:data1\" content=\"1 minute\" \/>\n<script type=\"application\/ld+json\" class=\"yoast-schema-graph\">{\"@context\":\"https:\/\/schema.org\",\"@graph\":[{\"@type\":\"WebPage\",\"@id\":\"https:\/\/latam.patiadiabetes.com\/en\/patia\/scientific-committee\/rafael-gabriel-2\/\",\"url\":\"https:\/\/latam.patiadiabetes.com\/en\/patia\/scientific-committee\/rafael-gabriel-2\/\",\"name\":\"Rafael Gabriel - Comit\u00e9 cient\u00edfico Diabetes Prevent\",\"isPartOf\":{\"@id\":\"https:\/\/latam.patiadiabetes.com\/#website\"},\"datePublished\":\"2016-02-11T09:01:14+00:00\",\"dateModified\":\"2020-12-07T16:13:45+00:00\",\"description\":\"El programa para conocer la predisposici\u00f3n gen\u00e9tica a padecer diabetes tipo 2 y de prevenci\u00f3n de la diabetes DIABETESprevent est\u00e1 avalado por el Dr.Rafael Gabriel S\u00e1nchez, MD, PhD, Director de la Unidad de Metodolog\u00eda de la Investigaci\u00f3n, Instituto de Investigaci\u00f3n del Hospital Universitario de la Princesa, Universidad Aut\u00f3noma de Madrid. Ha publicado m\u00e1s de 200 art\u00edculos cient\u00edficos originales en revistas con impacto y revisi\u00f3n por pares principalmente en los temas de epidemiolog\u00eda y prevenci\u00f3n de la diabetes, las enfermedades cardiovasculares, deterioro cognitivo, el envejecimiento y sus factores de riesgo.\",\"breadcrumb\":{\"@id\":\"https:\/\/latam.patiadiabetes.com\/en\/patia\/scientific-committee\/rafael-gabriel-2\/#breadcrumb\"},\"inLanguage\":\"en-GB\",\"potentialAction\":[{\"@type\":\"ReadAction\",\"target\":[\"https:\/\/latam.patiadiabetes.com\/en\/patia\/scientific-committee\/rafael-gabriel-2\/\"]}]},{\"@type\":\"BreadcrumbList\",\"@id\":\"https:\/\/latam.patiadiabetes.com\/en\/patia\/scientific-committee\/rafael-gabriel-2\/#breadcrumb\",\"itemListElement\":[{\"@type\":\"ListItem\",\"position\":1,\"name\":\"Patia\",\"item\":\"https:\/\/latam.patiadiabetes.com\/en\/patia\/\"},{\"@type\":\"ListItem\",\"position\":2,\"name\":\"Scientific committee\",\"item\":\"https:\/\/latam.patiadiabetes.com\/en\/patia\/scientific-committee\/\"},{\"@type\":\"ListItem\",\"position\":3,\"name\":\"Rafael Gabriel\"}]},{\"@type\":\"WebSite\",\"@id\":\"https:\/\/latam.patiadiabetes.com\/#website\",\"url\":\"https:\/\/latam.patiadiabetes.com\/\",\"name\":\"PATIA Diabetes\",\"description\":\"T\u00fa puedes prevenir la diabetes tipo 2\",\"publisher\":{\"@id\":\"https:\/\/latam.patiadiabetes.com\/#organization\"},\"potentialAction\":[{\"@type\":\"SearchAction\",\"target\":{\"@type\":\"EntryPoint\",\"urlTemplate\":\"https:\/\/latam.patiadiabetes.com\/?s={search_term_string}\"},\"query-input\":\"required name=search_term_string\"}],\"inLanguage\":\"en-GB\"},{\"@type\":\"Organization\",\"@id\":\"https:\/\/latam.patiadiabetes.com\/#organization\",\"name\":\"Patia\",\"url\":\"https:\/\/latam.patiadiabetes.com\/\",\"logo\":{\"@type\":\"ImageObject\",\"inLanguage\":\"en-GB\",\"@id\":\"https:\/\/latam.patiadiabetes.com\/#\/schema\/logo\/image\/\",\"url\":\"https:\/\/www.patiadiabetes.com\/wp-content\/uploads\/2016\/01\/PATIA-logo.png\",\"contentUrl\":\"https:\/\/www.patiadiabetes.com\/wp-content\/uploads\/2016\/01\/PATIA-logo.png\",\"width\":150,\"height\":80,\"caption\":\"Patia\"},\"image\":{\"@id\":\"https:\/\/latam.patiadiabetes.com\/#\/schema\/logo\/image\/\"}}]}<\/script>\n<!-- \/ Yoast SEO plugin. -->","yoast_head_json":{"title":"Rafael Gabriel - Comit\u00e9 cient\u00edfico Diabetes Prevent","description":"El programa para conocer la predisposici\u00f3n gen\u00e9tica a padecer diabetes tipo 2 y de prevenci\u00f3n de la diabetes DIABETESprevent est\u00e1 avalado por el Dr.Rafael Gabriel S\u00e1nchez, MD, PhD, Director de la Unidad de Metodolog\u00eda de la Investigaci\u00f3n, Instituto de Investigaci\u00f3n del Hospital Universitario de la Princesa, Universidad Aut\u00f3noma de Madrid. Ha publicado m\u00e1s de 200 art\u00edculos cient\u00edficos originales en revistas con impacto y revisi\u00f3n por pares principalmente en los temas de epidemiolog\u00eda y prevenci\u00f3n de la diabetes, las enfermedades cardiovasculares, deterioro cognitivo, el envejecimiento y sus factores de riesgo.","robots":{"index":"index","follow":"follow","max-snippet":"max-snippet:-1","max-image-preview":"max-image-preview:large","max-video-preview":"max-video-preview:-1"},"canonical":"https:\/\/latam.patiadiabetes.com\/en\/patia\/scientific-committee\/rafael-gabriel-2\/","og_locale":"en_GB","og_type":"article","og_title":"Rafael Gabriel - Comit\u00e9 cient\u00edfico Diabetes Prevent","og_description":"El programa para conocer la predisposici\u00f3n gen\u00e9tica a padecer diabetes tipo 2 y de prevenci\u00f3n de la diabetes DIABETESprevent est\u00e1 avalado por el Dr.Rafael Gabriel S\u00e1nchez, MD, PhD, Director de la Unidad de Metodolog\u00eda de la Investigaci\u00f3n, Instituto de Investigaci\u00f3n del Hospital Universitario de la Princesa, Universidad Aut\u00f3noma de Madrid. Ha publicado m\u00e1s de 200 art\u00edculos cient\u00edficos originales en revistas con impacto y revisi\u00f3n por pares principalmente en los temas de epidemiolog\u00eda y prevenci\u00f3n de la diabetes, las enfermedades cardiovasculares, deterioro cognitivo, el envejecimiento y sus factores de riesgo.","og_url":"https:\/\/latam.patiadiabetes.com\/en\/patia\/scientific-committee\/rafael-gabriel-2\/","og_site_name":"PATIA Diabetes","article_modified_time":"2020-12-07T16:13:45+00:00","og_image":[{"url":"https:\/\/latam.patiadiabetes.com\/wp-content\/uploads\/2016\/01\/rafael-gabriel-1.png"}],"twitter_card":"summary_large_image","twitter_misc":{"Estimated reading time":"1 minute"},"schema":{"@context":"https:\/\/schema.org","@graph":[{"@type":"WebPage","@id":"https:\/\/latam.patiadiabetes.com\/en\/patia\/scientific-committee\/rafael-gabriel-2\/","url":"https:\/\/latam.patiadiabetes.com\/en\/patia\/scientific-committee\/rafael-gabriel-2\/","name":"Rafael Gabriel - Comit\u00e9 cient\u00edfico Diabetes Prevent","isPartOf":{"@id":"https:\/\/latam.patiadiabetes.com\/#website"},"datePublished":"2016-02-11T09:01:14+00:00","dateModified":"2020-12-07T16:13:45+00:00","description":"El programa para conocer la predisposici\u00f3n gen\u00e9tica a padecer diabetes tipo 2 y de prevenci\u00f3n de la diabetes DIABETESprevent est\u00e1 avalado por el Dr.Rafael Gabriel S\u00e1nchez, MD, PhD, Director de la Unidad de Metodolog\u00eda de la Investigaci\u00f3n, Instituto de Investigaci\u00f3n del Hospital Universitario de la Princesa, Universidad Aut\u00f3noma de Madrid. Ha publicado m\u00e1s de 200 art\u00edculos cient\u00edficos originales en revistas con impacto y revisi\u00f3n por pares principalmente en los temas de epidemiolog\u00eda y prevenci\u00f3n de la diabetes, las enfermedades cardiovasculares, deterioro cognitivo, el envejecimiento y sus factores de riesgo.","breadcrumb":{"@id":"https:\/\/latam.patiadiabetes.com\/en\/patia\/scientific-committee\/rafael-gabriel-2\/#breadcrumb"},"inLanguage":"en-GB","potentialAction":[{"@type":"ReadAction","target":["https:\/\/latam.patiadiabetes.com\/en\/patia\/scientific-committee\/rafael-gabriel-2\/"]}]},{"@type":"BreadcrumbList","@id":"https:\/\/latam.patiadiabetes.com\/en\/patia\/scientific-committee\/rafael-gabriel-2\/#breadcrumb","itemListElement":[{"@type":"ListItem","position":1,"name":"Patia","item":"https:\/\/latam.patiadiabetes.com\/en\/patia\/"},{"@type":"ListItem","position":2,"name":"Scientific committee","item":"https:\/\/latam.patiadiabetes.com\/en\/patia\/scientific-committee\/"},{"@type":"ListItem","position":3,"name":"Rafael Gabriel"}]},{"@type":"WebSite","@id":"https:\/\/latam.patiadiabetes.com\/#website","url":"https:\/\/latam.patiadiabetes.com\/","name":"PATIA Diabetes","description":"T\u00fa puedes prevenir la diabetes tipo 2","publisher":{"@id":"https:\/\/latam.patiadiabetes.com\/#organization"},"potentialAction":[{"@type":"SearchAction","target":{"@type":"EntryPoint","urlTemplate":"https:\/\/latam.patiadiabetes.com\/?s={search_term_string}"},"query-input":"required name=search_term_string"}],"inLanguage":"en-GB"},{"@type":"Organization","@id":"https:\/\/latam.patiadiabetes.com\/#organization","name":"Patia","url":"https:\/\/latam.patiadiabetes.com\/","logo":{"@type":"ImageObject","inLanguage":"en-GB","@id":"https:\/\/latam.patiadiabetes.com\/#\/schema\/logo\/image\/","url":"https:\/\/www.patiadiabetes.com\/wp-content\/uploads\/2016\/01\/PATIA-logo.png","contentUrl":"https:\/\/www.patiadiabetes.com\/wp-content\/uploads\/2016\/01\/PATIA-logo.png","width":150,"height":80,"caption":"Patia"},"image":{"@id":"https:\/\/latam.patiadiabetes.com\/#\/schema\/logo\/image\/"}}]}},"_links":{"self":[{"href":"https:\/\/latam.patiadiabetes.com\/en\/wp-json\/wp\/v2\/pages\/2477"}],"collection":[{"href":"https:\/\/latam.patiadiabetes.com\/en\/wp-json\/wp\/v2\/pages"}],"about":[{"href":"https:\/\/latam.patiadiabetes.com\/en\/wp-json\/wp\/v2\/types\/page"}],"author":[{"embeddable":true,"href":"https:\/\/latam.patiadiabetes.com\/en\/wp-json\/wp\/v2\/users\/4"}],"replies":[{"embeddable":true,"href":"https:\/\/latam.patiadiabetes.com\/en\/wp-json\/wp\/v2\/comments?post=2477"}],"version-history":[{"count":0,"href":"https:\/\/latam.patiadiabetes.com\/en\/wp-json\/wp\/v2\/pages\/2477\/revisions"}],"up":[{"embeddable":true,"href":"https:\/\/latam.patiadiabetes.com\/en\/wp-json\/wp\/v2\/pages\/2472"}],"wp:attachment":[{"href":"https:\/\/latam.patiadiabetes.com\/en\/wp-json\/wp\/v2\/media?parent=2477"}],"curies":[{"name":"wp","href":"https:\/\/api.w.org\/{rel}","templated":true}]}}