{"id":10810,"date":"2020-03-17T17:01:09","date_gmt":"2020-03-17T15:01:09","guid":{"rendered":"https:\/\/latam.patiadiabetes.com\/?page_id=10810"},"modified":"2022-05-30T17:42:25","modified_gmt":"2022-05-30T15:42:25","slug":"diabegen_diabetes_tipo_2","status":"publish","type":"page","link":"https:\/\/latam.patiadiabetes.com\/es\/diabegen_diabetes_tipo_2\/","title":{"rendered":"DIABEgen"},"content":{"rendered":"<div class=\"fusion-fullwidth fullwidth-box fusion-builder-row-1 hundred-percent-fullwidth non-hundred-percent-height-scrolling\" style=\"background-color: rgba(255,255,255,0);background-position: center center;background-repeat: no-repeat;padding-top:0px;padding-right:0px;padding-bottom:0px;padding-left:0px;margin-bottom: 0px;margin-top: 0px;border-width: 0px 0px 0px 0px;border-color:#eae9e9;border-style:solid;\" ><div class=\"fusion-builder-row fusion-row\"><div class=\"fusion-layout-column fusion_builder_column fusion-builder-column-0 fusion_builder_column_1_1 1_1 fusion-one-full fusion-column-first fusion-column-last fusion-column-no-min-height\" style=\"margin-top:0px;margin-bottom:0px;\"><div class=\"fusion-column-wrapper fusion-flex-column-wrapper-legacy\" style=\"background-position:left top;background-repeat:no-repeat;-webkit-background-size:cover;-moz-background-size:cover;-o-background-size:cover;background-size:cover;padding: 0px 0px 0px 0px;\"><div class=\"fusion-text fusion-text-1\"><h1>DIABEgen<\/h1>\n<\/div><div class=\"fusion-clearfix\"><\/div><\/div><\/div><div class=\"fusion-layout-column fusion_builder_column fusion-builder-column-1 fusion_builder_column_1_1 1_1 fusion-one-full fusion-column-first fusion-column-last\" style=\"margin-top:0px;margin-bottom:10px;\"><div class=\"fusion-column-wrapper fusion-flex-column-wrapper-legacy\" style=\"background-position:left top;background-repeat:no-repeat;-webkit-background-size:cover;-moz-background-size:cover;-o-background-size:cover;background-size:cover;padding: 0px 0px 0px 0px;\"><div class=\"fusion-text fusion-text-2\"><h2><img decoding=\"async\" class=\"lazyload size-full wp-image-10872 alignleft\" src=\"https:\/\/latam.patiadiabetes.com\/wp-content\/uploads\/2020\/03\/logo_diabegen.png\" data-orig-src=\"https:\/\/latam.patiadiabetes.com\/wp-content\/uploads\/2020\/03\/logo_diabegen.png\" alt=\"gen\u00e9tica para la intervenci\u00f3n diabetes\" width=\"418\" height=\"100\" srcset=\"data:image\/svg+xml,%3Csvg%20xmlns%3D%27http%3A%2F%2Fwww.w3.org%2F2000%2Fsvg%27%20width%3D%27418%27%20height%3D%27100%27%20viewBox%3D%270%200%20418%20100%27%3E%3Crect%20width%3D%27418%27%20height%3D%27100%27%20fill-opacity%3D%220%22%2F%3E%3C%2Fsvg%3E\" data-srcset=\"https:\/\/latam.patiadiabetes.com\/wp-content\/uploads\/2020\/03\/logo_diabegen-300x72.png 300w, https:\/\/latam.patiadiabetes.com\/wp-content\/uploads\/2020\/03\/logo_diabegen.png 418w\" data-sizes=\"auto\" data-orig-sizes=\"(max-width: 418px) 100vw, 418px\" \/><img decoding=\"async\" class=\"lazyload size-full wp-image-10873 alignright\" src=\"https:\/\/latam.patiadiabetes.com\/wp-content\/uploads\/2020\/03\/foto_padre_hijo.png\" data-orig-src=\"https:\/\/latam.patiadiabetes.com\/wp-content\/uploads\/2020\/03\/foto_padre_hijo.png\" alt=\"foto_padre_hijo\" width=\"385\" height=\"433\" srcset=\"data:image\/svg+xml,%3Csvg%20xmlns%3D%27http%3A%2F%2Fwww.w3.org%2F2000%2Fsvg%27%20width%3D%27385%27%20height%3D%27433%27%20viewBox%3D%270%200%20385%20433%27%3E%3Crect%20width%3D%27385%27%20height%3D%27433%27%20fill-opacity%3D%220%22%2F%3E%3C%2Fsvg%3E\" data-srcset=\"https:\/\/latam.patiadiabetes.com\/wp-content\/uploads\/2020\/03\/foto_padre_hijo-267x300.png 267w, https:\/\/latam.patiadiabetes.com\/wp-content\/uploads\/2020\/03\/foto_padre_hijo.png 385w\" data-sizes=\"auto\" data-orig-sizes=\"(max-width: 385px) 100vw, 385px\" \/><\/h2>\n<h2><\/h2>\n<h2><\/h2>\n<h2><\/h2>\n<h2><\/h2>\n<h2>Medicina de precisi\u00f3n\u00a0para la diabetes tipo 2<\/h2>\n<p style=\"text-align: justify;\"><b>Patia presenta <\/b><b>diabe<\/b><b>gen<\/b><b>\u2122<\/b><b>, una herramienta gen\u00f3mica que analiza las principales variantes gen\u00e9ticas asociadas a la diabetes tipo 2 y ofrece al m\u00e9dico consideraciones individualizadas para una intervenci\u00f3n precisa en el manejo de la patolog\u00eda.<\/b><\/p>\n<p style=\"text-align: justify;\">En los \u00faltimos a\u00f1os, m\u00faltiples publicaciones cient\u00edficas han descrito asociaciones genotipo\/fenotipo\u00a0 en el desarrollo de la diabetes tipo 2 y sus complicaciones.<\/p>\n<p style=\"text-align: justify;\"><b>Patia<\/b> ha seleccionado variantes gen\u00e9ticas\u00a0 asociadas a ciertos rasgos glic\u00e9micos y consecuencias cl\u00ednicas, que proporcionan informaci\u00f3n relevante para la gesti\u00f3n de\u00a0 la diabetes tipo 2.<\/p>\n<h2>Gen\u00f3mica para la intervenci\u00f3n<\/h2>\n<p style=\"text-align: justify;\">La diabetes tipo 2 es una enfermedad compleja, para la que se han identificado asociaciones directas e indirectas genotipo-fenotipo: genotipo\/sintomatolog\u00eda, genotipo\/funciones celulares y procesos fisiol\u00f3gicos.<\/p>\n<p style=\"text-align: justify;\">Una muestra de ADN del paciente ofrece informaci\u00f3n \u00fatil para adecuar su tratamiento junto con la historia cl\u00ednica del paciente y otras pruebas complementarias.<\/p>\n<\/div><div class=\"fusion-clearfix\"><\/div><\/div><\/div><div class=\"fusion-layout-column fusion_builder_column fusion-builder-column-2 fusion_builder_column_3_5 3_5 fusion-three-fifth fusion-column-first\" style=\"width:58.4%; margin-right: 4%;margin-top:0px;margin-bottom:10px;\"><div class=\"fusion-column-wrapper fusion-flex-column-wrapper-legacy\" style=\"background-position:left top;background-repeat:no-repeat;-webkit-background-size:cover;-moz-background-size:cover;-o-background-size:cover;background-size:cover;padding: 0px 0px 0px 0px;\"><div class=\"fusion-text fusion-text-3\"><h3>DIABE<em>gen<\/em> analiza polimorfismos gen\u00e9ticos seleccionados por su relevante asociaci\u00f3n con la dibetes tipo 2<\/h3>\n<p><img decoding=\"async\" class=\"lazyload aligncenter wp-image-10877\" src=\"https:\/\/latam.patiadiabetes.com\/wp-content\/uploads\/2020\/03\/genotipo_diabegen-1.png\" data-orig-src=\"https:\/\/latam.patiadiabetes.com\/wp-content\/uploads\/2020\/03\/genotipo_diabegen-1.png\" alt=\"medicina precisi\u00f3n diabetes\" width=\"447\" height=\"317\" srcset=\"data:image\/svg+xml,%3Csvg%20xmlns%3D%27http%3A%2F%2Fwww.w3.org%2F2000%2Fsvg%27%20width%3D%27447%27%20height%3D%27317%27%20viewBox%3D%270%200%20447%20317%27%3E%3Crect%20width%3D%27447%27%20height%3D%27317%27%20fill-opacity%3D%220%22%2F%3E%3C%2Fsvg%3E\" data-srcset=\"https:\/\/latam.patiadiabetes.com\/wp-content\/uploads\/2020\/03\/genotipo_diabegen-1-300x214.png 300w, https:\/\/latam.patiadiabetes.com\/wp-content\/uploads\/2020\/03\/genotipo_diabegen-1.png 403w\" data-sizes=\"auto\" data-orig-sizes=\"(max-width: 447px) 100vw, 447px\" \/><\/p>\n<\/div><div class=\"fusion-clearfix\"><\/div><\/div><\/div><div class=\"fusion-layout-column fusion_builder_column fusion-builder-column-3 fusion_builder_column_1_3 1_3 fusion-one-third\" style=\"width:30.6666%; margin-right: 4%;margin-top:0px;margin-bottom:10px;\"><div class=\"fusion-column-wrapper fusion-flex-column-wrapper-legacy\" style=\"background-position:left top;background-repeat:no-repeat;-webkit-background-size:cover;-moz-background-size:cover;-o-background-size:cover;background-size:cover;padding: 0px 0px 0px 0px;\"><div class=\"fusion-text fusion-text-4\"><h3>Beneficios de DIABEgen<\/h3>\n<p>El informe de resultados permite:<\/p>\n<ul>\n<li>Intervenci\u00f3n precisa en el estilo de vida del paciente<\/li>\n<li>Optimizaci\u00f3n del tratamiento<\/li>\n<li>Consideraci\u00f3n de otros an\u00e1lisis cl\u00ednicos pertinentes<\/li>\n<li>Segmentaci\u00f3n de los pacientes<\/li>\n<\/ul>\n<h3>Recomendaciones basadas en el genotipo<\/h3>\n<p>El informe de resultados proporciona informaci\u00f3n relevante para el m\u00e9dico sobre el estilo de vida (con sugerencias espec\u00edficas de nutrici\u00f3n y ejercicio f\u00edsico), suplementos, indicaciones farmacol\u00f3gicas y otras pruebas cl\u00ednicas a ser valoradas en el conjunto de la historia cl\u00ednica del paciente.<\/p>\n<\/div><div class=\"fusion-clearfix\"><\/div><\/div><\/div><div class=\"fusion-layout-column fusion_builder_column fusion-builder-column-4 fusion_builder_column_1_1 1_1 fusion-one-full fusion-column-last\" style=\"margin-top:0px;margin-bottom:10px;\"><div class=\"fusion-column-wrapper fusion-flex-column-wrapper-legacy\" style=\"background-position:left top;background-repeat:no-repeat;-webkit-background-size:cover;-moz-background-size:cover;-o-background-size:cover;background-size:cover;padding: 0px 0px 0px 0px;\"><div class=\"fusion-text fusion-text-5\"><p><img decoding=\"async\" class=\"lazyload wp-image-11474 aligncenter\" src=\"https:\/\/latam.patiadiabetes.com\/wp-content\/uploads\/2020\/03\/tarjeta.png\" data-orig-src=\"https:\/\/latam.patiadiabetes.com\/wp-content\/uploads\/2020\/03\/tarjeta.png\" alt=\"tarjeta\" width=\"591\" height=\"340\" srcset=\"data:image\/svg+xml,%3Csvg%20xmlns%3D%27http%3A%2F%2Fwww.w3.org%2F2000%2Fsvg%27%20width%3D%27591%27%20height%3D%27340%27%20viewBox%3D%270%200%20591%20340%27%3E%3Crect%20width%3D%27591%27%20height%3D%27340%27%20fill-opacity%3D%220%22%2F%3E%3C%2Fsvg%3E\" data-srcset=\"https:\/\/latam.patiadiabetes.com\/wp-content\/uploads\/2020\/03\/tarjeta-300x172.png 300w, https:\/\/latam.patiadiabetes.com\/wp-content\/uploads\/2020\/03\/tarjeta-768x441.png 768w, https:\/\/latam.patiadiabetes.com\/wp-content\/uploads\/2020\/03\/tarjeta-1024x588.png 1024w, https:\/\/latam.patiadiabetes.com\/wp-content\/uploads\/2020\/03\/tarjeta.png 1734w\" data-sizes=\"auto\" data-orig-sizes=\"(max-width: 591px) 100vw, 591px\" \/><\/p>\n<\/div><div class=\"fusion-clearfix\"><\/div><\/div><\/div><div class=\"fusion-layout-column fusion_builder_column fusion-builder-column-5 fusion_builder_column_1_1 1_1 fusion-one-full fusion-column-first fusion-column-last\" style=\"margin-top:0px;margin-bottom:10px;\"><div class=\"fusion-column-wrapper fusion-flex-column-wrapper-legacy\" style=\"background-position:left top;background-repeat:no-repeat;-webkit-background-size:cover;-moz-background-size:cover;-o-background-size:cover;background-size:cover;padding: 0px 0px 0px 0px;\"><div class=\"fusion-text fusion-text-6\"><h3><b><\/b>Indicaciones cl\u00ednicas<\/h3>\n<p><strong>Individuo con diagn\u00f3stico de pre-diabetes, diabetes tipo 2 o\u00a0 glucemia elevada<\/strong><\/p>\n<h3>Toma de muestra<\/h3>\n<p>En torunda para c\u00e9lulas epiteliales bucales o en tubo EDTA para sangre<\/p>\n<h3>Entrega de resultados<\/h3>\n<p>10 d\u00edas laborables<\/p>\n<\/div><div class=\"fusion-clearfix\"><\/div><\/div><\/div><div class=\"fusion-layout-column fusion_builder_column fusion-builder-column-6 fusion_builder_column_1_1 1_1 fusion-one-full fusion-column-first fusion-column-last fusion-column-no-min-height\" style=\"margin-top:0px;margin-bottom:0px;\"><div class=\"fusion-column-wrapper fusion-flex-column-wrapper-legacy\" style=\"background-position:left top;background-repeat:no-repeat;-webkit-background-size:cover;-moz-background-size:cover;-o-background-size:cover;background-size:cover;padding: 0px 0px 0px 0px;\"><div class=\"fusion-text fusion-text-7\"><h2><\/h2>\n<\/div><div class=\"fusion-clearfix\"><\/div><\/div><\/div><div class=\"fusion-layout-column fusion_builder_column fusion-builder-column-7 fusion_builder_column_1_1 1_1 fusion-one-full fusion-column-first fusion-column-last\" style=\"margin-top:0px;margin-bottom:10px;\"><div class=\"fusion-column-wrapper fusion-flex-column-wrapper-legacy\" style=\"background-position:left top;background-repeat:no-repeat;-webkit-background-size:cover;-moz-background-size:cover;-o-background-size:cover;background-size:cover;padding: 0px 0px 0px 0px;\"><div class=\"fusion-text fusion-text-8\"><h3 style=\"text-align: left;\"><\/h3>\n<hr \/>\n<hr \/>\n<h3 style=\"text-align: left;\">Soy un profesional de la salud\u00a0y quiero saber m\u00e1s acerca de\u00a0DIABEgen<\/h3>\n<div class=\"wpcf7 no-js\" id=\"wpcf7-f10614-o1\" lang=\"es-ES\" dir=\"ltr\">\n<div class=\"screen-reader-response\"><p role=\"status\" aria-live=\"polite\" aria-atomic=\"true\"><\/p> <ul><\/ul><\/div>\n<form action=\"\/es\/wp-json\/wp\/v2\/pages\/10810#wpcf7-f10614-o1\" method=\"post\" class=\"wpcf7-form init\" aria-label=\"Formulario de contacto\" novalidate=\"novalidate\" data-status=\"init\">\n<div style=\"display: none;\">\n<input type=\"hidden\" name=\"_wpcf7\" value=\"10614\" \/>\n<input type=\"hidden\" name=\"_wpcf7_version\" value=\"5.7.2\" \/>\n<input type=\"hidden\" name=\"_wpcf7_locale\" value=\"es_ES\" \/>\n<input type=\"hidden\" name=\"_wpcf7_unit_tag\" value=\"wpcf7-f10614-o1\" \/>\n<input type=\"hidden\" name=\"_wpcf7_container_post\" value=\"0\" \/>\n<input type=\"hidden\" name=\"_wpcf7_posted_data_hash\" value=\"\" \/>\n<input type=\"hidden\" name=\"_wpcf7_recaptcha_response\" value=\"\" \/>\n<\/div>\n<p>Persona de contacto (*)\n<\/p>\n<p><span class=\"wpcf7-form-control-wrap\" data-name=\"NOMBRE\"><input size=\"40\" class=\"wpcf7-form-control wpcf7-text wpcf7-validates-as-required\" aria-required=\"true\" aria-invalid=\"false\" value=\"\" type=\"text\" name=\"NOMBRE\" \/><\/span>\n<\/p>\n<p>Instituci\u00f3n\n<\/p>\n<p><span class=\"wpcf7-form-control-wrap\" data-name=\"INTITUCION\"><input size=\"40\" class=\"wpcf7-form-control wpcf7-text\" aria-invalid=\"false\" value=\"\" type=\"text\" name=\"INTITUCION\" \/><\/span>\n<\/p>\n<p>Localidad\n<\/p>\n<p><span class=\"wpcf7-form-control-wrap\" data-name=\"LOCALIDAD\"><input size=\"40\" class=\"wpcf7-form-control wpcf7-text\" aria-invalid=\"false\" value=\"\" type=\"text\" name=\"LOCALIDAD\" \/><\/span>\n<\/p>\n<p>Pa\u00eds\n<\/p>\n<p><span class=\"wpcf7-form-control-wrap\" data-name=\"PAIS\"><input size=\"40\" class=\"wpcf7-form-control wpcf7-text\" aria-invalid=\"false\" value=\"\" type=\"text\" name=\"PAIS\" \/><\/span>\n<\/p>\n<p>Tel\u00e9fono de contacto (*)\n<\/p>\n<p><span class=\"wpcf7-form-control-wrap\" data-name=\"TELEFONO\"><input size=\"40\" class=\"wpcf7-form-control wpcf7-text wpcf7-tel wpcf7-validates-as-tel\" aria-invalid=\"false\" value=\"\" type=\"tel\" name=\"TELEFONO\" \/><\/span>\n<\/p>\n<p>Email (*)\n<\/p>\n<p><span class=\"wpcf7-form-control-wrap\" data-name=\"EMAIL\"><input size=\"40\" class=\"wpcf7-form-control wpcf7-text wpcf7-email wpcf7-validates-as-required wpcf7-validates-as-email\" aria-required=\"true\" aria-invalid=\"false\" value=\"\" type=\"email\" name=\"EMAIL\" \/><\/span>\n<\/p>\n<p><label>Especialidad<\/label>\n<\/p>\n<p><span class=\"wpcf7-form-control-wrap\" data-name=\"ESPECIALIDAD\"><input size=\"40\" class=\"wpcf7-form-control wpcf7-text\" aria-invalid=\"false\" value=\"\" type=\"text\" name=\"ESPECIALIDAD\" \/><\/span>\n<\/p>\n<p>\u00bfC\u00f3mo has conocido PromarkerD?:<br \/>\n<span class=\"wpcf7-form-control-wrap\" data-name=\"FUENTE\"><select class=\"wpcf7-form-control wpcf7-select\" aria-invalid=\"false\" name=\"FUENTE\"><option value=\"Internet\">Internet<\/option><option value=\"Medios de comunicaci\u00f3n\">Medios de comunicaci\u00f3n<\/option><option value=\"Revistas especializadas\">Revistas especializadas<\/option><option value=\"Recomendaci\u00f3n de colega\">Recomendaci\u00f3n de colega<\/option><option value=\"Por un paciente\">Por un paciente<\/option><option value=\"Otro\">Otro<\/option><\/select><\/span>\n<\/p>\n<p>Mensaje\n<\/p>\n<p><span class=\"wpcf7-form-control-wrap\" data-name=\"MENSAJE\"><textarea cols=\"40\" rows=\"10\" class=\"wpcf7-form-control wpcf7-textarea\" aria-invalid=\"false\" name=\"MENSAJE\"><\/textarea><\/span>\n<\/p>\n<p><br \/>\nPara evitar SPAM, escribe este c\u00f3digo en el campo siguiente<br \/>\n<em>Para usar CAPTCHA, tienes que tener instalado el plugin <a href=\"https:\/\/wordpress.org\/plugins\/really-simple-captcha\/\">Really Simple CAPTCHA<\/a>.<\/em><br \/>\n<span class=\"wpcf7-form-control-wrap\" data-name=\"captcha-257\"><input size=\"40\" class=\"wpcf7-form-control wpcf7-captchar\" autocomplete=\"off\" aria-invalid=\"false\" value=\"\" type=\"text\" name=\"captcha-257\" \/><\/span>\n<\/p>\n<p><span class=\"wpcf7-form-control-wrap\" data-name=\"acceptance-175\"><span class=\"wpcf7-form-control wpcf7-acceptance\"><span class=\"wpcf7-list-item\"><input type=\"checkbox\" name=\"acceptance-175\" value=\"1\" checked=\"checked\" aria-invalid=\"false\" \/><\/span><\/span><\/span> Acepto <a href=\"\/aviso-legal\/\" target=\"_blank\">las condiciones legales y la pol\u00edtica de privacidad<\/a>.\n<\/p>\n<p><input class=\"wpcf7-form-control has-spinner wpcf7-submit\" type=\"submit\" value=\"Enviar\" \/>\n<\/p><div class=\"fusion-alert alert custom alert-custom fusion-alert-center wpcf7-response-output alert-dismissable\" role=\"alert\" style=\"border-width:1px;\"><div class=\"fusion-alert-content-wrapper\"><span class=\"fusion-alert-content\"><\/span><\/div><button type=\"button\" class=\"close toggle-alert\" data-dismiss=\"alert\" aria-label=\"Close\">&times;<\/button><\/div><\/form><\/div>\n<\/div><div class=\"fusion-clearfix\"><\/div><\/div><\/div><\/div><style type=\"text\/css\">.fusion-fullwidth.fusion-builder-row-1 { overflow:visible; }<\/style><\/div>\n","protected":false},"excerpt":{"rendered":"","protected":false},"author":21,"featured_media":0,"parent":0,"menu_order":0,"comment_status":"closed","ping_status":"closed","template":"","meta":[],"yoast_head":"<!-- This site is optimized with the Yoast SEO plugin v19.14 - https:\/\/yoast.com\/wordpress\/plugins\/seo\/ -->\n<title>diabegen Medicina de precisi\u00f3n para diabetes tipo 2<\/title>\n<meta name=\"description\" content=\"diabegen analiza las principales variantes gen\u00e9ticas asociadas a la diabetes tipo 2 y Intervenci\u00f3n precisa en estilo de vida del paciente\" \/>\n<meta name=\"robots\" content=\"index, nofollow, max-snippet:-1, max-image-preview:large, max-video-preview:-1\" \/>\n<link rel=\"canonical\" href=\"https:\/\/latam.patiadiabetes.com\/es\/diabegen_diabetes_tipo_2\/\" \/>\n<meta property=\"og:locale\" content=\"es_ES\" \/>\n<meta property=\"og:type\" content=\"article\" \/>\n<meta property=\"og:title\" content=\"diabegen Medicina de precisi\u00f3n para diabetes tipo 2\" \/>\n<meta property=\"og:description\" content=\"diabegen analiza las principales variantes gen\u00e9ticas asociadas a la diabetes tipo 2 y Intervenci\u00f3n precisa en estilo de vida del paciente\" \/>\n<meta property=\"og:url\" content=\"https:\/\/latam.patiadiabetes.com\/es\/diabegen_diabetes_tipo_2\/\" \/>\n<meta property=\"og:site_name\" content=\"PATIA Diabetes\" \/>\n<meta property=\"article:modified_time\" content=\"2022-05-30T15:42:25+00:00\" \/>\n<meta property=\"og:image\" content=\"https:\/\/latam.patiadiabetes.com\/wp-content\/uploads\/2020\/03\/logo_diabegen.png\" \/>\n<meta name=\"twitter:card\" content=\"summary_large_image\" \/>\n<meta name=\"twitter:label1\" content=\"Tiempo de lectura\" \/>\n\t<meta name=\"twitter:data1\" content=\"4 minutos\" \/>\n<script type=\"application\/ld+json\" class=\"yoast-schema-graph\">{\"@context\":\"https:\/\/schema.org\",\"@graph\":[{\"@type\":\"WebPage\",\"@id\":\"https:\/\/latam.patiadiabetes.com\/es\/diabegen_diabetes_tipo_2\/\",\"url\":\"https:\/\/latam.patiadiabetes.com\/es\/diabegen_diabetes_tipo_2\/\",\"name\":\"diabegen Medicina de precisi\u00f3n para diabetes tipo 2\",\"isPartOf\":{\"@id\":\"https:\/\/latam.patiadiabetes.com\/#website\"},\"datePublished\":\"2020-03-17T15:01:09+00:00\",\"dateModified\":\"2022-05-30T15:42:25+00:00\",\"description\":\"diabegen analiza las principales variantes gen\u00e9ticas asociadas a la diabetes tipo 2 y Intervenci\u00f3n precisa en estilo de vida del paciente\",\"inLanguage\":\"es\",\"potentialAction\":[{\"@type\":\"ReadAction\",\"target\":[\"https:\/\/latam.patiadiabetes.com\/es\/diabegen_diabetes_tipo_2\/\"]}]},{\"@type\":\"WebSite\",\"@id\":\"https:\/\/latam.patiadiabetes.com\/#website\",\"url\":\"https:\/\/latam.patiadiabetes.com\/\",\"name\":\"PATIA Diabetes\",\"description\":\"T\u00fa puedes prevenir la diabetes tipo 2\",\"publisher\":{\"@id\":\"https:\/\/latam.patiadiabetes.com\/#organization\"},\"potentialAction\":[{\"@type\":\"SearchAction\",\"target\":{\"@type\":\"EntryPoint\",\"urlTemplate\":\"https:\/\/latam.patiadiabetes.com\/?s={search_term_string}\"},\"query-input\":\"required name=search_term_string\"}],\"inLanguage\":\"es\"},{\"@type\":\"Organization\",\"@id\":\"https:\/\/latam.patiadiabetes.com\/#organization\",\"name\":\"Patia\",\"url\":\"https:\/\/latam.patiadiabetes.com\/\",\"logo\":{\"@type\":\"ImageObject\",\"inLanguage\":\"es\",\"@id\":\"https:\/\/latam.patiadiabetes.com\/#\/schema\/logo\/image\/\",\"url\":\"https:\/\/www.patiadiabetes.com\/wp-content\/uploads\/2016\/01\/PATIA-logo.png\",\"contentUrl\":\"https:\/\/www.patiadiabetes.com\/wp-content\/uploads\/2016\/01\/PATIA-logo.png\",\"width\":150,\"height\":80,\"caption\":\"Patia\"},\"image\":{\"@id\":\"https:\/\/latam.patiadiabetes.com\/#\/schema\/logo\/image\/\"}}]}<\/script>\n<!-- \/ Yoast SEO plugin. -->","yoast_head_json":{"title":"diabegen Medicina de precisi\u00f3n para diabetes tipo 2","description":"diabegen analiza las principales variantes gen\u00e9ticas asociadas a la diabetes tipo 2 y Intervenci\u00f3n precisa en estilo de vida del paciente","robots":{"index":"index","follow":"nofollow","max-snippet":"max-snippet:-1","max-image-preview":"max-image-preview:large","max-video-preview":"max-video-preview:-1"},"canonical":"https:\/\/latam.patiadiabetes.com\/es\/diabegen_diabetes_tipo_2\/","og_locale":"es_ES","og_type":"article","og_title":"diabegen Medicina de precisi\u00f3n para diabetes tipo 2","og_description":"diabegen analiza las principales variantes gen\u00e9ticas asociadas a la diabetes tipo 2 y Intervenci\u00f3n precisa en estilo de vida del paciente","og_url":"https:\/\/latam.patiadiabetes.com\/es\/diabegen_diabetes_tipo_2\/","og_site_name":"PATIA Diabetes","article_modified_time":"2022-05-30T15:42:25+00:00","og_image":[{"url":"https:\/\/latam.patiadiabetes.com\/wp-content\/uploads\/2020\/03\/logo_diabegen.png"}],"twitter_card":"summary_large_image","twitter_misc":{"Tiempo de lectura":"4 minutos"},"schema":{"@context":"https:\/\/schema.org","@graph":[{"@type":"WebPage","@id":"https:\/\/latam.patiadiabetes.com\/es\/diabegen_diabetes_tipo_2\/","url":"https:\/\/latam.patiadiabetes.com\/es\/diabegen_diabetes_tipo_2\/","name":"diabegen Medicina de precisi\u00f3n para diabetes tipo 2","isPartOf":{"@id":"https:\/\/latam.patiadiabetes.com\/#website"},"datePublished":"2020-03-17T15:01:09+00:00","dateModified":"2022-05-30T15:42:25+00:00","description":"diabegen analiza las principales variantes gen\u00e9ticas asociadas a la diabetes tipo 2 y Intervenci\u00f3n precisa en estilo de vida del paciente","inLanguage":"es","potentialAction":[{"@type":"ReadAction","target":["https:\/\/latam.patiadiabetes.com\/es\/diabegen_diabetes_tipo_2\/"]}]},{"@type":"WebSite","@id":"https:\/\/latam.patiadiabetes.com\/#website","url":"https:\/\/latam.patiadiabetes.com\/","name":"PATIA Diabetes","description":"T\u00fa puedes prevenir la diabetes tipo 2","publisher":{"@id":"https:\/\/latam.patiadiabetes.com\/#organization"},"potentialAction":[{"@type":"SearchAction","target":{"@type":"EntryPoint","urlTemplate":"https:\/\/latam.patiadiabetes.com\/?s={search_term_string}"},"query-input":"required name=search_term_string"}],"inLanguage":"es"},{"@type":"Organization","@id":"https:\/\/latam.patiadiabetes.com\/#organization","name":"Patia","url":"https:\/\/latam.patiadiabetes.com\/","logo":{"@type":"ImageObject","inLanguage":"es","@id":"https:\/\/latam.patiadiabetes.com\/#\/schema\/logo\/image\/","url":"https:\/\/www.patiadiabetes.com\/wp-content\/uploads\/2016\/01\/PATIA-logo.png","contentUrl":"https:\/\/www.patiadiabetes.com\/wp-content\/uploads\/2016\/01\/PATIA-logo.png","width":150,"height":80,"caption":"Patia"},"image":{"@id":"https:\/\/latam.patiadiabetes.com\/#\/schema\/logo\/image\/"}}]}},"_links":{"self":[{"href":"https:\/\/latam.patiadiabetes.com\/es\/wp-json\/wp\/v2\/pages\/10810"}],"collection":[{"href":"https:\/\/latam.patiadiabetes.com\/es\/wp-json\/wp\/v2\/pages"}],"about":[{"href":"https:\/\/latam.patiadiabetes.com\/es\/wp-json\/wp\/v2\/types\/page"}],"author":[{"embeddable":true,"href":"https:\/\/latam.patiadiabetes.com\/es\/wp-json\/wp\/v2\/users\/21"}],"replies":[{"embeddable":true,"href":"https:\/\/latam.patiadiabetes.com\/es\/wp-json\/wp\/v2\/comments?post=10810"}],"version-history":[{"count":1,"href":"https:\/\/latam.patiadiabetes.com\/es\/wp-json\/wp\/v2\/pages\/10810\/revisions"}],"predecessor-version":[{"id":13920,"href":"https:\/\/latam.patiadiabetes.com\/es\/wp-json\/wp\/v2\/pages\/10810\/revisions\/13920"}],"wp:attachment":[{"href":"https:\/\/latam.patiadiabetes.com\/es\/wp-json\/wp\/v2\/media?parent=10810"}],"curies":[{"name":"wp","href":"https:\/\/api.w.org\/{rel}","templated":true}]}}