{"id":10849,"date":"2020-03-17T18:48:38","date_gmt":"2020-03-17T16:48:38","guid":{"rendered":"https:\/\/latam.patiadiabetes.com\/?page_id=10849"},"modified":"2020-12-07T18:13:44","modified_gmt":"2020-12-07T16:13:44","slug":"matergen_embarazo_saludable","status":"publish","type":"page","link":"https:\/\/latam.patiadiabetes.com\/es\/matergen_embarazo_saludable\/","title":{"rendered":"MATERgen"},"content":{"rendered":"<div class=\"fusion-fullwidth fullwidth-box fusion-builder-row-1 hundred-percent-fullwidth non-hundred-percent-height-scrolling\" style=\"background-color: rgba(255,255,255,0);background-position: center center;background-repeat: no-repeat;padding-top:0px;padding-right:0px;padding-bottom:0px;padding-left:0px;margin-bottom: 0px;margin-top: 0px;border-width: 0px 0px 0px 0px;border-color:#eae9e9;border-style:solid;\" ><div class=\"fusion-builder-row fusion-row\"><div class=\"fusion-layout-column fusion_builder_column fusion-builder-column-0 fusion_builder_column_1_2 1_2 fusion-one-half fusion-column-first\" style=\"width:48%; margin-right: 4%;margin-top:0px;margin-bottom:10px;\"><div class=\"fusion-column-wrapper fusion-flex-column-wrapper-legacy\" style=\"background-position:left top;background-repeat:no-repeat;-webkit-background-size:cover;-moz-background-size:cover;-o-background-size:cover;background-size:cover;padding: 0px 0px 0px 0px;\"><div class=\"fusion-text fusion-text-1\"><h2><strong><img decoding=\"async\" class=\"lazyload alignnone wp-image-10906 size-full\" src=\"https:\/\/latam.patiadiabetes.com\/wp-content\/uploads\/2020\/03\/logo_matergen.png\" data-orig-src=\"https:\/\/latam.patiadiabetes.com\/wp-content\/uploads\/2020\/03\/logo_matergen.png\" alt=\"logo_matergen\" width=\"500\" height=\"100\" srcset=\"data:image\/svg+xml,%3Csvg%20xmlns%3D%27http%3A%2F%2Fwww.w3.org%2F2000%2Fsvg%27%20width%3D%27500%27%20height%3D%27100%27%20viewBox%3D%270%200%20500%20100%27%3E%3Crect%20width%3D%27500%27%20height%3D%27100%27%20fill-opacity%3D%220%22%2F%3E%3C%2Fsvg%3E\" data-srcset=\"https:\/\/latam.patiadiabetes.com\/wp-content\/uploads\/2020\/03\/logo_matergen-300x60.png 300w, https:\/\/latam.patiadiabetes.com\/wp-content\/uploads\/2020\/03\/logo_matergen.png 500w\" data-sizes=\"auto\" data-orig-sizes=\"(max-width: 500px) 100vw, 500px\" \/><\/strong><\/h2>\n<h2>Gen\u00e9tica para un embarazo saludable<\/h2>\n<p>matergen\u2122 ayuda a la mujer durante el embarazo con el objeto de evitar:<\/p>\n<ul>\n<li>Defectos en el tubo neural<\/li>\n<li>Interrupci\u00f3n temprana del embarazo<\/li>\n<li>Complicaciones cong\u00e9nitas<\/li>\n<li>Parto prematuro<\/li>\n<li>Diabetes gestacional<\/li>\n<li>Restricci\u00f3n del crecimiento intrauterino<\/li>\n<\/ul>\n<p><strong>matergen\u2122 analiza la capacidad de metabolizaci\u00f3n del \u00e1cido f\u00f3lico, la necesidad de Vitamina B12 y el riesgo de diabetes gestacional.<\/strong><\/p>\n<h2>El futuro beb\u00e9 y el \u00e1cido f\u00f3lico<\/h2>\n<p>Los primeros d\u00edas del embri\u00f3n son clave; se programan y se forman las c\u00e9lulas del futuro beb\u00e9. En estos primeros d\u00edas el \u00e1cido f\u00f3lico es cr\u00edtico, ya que provee unidades de carbono necesarias para la metilaci\u00f3n de ADN e histonas y contribuye\u00a0 a la s\u00edntesis de amino\u00e1cidos, neuro-transmisores, purinas y \u00e1cidos nucleicos.<\/p>\n<p><b>El \u00e1cido f\u00f3lico es necesario para la formaci\u00f3n del tubo neural, a partir del cual se desarrollan el cerebro y la m\u00e9dula espinal.<\/b><\/p>\n<p>Con este test conocer\u00e1s la predisposici\u00f3n gen\u00e9tica a:<\/p>\n<ul>\n<li>Alteraci\u00f3n en metabolismo del \u00e1cido f\u00f3lico<\/li>\n<li>A niveles elevados de homociste\u00edna<\/li>\n<li>Diabetes Gestacional<\/li>\n<\/ul>\n<\/div><div class=\"fusion-clearfix\"><\/div><\/div><\/div><div class=\"fusion-layout-column fusion_builder_column fusion-builder-column-1 fusion_builder_column_1_2 1_2 fusion-one-half fusion-column-last\" style=\"width:48%;margin-top:0px;margin-bottom:10px;\"><div class=\"fusion-column-wrapper fusion-flex-column-wrapper-legacy\" style=\"background-position:left top;background-repeat:no-repeat;-webkit-background-size:cover;-moz-background-size:cover;-o-background-size:cover;background-size:cover;padding: 0px 0px 0px 0px;\"><span class=\" fusion-imageframe imageframe-none imageframe-1 hover-type-none\"><img decoding=\"async\" width=\"576\" height=\"535\" alt=\"gen\u00e9tica embarazo saludable\" title=\"bebe_banda_rosa\" src=\"data:image\/svg+xml,%3Csvg%20xmlns%3D%27http%3A%2F%2Fwww.w3.org%2F2000%2Fsvg%27%20width%3D%27576%27%20height%3D%27535%27%20viewBox%3D%270%200%20576%20535%27%3E%3Crect%20width%3D%27576%27%20height%3D%27535%27%20fill-opacity%3D%220%22%2F%3E%3C%2Fsvg%3E\" data-orig-src=\"https:\/\/latam.patiadiabetes.com\/wp-content\/uploads\/2020\/03\/bebe_banda_rosa.png\" class=\"lazyload img-responsive wp-image-10907\"\/><\/span><span class=\" fusion-imageframe imageframe-none imageframe-2 hover-type-none\"><img decoding=\"async\" width=\"3000\" height=\"1687\" alt=\"gen\u00e9tica embarazo saludable\" title=\"infografia_matergen\" src=\"data:image\/svg+xml,%3Csvg%20xmlns%3D%27http%3A%2F%2Fwww.w3.org%2F2000%2Fsvg%27%20width%3D%273000%27%20height%3D%271687%27%20viewBox%3D%270%200%203000%201687%27%3E%3Crect%20width%3D%273000%27%20height%3D%271687%27%20fill-opacity%3D%220%22%2F%3E%3C%2Fsvg%3E\" data-orig-src=\"https:\/\/latam.patiadiabetes.com\/wp-content\/uploads\/2020\/03\/infografia_matergen.png\" class=\"lazyload img-responsive wp-image-11486\"\/><\/span><div class=\"fusion-clearfix\"><\/div><\/div><\/div><div class=\"fusion-layout-column fusion_builder_column fusion-builder-column-2 fusion_builder_column_1_1 1_1 fusion-one-full fusion-column-first fusion-column-last\" style=\"margin-top:0px;margin-bottom:10px;\"><div class=\"fusion-column-wrapper fusion-flex-column-wrapper-legacy\" style=\"background-position:left top;background-repeat:no-repeat;-webkit-background-size:cover;-moz-background-size:cover;-o-background-size:cover;background-size:cover;padding: 0px 0px 0px 0px;\"><div class=\"fusion-text fusion-text-2\"><h2>Malformaciones y graves complicaciones<\/h2>\n<p style=\"text-align: justify;\">Numerosas publicaciones demuestran que alteraciones en el metabolismo del \u00e1cido f\u00f3lico y la vitamina B12 provocan elevaci\u00f3n de los niveles de homociste\u00edna que se asocian a:<\/p>\n<ul>\n<li>Defectos del tubo neural: espina b\u00edfida y anencefalia (subdesarrollo del cerebro del beb\u00e9).<\/li>\n<li>Malformaciones cong\u00e9nitas en lengua y paladar (labio leporino).<\/li>\n<li>Malformaciones card\u00edacas.<\/li>\n<li>Abortos.<\/li>\n<li>Bajo peso del reci\u00e9n nacido.<\/li>\n<li>Parto prematuro.<\/li>\n<li>Desprendimiento prematuro de placenta con importantes consecuencias en el bienestar del feto.<\/li>\n<li>Sangrados uterinos durante el tercer mes de embarazo.<\/li>\n<\/ul>\n<p style=\"text-align: justify;\"><b>.<\/b><\/p>\n<\/div><div class=\"fusion-clearfix\"><\/div><\/div><\/div><div class=\"fusion-layout-column fusion_builder_column fusion-builder-column-3 fusion_builder_column_1_1 1_1 fusion-one-full fusion-column-first fusion-column-last\" style=\"margin-top:20px;margin-bottom:20px;\"><div class=\"fusion-column-wrapper fusion-flex-column-wrapper-legacy\" style=\"background-position:left top;background-repeat:no-repeat;-webkit-background-size:cover;-moz-background-size:cover;-o-background-size:cover;background-size:cover;background-color:#61bfe8;padding: 0px 0px 0px 0px;\"><div class=\"fusion-text fusion-text-3\"><h3><span style=\"color: #ffffff;\">Entre un <b>40-60% de las mujeres <\/b>no tienen la capacidad de metabolizar adecuadamente el \u00e1cido f\u00f3lico suplementado y exponen al feto a un riesgo elevado de malformaciones.<\/span><\/h3>\n<h3 style=\"text-align: justify;\"><span style=\"color: #ffffff;\"><b>Estas mujeres deber\u00e1n tomar 5-MTHF, no \u00e1cido f\u00f3lico, antes de la concepci\u00f3n y durante el embarazo.<\/b><\/span><\/h3>\n<\/div><div class=\"fusion-clearfix\"><\/div><\/div><\/div><div class=\"fusion-layout-column fusion_builder_column fusion-builder-column-4 fusion_builder_column_1_2 1_2 fusion-one-half fusion-column-first\" style=\"width:48%; margin-right: 4%;margin-top:0px;margin-bottom:10px;\"><div class=\"fusion-column-wrapper fusion-flex-column-wrapper-legacy\" style=\"background-position:left top;background-repeat:no-repeat;-webkit-background-size:cover;-moz-background-size:cover;-o-background-size:cover;background-size:cover;padding: 0px 0px 0px 0px;\"><div class=\"fusion-text fusion-text-4\"><h2 style=\"text-align: left;\">Informe de resultados<\/h2>\n<p style=\"text-align: justify;\">La diabetes gestacional afecta a 1 de cada 8 embarazos. <b>mater<\/b><b>gen<\/b><b>\u2122 <\/b>detecta polimorfismos gen\u00e9ticos asociados al riesgo de\u00a0 diabetes gestacional y amplia el plazo de intervenci\u00f3n para prevenir la diabetes gestacional y sus complicaciones asociadas en la madre y en el beb\u00e9:<\/p>\n<ul>\n<li><b>Macrosom\u00eda<\/b> (exceso de peso al nacer)<\/li>\n<li><b>Parto por ces\u00e1rea<\/b><\/li>\n<li><b>Hipoglucemia y convulsiones<\/b><\/li>\n<li style=\"text-align: justify;\"><b>Obesidad y diabetes tipo 2<\/b>. Los beb\u00e9s nacidos de un embarazo con diabetes gestacional tienen hasta un 60% de riesgo de obesidad y diabetes tipo 2. Las madres con diabetes en el embarazo, tienen hasta un 70% de riesgo de desarrollar diabetes tipo 2 en 10 a\u00f1os.<\/li>\n<\/ul>\n<p>La prevenci\u00f3n de la diabetes gestacional en la madre tambi\u00e9n mejora el futuro cardiometab\u00f3lico del beb\u00e9.<\/p>\n<h2>\u00bfC\u00f3mo realizar matergen\u2122 ?<\/h2>\n<p style=\"text-align: justify;\">Una muestra de ADN permite el estudio gen\u00e9tico de la futura madre para intervenir en su salud y la de su beb\u00e9.<\/p>\n<ul>\n<li style=\"text-align: justify;\">Muestra en hisopo bucal o sangre.<\/li>\n<\/ul>\n<\/div><div class=\"fusion-clearfix\"><\/div><\/div><\/div><div class=\"fusion-layout-column fusion_builder_column fusion-builder-column-5 fusion_builder_column_1_2 1_2 fusion-one-half fusion-column-last\" style=\"width:48%;margin-top:0px;margin-bottom:10px;\"><div class=\"fusion-column-wrapper fusion-flex-column-wrapper-legacy\" style=\"background-position:left top;background-repeat:no-repeat;-webkit-background-size:cover;-moz-background-size:cover;-o-background-size:cover;background-size:cover;padding: 0px 0px 0px 0px;\"><span class=\" fusion-imageframe imageframe-none imageframe-3 hover-type-none\"><img decoding=\"async\" width=\"1169\" height=\"743\" title=\"informe_matergen recorte\" src=\"data:image\/svg+xml,%3Csvg%20xmlns%3D%27http%3A%2F%2Fwww.w3.org%2F2000%2Fsvg%27%20width%3D%271169%27%20height%3D%27743%27%20viewBox%3D%270%200%201169%20743%27%3E%3Crect%20width%3D%271169%27%20height%3D%27743%27%20fill-opacity%3D%220%22%2F%3E%3C%2Fsvg%3E\" data-orig-src=\"https:\/\/latam.patiadiabetes.com\/wp-content\/uploads\/2020\/03\/informe_matergen-recorte.jpg\" alt class=\"lazyload img-responsive wp-image-11622\"\/><\/span><div class=\"fusion-clearfix\"><\/div><\/div><\/div><div class=\"fusion-layout-column fusion_builder_column fusion-builder-column-6 fusion_builder_column_1_1 1_1 fusion-one-full fusion-column-first fusion-column-last\" style=\"margin-top:0px;margin-bottom:10px;\"><div class=\"fusion-column-wrapper fusion-flex-column-wrapper-legacy\" style=\"background-position:left top;background-repeat:no-repeat;-webkit-background-size:cover;-moz-background-size:cover;-o-background-size:cover;background-size:cover;padding: 0px 0px 0px 0px;\"><div class=\"fusion-text fusion-text-5\"><h3 style=\"text-align: left;\"><\/h3>\n<hr \/>\n<hr \/>\n<h3 style=\"text-align: left;\">Soy un profesional de la salud\u00a0y quiero saber m\u00e1s acerca de MATERgen<\/h3>\n<div class=\"wpcf7 no-js\" id=\"wpcf7-f10614-o1\" lang=\"es-ES\" dir=\"ltr\">\n<div class=\"screen-reader-response\"><p role=\"status\" aria-live=\"polite\" aria-atomic=\"true\"><\/p> <ul><\/ul><\/div>\n<form action=\"\/es\/wp-json\/wp\/v2\/pages\/10849#wpcf7-f10614-o1\" method=\"post\" class=\"wpcf7-form init\" aria-label=\"Formulario de contacto\" novalidate=\"novalidate\" data-status=\"init\">\n<div style=\"display: none;\">\n<input type=\"hidden\" name=\"_wpcf7\" value=\"10614\" \/>\n<input type=\"hidden\" name=\"_wpcf7_version\" value=\"5.7.2\" \/>\n<input type=\"hidden\" name=\"_wpcf7_locale\" value=\"es_ES\" \/>\n<input type=\"hidden\" name=\"_wpcf7_unit_tag\" value=\"wpcf7-f10614-o1\" \/>\n<input type=\"hidden\" name=\"_wpcf7_container_post\" value=\"0\" \/>\n<input type=\"hidden\" name=\"_wpcf7_posted_data_hash\" value=\"\" \/>\n<input type=\"hidden\" name=\"_wpcf7_recaptcha_response\" value=\"\" \/>\n<\/div>\n<p>Persona de contacto (*)\n<\/p>\n<p><span class=\"wpcf7-form-control-wrap\" data-name=\"NOMBRE\"><input size=\"40\" class=\"wpcf7-form-control wpcf7-text wpcf7-validates-as-required\" aria-required=\"true\" aria-invalid=\"false\" value=\"\" type=\"text\" name=\"NOMBRE\" \/><\/span>\n<\/p>\n<p>Instituci\u00f3n\n<\/p>\n<p><span class=\"wpcf7-form-control-wrap\" data-name=\"INTITUCION\"><input size=\"40\" class=\"wpcf7-form-control wpcf7-text\" aria-invalid=\"false\" value=\"\" type=\"text\" name=\"INTITUCION\" \/><\/span>\n<\/p>\n<p>Localidad\n<\/p>\n<p><span class=\"wpcf7-form-control-wrap\" data-name=\"LOCALIDAD\"><input size=\"40\" class=\"wpcf7-form-control wpcf7-text\" aria-invalid=\"false\" value=\"\" type=\"text\" name=\"LOCALIDAD\" \/><\/span>\n<\/p>\n<p>Pa\u00eds\n<\/p>\n<p><span class=\"wpcf7-form-control-wrap\" data-name=\"PAIS\"><input size=\"40\" class=\"wpcf7-form-control wpcf7-text\" aria-invalid=\"false\" value=\"\" type=\"text\" name=\"PAIS\" \/><\/span>\n<\/p>\n<p>Tel\u00e9fono de contacto (*)\n<\/p>\n<p><span class=\"wpcf7-form-control-wrap\" data-name=\"TELEFONO\"><input size=\"40\" class=\"wpcf7-form-control wpcf7-text wpcf7-tel wpcf7-validates-as-tel\" aria-invalid=\"false\" value=\"\" type=\"tel\" name=\"TELEFONO\" \/><\/span>\n<\/p>\n<p>Email (*)\n<\/p>\n<p><span class=\"wpcf7-form-control-wrap\" data-name=\"EMAIL\"><input size=\"40\" class=\"wpcf7-form-control wpcf7-text wpcf7-email wpcf7-validates-as-required wpcf7-validates-as-email\" aria-required=\"true\" aria-invalid=\"false\" value=\"\" type=\"email\" name=\"EMAIL\" \/><\/span>\n<\/p>\n<p><label>Especialidad<\/label>\n<\/p>\n<p><span class=\"wpcf7-form-control-wrap\" data-name=\"ESPECIALIDAD\"><input size=\"40\" class=\"wpcf7-form-control wpcf7-text\" aria-invalid=\"false\" value=\"\" type=\"text\" name=\"ESPECIALIDAD\" \/><\/span>\n<\/p>\n<p>\u00bfC\u00f3mo has conocido PromarkerD?:<br \/>\n<span class=\"wpcf7-form-control-wrap\" data-name=\"FUENTE\"><select class=\"wpcf7-form-control wpcf7-select\" aria-invalid=\"false\" name=\"FUENTE\"><option value=\"Internet\">Internet<\/option><option value=\"Medios de comunicaci\u00f3n\">Medios de comunicaci\u00f3n<\/option><option value=\"Revistas especializadas\">Revistas especializadas<\/option><option value=\"Recomendaci\u00f3n de colega\">Recomendaci\u00f3n de colega<\/option><option value=\"Por un paciente\">Por un paciente<\/option><option value=\"Otro\">Otro<\/option><\/select><\/span>\n<\/p>\n<p>Mensaje\n<\/p>\n<p><span class=\"wpcf7-form-control-wrap\" data-name=\"MENSAJE\"><textarea cols=\"40\" rows=\"10\" class=\"wpcf7-form-control wpcf7-textarea\" aria-invalid=\"false\" name=\"MENSAJE\"><\/textarea><\/span>\n<\/p>\n<p><br \/>\nPara evitar SPAM, escribe este c\u00f3digo en el campo siguiente<br \/>\n<em>Para usar CAPTCHA, tienes que tener instalado el plugin <a href=\"https:\/\/wordpress.org\/plugins\/really-simple-captcha\/\">Really Simple CAPTCHA<\/a>.<\/em><br \/>\n<span class=\"wpcf7-form-control-wrap\" data-name=\"captcha-257\"><input size=\"40\" class=\"wpcf7-form-control wpcf7-captchar\" autocomplete=\"off\" aria-invalid=\"false\" value=\"\" type=\"text\" name=\"captcha-257\" \/><\/span>\n<\/p>\n<p><span class=\"wpcf7-form-control-wrap\" data-name=\"acceptance-175\"><span class=\"wpcf7-form-control wpcf7-acceptance\"><span class=\"wpcf7-list-item\"><input type=\"checkbox\" name=\"acceptance-175\" value=\"1\" checked=\"checked\" aria-invalid=\"false\" \/><\/span><\/span><\/span> Acepto <a href=\"\/aviso-legal\/\" target=\"_blank\">las condiciones legales y la pol\u00edtica de privacidad<\/a>.\n<\/p>\n<p><input class=\"wpcf7-form-control has-spinner wpcf7-submit\" type=\"submit\" value=\"Enviar\" \/>\n<\/p><div class=\"fusion-alert alert custom alert-custom fusion-alert-center wpcf7-response-output alert-dismissable\" role=\"alert\" style=\"border-width:1px;\"><div class=\"fusion-alert-content-wrapper\"><span class=\"fusion-alert-content\"><\/span><\/div><button type=\"button\" class=\"close toggle-alert\" data-dismiss=\"alert\" aria-label=\"Close\">&times;<\/button><\/div><\/form><\/div>\n<\/div><div class=\"fusion-clearfix\"><\/div><\/div><\/div><\/div><style type=\"text\/css\">.fusion-fullwidth.fusion-builder-row-1 { overflow:visible; }<\/style><\/div>\n","protected":false},"excerpt":{"rendered":"","protected":false},"author":21,"featured_media":0,"parent":0,"menu_order":0,"comment_status":"closed","ping_status":"closed","template":"","meta":[],"yoast_head":"<!-- This site is optimized with the Yoast SEO plugin v19.14 - https:\/\/yoast.com\/wordpress\/plugins\/seo\/ -->\n<title>MATERgen gen\u00e9tica para un embarazo saludable<\/title>\n<meta name=\"description\" content=\"Patia presenta la mejor herramienta gen\u00e9tica para prevenir posibles malformaciones en el beb\u00e9 y tener un embarazo saludable. gen\u00e9tica para un embarazo sano\" \/>\n<meta name=\"robots\" content=\"index, nofollow, max-snippet:-1, max-image-preview:large, max-video-preview:-1\" \/>\n<link rel=\"canonical\" href=\"https:\/\/latam.patiadiabetes.com\/es\/matergen_embarazo_saludable\/\" \/>\n<meta property=\"og:locale\" content=\"es_ES\" \/>\n<meta property=\"og:type\" content=\"article\" \/>\n<meta property=\"og:title\" content=\"MATERgen gen\u00e9tica para un embarazo saludable\" \/>\n<meta property=\"og:description\" content=\"Patia presenta la mejor herramienta gen\u00e9tica para prevenir posibles malformaciones en el beb\u00e9 y tener un embarazo saludable. gen\u00e9tica para un embarazo sano\" \/>\n<meta property=\"og:url\" content=\"https:\/\/latam.patiadiabetes.com\/es\/matergen_embarazo_saludable\/\" \/>\n<meta property=\"og:site_name\" content=\"PATIA Diabetes\" \/>\n<meta property=\"article:modified_time\" content=\"2020-12-07T16:13:44+00:00\" \/>\n<meta property=\"og:image\" content=\"https:\/\/latam.patiadiabetes.com\/wp-content\/uploads\/2020\/03\/logo_matergen.png\" \/>\n<meta name=\"twitter:card\" content=\"summary_large_image\" \/>\n<meta name=\"twitter:label1\" content=\"Tiempo de lectura\" \/>\n\t<meta name=\"twitter:data1\" content=\"5 minutos\" \/>\n<script type=\"application\/ld+json\" class=\"yoast-schema-graph\">{\"@context\":\"https:\/\/schema.org\",\"@graph\":[{\"@type\":\"WebPage\",\"@id\":\"https:\/\/latam.patiadiabetes.com\/es\/matergen_embarazo_saludable\/\",\"url\":\"https:\/\/latam.patiadiabetes.com\/es\/matergen_embarazo_saludable\/\",\"name\":\"MATERgen gen\u00e9tica para un embarazo saludable\",\"isPartOf\":{\"@id\":\"https:\/\/latam.patiadiabetes.com\/#website\"},\"datePublished\":\"2020-03-17T16:48:38+00:00\",\"dateModified\":\"2020-12-07T16:13:44+00:00\",\"description\":\"Patia presenta la mejor herramienta gen\u00e9tica para prevenir posibles malformaciones en el beb\u00e9 y tener un embarazo saludable. gen\u00e9tica para un embarazo sano\",\"inLanguage\":\"es\",\"potentialAction\":[{\"@type\":\"ReadAction\",\"target\":[\"https:\/\/latam.patiadiabetes.com\/es\/matergen_embarazo_saludable\/\"]}]},{\"@type\":\"WebSite\",\"@id\":\"https:\/\/latam.patiadiabetes.com\/#website\",\"url\":\"https:\/\/latam.patiadiabetes.com\/\",\"name\":\"PATIA Diabetes\",\"description\":\"T\u00fa puedes prevenir la diabetes tipo 2\",\"publisher\":{\"@id\":\"https:\/\/latam.patiadiabetes.com\/#organization\"},\"potentialAction\":[{\"@type\":\"SearchAction\",\"target\":{\"@type\":\"EntryPoint\",\"urlTemplate\":\"https:\/\/latam.patiadiabetes.com\/?s={search_term_string}\"},\"query-input\":\"required name=search_term_string\"}],\"inLanguage\":\"es\"},{\"@type\":\"Organization\",\"@id\":\"https:\/\/latam.patiadiabetes.com\/#organization\",\"name\":\"Patia\",\"url\":\"https:\/\/latam.patiadiabetes.com\/\",\"logo\":{\"@type\":\"ImageObject\",\"inLanguage\":\"es\",\"@id\":\"https:\/\/latam.patiadiabetes.com\/#\/schema\/logo\/image\/\",\"url\":\"https:\/\/www.patiadiabetes.com\/wp-content\/uploads\/2016\/01\/PATIA-logo.png\",\"contentUrl\":\"https:\/\/www.patiadiabetes.com\/wp-content\/uploads\/2016\/01\/PATIA-logo.png\",\"width\":150,\"height\":80,\"caption\":\"Patia\"},\"image\":{\"@id\":\"https:\/\/latam.patiadiabetes.com\/#\/schema\/logo\/image\/\"}}]}<\/script>\n<!-- \/ Yoast SEO plugin. -->","yoast_head_json":{"title":"MATERgen gen\u00e9tica para un embarazo saludable","description":"Patia presenta la mejor herramienta gen\u00e9tica para prevenir posibles malformaciones en el beb\u00e9 y tener un embarazo saludable. gen\u00e9tica para un embarazo sano","robots":{"index":"index","follow":"nofollow","max-snippet":"max-snippet:-1","max-image-preview":"max-image-preview:large","max-video-preview":"max-video-preview:-1"},"canonical":"https:\/\/latam.patiadiabetes.com\/es\/matergen_embarazo_saludable\/","og_locale":"es_ES","og_type":"article","og_title":"MATERgen gen\u00e9tica para un embarazo saludable","og_description":"Patia presenta la mejor herramienta gen\u00e9tica para prevenir posibles malformaciones en el beb\u00e9 y tener un embarazo saludable. gen\u00e9tica para un embarazo sano","og_url":"https:\/\/latam.patiadiabetes.com\/es\/matergen_embarazo_saludable\/","og_site_name":"PATIA Diabetes","article_modified_time":"2020-12-07T16:13:44+00:00","og_image":[{"url":"https:\/\/latam.patiadiabetes.com\/wp-content\/uploads\/2020\/03\/logo_matergen.png"}],"twitter_card":"summary_large_image","twitter_misc":{"Tiempo de lectura":"5 minutos"},"schema":{"@context":"https:\/\/schema.org","@graph":[{"@type":"WebPage","@id":"https:\/\/latam.patiadiabetes.com\/es\/matergen_embarazo_saludable\/","url":"https:\/\/latam.patiadiabetes.com\/es\/matergen_embarazo_saludable\/","name":"MATERgen gen\u00e9tica para un embarazo saludable","isPartOf":{"@id":"https:\/\/latam.patiadiabetes.com\/#website"},"datePublished":"2020-03-17T16:48:38+00:00","dateModified":"2020-12-07T16:13:44+00:00","description":"Patia presenta la mejor herramienta gen\u00e9tica para prevenir posibles malformaciones en el beb\u00e9 y tener un embarazo saludable. gen\u00e9tica para un embarazo sano","inLanguage":"es","potentialAction":[{"@type":"ReadAction","target":["https:\/\/latam.patiadiabetes.com\/es\/matergen_embarazo_saludable\/"]}]},{"@type":"WebSite","@id":"https:\/\/latam.patiadiabetes.com\/#website","url":"https:\/\/latam.patiadiabetes.com\/","name":"PATIA Diabetes","description":"T\u00fa puedes prevenir la diabetes tipo 2","publisher":{"@id":"https:\/\/latam.patiadiabetes.com\/#organization"},"potentialAction":[{"@type":"SearchAction","target":{"@type":"EntryPoint","urlTemplate":"https:\/\/latam.patiadiabetes.com\/?s={search_term_string}"},"query-input":"required name=search_term_string"}],"inLanguage":"es"},{"@type":"Organization","@id":"https:\/\/latam.patiadiabetes.com\/#organization","name":"Patia","url":"https:\/\/latam.patiadiabetes.com\/","logo":{"@type":"ImageObject","inLanguage":"es","@id":"https:\/\/latam.patiadiabetes.com\/#\/schema\/logo\/image\/","url":"https:\/\/www.patiadiabetes.com\/wp-content\/uploads\/2016\/01\/PATIA-logo.png","contentUrl":"https:\/\/www.patiadiabetes.com\/wp-content\/uploads\/2016\/01\/PATIA-logo.png","width":150,"height":80,"caption":"Patia"},"image":{"@id":"https:\/\/latam.patiadiabetes.com\/#\/schema\/logo\/image\/"}}]}},"_links":{"self":[{"href":"https:\/\/latam.patiadiabetes.com\/es\/wp-json\/wp\/v2\/pages\/10849"}],"collection":[{"href":"https:\/\/latam.patiadiabetes.com\/es\/wp-json\/wp\/v2\/pages"}],"about":[{"href":"https:\/\/latam.patiadiabetes.com\/es\/wp-json\/wp\/v2\/types\/page"}],"author":[{"embeddable":true,"href":"https:\/\/latam.patiadiabetes.com\/es\/wp-json\/wp\/v2\/users\/21"}],"replies":[{"embeddable":true,"href":"https:\/\/latam.patiadiabetes.com\/es\/wp-json\/wp\/v2\/comments?post=10849"}],"version-history":[{"count":1,"href":"https:\/\/latam.patiadiabetes.com\/es\/wp-json\/wp\/v2\/pages\/10849\/revisions"}],"predecessor-version":[{"id":14080,"href":"https:\/\/latam.patiadiabetes.com\/es\/wp-json\/wp\/v2\/pages\/10849\/revisions\/14080"}],"wp:attachment":[{"href":"https:\/\/latam.patiadiabetes.com\/es\/wp-json\/wp\/v2\/media?parent=10849"}],"curies":[{"name":"wp","href":"https:\/\/api.w.org\/{rel}","templated":true}]}}