{"id":12028,"date":"2020-11-10T20:12:25","date_gmt":"2020-11-10T18:12:25","guid":{"rendered":"https:\/\/latam.patiadiabetes.com\/?page_id=12028"},"modified":"2020-12-07T18:13:44","modified_gmt":"2020-12-07T16:13:44","slug":"equipo-medico-patia","status":"publish","type":"page","link":"https:\/\/latam.patiadiabetes.com\/es\/equipo-medico-patia\/","title":{"rendered":"Equipo M\u00e9dico Tu Plan"},"content":{"rendered":"<div class=\"fusion-fullwidth fullwidth-box fusion-builder-row-1 hundred-percent-fullwidth non-hundred-percent-height-scrolling\" style=\"background-color: rgba(255,255,255,0);background-position: center center;background-repeat: no-repeat;padding-top:0px;padding-right:0px;padding-bottom:0px;padding-left:0px;margin-bottom: 0px;margin-top: 0px;border-width: 0px 0px 0px 0px;border-color:#eae9e9;border-style:solid;\" ><div class=\"fusion-builder-row fusion-row\"><div class=\"fusion-layout-column fusion_builder_column fusion-builder-column-0 fusion_builder_column_1_3 1_3 fusion-one-third fusion-column-first\" style=\"width:30.6666%; margin-right: 4%;margin-top:0px;margin-bottom:10px;\"><div class=\"fusion-column-wrapper fusion-flex-column-wrapper-legacy\" style=\"background-position:left top;background-repeat:no-repeat;-webkit-background-size:cover;-moz-background-size:cover;-o-background-size:cover;background-size:cover;padding: 0px 0px 0px 0px;\"><div class=\"fusion-text fusion-text-1\"><p><img decoding=\"async\" class=\"lazyload alignnone wp-image-12038 size-full\" src=\"https:\/\/latam.patiadiabetes.com\/wp-content\/uploads\/2020\/11\/mirella_perfil2.jpg\" data-orig-src=\"https:\/\/latam.patiadiabetes.com\/wp-content\/uploads\/2020\/11\/mirella_perfil2.jpg\" alt=\"\" width=\"400\" height=\"400\" srcset=\"data:image\/svg+xml,%3Csvg%20xmlns%3D%27http%3A%2F%2Fwww.w3.org%2F2000%2Fsvg%27%20width%3D%27400%27%20height%3D%27400%27%20viewBox%3D%270%200%20400%20400%27%3E%3Crect%20width%3D%27400%27%20height%3D%27400%27%20fill-opacity%3D%220%22%2F%3E%3C%2Fsvg%3E\" data-srcset=\"https:\/\/latam.patiadiabetes.com\/wp-content\/uploads\/2020\/11\/mirella_perfil2-66x66.jpg 66w, https:\/\/latam.patiadiabetes.com\/wp-content\/uploads\/2020\/11\/mirella_perfil2-150x150.jpg 150w, https:\/\/latam.patiadiabetes.com\/wp-content\/uploads\/2020\/11\/mirella_perfil2-300x300.jpg 300w, https:\/\/latam.patiadiabetes.com\/wp-content\/uploads\/2020\/11\/mirella_perfil2.jpg 400w\" data-sizes=\"auto\" data-orig-sizes=\"(max-width: 400px) 100vw, 400px\" \/><\/p>\n<\/div><div class=\"fusion-clearfix\"><\/div><\/div><\/div><div class=\"fusion-layout-column fusion_builder_column fusion-builder-column-1 fusion_builder_column_2_3 2_3 fusion-two-third fusion-column-last\" style=\"width:65.3333%;margin-top:0px;margin-bottom:10px;\"><div class=\"fusion-column-wrapper fusion-flex-column-wrapper-legacy\" style=\"background-position:left top;background-repeat:no-repeat;-webkit-background-size:cover;-moz-background-size:cover;-o-background-size:cover;background-size:cover;padding: 0px 0px 0px 0px;\"><div class=\"fusion-text fusion-text-2\"><h2>Mirella G. Zulueta <span style=\"color: #99ccff;\">Directora m\u00e9dica de Patia<\/span><\/h2>\n<p>Mirella Zulueta es Doctora en Biolog\u00eda Molecular por la University of Southern California, M\u00e1ster en Biotecnolog\u00eda por la Universidad de Navarra y Licenciada en Medicina por la Universidad del Pa\u00eds Vasco.<\/p>\n<p>Ha desarrollado su carrera profesional en USA y Canad\u00e1. Ha trabajado como post-doc en la John Hopkins Medical School, dirigiendo la oficina de desarrollo de negocio de APUA en el Tutfs Medical Center en Boston, ha sido la responsable de los proyectos de Medicina Personalizada en la Oficina de Transferencia de Tecnolog\u00eda en el Mount Sinai Hospital and Sick Kids Hospital de Toronto.<br \/>\nMirella ha sido directora del departamento de I+D y del departamento de Biomarker Discovery de diversas empresas biotecnol\u00f3gicas californianas como AGY Therapeutics y PPD Biomarker Discovery Sciences.<br \/>\nMirella ha recibido numerosos premios, destacando el Heidelberger Predoctoral Award, Women in Cancer Research (WICR) Award, Boehringer Ingelheim Postdoctoral Award for Research in Biomedicine y el W. Barry Wood Jr. Award for outstanding Research Contributions to the Johns Hopkins University School of Medicine.<\/p>\n<\/div><div class=\"fusion-clearfix\"><\/div><\/div><\/div><div class=\"fusion-layout-column fusion_builder_column fusion-builder-column-2 fusion_builder_column_2_3 2_3 fusion-two-third fusion-column-first\" style=\"width:65.3333%; margin-right: 4%;margin-top:0px;margin-bottom:10px;\"><div class=\"fusion-column-wrapper fusion-flex-column-wrapper-legacy\" style=\"background-position:left top;background-repeat:no-repeat;-webkit-background-size:cover;-moz-background-size:cover;-o-background-size:cover;background-size:cover;padding: 0px 0px 0px 0px;\"><div class=\"fusion-text fusion-text-3\"><h2>Igotz Aranbarri <span style=\"color: #99ccff;\">Coordinadora m\u00e9dica TuPlan\u00a0<\/span><\/h2>\n<p>M\u00e9dica especialista en Medicina Familiar y Comunitaria. Licenciada en la UPV-EHU y actualmente en el Ambulatorio de Arrasate (Gipuzkoa). La diabetes es su pasi\u00f3n y con el objetivo de formarse con detalle en esta patolog\u00eda curs\u00f3 los m\u00e1ster de la Universitat de Barcelona en 2015 y de la Universidad Francisco de Vitoria entre los a\u00f1os 2017-2019. Igotz es miembro de la Fundaci\u00f3n redGDPS y participa en la formaci\u00f3n continuada en la materia. ha sido m\u00e9dico consultor en Zelaieta Mediku Zentroa (Zornotza) atendiendo a personas con diabetes, sobre todo diabetes mellitus tipo 2 y comorbilidades asociadas, y tambi\u00e9n a sus familias y allegados. Usuaria incondicional de redes sociales y presencia en twitter como @<em>igoaranba<\/em> y tambi\u00e9n en Facebook e Instagram en @<em>consulta_m\u00e9dica_diabetes_igotz<\/em>.<\/p>\n<\/div><div class=\"fusion-clearfix\"><\/div><\/div><\/div><div class=\"fusion-layout-column fusion_builder_column fusion-builder-column-3 fusion_builder_column_1_3 1_3 fusion-one-third fusion-column-last\" style=\"width:30.6666%;margin-top:0px;margin-bottom:10px;\"><div class=\"fusion-column-wrapper fusion-flex-column-wrapper-legacy\" style=\"background-position:left top;background-repeat:no-repeat;-webkit-background-size:cover;-moz-background-size:cover;-o-background-size:cover;background-size:cover;padding: 0px 0px 0px 0px;\"><div class=\"fusion-text fusion-text-4\"><p><img decoding=\"async\" class=\"lazyload alignnone wp-image-12039 size-full\" src=\"https:\/\/latam.patiadiabetes.com\/wp-content\/uploads\/2020\/11\/Igotz_perfil2.jpg\" data-orig-src=\"https:\/\/latam.patiadiabetes.com\/wp-content\/uploads\/2020\/11\/Igotz_perfil2.jpg\" alt=\"Igotz Aranbarri\" width=\"400\" height=\"400\" srcset=\"data:image\/svg+xml,%3Csvg%20xmlns%3D%27http%3A%2F%2Fwww.w3.org%2F2000%2Fsvg%27%20width%3D%27400%27%20height%3D%27400%27%20viewBox%3D%270%200%20400%20400%27%3E%3Crect%20width%3D%27400%27%20height%3D%27400%27%20fill-opacity%3D%220%22%2F%3E%3C%2Fsvg%3E\" data-srcset=\"https:\/\/latam.patiadiabetes.com\/wp-content\/uploads\/2020\/11\/Igotz_perfil2-66x66.jpg 66w, https:\/\/latam.patiadiabetes.com\/wp-content\/uploads\/2020\/11\/Igotz_perfil2-150x150.jpg 150w, https:\/\/latam.patiadiabetes.com\/wp-content\/uploads\/2020\/11\/Igotz_perfil2-300x300.jpg 300w, https:\/\/latam.patiadiabetes.com\/wp-content\/uploads\/2020\/11\/Igotz_perfil2.jpg 400w\" data-sizes=\"auto\" data-orig-sizes=\"(max-width: 400px) 100vw, 400px\" \/><\/p>\n<\/div><div class=\"fusion-clearfix\"><\/div><\/div><\/div><\/div><style type=\"text\/css\">.fusion-fullwidth.fusion-builder-row-1 { overflow:visible; }<\/style><\/div>\n","protected":false},"excerpt":{"rendered":"","protected":false},"author":4,"featured_media":0,"parent":0,"menu_order":0,"comment_status":"closed","ping_status":"closed","template":"","meta":[],"yoast_head":"<!-- This site is optimized with the Yoast SEO plugin v19.14 - https:\/\/yoast.com\/wordpress\/plugins\/seo\/ -->\n<title>Equipo M\u00e9dico Tu Plan - PATIA Diabetes<\/title>\n<meta name=\"robots\" content=\"index, follow, max-snippet:-1, max-image-preview:large, max-video-preview:-1\" \/>\n<link rel=\"canonical\" href=\"https:\/\/latam.patiadiabetes.com\/es\/equipo-medico-patia\/\" \/>\n<meta property=\"og:locale\" content=\"es_ES\" \/>\n<meta property=\"og:type\" content=\"article\" \/>\n<meta property=\"og:title\" content=\"Equipo M\u00e9dico Tu Plan - PATIA Diabetes\" \/>\n<meta property=\"og:url\" content=\"https:\/\/latam.patiadiabetes.com\/es\/equipo-medico-patia\/\" \/>\n<meta property=\"og:site_name\" content=\"PATIA Diabetes\" \/>\n<meta property=\"article:modified_time\" content=\"2020-12-07T16:13:44+00:00\" \/>\n<meta property=\"og:image\" content=\"https:\/\/latam.patiadiabetes.com\/wp-content\/uploads\/2020\/11\/mirella_perfil2.jpg\" \/>\n<meta name=\"twitter:card\" content=\"summary_large_image\" \/>\n<meta name=\"twitter:label1\" content=\"Tiempo de lectura\" \/>\n\t<meta name=\"twitter:data1\" content=\"3 minutos\" \/>\n<script type=\"application\/ld+json\" class=\"yoast-schema-graph\">{\"@context\":\"https:\/\/schema.org\",\"@graph\":[{\"@type\":\"WebPage\",\"@id\":\"https:\/\/latam.patiadiabetes.com\/es\/equipo-medico-patia\/\",\"url\":\"https:\/\/latam.patiadiabetes.com\/es\/equipo-medico-patia\/\",\"name\":\"Equipo M\u00e9dico Tu Plan - PATIA Diabetes\",\"isPartOf\":{\"@id\":\"https:\/\/latam.patiadiabetes.com\/#website\"},\"datePublished\":\"2020-11-10T18:12:25+00:00\",\"dateModified\":\"2020-12-07T16:13:44+00:00\",\"inLanguage\":\"es\",\"potentialAction\":[{\"@type\":\"ReadAction\",\"target\":[\"https:\/\/latam.patiadiabetes.com\/es\/equipo-medico-patia\/\"]}]},{\"@type\":\"WebSite\",\"@id\":\"https:\/\/latam.patiadiabetes.com\/#website\",\"url\":\"https:\/\/latam.patiadiabetes.com\/\",\"name\":\"PATIA Diabetes\",\"description\":\"T\u00fa puedes prevenir la diabetes tipo 2\",\"publisher\":{\"@id\":\"https:\/\/latam.patiadiabetes.com\/#organization\"},\"potentialAction\":[{\"@type\":\"SearchAction\",\"target\":{\"@type\":\"EntryPoint\",\"urlTemplate\":\"https:\/\/latam.patiadiabetes.com\/?s={search_term_string}\"},\"query-input\":\"required name=search_term_string\"}],\"inLanguage\":\"es\"},{\"@type\":\"Organization\",\"@id\":\"https:\/\/latam.patiadiabetes.com\/#organization\",\"name\":\"Patia\",\"url\":\"https:\/\/latam.patiadiabetes.com\/\",\"logo\":{\"@type\":\"ImageObject\",\"inLanguage\":\"es\",\"@id\":\"https:\/\/latam.patiadiabetes.com\/#\/schema\/logo\/image\/\",\"url\":\"https:\/\/www.patiadiabetes.com\/wp-content\/uploads\/2016\/01\/PATIA-logo.png\",\"contentUrl\":\"https:\/\/www.patiadiabetes.com\/wp-content\/uploads\/2016\/01\/PATIA-logo.png\",\"width\":150,\"height\":80,\"caption\":\"Patia\"},\"image\":{\"@id\":\"https:\/\/latam.patiadiabetes.com\/#\/schema\/logo\/image\/\"}}]}<\/script>\n<!-- \/ Yoast SEO plugin. -->","yoast_head_json":{"title":"Equipo M\u00e9dico Tu Plan - PATIA Diabetes","robots":{"index":"index","follow":"follow","max-snippet":"max-snippet:-1","max-image-preview":"max-image-preview:large","max-video-preview":"max-video-preview:-1"},"canonical":"https:\/\/latam.patiadiabetes.com\/es\/equipo-medico-patia\/","og_locale":"es_ES","og_type":"article","og_title":"Equipo M\u00e9dico Tu Plan - PATIA Diabetes","og_url":"https:\/\/latam.patiadiabetes.com\/es\/equipo-medico-patia\/","og_site_name":"PATIA Diabetes","article_modified_time":"2020-12-07T16:13:44+00:00","og_image":[{"url":"https:\/\/latam.patiadiabetes.com\/wp-content\/uploads\/2020\/11\/mirella_perfil2.jpg"}],"twitter_card":"summary_large_image","twitter_misc":{"Tiempo de lectura":"3 minutos"},"schema":{"@context":"https:\/\/schema.org","@graph":[{"@type":"WebPage","@id":"https:\/\/latam.patiadiabetes.com\/es\/equipo-medico-patia\/","url":"https:\/\/latam.patiadiabetes.com\/es\/equipo-medico-patia\/","name":"Equipo M\u00e9dico Tu Plan - PATIA Diabetes","isPartOf":{"@id":"https:\/\/latam.patiadiabetes.com\/#website"},"datePublished":"2020-11-10T18:12:25+00:00","dateModified":"2020-12-07T16:13:44+00:00","inLanguage":"es","potentialAction":[{"@type":"ReadAction","target":["https:\/\/latam.patiadiabetes.com\/es\/equipo-medico-patia\/"]}]},{"@type":"WebSite","@id":"https:\/\/latam.patiadiabetes.com\/#website","url":"https:\/\/latam.patiadiabetes.com\/","name":"PATIA Diabetes","description":"T\u00fa puedes prevenir la diabetes tipo 2","publisher":{"@id":"https:\/\/latam.patiadiabetes.com\/#organization"},"potentialAction":[{"@type":"SearchAction","target":{"@type":"EntryPoint","urlTemplate":"https:\/\/latam.patiadiabetes.com\/?s={search_term_string}"},"query-input":"required name=search_term_string"}],"inLanguage":"es"},{"@type":"Organization","@id":"https:\/\/latam.patiadiabetes.com\/#organization","name":"Patia","url":"https:\/\/latam.patiadiabetes.com\/","logo":{"@type":"ImageObject","inLanguage":"es","@id":"https:\/\/latam.patiadiabetes.com\/#\/schema\/logo\/image\/","url":"https:\/\/www.patiadiabetes.com\/wp-content\/uploads\/2016\/01\/PATIA-logo.png","contentUrl":"https:\/\/www.patiadiabetes.com\/wp-content\/uploads\/2016\/01\/PATIA-logo.png","width":150,"height":80,"caption":"Patia"},"image":{"@id":"https:\/\/latam.patiadiabetes.com\/#\/schema\/logo\/image\/"}}]}},"_links":{"self":[{"href":"https:\/\/latam.patiadiabetes.com\/es\/wp-json\/wp\/v2\/pages\/12028"}],"collection":[{"href":"https:\/\/latam.patiadiabetes.com\/es\/wp-json\/wp\/v2\/pages"}],"about":[{"href":"https:\/\/latam.patiadiabetes.com\/es\/wp-json\/wp\/v2\/types\/page"}],"author":[{"embeddable":true,"href":"https:\/\/latam.patiadiabetes.com\/es\/wp-json\/wp\/v2\/users\/4"}],"replies":[{"embeddable":true,"href":"https:\/\/latam.patiadiabetes.com\/es\/wp-json\/wp\/v2\/comments?post=12028"}],"version-history":[{"count":0,"href":"https:\/\/latam.patiadiabetes.com\/es\/wp-json\/wp\/v2\/pages\/12028\/revisions"}],"wp:attachment":[{"href":"https:\/\/latam.patiadiabetes.com\/es\/wp-json\/wp\/v2\/media?parent=12028"}],"curies":[{"name":"wp","href":"https:\/\/api.w.org\/{rel}","templated":true}]}}