{"id":13732,"date":"2021-05-26T16:27:34","date_gmt":"2021-05-26T14:27:34","guid":{"rendered":"https:\/\/latam.patiadiabetes.com\/?page_id=13732"},"modified":"2023-03-30T09:47:22","modified_gmt":"2023-03-30T07:47:22","slug":"i-d-proyectos","status":"publish","type":"page","link":"https:\/\/latam.patiadiabetes.com\/es\/i-d-proyectos\/","title":{"rendered":"I+ D Proyectos"},"content":{"rendered":"<div class=\"fusion-fullwidth fullwidth-box fusion-builder-row-1 fusion-flex-container nonhundred-percent-fullwidth non-hundred-percent-height-scrolling\" style=\"background-color: rgba(255,255,255,0);background-position: center center;background-repeat: no-repeat;border-width: 0px 0px 0px 0px;border-color:#eae9e9;border-style:solid;\" ><div class=\"fusion-builder-row fusion-row fusion-flex-align-items-flex-start\" style=\"max-width:1268.8px;margin-left: calc(-4% \/ 2 );margin-right: calc(-4% \/ 2 );\"><div class=\"fusion-layout-column fusion_builder_column fusion-builder-column-0 fusion_builder_column_1_1 1_1 fusion-flex-column\"><div class=\"fusion-column-wrapper fusion-flex-justify-content-flex-start fusion-content-layout-column\" style=\"background-position:left top;background-blend-mode: overlay;background-repeat:no-repeat;-webkit-background-size:cover;-moz-background-size:cover;-o-background-size:cover;background-size:cover;padding: 0px 0px 0px 0px;\"><div class=\"fusion-text fusion-text-1\"><h2 class=\"fusion-responsive-typography-calculated\" style=\"--fontsize: 25; line-height: 1.28;\" data-fontsize=\"25\" data-lineheight=\"32px\">Patia participa en los siguientes proyectos de I+D:<\/h2>\n<h3><span style=\"background-color: rgba(255, 255, 255, 0); color: var(--body_typography-color); font-family: var(--body_typography-font-family); font-size: var(--body_typography-font-size); font-style: var(--body_typography-font-style,normal); letter-spacing: var(--body_typography-letter-spacing);\"><b style=\"font-size: 20px; line-height: 25.3px;\" data-fusion-font=\"true\">DIABET2PREVENT<\/b><\/span><\/h3>\n<p>MEDICINA DE PRECISI\u00d3N CONTRA LA DIABETES TIPO 2: PREDICCI\u00d3N GEN\u00c9TICA E INTERVENCI\u00d3N NUTRICIONAL CON PROBI\u00d3TICOS MODULADORES DE LA MICROBIOTA. Programa Proyectos de I+D+i en Colaboraci\u00f3n P\u00fablico-Privada<\/p>\n<p>Financiado por: Ministerio de Ciencia e Innovaci\u00f3n \u2013 Agencia Estatal de Investigaci\u00f3n\/Proyecto CPP2021-008725<\/p>\n<h3><b><img decoding=\"async\" class=\"lazyload aligncenter size-full wp-image-14255\" src=\"https:\/\/latam.patiadiabetes.com\/wp-content\/uploads\/2023\/03\/1.png\" data-orig-src=\"https:\/\/latam.patiadiabetes.com\/wp-content\/uploads\/2023\/03\/1.png\" alt=\"\" width=\"567\" height=\"111\" srcset=\"data:image\/svg+xml,%3Csvg%20xmlns%3D%27http%3A%2F%2Fwww.w3.org%2F2000%2Fsvg%27%20width%3D%27567%27%20height%3D%27111%27%20viewBox%3D%270%200%20567%20111%27%3E%3Crect%20width%3D%27567%27%20height%3D%27111%27%20fill-opacity%3D%220%22%2F%3E%3C%2Fsvg%3E\" data-srcset=\"https:\/\/latam.patiadiabetes.com\/wp-content\/uploads\/2023\/03\/1-200x39.png 200w, https:\/\/latam.patiadiabetes.com\/wp-content\/uploads\/2023\/03\/1-300x59.png 300w, https:\/\/latam.patiadiabetes.com\/wp-content\/uploads\/2023\/03\/1-400x78.png 400w, https:\/\/latam.patiadiabetes.com\/wp-content\/uploads\/2023\/03\/1.png 567w\" data-sizes=\"auto\" data-orig-sizes=\"(max-width: 567px) 100vw, 567px\" \/><br \/>\n<\/b><\/h3>\n<h3><b>SMARTMED<\/b><\/h3>\n<p>NUEVA GENERACI\u00d3N DE DISPOSITIVOS Y SISTEMAS M\u00c9DICOS M\u00c1S PRECISOS Y CONFIABLES BASADOS EN LA COMPARTICI\u00d3N Y TRANSFERENCIA DE CONOCIMIENTO FEDERADO Y EN LA GENERACI\u00d3N DE DATOS SINT\u00c9TICOS VALIDADOS. Programa de ayudas de apoyo a la I+D empresarial \u2013 HAZITEK.<\/p>\n<p>ACTUACI\u00d3N COFINANCIADA POR EL GOBIERNO VASCO Y LA UNION EUROPEA A TRAV\u00c9S DEL FONDO EUROPEO DE DESARROLLO REGIONAL 2021-2027 (FEDER)<\/p>\n<h3><b><img decoding=\"async\" class=\"lazyload aligncenter size-full wp-image-14258\" src=\"https:\/\/latam.patiadiabetes.com\/wp-content\/uploads\/2023\/03\/2.png\" data-orig-src=\"https:\/\/latam.patiadiabetes.com\/wp-content\/uploads\/2023\/03\/2.png\" alt=\"\" width=\"567\" height=\"123\" srcset=\"data:image\/svg+xml,%3Csvg%20xmlns%3D%27http%3A%2F%2Fwww.w3.org%2F2000%2Fsvg%27%20width%3D%27567%27%20height%3D%27123%27%20viewBox%3D%270%200%20567%20123%27%3E%3Crect%20width%3D%27567%27%20height%3D%27123%27%20fill-opacity%3D%220%22%2F%3E%3C%2Fsvg%3E\" data-srcset=\"https:\/\/latam.patiadiabetes.com\/wp-content\/uploads\/2023\/03\/2-200x43.png 200w, https:\/\/latam.patiadiabetes.com\/wp-content\/uploads\/2023\/03\/2-300x65.png 300w, https:\/\/latam.patiadiabetes.com\/wp-content\/uploads\/2023\/03\/2-400x87.png 400w, https:\/\/latam.patiadiabetes.com\/wp-content\/uploads\/2023\/03\/2.png 567w\" data-sizes=\"auto\" data-orig-sizes=\"(max-width: 567px) 100vw, 567px\" \/><\/b><\/h3>\n<h3 class=\"fusion-responsive-typography-calculated\" style=\"font-weight: 400; --fontsize: 20; line-height: 1.4; --minfontsize: 20;\" data-fontsize=\"20\" data-lineheight=\"28px\"><strong>PREDIGES<\/strong><\/h3>\n<p style=\"font-weight: 400;\"><strong>DESARROLLO DE UNA HERRAMIENTA PARA LA DETERMINACION DE RIESGO GEN\u00c9TICO Y PREVENCI\u00d3N PERSONALIZADA DE LA DIABETES GESTACIONAL. Programa Retos Colaboraci\u00f3n.<\/strong><\/p>\n<p style=\"font-weight: 400;\"><strong>Financiado por: Ministerio de Ciencia e Innovaci\u00f3n \u2013 Agencia Estatal de Investigaci\u00f3n\/ Proyecto RTC2019-007406-1.<\/strong><\/p>\n<p><img decoding=\"async\" class=\"lazyload wp-image-13733 size-medium alignleft\" src=\"https:\/\/latam.patiadiabetes.com\/wp-content\/uploads\/2021\/05\/MICINN_Gob_Web_AEI_2-300x58.jpg\" data-orig-src=\"https:\/\/latam.patiadiabetes.com\/wp-content\/uploads\/2021\/05\/MICINN_Gob_Web_AEI_2-300x58.jpg\" alt=\"Retos Prediges\" width=\"300\" height=\"58\" srcset=\"data:image\/svg+xml,%3Csvg%20xmlns%3D%27http%3A%2F%2Fwww.w3.org%2F2000%2Fsvg%27%20width%3D%27300%27%20height%3D%2758%27%20viewBox%3D%270%200%20300%2058%27%3E%3Crect%20width%3D%27300%27%20height%3D%2758%27%20fill-opacity%3D%220%22%2F%3E%3C%2Fsvg%3E\" data-srcset=\"https:\/\/latam.patiadiabetes.com\/wp-content\/uploads\/2021\/05\/MICINN_Gob_Web_AEI_2-200x39.jpg 200w, https:\/\/latam.patiadiabetes.com\/wp-content\/uploads\/2021\/05\/MICINN_Gob_Web_AEI_2-300x58.jpg 300w, https:\/\/latam.patiadiabetes.com\/wp-content\/uploads\/2021\/05\/MICINN_Gob_Web_AEI_2-400x78.jpg 400w, https:\/\/latam.patiadiabetes.com\/wp-content\/uploads\/2021\/05\/MICINN_Gob_Web_AEI_2-600x116.jpg 600w, https:\/\/latam.patiadiabetes.com\/wp-content\/uploads\/2021\/05\/MICINN_Gob_Web_AEI_2-768x149.jpg 768w, https:\/\/latam.patiadiabetes.com\/wp-content\/uploads\/2021\/05\/MICINN_Gob_Web_AEI_2-800x155.jpg 800w, https:\/\/latam.patiadiabetes.com\/wp-content\/uploads\/2021\/05\/MICINN_Gob_Web_AEI_2-1024x198.jpg 1024w, https:\/\/latam.patiadiabetes.com\/wp-content\/uploads\/2021\/05\/MICINN_Gob_Web_AEI_2-1200x233.jpg 1200w, https:\/\/latam.patiadiabetes.com\/wp-content\/uploads\/2021\/05\/MICINN_Gob_Web_AEI_2-1536x298.jpg 1536w\" data-sizes=\"auto\" data-orig-sizes=\"(max-width: 300px) 100vw, 300px\" \/><\/p>\n<h3 style=\"font-weight: 400;\"><strong>DIABEFARMA<\/strong><\/h3>\n<p style=\"font-weight: 400;\"><strong>DESARROLLO DE UNA HERRAMIENTA GEN\u00d3MICA DE LA RESPUESTA FARMACOL\u00d3GICA DE ANTIDIAB\u00c9TICOS PARA PACIENTES CON DIABETES TIPO 2. N\u00ba Expediente: ZL-2021\/00701-. PROGRAMA DE AYUDAS DE APOYO A LA I+D EMPRESARIAL \u2013 HAZITEK.<\/strong><\/p>\n<p style=\"font-weight: 400;\"><strong>ACTUACI\u00d3N COFINANCIADA POR EL GOBIERNO VASCO Y LA UNION EUROPEA A TRAV\u00c9S DEL FONDO EUROPEO DE DESARROLLO REGIONAL 2021-2027 (FEDER)<\/strong><\/p>\n<p style=\"font-weight: 400;\"><img decoding=\"async\" class=\"lazyload alignnone wp-image-13739\" src=\"https:\/\/latam.patiadiabetes.com\/wp-content\/uploads\/2021\/05\/Feder.png\" data-orig-src=\"https:\/\/latam.patiadiabetes.com\/wp-content\/uploads\/2021\/05\/Feder.png\" alt=\"FEDER\" width=\"200\" height=\"83\" srcset=\"data:image\/svg+xml,%3Csvg%20xmlns%3D%27http%3A%2F%2Fwww.w3.org%2F2000%2Fsvg%27%20width%3D%27200%27%20height%3D%2783%27%20viewBox%3D%270%200%20200%2083%27%3E%3Crect%20width%3D%27200%27%20height%3D%2783%27%20fill-opacity%3D%220%22%2F%3E%3C%2Fsvg%3E\" data-srcset=\"https:\/\/latam.patiadiabetes.com\/wp-content\/uploads\/2021\/05\/Feder-200x83.png 200w, https:\/\/latam.patiadiabetes.com\/wp-content\/uploads\/2021\/05\/Feder-300x125.png 300w, https:\/\/latam.patiadiabetes.com\/wp-content\/uploads\/2021\/05\/Feder.png 331w\" data-sizes=\"auto\" data-orig-sizes=\"(max-width: 200px) 100vw, 200px\" \/><img decoding=\"async\" class=\"lazyload alignnone wp-image-13736\" src=\"data:image\/svg+xml,%3Csvg%20xmlns%3D%27http%3A%2F%2Fwww.w3.org%2F2000%2Fsvg%27%20width%3D%27120%27%20height%3D%2790%27%20viewBox%3D%270%200%20120%2090%27%3E%3Crect%20width%3D%27120%27%20height%3D%2790%27%20fill-opacity%3D%220%22%2F%3E%3C%2Fsvg%3E\" data-orig-src=\"https:\/\/latam.patiadiabetes.com\/wp-content\/uploads\/2021\/05\/GV_FEDER_Hazitek.png\" alt=\"GV FEDER HAZITEK\" width=\"120\" height=\"90\" \/><\/p>\n<h3 style=\"font-weight: 400;\"><strong>DIABEFARMA<\/strong><\/h3>\n<p style=\"font-weight: 400;\"><strong>DESARROLLO DE UNA HERRAMIENTA GEN\u00d3MICA DE LA RESPUESTA FARMACOL\u00d3GICA DE ANTIDIAB\u00c9TICOS PARA PACIENTES CON DIABETES TIPO 2. N\u00ba Expediente: ZL-2020\/00558. PROGRAMA DE AYUDAS DE APOYO A LA I+D EMPRESARIAL \u2013 HAZITEK.<\/strong><\/p>\n<p style=\"font-weight: 400;\"><strong>ACTUACI\u00d3N COFINANCIADA POR EL GOBIERNO VASCO Y LA UNION EUROPEA A TRAV\u00c9S DEL FONDO EUROPEO DE DESARROLLO REGIONAL 2014-2020 (FEDER)<\/strong><\/p>\n<p style=\"font-weight: 400;\"><img decoding=\"async\" class=\"lazyload alignnone wp-image-13739\" src=\"https:\/\/latam.patiadiabetes.com\/wp-content\/uploads\/2021\/05\/Feder.png\" data-orig-src=\"https:\/\/latam.patiadiabetes.com\/wp-content\/uploads\/2021\/05\/Feder.png\" alt=\"FEDER\" width=\"200\" height=\"83\" srcset=\"data:image\/svg+xml,%3Csvg%20xmlns%3D%27http%3A%2F%2Fwww.w3.org%2F2000%2Fsvg%27%20width%3D%27200%27%20height%3D%2783%27%20viewBox%3D%270%200%20200%2083%27%3E%3Crect%20width%3D%27200%27%20height%3D%2783%27%20fill-opacity%3D%220%22%2F%3E%3C%2Fsvg%3E\" data-srcset=\"https:\/\/latam.patiadiabetes.com\/wp-content\/uploads\/2021\/05\/Feder-200x83.png 200w, https:\/\/latam.patiadiabetes.com\/wp-content\/uploads\/2021\/05\/Feder-300x125.png 300w, https:\/\/latam.patiadiabetes.com\/wp-content\/uploads\/2021\/05\/Feder.png 331w\" data-sizes=\"auto\" data-orig-sizes=\"(max-width: 200px) 100vw, 200px\" \/><img decoding=\"async\" class=\"lazyload alignnone wp-image-13736\" src=\"data:image\/svg+xml,%3Csvg%20xmlns%3D%27http%3A%2F%2Fwww.w3.org%2F2000%2Fsvg%27%20width%3D%27120%27%20height%3D%2790%27%20viewBox%3D%270%200%20120%2090%27%3E%3Crect%20width%3D%27120%27%20height%3D%2790%27%20fill-opacity%3D%220%22%2F%3E%3C%2Fsvg%3E\" data-orig-src=\"https:\/\/latam.patiadiabetes.com\/wp-content\/uploads\/2021\/05\/GV_FEDER_Hazitek.png\" alt=\"GV FEDER HAZITEK\" width=\"120\" height=\"90\" \/><\/p>\n<h3 style=\"font-weight: 400; --fontsize: 20; line-height: 1.4; --minfontsize: 20;\"><strong>SUPREME<\/strong><\/h3>\n<p style=\"font-weight: 400;\"><strong>Nuevo enfoque salutog\u00e9nico para la prevenci\u00f3n, diagnostico y tratamiento de enfermedades metab\u00f3licas y<br \/>\npatolog\u00edas coexistentes. N\u00ba Expediente: ZE-2019\/00022. PROGRAMA DE AYUDAS DE APOYO A LA I+D EMPRESARIAL \u2013 HAZITEK.<\/strong><\/p>\n<p style=\"font-weight: 400;\"><strong>ACTUACI\u00d3N COFINANCIADA POR EL GOBIERNO VASCO Y LA UNION EUROPEA A TRAV\u00c9S DEL FONDO EUROPEO DE DESARROLLO REGIONAL 2014-2020 (FEDER)<\/strong><\/p>\n<p style=\"font-weight: 400;\"><img decoding=\"async\" class=\"lazyload alignnone wp-image-13739\" src=\"https:\/\/latam.patiadiabetes.com\/wp-content\/uploads\/2021\/05\/Feder.png\" data-orig-src=\"https:\/\/latam.patiadiabetes.com\/wp-content\/uploads\/2021\/05\/Feder.png\" alt=\"FEDER\" width=\"200\" height=\"83\" srcset=\"data:image\/svg+xml,%3Csvg%20xmlns%3D%27http%3A%2F%2Fwww.w3.org%2F2000%2Fsvg%27%20width%3D%27200%27%20height%3D%2783%27%20viewBox%3D%270%200%20200%2083%27%3E%3Crect%20width%3D%27200%27%20height%3D%2783%27%20fill-opacity%3D%220%22%2F%3E%3C%2Fsvg%3E\" data-srcset=\"https:\/\/latam.patiadiabetes.com\/wp-content\/uploads\/2021\/05\/Feder-200x83.png 200w, https:\/\/latam.patiadiabetes.com\/wp-content\/uploads\/2021\/05\/Feder-300x125.png 300w, https:\/\/latam.patiadiabetes.com\/wp-content\/uploads\/2021\/05\/Feder.png 331w\" data-sizes=\"auto\" data-orig-sizes=\"(max-width: 200px) 100vw, 200px\" \/><img decoding=\"async\" class=\"lazyload alignnone wp-image-13736\" src=\"data:image\/svg+xml,%3Csvg%20xmlns%3D%27http%3A%2F%2Fwww.w3.org%2F2000%2Fsvg%27%20width%3D%27120%27%20height%3D%2790%27%20viewBox%3D%270%200%20120%2090%27%3E%3Crect%20width%3D%27120%27%20height%3D%2790%27%20fill-opacity%3D%220%22%2F%3E%3C%2Fsvg%3E\" data-orig-src=\"https:\/\/latam.patiadiabetes.com\/wp-content\/uploads\/2021\/05\/GV_FEDER_Hazitek.png\" alt=\"GV FEDER HAZITEK\" width=\"120\" height=\"90\" \/><\/p>\n<\/div><\/div><style type=\"text\/css\">.fusion-body .fusion-builder-column-0{width:100% !important;margin-top : 0px;margin-bottom : 0px;}.fusion-builder-column-0 > .fusion-column-wrapper {padding-top : 0px !important;padding-right : 0px !important;margin-right : 1.92%;padding-bottom : 0px !important;padding-left : 0px !important;margin-left : 1.92%;}@media only screen and (max-width:1024px) {.fusion-body .fusion-builder-column-0{width:100% !important;}.fusion-builder-column-0 > .fusion-column-wrapper {margin-right : 1.92%;margin-left : 1.92%;}}@media only screen and (max-width:640px) {.fusion-body .fusion-builder-column-0{width:100% !important;}.fusion-builder-column-0 > .fusion-column-wrapper {margin-right : 1.92%;margin-left : 1.92%;}}<\/style><\/div><\/div><style type=\"text\/css\">.fusion-body .fusion-flex-container.fusion-builder-row-1{ padding-top : 0px;margin-top : 0px;padding-right : 0px;padding-bottom : 0px;margin-bottom : 0px;padding-left : 0px;}<\/style><\/div>\n","protected":false},"excerpt":{"rendered":"","protected":false},"author":4,"featured_media":0,"parent":0,"menu_order":0,"comment_status":"closed","ping_status":"closed","template":"","meta":[],"yoast_head":"<!-- This site is optimized with the Yoast SEO plugin v19.14 - https:\/\/yoast.com\/wordpress\/plugins\/seo\/ -->\n<title>I+ D Proyectos - PATIA Diabetes<\/title>\n<meta name=\"robots\" content=\"index, follow, max-snippet:-1, max-image-preview:large, max-video-preview:-1\" \/>\n<link rel=\"canonical\" href=\"https:\/\/latam.patiadiabetes.com\/es\/i-d-proyectos\/\" \/>\n<meta property=\"og:locale\" content=\"es_ES\" \/>\n<meta property=\"og:type\" content=\"article\" \/>\n<meta property=\"og:title\" content=\"I+ D Proyectos - PATIA Diabetes\" \/>\n<meta property=\"og:url\" content=\"https:\/\/latam.patiadiabetes.com\/es\/i-d-proyectos\/\" \/>\n<meta property=\"og:site_name\" content=\"PATIA Diabetes\" \/>\n<meta property=\"article:modified_time\" content=\"2023-03-30T07:47:22+00:00\" \/>\n<meta property=\"og:image\" content=\"https:\/\/latam.patiadiabetes.com\/wp-content\/uploads\/2023\/03\/1.png\" \/>\n<meta name=\"twitter:card\" content=\"summary_large_image\" \/>\n<meta name=\"twitter:label1\" content=\"Tiempo de lectura\" \/>\n\t<meta name=\"twitter:data1\" content=\"4 minutos\" \/>\n<script type=\"application\/ld+json\" class=\"yoast-schema-graph\">{\"@context\":\"https:\/\/schema.org\",\"@graph\":[{\"@type\":\"WebPage\",\"@id\":\"https:\/\/latam.patiadiabetes.com\/es\/i-d-proyectos\/\",\"url\":\"https:\/\/latam.patiadiabetes.com\/es\/i-d-proyectos\/\",\"name\":\"I+ D Proyectos - PATIA Diabetes\",\"isPartOf\":{\"@id\":\"https:\/\/latam.patiadiabetes.com\/#website\"},\"datePublished\":\"2021-05-26T14:27:34+00:00\",\"dateModified\":\"2023-03-30T07:47:22+00:00\",\"inLanguage\":\"es\",\"potentialAction\":[{\"@type\":\"ReadAction\",\"target\":[\"https:\/\/latam.patiadiabetes.com\/es\/i-d-proyectos\/\"]}]},{\"@type\":\"WebSite\",\"@id\":\"https:\/\/latam.patiadiabetes.com\/#website\",\"url\":\"https:\/\/latam.patiadiabetes.com\/\",\"name\":\"PATIA Diabetes\",\"description\":\"T\u00fa puedes prevenir la diabetes tipo 2\",\"publisher\":{\"@id\":\"https:\/\/latam.patiadiabetes.com\/#organization\"},\"potentialAction\":[{\"@type\":\"SearchAction\",\"target\":{\"@type\":\"EntryPoint\",\"urlTemplate\":\"https:\/\/latam.patiadiabetes.com\/?s={search_term_string}\"},\"query-input\":\"required name=search_term_string\"}],\"inLanguage\":\"es\"},{\"@type\":\"Organization\",\"@id\":\"https:\/\/latam.patiadiabetes.com\/#organization\",\"name\":\"Patia\",\"url\":\"https:\/\/latam.patiadiabetes.com\/\",\"logo\":{\"@type\":\"ImageObject\",\"inLanguage\":\"es\",\"@id\":\"https:\/\/latam.patiadiabetes.com\/#\/schema\/logo\/image\/\",\"url\":\"https:\/\/www.patiadiabetes.com\/wp-content\/uploads\/2016\/01\/PATIA-logo.png\",\"contentUrl\":\"https:\/\/www.patiadiabetes.com\/wp-content\/uploads\/2016\/01\/PATIA-logo.png\",\"width\":150,\"height\":80,\"caption\":\"Patia\"},\"image\":{\"@id\":\"https:\/\/latam.patiadiabetes.com\/#\/schema\/logo\/image\/\"}}]}<\/script>\n<!-- \/ Yoast SEO plugin. -->","yoast_head_json":{"title":"I+ D Proyectos - PATIA Diabetes","robots":{"index":"index","follow":"follow","max-snippet":"max-snippet:-1","max-image-preview":"max-image-preview:large","max-video-preview":"max-video-preview:-1"},"canonical":"https:\/\/latam.patiadiabetes.com\/es\/i-d-proyectos\/","og_locale":"es_ES","og_type":"article","og_title":"I+ D Proyectos - PATIA Diabetes","og_url":"https:\/\/latam.patiadiabetes.com\/es\/i-d-proyectos\/","og_site_name":"PATIA Diabetes","article_modified_time":"2023-03-30T07:47:22+00:00","og_image":[{"url":"https:\/\/latam.patiadiabetes.com\/wp-content\/uploads\/2023\/03\/1.png"}],"twitter_card":"summary_large_image","twitter_misc":{"Tiempo de lectura":"4 minutos"},"schema":{"@context":"https:\/\/schema.org","@graph":[{"@type":"WebPage","@id":"https:\/\/latam.patiadiabetes.com\/es\/i-d-proyectos\/","url":"https:\/\/latam.patiadiabetes.com\/es\/i-d-proyectos\/","name":"I+ D Proyectos - PATIA Diabetes","isPartOf":{"@id":"https:\/\/latam.patiadiabetes.com\/#website"},"datePublished":"2021-05-26T14:27:34+00:00","dateModified":"2023-03-30T07:47:22+00:00","inLanguage":"es","potentialAction":[{"@type":"ReadAction","target":["https:\/\/latam.patiadiabetes.com\/es\/i-d-proyectos\/"]}]},{"@type":"WebSite","@id":"https:\/\/latam.patiadiabetes.com\/#website","url":"https:\/\/latam.patiadiabetes.com\/","name":"PATIA Diabetes","description":"T\u00fa puedes prevenir la diabetes tipo 2","publisher":{"@id":"https:\/\/latam.patiadiabetes.com\/#organization"},"potentialAction":[{"@type":"SearchAction","target":{"@type":"EntryPoint","urlTemplate":"https:\/\/latam.patiadiabetes.com\/?s={search_term_string}"},"query-input":"required name=search_term_string"}],"inLanguage":"es"},{"@type":"Organization","@id":"https:\/\/latam.patiadiabetes.com\/#organization","name":"Patia","url":"https:\/\/latam.patiadiabetes.com\/","logo":{"@type":"ImageObject","inLanguage":"es","@id":"https:\/\/latam.patiadiabetes.com\/#\/schema\/logo\/image\/","url":"https:\/\/www.patiadiabetes.com\/wp-content\/uploads\/2016\/01\/PATIA-logo.png","contentUrl":"https:\/\/www.patiadiabetes.com\/wp-content\/uploads\/2016\/01\/PATIA-logo.png","width":150,"height":80,"caption":"Patia"},"image":{"@id":"https:\/\/latam.patiadiabetes.com\/#\/schema\/logo\/image\/"}}]}},"_links":{"self":[{"href":"https:\/\/latam.patiadiabetes.com\/es\/wp-json\/wp\/v2\/pages\/13732"}],"collection":[{"href":"https:\/\/latam.patiadiabetes.com\/es\/wp-json\/wp\/v2\/pages"}],"about":[{"href":"https:\/\/latam.patiadiabetes.com\/es\/wp-json\/wp\/v2\/types\/page"}],"author":[{"embeddable":true,"href":"https:\/\/latam.patiadiabetes.com\/es\/wp-json\/wp\/v2\/users\/4"}],"replies":[{"embeddable":true,"href":"https:\/\/latam.patiadiabetes.com\/es\/wp-json\/wp\/v2\/comments?post=13732"}],"version-history":[{"count":2,"href":"https:\/\/latam.patiadiabetes.com\/es\/wp-json\/wp\/v2\/pages\/13732\/revisions"}],"predecessor-version":[{"id":14261,"href":"https:\/\/latam.patiadiabetes.com\/es\/wp-json\/wp\/v2\/pages\/13732\/revisions\/14261"}],"wp:attachment":[{"href":"https:\/\/latam.patiadiabetes.com\/es\/wp-json\/wp\/v2\/media?parent=13732"}],"curies":[{"name":"wp","href":"https:\/\/api.w.org\/{rel}","templated":true}]}}