{"id":148,"date":"2016-01-21T17:09:22","date_gmt":"2016-01-21T17:09:22","guid":{"rendered":"http:\/\/test.patiadiabetes.com\/?page_id=148"},"modified":"2020-12-07T18:13:53","modified_gmt":"2020-12-07T16:13:53","slug":"profesionales","status":"publish","type":"page","link":"https:\/\/latam.patiadiabetes.com\/es\/profesionales\/","title":{"rendered":"Profesionales"},"content":{"rendered":"<div class=\"fusion-fullwidth fullwidth-box fusion-builder-row-1 nonhundred-percent-fullwidth non-hundred-percent-height-scrolling\" style=\"background-color: rgba(255,255,255,0);background-position: left top;background-repeat: no-repeat;padding-top:20px;padding-right:0px;padding-bottom:20px;padding-left:0px;margin-bottom: 0px;margin-top: 0px;border-width: 0px 0px 0px 0px;border-color:#eae9e9;border-style:solid;\" ><div class=\"fusion-builder-row fusion-row\"><div class=\"fusion-layout-column fusion_builder_column fusion-builder-column-0 fusion_builder_column_1_1 1_1 fusion-one-full fusion-column-first fusion-column-last fusion-column-no-min-height\" style=\"margin-top:0px;margin-bottom:0px;\"><div class=\"fusion-column-wrapper fusion-flex-column-wrapper-legacy\" style=\"background-position:left top;background-repeat:no-repeat;-webkit-background-size:cover;-moz-background-size:cover;-o-background-size:cover;background-size:cover;padding: 0px 0px 0px 0px;\"><style type=\"text\/css\"><\/style><div class=\"fusion-title title fusion-title-1 fusion-sep-none fusion-title-text fusion-title-size-one\" style=\"margin-top:0px;margin-right:0px;margin-bottom:31px;margin-left:0px;\"><h1 class=\"title-heading-left fusion-responsive-typography-calculated\" style=\"margin:0;--fontSize:45;line-height:1.24;\"><h1>\u00bfEres profesional de la salud?<\/h1><\/h1><\/div><div class=\"fusion-clearfix\"><\/div><\/div><\/div><div class=\"fusion-layout-column fusion_builder_column fusion-builder-column-1 fusion_builder_column_1_1 1_1 fusion-one-full fusion-column-first fusion-column-last fusion-column-no-min-height\" style=\"margin-top:0px;margin-bottom:0px;\"><div class=\"fusion-column-wrapper fusion-flex-column-wrapper-legacy\" style=\"background-position:left top;background-repeat:no-repeat;-webkit-background-size:cover;-moz-background-size:cover;-o-background-size:cover;background-size:cover;padding: 0px 0px 0px 0px;\"><style type=\"text\/css\"><\/style><div class=\"fusion-title title fusion-title-2 fusion-sep-none fusion-title-text fusion-title-size-two\" style=\"margin-top:0px;margin-right:0px;margin-bottom:31px;margin-left:0px;\"><h2 class=\"title-heading-left fusion-responsive-typography-calculated\" style=\"margin:0;--fontSize:25;line-height:1.28;\"><h2>Utiliza\u00a0una herramienta r\u00e1pida y eficaz para conocer\u00a0la predisposici\u00f3n gen\u00e9tica de tus pacientes a padecer diabetes tipo 2.<\/h2><\/h2><\/div><div class=\"fusion-text fusion-text-1\"><p>Rellena este formulario si deseas obtener m\u00e1s informaci\u00f3n sobre nuestras herramientas de evaluaci\u00f3n y control.<\/p>\n<div class=\"wpcf7 no-js\" id=\"wpcf7-f2121-o1\" lang=\"es-ES\" dir=\"ltr\">\n<div class=\"screen-reader-response\"><p role=\"status\" aria-live=\"polite\" aria-atomic=\"true\"><\/p> <ul><\/ul><\/div>\n<form action=\"\/es\/wp-json\/wp\/v2\/pages\/148#wpcf7-f2121-o1\" method=\"post\" class=\"wpcf7-form init\" aria-label=\"Formulario de contacto\" novalidate=\"novalidate\" data-status=\"init\">\n<div style=\"display: none;\">\n<input type=\"hidden\" name=\"_wpcf7\" value=\"2121\" \/>\n<input type=\"hidden\" name=\"_wpcf7_version\" value=\"5.7.2\" \/>\n<input type=\"hidden\" name=\"_wpcf7_locale\" value=\"es_ES\" \/>\n<input type=\"hidden\" name=\"_wpcf7_unit_tag\" value=\"wpcf7-f2121-o1\" \/>\n<input type=\"hidden\" name=\"_wpcf7_container_post\" value=\"0\" \/>\n<input type=\"hidden\" name=\"_wpcf7_posted_data_hash\" value=\"\" \/>\n<input type=\"hidden\" name=\"_wpcf7_recaptcha_response\" value=\"\" \/>\n<\/div>\n<p>Persona de contacto (*)\n<\/p>\n<p><span class=\"wpcf7-form-control-wrap\" data-name=\"NOMBRE\"><input size=\"40\" class=\"wpcf7-form-control wpcf7-text wpcf7-validates-as-required\" aria-required=\"true\" aria-invalid=\"false\" value=\"\" type=\"text\" name=\"NOMBRE\" \/><\/span>\n<\/p>\n<p>Instituci\u00f3n\n<\/p>\n<p><span class=\"wpcf7-form-control-wrap\" data-name=\"INTITUCION\"><input size=\"40\" class=\"wpcf7-form-control wpcf7-text\" aria-invalid=\"false\" value=\"\" type=\"text\" name=\"INTITUCION\" \/><\/span>\n<\/p>\n<p>Localidad\n<\/p>\n<p><span class=\"wpcf7-form-control-wrap\" data-name=\"LOCALIDAD\"><input size=\"40\" class=\"wpcf7-form-control wpcf7-text\" aria-invalid=\"false\" value=\"\" type=\"text\" name=\"LOCALIDAD\" \/><\/span>\n<\/p>\n<p>Pa\u00eds\n<\/p>\n<p><span class=\"wpcf7-form-control-wrap\" data-name=\"PAIS\"><input size=\"40\" class=\"wpcf7-form-control wpcf7-text\" aria-invalid=\"false\" value=\"\" type=\"text\" name=\"PAIS\" \/><\/span>\n<\/p>\n<p>Tel\u00e9fono de contacto (*)\n<\/p>\n<p><span class=\"wpcf7-form-control-wrap\" data-name=\"TELEFONO\"><input size=\"40\" class=\"wpcf7-form-control wpcf7-text wpcf7-tel wpcf7-validates-as-tel\" aria-invalid=\"false\" value=\"\" type=\"tel\" name=\"TELEFONO\" \/><\/span>\n<\/p>\n<p>Email (*)\n<\/p>\n<p><span class=\"wpcf7-form-control-wrap\" data-name=\"EMAIL\"><input size=\"40\" class=\"wpcf7-form-control wpcf7-text wpcf7-email wpcf7-validates-as-required wpcf7-validates-as-email\" aria-required=\"true\" aria-invalid=\"false\" value=\"\" type=\"email\" name=\"EMAIL\" \/><\/span>\n<\/p>\n<p><label>Especialidad<\/label>\n<\/p>\n<p><span class=\"wpcf7-form-control-wrap\" data-name=\"ESPECIALIDAD\"><input size=\"40\" class=\"wpcf7-form-control wpcf7-text\" aria-invalid=\"false\" value=\"\" type=\"text\" name=\"ESPECIALIDAD\" \/><\/span>\n<\/p>\n<p>\u00bfC\u00f3mo has conocido Diabetes Prevent?:<br \/>\n<span class=\"wpcf7-form-control-wrap\" data-name=\"FUENTE\"><select class=\"wpcf7-form-control wpcf7-select\" aria-invalid=\"false\" name=\"FUENTE\"><option value=\"Internet\">Internet<\/option><option value=\"Medios de comunicaci\u00f3n\">Medios de comunicaci\u00f3n<\/option><option value=\"Revistas especializadas\">Revistas especializadas<\/option><option value=\"Recomendaci\u00f3n de colega\">Recomendaci\u00f3n de colega<\/option><option value=\"Por un paciente\">Por un paciente<\/option><option value=\"Otro\">Otro<\/option><\/select><\/span>\n<\/p>\n<p>Mensaje\n<\/p>\n<p><span class=\"wpcf7-form-control-wrap\" data-name=\"MENSAJE\"><textarea cols=\"40\" rows=\"10\" class=\"wpcf7-form-control wpcf7-textarea\" aria-invalid=\"false\" name=\"MENSAJE\"><\/textarea><\/span>\n<\/p>\n<p><br \/>\nPara evitar SPAM, escribe este c\u00f3digo en el campo siguiente<br \/>\n<em>Para usar CAPTCHA, tienes que tener instalado el plugin <a href=\"https:\/\/wordpress.org\/plugins\/really-simple-captcha\/\">Really Simple CAPTCHA<\/a>.<\/em><br \/>\n<span class=\"wpcf7-form-control-wrap\" data-name=\"captcha-257\"><input size=\"40\" class=\"wpcf7-form-control wpcf7-captchar\" autocomplete=\"off\" aria-invalid=\"false\" value=\"\" type=\"text\" name=\"captcha-257\" \/><\/span>\n<\/p>\n<p><span class=\"wpcf7-form-control-wrap\" data-name=\"acceptance-175\"><span class=\"wpcf7-form-control wpcf7-acceptance\"><span class=\"wpcf7-list-item\"><input type=\"checkbox\" name=\"acceptance-175\" value=\"1\" checked=\"checked\" aria-invalid=\"false\" \/><\/span><\/span><\/span> Acepto <a href=\"\/aviso-legal\/\" target=\"_blank\">las condiciones legales y la pol\u00edtica de privacidad<\/a>.\n<\/p>\n<p><input class=\"wpcf7-form-control has-spinner wpcf7-submit\" type=\"submit\" value=\"Enviar\" \/>\n<\/p><div class=\"fusion-alert alert custom alert-custom fusion-alert-center wpcf7-response-output alert-dismissable\" role=\"alert\" style=\"border-width:1px;\"><div class=\"fusion-alert-content-wrapper\"><span class=\"fusion-alert-content\"><\/span><\/div><button type=\"button\" class=\"close toggle-alert\" data-dismiss=\"alert\" aria-label=\"Close\">&times;<\/button><\/div><\/form><\/div>\n<\/div><div class=\"fusion-clearfix\"><\/div><\/div><\/div><div class=\"fusion-layout-column fusion_builder_column fusion-builder-column-2 fusion_builder_column_1_1 1_1 fusion-one-full fusion-column-first fusion-column-last fusion-column-no-min-height\" style=\"margin-top:0px;margin-bottom:0px;\"><div class=\"fusion-column-wrapper fusion-flex-column-wrapper-legacy\" style=\"background-position:left top;background-repeat:no-repeat;-webkit-background-size:cover;-moz-background-size:cover;-o-background-size:cover;background-size:cover;padding: 0px 0px 0px 0px;\"><style type='text\/css'>.reading-box-container-1 .element-bottomshadow:before,.reading-box-container-1 .element-bottomshadow:after{opacity:0.7;}<\/style><div class=\"fusion-reading-box-container reading-box-container-1 tagline-contacto\" style=\"margin-top:50px;margin-bottom:40px;\"><div class=\"reading-box\" style=\"background-color:#f5f5f5;border-width:1px;border-color:#f5f5f5;border-left-width:3px;border-left-color:var(--primary_color);border-style:solid;\"><a class=\"button fusion-button button-default fusion-button-medium button-medium button-flat fusion-desktop-button fusion-tagline-button continue fusion-desktop-button-margin continue-right\" style=\"-webkit-box-shadow:none;-moz-box-shadow:none;box-shadow:none;border-radius:0px 0px 0px 0px\" href=\"tel:+34943324673\" target=\"_self\"><span>+34 943 324 673<\/span><\/a><h2>Contacta con Patia<\/h2><div class=\"reading-box-description fusion-reading-box-additional\">Nos encantar\u00e1 atender cualquier duda o consulta sobre nuestros servicios.<\/div><div class=\"reading-box-additional\"><a href=\"mailto:contacto@patiadiabetes.com\">contacto@patiadiabetes.com<\/a>\u00a0|\u00a0<a href=\"mailto:contacto@patia.com.mx\">contacto@patia.com.mx<\/a> (M\u00e9xico) |\u00a0<a href=\"mailto:contact@patiadiabetes.com\">contact@patiadiabetes.com<\/a> (International)<\/div><div class=\"fusion-clearfix\"><\/div><a class=\"button fusion-button button-default fusion-button-medium button-medium button-flat fusion-mobile-button continue-right\" style=\"-webkit-box-shadow:none;-moz-box-shadow:none;box-shadow:none;border-radius:0px 0px 0px 0px\" href=\"tel:+34943324673\" target=\"_self\"><span>+34 943 324 673<\/span><\/a><\/div><\/div><div class=\"fusion-clearfix\"><\/div><\/div><\/div><\/div><\/div>\n","protected":false},"excerpt":{"rendered":"","protected":false},"author":5,"featured_media":0,"parent":0,"menu_order":7,"comment_status":"closed","ping_status":"closed","template":"","meta":[],"yoast_head":"<!-- This site is optimized with the Yoast SEO plugin v19.14 - https:\/\/yoast.com\/wordpress\/plugins\/seo\/ -->\n<title>Profesionales de la salud - Conoce la predisposici\u00f3n gen\u00e9tica de tus pacientes a padecer diabetes tipo 2<\/title>\n<meta name=\"description\" content=\"Utiliza una herramienta r\u00e1pida y eficaz para conocer la predisposici\u00f3n gen\u00e9tica de tus pacientes a padecer diabetes tipo 2. El test gen\u00e9tico Patia tiene una s\u00f3lida base cient\u00edfica fundamentada en rigurosos estudios internacionales gen\u00e9ticos y poblacionales. Diabetes Prevent analiza las principales variantes gen\u00e9ticas asociadas a la diabetes tipo 2.\" \/>\n<meta name=\"robots\" content=\"index, follow, max-snippet:-1, max-image-preview:large, max-video-preview:-1\" \/>\n<link rel=\"canonical\" href=\"https:\/\/latam.patiadiabetes.com\/es\/profesionales\/\" \/>\n<meta property=\"og:locale\" content=\"es_ES\" \/>\n<meta property=\"og:type\" content=\"article\" \/>\n<meta property=\"og:title\" content=\"Profesionales de la salud - Conoce la predisposici\u00f3n gen\u00e9tica de tus pacientes a padecer diabetes tipo 2\" \/>\n<meta property=\"og:description\" content=\"Utiliza una herramienta r\u00e1pida y eficaz para conocer la predisposici\u00f3n gen\u00e9tica de tus pacientes a padecer diabetes tipo 2. El test gen\u00e9tico Patia tiene una s\u00f3lida base cient\u00edfica fundamentada en rigurosos estudios internacionales gen\u00e9ticos y poblacionales. Diabetes Prevent analiza las principales variantes gen\u00e9ticas asociadas a la diabetes tipo 2.\" \/>\n<meta property=\"og:url\" content=\"https:\/\/latam.patiadiabetes.com\/es\/profesionales\/\" \/>\n<meta property=\"og:site_name\" content=\"PATIA Diabetes\" \/>\n<meta property=\"article:modified_time\" content=\"2020-12-07T16:13:53+00:00\" \/>\n<meta name=\"twitter:card\" content=\"summary_large_image\" \/>\n<meta name=\"twitter:label1\" content=\"Tiempo de lectura\" \/>\n\t<meta name=\"twitter:data1\" content=\"2 minutos\" \/>\n<script type=\"application\/ld+json\" class=\"yoast-schema-graph\">{\"@context\":\"https:\/\/schema.org\",\"@graph\":[{\"@type\":\"WebPage\",\"@id\":\"https:\/\/latam.patiadiabetes.com\/es\/profesionales\/\",\"url\":\"https:\/\/latam.patiadiabetes.com\/es\/profesionales\/\",\"name\":\"Profesionales de la salud - Conoce la predisposici\u00f3n gen\u00e9tica de tus pacientes a padecer diabetes tipo 2\",\"isPartOf\":{\"@id\":\"https:\/\/latam.patiadiabetes.com\/#website\"},\"datePublished\":\"2016-01-21T17:09:22+00:00\",\"dateModified\":\"2020-12-07T16:13:53+00:00\",\"description\":\"Utiliza una herramienta r\u00e1pida y eficaz para conocer la predisposici\u00f3n gen\u00e9tica de tus pacientes a padecer diabetes tipo 2. El test gen\u00e9tico Patia tiene una s\u00f3lida base cient\u00edfica fundamentada en rigurosos estudios internacionales gen\u00e9ticos y poblacionales. Diabetes Prevent analiza las principales variantes gen\u00e9ticas asociadas a la diabetes tipo 2.\",\"inLanguage\":\"es\",\"potentialAction\":[{\"@type\":\"ReadAction\",\"target\":[\"https:\/\/latam.patiadiabetes.com\/es\/profesionales\/\"]}]},{\"@type\":\"WebSite\",\"@id\":\"https:\/\/latam.patiadiabetes.com\/#website\",\"url\":\"https:\/\/latam.patiadiabetes.com\/\",\"name\":\"PATIA Diabetes\",\"description\":\"T\u00fa puedes prevenir la diabetes tipo 2\",\"publisher\":{\"@id\":\"https:\/\/latam.patiadiabetes.com\/#organization\"},\"potentialAction\":[{\"@type\":\"SearchAction\",\"target\":{\"@type\":\"EntryPoint\",\"urlTemplate\":\"https:\/\/latam.patiadiabetes.com\/?s={search_term_string}\"},\"query-input\":\"required name=search_term_string\"}],\"inLanguage\":\"es\"},{\"@type\":\"Organization\",\"@id\":\"https:\/\/latam.patiadiabetes.com\/#organization\",\"name\":\"Patia\",\"url\":\"https:\/\/latam.patiadiabetes.com\/\",\"logo\":{\"@type\":\"ImageObject\",\"inLanguage\":\"es\",\"@id\":\"https:\/\/latam.patiadiabetes.com\/#\/schema\/logo\/image\/\",\"url\":\"https:\/\/www.patiadiabetes.com\/wp-content\/uploads\/2016\/01\/PATIA-logo.png\",\"contentUrl\":\"https:\/\/www.patiadiabetes.com\/wp-content\/uploads\/2016\/01\/PATIA-logo.png\",\"width\":150,\"height\":80,\"caption\":\"Patia\"},\"image\":{\"@id\":\"https:\/\/latam.patiadiabetes.com\/#\/schema\/logo\/image\/\"}}]}<\/script>\n<!-- \/ Yoast SEO plugin. -->","yoast_head_json":{"title":"Profesionales de la salud - Conoce la predisposici\u00f3n gen\u00e9tica de tus pacientes a padecer diabetes tipo 2","description":"Utiliza una herramienta r\u00e1pida y eficaz para conocer la predisposici\u00f3n gen\u00e9tica de tus pacientes a padecer diabetes tipo 2. El test gen\u00e9tico Patia tiene una s\u00f3lida base cient\u00edfica fundamentada en rigurosos estudios internacionales gen\u00e9ticos y poblacionales. Diabetes Prevent analiza las principales variantes gen\u00e9ticas asociadas a la diabetes tipo 2.","robots":{"index":"index","follow":"follow","max-snippet":"max-snippet:-1","max-image-preview":"max-image-preview:large","max-video-preview":"max-video-preview:-1"},"canonical":"https:\/\/latam.patiadiabetes.com\/es\/profesionales\/","og_locale":"es_ES","og_type":"article","og_title":"Profesionales de la salud - Conoce la predisposici\u00f3n gen\u00e9tica de tus pacientes a padecer diabetes tipo 2","og_description":"Utiliza una herramienta r\u00e1pida y eficaz para conocer la predisposici\u00f3n gen\u00e9tica de tus pacientes a padecer diabetes tipo 2. El test gen\u00e9tico Patia tiene una s\u00f3lida base cient\u00edfica fundamentada en rigurosos estudios internacionales gen\u00e9ticos y poblacionales. Diabetes Prevent analiza las principales variantes gen\u00e9ticas asociadas a la diabetes tipo 2.","og_url":"https:\/\/latam.patiadiabetes.com\/es\/profesionales\/","og_site_name":"PATIA Diabetes","article_modified_time":"2020-12-07T16:13:53+00:00","twitter_card":"summary_large_image","twitter_misc":{"Tiempo de lectura":"2 minutos"},"schema":{"@context":"https:\/\/schema.org","@graph":[{"@type":"WebPage","@id":"https:\/\/latam.patiadiabetes.com\/es\/profesionales\/","url":"https:\/\/latam.patiadiabetes.com\/es\/profesionales\/","name":"Profesionales de la salud - Conoce la predisposici\u00f3n gen\u00e9tica de tus pacientes a padecer diabetes tipo 2","isPartOf":{"@id":"https:\/\/latam.patiadiabetes.com\/#website"},"datePublished":"2016-01-21T17:09:22+00:00","dateModified":"2020-12-07T16:13:53+00:00","description":"Utiliza una herramienta r\u00e1pida y eficaz para conocer la predisposici\u00f3n gen\u00e9tica de tus pacientes a padecer diabetes tipo 2. El test gen\u00e9tico Patia tiene una s\u00f3lida base cient\u00edfica fundamentada en rigurosos estudios internacionales gen\u00e9ticos y poblacionales. Diabetes Prevent analiza las principales variantes gen\u00e9ticas asociadas a la diabetes tipo 2.","inLanguage":"es","potentialAction":[{"@type":"ReadAction","target":["https:\/\/latam.patiadiabetes.com\/es\/profesionales\/"]}]},{"@type":"WebSite","@id":"https:\/\/latam.patiadiabetes.com\/#website","url":"https:\/\/latam.patiadiabetes.com\/","name":"PATIA Diabetes","description":"T\u00fa puedes prevenir la diabetes tipo 2","publisher":{"@id":"https:\/\/latam.patiadiabetes.com\/#organization"},"potentialAction":[{"@type":"SearchAction","target":{"@type":"EntryPoint","urlTemplate":"https:\/\/latam.patiadiabetes.com\/?s={search_term_string}"},"query-input":"required name=search_term_string"}],"inLanguage":"es"},{"@type":"Organization","@id":"https:\/\/latam.patiadiabetes.com\/#organization","name":"Patia","url":"https:\/\/latam.patiadiabetes.com\/","logo":{"@type":"ImageObject","inLanguage":"es","@id":"https:\/\/latam.patiadiabetes.com\/#\/schema\/logo\/image\/","url":"https:\/\/www.patiadiabetes.com\/wp-content\/uploads\/2016\/01\/PATIA-logo.png","contentUrl":"https:\/\/www.patiadiabetes.com\/wp-content\/uploads\/2016\/01\/PATIA-logo.png","width":150,"height":80,"caption":"Patia"},"image":{"@id":"https:\/\/latam.patiadiabetes.com\/#\/schema\/logo\/image\/"}}]}},"_links":{"self":[{"href":"https:\/\/latam.patiadiabetes.com\/es\/wp-json\/wp\/v2\/pages\/148"}],"collection":[{"href":"https:\/\/latam.patiadiabetes.com\/es\/wp-json\/wp\/v2\/pages"}],"about":[{"href":"https:\/\/latam.patiadiabetes.com\/es\/wp-json\/wp\/v2\/types\/page"}],"author":[{"embeddable":true,"href":"https:\/\/latam.patiadiabetes.com\/es\/wp-json\/wp\/v2\/users\/5"}],"replies":[{"embeddable":true,"href":"https:\/\/latam.patiadiabetes.com\/es\/wp-json\/wp\/v2\/comments?post=148"}],"version-history":[{"count":0,"href":"https:\/\/latam.patiadiabetes.com\/es\/wp-json\/wp\/v2\/pages\/148\/revisions"}],"wp:attachment":[{"href":"https:\/\/latam.patiadiabetes.com\/es\/wp-json\/wp\/v2\/media?parent=148"}],"curies":[{"name":"wp","href":"https:\/\/api.w.org\/{rel}","templated":true}]}}