{"id":218,"date":"2016-01-25T13:25:28","date_gmt":"2016-01-25T13:25:28","guid":{"rendered":"http:\/\/test.patiadiabetes.com\/?page_id=218"},"modified":"2020-12-07T18:13:53","modified_gmt":"2020-12-07T16:13:53","slug":"politica-de-privacidad","status":"publish","type":"page","link":"https:\/\/latam.patiadiabetes.com\/es\/politica-de-privacidad\/","title":{"rendered":"Pol\u00edtica de privacidad"},"content":{"rendered":"<h1>Pol\u00edtica de privacidad<\/h1>\n<p>1. En <strong>cumplimiento de la Ley Org\u00e1nica 15\/1999<\/strong>, de 13 de diciembre, de Protecci\u00f3n de Datos de Car\u00e1cter Personal, le informamos que los datos personales que nos facilite a trav\u00e9s de las p\u00e1ginas web https:\/\/latam.patiadiabetes.com\/ y http.\/\/shop.patiadiabetes.com (en adelante \u201cLA WEB\u201d) o por correo electr\u00f3nico ser\u00e1n tratados de forma confidencial y pasar\u00e1n a formar parte de un <strong>fichero debidamente inscrito en la Agencia Espa\u00f1ola de Protecci\u00f3n<\/strong> de Datos <a href=\"http:\/\/www.agpd.es\">www.agpd.es<\/a><\/p>\n<p>2. Tanto la navegaci\u00f3n y uso de LA WEB como el hecho de rellenar y enviar formularios en los que se soliciten datos personales de todo aquel internauta o usuario que se registre como usuario o adquiera productos en LA WEB (en adelante, el Usuario), implicar\u00e1 su <strong>adhesi\u00f3n plena<\/strong> y sin reservas a todas y cada una de las condiciones de esta Pol\u00edtica de privacidad.<\/p>\n<p>3. <strong>El fichero es propiedad de PATIA EUROPE S.L<\/strong>. con CIF B75147678, con domicilio en Paseo Mikeletegi 69, 3 planta, 20009 Donostia &#8211; San Sebasti\u00e1n, Espa\u00f1a, qui\u00e9n ser\u00e1 el responsable de su tratamiento y gesti\u00f3n. Sus datos personales ser\u00e1n utilizados para atender peticiones de informaci\u00f3n, gesti\u00f3n de pedidos e informaci\u00f3n del estado de tramitaci\u00f3n y para el env\u00edo de futuras comunicaciones comerciales que pudieran ser de su inter\u00e9s.<br \/>\nAsimismo, le informamos que puede ejercitar sus derechos de acceso, rectificaci\u00f3n, cancelaci\u00f3n y oposici\u00f3n con arreglo a lo previsto en la Ley Org\u00e1nica 15\/1999, de 13 de diciembre, de Protecci\u00f3n de Datos de Car\u00e1cter Personal, escribiendo a trav\u00e9s del siguiente formulario de contacto.<\/p>\n<p>4. La<strong> finalidad del fichero<\/strong> ser\u00e1 gestionar el cumplimiento, ejecuci\u00f3n y seguimiento del pedido realizado as\u00ed como del contrato de compraventa de los productos adquiridos, permitir la respuesta a las consultas o sugerencias planteadas, mejorar el dise\u00f1o y\/o el contenido de las p\u00e1ginas de LA WEB y adaptarlas a nuestros clientes, identificar a los visitantes de nuestra WEB y enviarles noticias, novedades y ofertas comerciales (por correo electr\u00f3nico o por cualquier otro medio de comunicaci\u00f3n electr\u00f3nica) siempre que as\u00ed lo hayan solicitado. Si prefieres no recibir comunicaciones de marketing, h\u00e1znoslo saber.<\/p>\n<p>5. Gestionamos el <strong>Newsletter<\/strong> a trav\u00e9s de Sendinblue, un servicio prestado por una empresa denominada SendinBlue, con domicilio en 59, rue Beaubourg, 75003 Par\u00eds, Francia, n\u00famero de registro 498 019 298 R.C.S., cuyos servidores se encuentran ubicados en Francia. Sendinblue tratar\u00e1 dichos datos por cuenta nuestra con la finalidad de facilitarnos la gesti\u00f3n de la lista de correo y el env\u00edo del newsletter. Puedes obtener m\u00e1s informaci\u00f3n sobre la pol\u00edtica de privacidad del prestador del servicio a trav\u00e9s del siguiente enlace:<a href=\"https:\/\/es.sendinblue.com\/legal\/termsofuse\/\"> https:\/\/es.sendinblue.com\/legal\/termsofuse<\/a>. Sendinblue es una entidad con un nivel adecuado de protecci\u00f3n a efectos de la LOPD. Al suscribirse al Newsletter el usuario consiente expresamente que sus datos sean transmitidos y procesados en Francia por parte de Sendinblue. El usuario podr\u00e1 cancelar su suscripci\u00f3n en cualquier momento solicit\u00e1ndolo por escrito a trav\u00e9s del formulario de contacto o utilizando el bot\u00f3n de baja del servicio que se pondr\u00e1 a su disposici\u00f3n en cada comunicaci\u00f3n que se le dirija.<\/p>\n<p>6. <strong>Los datos solicitados<\/strong> al Usuario mediante formularios indicados con un asterisco (*) ser\u00e1n los estrictamente necesarios para poder proporcionarle el servicio o para poder ponerse en contacto con el Usuario. En ning\u00fan caso, el hecho de no proporcionar m\u00e1s datos que los estrictamente necesarios supondr\u00e1 una merma en la calidad del servicio.<\/p>\n<p>7. El Usuario garantiza que los<strong> datos personales facilitados son veraces<\/strong> y se hace responsable de comunicar cualquier modificaci\u00f3n en los mismos. El Usuario ser\u00e1 el \u00fanico responsable de cualquier da\u00f1o o perjuicio, directo o indirecto, que pudiera ocasionar a LA WEB o a cualquier tercero, a causa de la cumplimentaci\u00f3n de los formularios con datos falsos, inexactos, incompletos o no actualizados. En el caso de que el Usuario incluya datos de car\u00e1cter personal de terceros deber\u00e1, con car\u00e1cter previo a su inclusi\u00f3n, informarles de lo establecido en la presente pol\u00edtica de privacidad, siendo el \u00fanico responsable de su inclusi\u00f3n.<\/p>\n<p>8. <strong>El Usuario consiente en el uso de cookies<\/strong> con la finalidad principal de facilitar su navegaci\u00f3n en LA WEB Online. Ver nuestra <span style=\"color: #ff0000\">pol\u00edtica de uso de cookies<\/span><\/p>\n<p>9. <strong>LA WEB Online hace uso de Google Analytics<\/strong>, un servicio de anal\u00edtica de Google, Inc. (\u201cGoogle\u201d). Google Analytics utiliza cookies, archivos de texto ubicados en el ordenador del Usuario, con el objetivo de llevar a cabo una anal\u00edtica web acerca del modo de uso de los usuarios de LA WEB Online. La informaci\u00f3n generada por la cookie acerca del uso de LA WEB Online (incluyendo la direcci\u00f3n IP del Usuario), ser\u00e1 transmitida y almacenada por Google en servidores de internet de Estados Unidos. Google utilizar\u00e1 esta informaci\u00f3n con el fin de evaluar tu uso de LA WEB Online, recopilar informes de actividad de LA WEB Online y proporcionar otros servicios relativos a la actividad de la web y al uso de internet. Google tambi\u00e9n podr\u00e1 ceder esta informaci\u00f3n a terceras partes en los casos en los que la ley as\u00ed lo estipule o en los que dichas terceras partes procesen la informaci\u00f3n en nombre y representaci\u00f3n de Google. Google no asociar\u00e1 la direcci\u00f3n IP de los Usuarios a ning\u00fan otro dato almacenado por Google. El Usuario puede rechazar el uso de las cookies seleccionando los ajustes correspondientes en su navegador de Internet. En caso de modificar dichos ajustes, puede que no se permita al Usuario la total funcionalidad de la web. Puede obtener m\u00e1s informaci\u00f3n sobre la pol\u00edtica de Google Inc. a trav\u00e9s del siguiente enlace: <a href=\"http:\/\/www.google.es\/intl\/es\/policies\/privacy\/\">http:\/\/www.google.es\/intl\/es\/policies\/privacy<\/a>. Al utilizar esta WEB el usuario consiente expresamente la transmisi\u00f3n y procesamiento de sus datos en los servidores de Google Analytics que se encuentran ubicados en Estados Unidos.<\/p>\n<p>9. <strong>C\u00e9si\u00f3n de datos<\/strong>. Los datos de los usuarios no ser\u00e1n cedidos a terceros salvo que as\u00ed lo requiera la legislaci\u00f3n vigente o sea estrictamente necesario para el desarrollo, mantenimiento y control de los servicios de la plataforma.<\/p>\n<p>10. <strong>Redes Sociales<\/strong>. A trav\u00e9s de nuestra p\u00e1gina web puede acceder a las redes sociales Facebook, Twitter o Youtube de acceso abierto a todos los usuarios. Se trata de sitios web donde el usuario puede registrase y seguirnos gratuitamente. En estas redes sociales los usuarios podr\u00e1n conocer de nuestras actividades, opiniones, acceder a las fotos y v\u00eddeos. Los usuarios de estas redes sociales deben ser conscientes de que este lugar es independiente de LA WEB y est\u00e1 abierto, es decir, es visible para todos sus usuarios, y las pol\u00edticas de privacidad a aplicar a estos contenidos son las fijadas por Facebook, Twitter o Youtube. LA WEB no es titular de las redes sociales.<\/p>\n<p>11. <strong>Modificaciones<\/strong>. Esta Pol\u00edtica de privacidad podr\u00e1 ser modificada en cualquier momento de acuerdo con la legislaci\u00f3n aplicable en cada momento. Cualquier modificaci\u00f3n de la Pol\u00edtica de privacidad ser\u00e1 publicada en LA WEB.<\/p>\n","protected":false},"excerpt":{"rendered":"<p>Pol\u00edtica de privacidad 1. En cumplimiento de la Ley Org\u00e1nica 15\/1999, de 13 de diciembre, de Protecci\u00f3n de Datos de Car\u00e1cter Personal, le informamos que los datos personales que nos facilite a trav\u00e9s de las p\u00e1ginas web https:\/\/latam.patiadiabetes.com\/ y http.\/\/shop.patiadiabetes.com (en adelante \u201cLA WEB\u201d) o por correo electr\u00f3nico ser\u00e1n tratados de forma confidencial y pasar\u00e1n [&hellip;]<\/p>\n","protected":false},"author":1,"featured_media":0,"parent":0,"menu_order":8,"comment_status":"closed","ping_status":"closed","template":"","meta":[],"yoast_head":"<!-- This site is optimized with the Yoast SEO plugin v19.14 - https:\/\/yoast.com\/wordpress\/plugins\/seo\/ -->\n<title>Pol\u00edtica de privacidad - PATIA Diabetes<\/title>\n<meta name=\"robots\" content=\"index, follow, max-snippet:-1, max-image-preview:large, max-video-preview:-1\" \/>\n<link rel=\"canonical\" href=\"https:\/\/latam.patiadiabetes.com\/es\/politica-de-privacidad\/\" \/>\n<meta property=\"og:locale\" content=\"es_ES\" \/>\n<meta property=\"og:type\" content=\"article\" \/>\n<meta property=\"og:title\" content=\"Pol\u00edtica de privacidad - PATIA Diabetes\" \/>\n<meta property=\"og:description\" content=\"Pol\u00edtica de privacidad 1. En cumplimiento de la Ley Org\u00e1nica 15\/1999, de 13 de diciembre, de Protecci\u00f3n de Datos de Car\u00e1cter Personal, le informamos que los datos personales que nos facilite a trav\u00e9s de las p\u00e1ginas web https:\/\/latam.patiadiabetes.com\/ y http.\/\/shop.patiadiabetes.com (en adelante \u201cLA WEB\u201d) o por correo electr\u00f3nico ser\u00e1n tratados de forma confidencial y pasar\u00e1n [&hellip;]\" \/>\n<meta property=\"og:url\" content=\"https:\/\/latam.patiadiabetes.com\/es\/politica-de-privacidad\/\" \/>\n<meta property=\"og:site_name\" content=\"PATIA Diabetes\" \/>\n<meta property=\"article:modified_time\" content=\"2020-12-07T16:13:53+00:00\" \/>\n<meta name=\"twitter:card\" content=\"summary_large_image\" \/>\n<meta name=\"twitter:label1\" content=\"Tiempo de lectura\" \/>\n\t<meta name=\"twitter:data1\" content=\"6 minutos\" \/>\n<script type=\"application\/ld+json\" class=\"yoast-schema-graph\">{\"@context\":\"https:\/\/schema.org\",\"@graph\":[{\"@type\":\"WebPage\",\"@id\":\"https:\/\/latam.patiadiabetes.com\/es\/politica-de-privacidad\/\",\"url\":\"https:\/\/latam.patiadiabetes.com\/es\/politica-de-privacidad\/\",\"name\":\"Pol\u00edtica de privacidad - PATIA Diabetes\",\"isPartOf\":{\"@id\":\"https:\/\/latam.patiadiabetes.com\/#website\"},\"datePublished\":\"2016-01-25T13:25:28+00:00\",\"dateModified\":\"2020-12-07T16:13:53+00:00\",\"inLanguage\":\"es\",\"potentialAction\":[{\"@type\":\"ReadAction\",\"target\":[\"https:\/\/latam.patiadiabetes.com\/es\/politica-de-privacidad\/\"]}]},{\"@type\":\"WebSite\",\"@id\":\"https:\/\/latam.patiadiabetes.com\/#website\",\"url\":\"https:\/\/latam.patiadiabetes.com\/\",\"name\":\"PATIA Diabetes\",\"description\":\"T\u00fa puedes prevenir la diabetes tipo 2\",\"publisher\":{\"@id\":\"https:\/\/latam.patiadiabetes.com\/#organization\"},\"potentialAction\":[{\"@type\":\"SearchAction\",\"target\":{\"@type\":\"EntryPoint\",\"urlTemplate\":\"https:\/\/latam.patiadiabetes.com\/?s={search_term_string}\"},\"query-input\":\"required name=search_term_string\"}],\"inLanguage\":\"es\"},{\"@type\":\"Organization\",\"@id\":\"https:\/\/latam.patiadiabetes.com\/#organization\",\"name\":\"Patia\",\"url\":\"https:\/\/latam.patiadiabetes.com\/\",\"logo\":{\"@type\":\"ImageObject\",\"inLanguage\":\"es\",\"@id\":\"https:\/\/latam.patiadiabetes.com\/#\/schema\/logo\/image\/\",\"url\":\"https:\/\/www.patiadiabetes.com\/wp-content\/uploads\/2016\/01\/PATIA-logo.png\",\"contentUrl\":\"https:\/\/www.patiadiabetes.com\/wp-content\/uploads\/2016\/01\/PATIA-logo.png\",\"width\":150,\"height\":80,\"caption\":\"Patia\"},\"image\":{\"@id\":\"https:\/\/latam.patiadiabetes.com\/#\/schema\/logo\/image\/\"}}]}<\/script>\n<!-- \/ Yoast SEO plugin. -->","yoast_head_json":{"title":"Pol\u00edtica de privacidad - PATIA Diabetes","robots":{"index":"index","follow":"follow","max-snippet":"max-snippet:-1","max-image-preview":"max-image-preview:large","max-video-preview":"max-video-preview:-1"},"canonical":"https:\/\/latam.patiadiabetes.com\/es\/politica-de-privacidad\/","og_locale":"es_ES","og_type":"article","og_title":"Pol\u00edtica de privacidad - PATIA Diabetes","og_description":"Pol\u00edtica de privacidad 1. En cumplimiento de la Ley Org\u00e1nica 15\/1999, de 13 de diciembre, de Protecci\u00f3n de Datos de Car\u00e1cter Personal, le informamos que los datos personales que nos facilite a trav\u00e9s de las p\u00e1ginas web https:\/\/latam.patiadiabetes.com\/ y http.\/\/shop.patiadiabetes.com (en adelante \u201cLA WEB\u201d) o por correo electr\u00f3nico ser\u00e1n tratados de forma confidencial y pasar\u00e1n [&hellip;]","og_url":"https:\/\/latam.patiadiabetes.com\/es\/politica-de-privacidad\/","og_site_name":"PATIA Diabetes","article_modified_time":"2020-12-07T16:13:53+00:00","twitter_card":"summary_large_image","twitter_misc":{"Tiempo de lectura":"6 minutos"},"schema":{"@context":"https:\/\/schema.org","@graph":[{"@type":"WebPage","@id":"https:\/\/latam.patiadiabetes.com\/es\/politica-de-privacidad\/","url":"https:\/\/latam.patiadiabetes.com\/es\/politica-de-privacidad\/","name":"Pol\u00edtica de privacidad - PATIA Diabetes","isPartOf":{"@id":"https:\/\/latam.patiadiabetes.com\/#website"},"datePublished":"2016-01-25T13:25:28+00:00","dateModified":"2020-12-07T16:13:53+00:00","inLanguage":"es","potentialAction":[{"@type":"ReadAction","target":["https:\/\/latam.patiadiabetes.com\/es\/politica-de-privacidad\/"]}]},{"@type":"WebSite","@id":"https:\/\/latam.patiadiabetes.com\/#website","url":"https:\/\/latam.patiadiabetes.com\/","name":"PATIA Diabetes","description":"T\u00fa puedes prevenir la diabetes tipo 2","publisher":{"@id":"https:\/\/latam.patiadiabetes.com\/#organization"},"potentialAction":[{"@type":"SearchAction","target":{"@type":"EntryPoint","urlTemplate":"https:\/\/latam.patiadiabetes.com\/?s={search_term_string}"},"query-input":"required name=search_term_string"}],"inLanguage":"es"},{"@type":"Organization","@id":"https:\/\/latam.patiadiabetes.com\/#organization","name":"Patia","url":"https:\/\/latam.patiadiabetes.com\/","logo":{"@type":"ImageObject","inLanguage":"es","@id":"https:\/\/latam.patiadiabetes.com\/#\/schema\/logo\/image\/","url":"https:\/\/www.patiadiabetes.com\/wp-content\/uploads\/2016\/01\/PATIA-logo.png","contentUrl":"https:\/\/www.patiadiabetes.com\/wp-content\/uploads\/2016\/01\/PATIA-logo.png","width":150,"height":80,"caption":"Patia"},"image":{"@id":"https:\/\/latam.patiadiabetes.com\/#\/schema\/logo\/image\/"}}]}},"_links":{"self":[{"href":"https:\/\/latam.patiadiabetes.com\/es\/wp-json\/wp\/v2\/pages\/218"}],"collection":[{"href":"https:\/\/latam.patiadiabetes.com\/es\/wp-json\/wp\/v2\/pages"}],"about":[{"href":"https:\/\/latam.patiadiabetes.com\/es\/wp-json\/wp\/v2\/types\/page"}],"author":[{"embeddable":true,"href":"https:\/\/latam.patiadiabetes.com\/es\/wp-json\/wp\/v2\/users\/1"}],"replies":[{"embeddable":true,"href":"https:\/\/latam.patiadiabetes.com\/es\/wp-json\/wp\/v2\/comments?post=218"}],"version-history":[{"count":0,"href":"https:\/\/latam.patiadiabetes.com\/es\/wp-json\/wp\/v2\/pages\/218\/revisions"}],"wp:attachment":[{"href":"https:\/\/latam.patiadiabetes.com\/es\/wp-json\/wp\/v2\/media?parent=218"}],"curies":[{"name":"wp","href":"https:\/\/api.w.org\/{rel}","templated":true}]}}