{"id":230,"date":"2016-01-25T16:53:29","date_gmt":"2016-01-25T16:53:29","guid":{"rendered":"http:\/\/test.patiadiabetes.com\/?page_id=230"},"modified":"2020-12-07T18:13:53","modified_gmt":"2020-12-07T16:13:53","slug":"nuestro-enfoque","status":"publish","type":"page","link":"https:\/\/latam.patiadiabetes.com\/es\/patia\/nuestro-enfoque\/","title":{"rendered":"Nuestro enfoque"},"content":{"rendered":"<p><div class=\"fusion-fullwidth fullwidth-box fusion-builder-row-1 hundred-percent-fullwidth non-hundred-percent-height-scrolling\" style=\"background-color: rgba(255,255,255,0);background-position: center center;background-repeat: no-repeat;padding-top:0px;padding-right:0px;padding-bottom:0px;padding-left:0px;margin-bottom: 0px;margin-top: 0px;border-width: 0px 0px 0px 0px;border-color:#eae9e9;border-style:solid;\" ><div class=\"fusion-builder-row fusion-row\"><div class=\"fusion-layout-column fusion_builder_column fusion-builder-column-0 fusion_builder_column_1_1 1_1 fusion-one-full fusion-column-first fusion-column-last fusion-column-no-min-height\" style=\"margin-top:0px;margin-bottom:0px;\"><div class=\"fusion-column-wrapper fusion-flex-column-wrapper-legacy\" style=\"background-position:left top;background-repeat:no-repeat;-webkit-background-size:cover;-moz-background-size:cover;-o-background-size:cover;background-size:cover;padding: 0px 0px 0px 0px;\"><style type=\"text\/css\"><\/style><div class=\"fusion-title title fusion-title-1 fusion-sep-none fusion-title-center fusion-title-text fusion-title-size-one\" style=\"margin-top:0px;margin-right:0px;margin-bottom:31px;margin-left:0px;\"><h1 class=\"title-heading-center fusion-responsive-typography-calculated\" style=\"margin:0;--fontSize:45;line-height:1.24;\"><h1>Nuestro enfoque<strong class=\"breadcrumb_last\"><br \/>\n<\/strong><\/h1><\/h1><\/div><div class=\"fusion-text fusion-text-1\"><p style=\"text-align: center\">La <strong>diabetes mellitus tipo 2<\/strong> es uno de los problemas de salud p\u00fablica mundial m\u00e1s importante en la actualidad. El desarrollo de la enfermedad est\u00e1 determinado por <strong>factores gen\u00e9ticos<\/strong> y por circunstancias <strong>ambientales <\/strong>y <strong>conductuales<\/strong>.<\/p>\n<p style=\"text-align: center\">En <strong>Patia<\/strong> observamos la necesidad de convertir los importantes avances de conocimiento cient\u00edfico en <strong>soluciones tecnol\u00f3gicas <\/strong>de utilidad para <strong>la prevenci\u00f3n <\/strong>y<strong> control de la diabetes tipo 2<\/strong>.<\/p>\n<\/div><div class=\"fusion-text fusion-text-2\"><h1 style=\"text-align: center\">Mirada 360\u00ba<br \/>\nEntender la diabetes para poder prevenirla<\/h1>\n<\/div><div class=\"fusion-clearfix\"><\/div><\/div><\/div><div class=\"fusion-layout-column fusion_builder_column fusion-builder-column-1 fusion_builder_column_1_1 1_1 fusion-one-full fusion-column-first fusion-column-last\" style=\"margin-top:0px;margin-bottom:10px;\"><div class=\"fusion-column-wrapper fusion-flex-column-wrapper-legacy\" style=\"background-position:left top;background-repeat:no-repeat;-webkit-background-size:cover;-moz-background-size:cover;-o-background-size:cover;background-size:cover;padding: 0px 0px 0px 0px;\"><div class=\"fusion-text fusion-text-3\"><p><img decoding=\"async\" class=\"lazyload alignnone wp-image-1386 size-full\" src=\"https:\/\/latam.patiadiabetes.com\/wp-content\/uploads\/2016\/01\/patia360.png\" data-orig-src=\"https:\/\/latam.patiadiabetes.com\/wp-content\/uploads\/2016\/01\/patia360.png\" alt=\"\" width=\"956\" height=\"641\" srcset=\"data:image\/svg+xml,%3Csvg%20xmlns%3D%27http%3A%2F%2Fwww.w3.org%2F2000%2Fsvg%27%20width%3D%27956%27%20height%3D%27641%27%20viewBox%3D%270%200%20956%20641%27%3E%3Crect%20width%3D%27956%27%20height%3D%27641%27%20fill-opacity%3D%220%22%2F%3E%3C%2Fsvg%3E\" data-srcset=\"https:\/\/latam.patiadiabetes.com\/wp-content\/uploads\/2016\/01\/patia360-300x201.png 300w, https:\/\/latam.patiadiabetes.com\/wp-content\/uploads\/2016\/01\/patia360-768x515.png 768w, https:\/\/latam.patiadiabetes.com\/wp-content\/uploads\/2016\/01\/patia360.png 956w\" data-sizes=\"auto\" data-orig-sizes=\"(max-width: 956px) 100vw, 956px\" \/><\/p>\n<\/div><div class=\"fusion-clearfix\"><\/div><\/div><\/div><div class=\"fusion-layout-column fusion_builder_column fusion-builder-column-2 fusion_builder_column_1_1 1_1 fusion-one-full fusion-column-first fusion-column-last\" style=\"margin-top:50px;margin-bottom:10px;\"><div class=\"fusion-column-wrapper fusion-flex-column-wrapper-legacy\" style=\"background-position:left top;background-repeat:no-repeat;-webkit-background-size:cover;-moz-background-size:cover;-o-background-size:cover;background-size:cover;padding: 0px 0px 0px 0px;\"><div class=\"fusion-text fusion-text-4\"><p style=\"text-align: left\">Afrontamos la diabetes en su conjunto, incluso antes de que se manifieste. La mirada de Patia engloba multidisciplinares soluciones preventivas, desde el <strong>estudio gen\u00e9tico<\/strong>, a las <strong>apps m\u00f3viles<\/strong> de intervenci\u00f3n y control personalizado de la alimentaci\u00f3n, el ejercicio f\u00edsico y la salud.<\/p>\n<h3 style=\"text-align: center\">Asumimos el reto de combatir la diabetes tipo 2 creando herramientas sensibles, espec\u00edficas, eficaces, y sobre todo muy accesibles, para la poblaci\u00f3n mundial.<\/h3>\n<\/div><div class=\"fusion-clearfix\"><\/div><\/div><\/div><\/div><style type=\"text\/css\">.fusion-fullwidth.fusion-builder-row-1 { overflow:visible; }<\/style><\/div><div class=\"fusion-fullwidth fullwidth-box fusion-builder-row-2 fullgris nonhundred-percent-fullwidth non-hundred-percent-height-scrolling\" style=\"background-color: rgba(255,255,255,0);background-position: left top;background-repeat: no-repeat;padding-top:20px;padding-right:20px;padding-bottom:20px;padding-left:20px;margin-bottom: 0px;margin-top: 0px;border-width: 0px 0px 0px 0px;border-color:#eae9e9;border-style:solid;\" ><div class=\"fusion-builder-row fusion-row\"><div class=\"fusion-layout-column fusion_builder_column fusion-builder-column-3 fusion_builder_column_1_1 1_1 fusion-one-full fusion-column-first fusion-column-last fusion-column-no-min-height\" style=\"margin-top:0px;margin-bottom:0px;\"><div class=\"fusion-column-wrapper fusion-flex-column-wrapper-legacy\" style=\"background-position:left top;background-repeat:no-repeat;-webkit-background-size:cover;-moz-background-size:cover;-o-background-size:cover;background-size:cover;padding: 0px 0px 0px 0px;\"><div class=\"fusion-text fusion-text-5\"><h3>Los genes son un factor clave en nuestra salud. Conocerlos nos permite actuar con anticipaci\u00f3n ante las enfermedades,\u00a0con medidas eficaces y personalizadas.<\/h3>\n<\/div><div class=\"fusion-text fusion-text-6\"><h3 style=\"text-align: left\">Cuanto antes conozcamos nuestra predisposici\u00f3n gen\u00e9tica a sufrir diabetes, m\u00e1s tiempo tendremos para evitarla y combatirla.<\/h3>\n<\/div><div class=\"fusion-clearfix\"><\/div><\/div><\/div><\/div><\/div><div class=\"fusion-fullwidth fullwidth-box fusion-builder-row-3 nonhundred-percent-fullwidth non-hundred-percent-height-scrolling\" style=\"background-color: rgba(255,255,255,0);background-position: left top;background-repeat: no-repeat;padding-top:20px;padding-right:0px;padding-bottom:20px;padding-left:0px;margin-bottom: 0px;margin-top: 0px;border-width: 0px 0px 0px 0px;border-color:#eae9e9;border-style:solid;\" ><div class=\"fusion-builder-row fusion-row\"><div class=\"fusion-layout-column fusion_builder_column fusion-builder-column-4 fusion_builder_column_1_1 1_1 fusion-one-full fusion-column-first fusion-column-last fusion-column-no-min-height\" style=\"margin-top:0px;margin-bottom:0px;\"><div class=\"fusion-column-wrapper fusion-flex-column-wrapper-legacy\" style=\"background-position:left top;background-repeat:no-repeat;-webkit-background-size:cover;-moz-background-size:cover;-o-background-size:cover;background-size:cover;padding: 0px 0px 0px 0px;\"><div class=\"fusion-text fusion-text-7\"><p class=\"normal\" style=\"text-align: left\"><span style=\"color: #1155cc;text-decoration: none\"><a href=\"https:\/\/latam.patiadiabetes.com\/diabetes-prevent\/\">Diabetes Prevent<\/a><\/span><\/p>\n<p class=\"normal\" style=\"text-align: left\"><span style=\"color: #3366ff\"><a href=\"https:\/\/latam.patiadiabetes.com\/patia\/\">Patia<\/a><\/span><\/p>\n<p class=\"normal\" style=\"text-align: left\"><span style=\"color: #3366ff\"><a href=\"https:\/\/latam.patiadiabetes.com\/patia\/comite-cientifico\/\">Comit\u00e9 cient\u00edfico<\/a><\/span><\/p>\n<p class=\"normal\" style=\"text-align: left\">\u00bfEres<a href=\"https:\/\/latam.patiadiabetes.com\/profesionales\/\"> profesional de la salud <\/a>y quieres m\u00e1s informaci\u00f3n?<\/p>\n<\/div><div class=\"fusion-clearfix\"><\/div><\/div><\/div><\/div><\/div><\/p>\n","protected":false},"excerpt":{"rendered":"","protected":false},"author":5,"featured_media":0,"parent":38,"menu_order":0,"comment_status":"closed","ping_status":"closed","template":"side-navigation.php","meta":[],"yoast_head":"<!-- This site is optimized with the Yoast SEO plugin v19.14 - https:\/\/yoast.com\/wordpress\/plugins\/seo\/ -->\n<title>Enfoque Patia<\/title>\n<meta name=\"description\" content=\"Cuanto antes conozcamos nuestra predisposici\u00f3n gen\u00e9tica a sufrir diabetes, m\u00e1s tiempo tendremos para evitarla y combatirla.\u00a0\" \/>\n<meta name=\"robots\" content=\"index, follow, max-snippet:-1, max-image-preview:large, max-video-preview:-1\" \/>\n<link rel=\"canonical\" href=\"https:\/\/latam.patiadiabetes.com\/patia\/nuestro-enfoque\/\" \/>\n<meta property=\"og:locale\" content=\"es_ES\" \/>\n<meta property=\"og:type\" content=\"article\" \/>\n<meta property=\"og:title\" content=\"Enfoque Patia\" \/>\n<meta property=\"og:description\" content=\"Cuanto antes conozcamos nuestra predisposici\u00f3n gen\u00e9tica a sufrir diabetes, m\u00e1s tiempo tendremos para evitarla y combatirla.\u00a0\" \/>\n<meta property=\"og:url\" content=\"https:\/\/latam.patiadiabetes.com\/patia\/nuestro-enfoque\/\" \/>\n<meta property=\"og:site_name\" content=\"PATIA Diabetes\" \/>\n<meta property=\"article:modified_time\" content=\"2020-12-07T16:13:53+00:00\" \/>\n<meta property=\"og:image\" content=\"https:\/\/latam.patiadiabetes.com\/wp-content\/uploads\/2016\/01\/patia360.png\" \/>\n<meta name=\"twitter:card\" content=\"summary_large_image\" \/>\n<meta name=\"twitter:label1\" content=\"Tiempo de lectura\" \/>\n\t<meta name=\"twitter:data1\" content=\"4 minutos\" \/>\n<script type=\"application\/ld+json\" class=\"yoast-schema-graph\">{\"@context\":\"https:\/\/schema.org\",\"@graph\":[{\"@type\":\"WebPage\",\"@id\":\"https:\/\/latam.patiadiabetes.com\/patia\/nuestro-enfoque\/\",\"url\":\"https:\/\/latam.patiadiabetes.com\/patia\/nuestro-enfoque\/\",\"name\":\"Enfoque Patia\",\"isPartOf\":{\"@id\":\"https:\/\/latam.patiadiabetes.com\/#website\"},\"datePublished\":\"2016-01-25T16:53:29+00:00\",\"dateModified\":\"2020-12-07T16:13:53+00:00\",\"description\":\"Cuanto antes conozcamos nuestra predisposici\u00f3n gen\u00e9tica a sufrir diabetes, m\u00e1s tiempo tendremos para evitarla y combatirla.\u00a0\",\"breadcrumb\":{\"@id\":\"https:\/\/latam.patiadiabetes.com\/patia\/nuestro-enfoque\/#breadcrumb\"},\"inLanguage\":\"es\",\"potentialAction\":[{\"@type\":\"ReadAction\",\"target\":[\"https:\/\/latam.patiadiabetes.com\/patia\/nuestro-enfoque\/\"]}]},{\"@type\":\"BreadcrumbList\",\"@id\":\"https:\/\/latam.patiadiabetes.com\/patia\/nuestro-enfoque\/#breadcrumb\",\"itemListElement\":[{\"@type\":\"ListItem\",\"position\":1,\"name\":\"Patia\",\"item\":\"https:\/\/latam.patiadiabetes.com\/patia\/\"},{\"@type\":\"ListItem\",\"position\":2,\"name\":\"Nuestro enfoque\"}]},{\"@type\":\"WebSite\",\"@id\":\"https:\/\/latam.patiadiabetes.com\/#website\",\"url\":\"https:\/\/latam.patiadiabetes.com\/\",\"name\":\"PATIA Diabetes\",\"description\":\"T\u00fa puedes prevenir la diabetes tipo 2\",\"publisher\":{\"@id\":\"https:\/\/latam.patiadiabetes.com\/#organization\"},\"potentialAction\":[{\"@type\":\"SearchAction\",\"target\":{\"@type\":\"EntryPoint\",\"urlTemplate\":\"https:\/\/latam.patiadiabetes.com\/?s={search_term_string}\"},\"query-input\":\"required name=search_term_string\"}],\"inLanguage\":\"es\"},{\"@type\":\"Organization\",\"@id\":\"https:\/\/latam.patiadiabetes.com\/#organization\",\"name\":\"Patia\",\"url\":\"https:\/\/latam.patiadiabetes.com\/\",\"logo\":{\"@type\":\"ImageObject\",\"inLanguage\":\"es\",\"@id\":\"https:\/\/latam.patiadiabetes.com\/#\/schema\/logo\/image\/\",\"url\":\"https:\/\/www.patiadiabetes.com\/wp-content\/uploads\/2016\/01\/PATIA-logo.png\",\"contentUrl\":\"https:\/\/www.patiadiabetes.com\/wp-content\/uploads\/2016\/01\/PATIA-logo.png\",\"width\":150,\"height\":80,\"caption\":\"Patia\"},\"image\":{\"@id\":\"https:\/\/latam.patiadiabetes.com\/#\/schema\/logo\/image\/\"}}]}<\/script>\n<!-- \/ Yoast SEO plugin. -->","yoast_head_json":{"title":"Enfoque Patia","description":"Cuanto antes conozcamos nuestra predisposici\u00f3n gen\u00e9tica a sufrir diabetes, m\u00e1s tiempo tendremos para evitarla y combatirla.\u00a0","robots":{"index":"index","follow":"follow","max-snippet":"max-snippet:-1","max-image-preview":"max-image-preview:large","max-video-preview":"max-video-preview:-1"},"canonical":"https:\/\/latam.patiadiabetes.com\/patia\/nuestro-enfoque\/","og_locale":"es_ES","og_type":"article","og_title":"Enfoque Patia","og_description":"Cuanto antes conozcamos nuestra predisposici\u00f3n gen\u00e9tica a sufrir diabetes, m\u00e1s tiempo tendremos para evitarla y combatirla.\u00a0","og_url":"https:\/\/latam.patiadiabetes.com\/patia\/nuestro-enfoque\/","og_site_name":"PATIA Diabetes","article_modified_time":"2020-12-07T16:13:53+00:00","og_image":[{"url":"https:\/\/latam.patiadiabetes.com\/wp-content\/uploads\/2016\/01\/patia360.png"}],"twitter_card":"summary_large_image","twitter_misc":{"Tiempo de lectura":"4 minutos"},"schema":{"@context":"https:\/\/schema.org","@graph":[{"@type":"WebPage","@id":"https:\/\/latam.patiadiabetes.com\/patia\/nuestro-enfoque\/","url":"https:\/\/latam.patiadiabetes.com\/patia\/nuestro-enfoque\/","name":"Enfoque Patia","isPartOf":{"@id":"https:\/\/latam.patiadiabetes.com\/#website"},"datePublished":"2016-01-25T16:53:29+00:00","dateModified":"2020-12-07T16:13:53+00:00","description":"Cuanto antes conozcamos nuestra predisposici\u00f3n gen\u00e9tica a sufrir diabetes, m\u00e1s tiempo tendremos para evitarla y combatirla.\u00a0","breadcrumb":{"@id":"https:\/\/latam.patiadiabetes.com\/patia\/nuestro-enfoque\/#breadcrumb"},"inLanguage":"es","potentialAction":[{"@type":"ReadAction","target":["https:\/\/latam.patiadiabetes.com\/patia\/nuestro-enfoque\/"]}]},{"@type":"BreadcrumbList","@id":"https:\/\/latam.patiadiabetes.com\/patia\/nuestro-enfoque\/#breadcrumb","itemListElement":[{"@type":"ListItem","position":1,"name":"Patia","item":"https:\/\/latam.patiadiabetes.com\/patia\/"},{"@type":"ListItem","position":2,"name":"Nuestro enfoque"}]},{"@type":"WebSite","@id":"https:\/\/latam.patiadiabetes.com\/#website","url":"https:\/\/latam.patiadiabetes.com\/","name":"PATIA Diabetes","description":"T\u00fa puedes prevenir la diabetes tipo 2","publisher":{"@id":"https:\/\/latam.patiadiabetes.com\/#organization"},"potentialAction":[{"@type":"SearchAction","target":{"@type":"EntryPoint","urlTemplate":"https:\/\/latam.patiadiabetes.com\/?s={search_term_string}"},"query-input":"required name=search_term_string"}],"inLanguage":"es"},{"@type":"Organization","@id":"https:\/\/latam.patiadiabetes.com\/#organization","name":"Patia","url":"https:\/\/latam.patiadiabetes.com\/","logo":{"@type":"ImageObject","inLanguage":"es","@id":"https:\/\/latam.patiadiabetes.com\/#\/schema\/logo\/image\/","url":"https:\/\/www.patiadiabetes.com\/wp-content\/uploads\/2016\/01\/PATIA-logo.png","contentUrl":"https:\/\/www.patiadiabetes.com\/wp-content\/uploads\/2016\/01\/PATIA-logo.png","width":150,"height":80,"caption":"Patia"},"image":{"@id":"https:\/\/latam.patiadiabetes.com\/#\/schema\/logo\/image\/"}}]}},"_links":{"self":[{"href":"https:\/\/latam.patiadiabetes.com\/es\/wp-json\/wp\/v2\/pages\/230"}],"collection":[{"href":"https:\/\/latam.patiadiabetes.com\/es\/wp-json\/wp\/v2\/pages"}],"about":[{"href":"https:\/\/latam.patiadiabetes.com\/es\/wp-json\/wp\/v2\/types\/page"}],"author":[{"embeddable":true,"href":"https:\/\/latam.patiadiabetes.com\/es\/wp-json\/wp\/v2\/users\/5"}],"replies":[{"embeddable":true,"href":"https:\/\/latam.patiadiabetes.com\/es\/wp-json\/wp\/v2\/comments?post=230"}],"version-history":[{"count":0,"href":"https:\/\/latam.patiadiabetes.com\/es\/wp-json\/wp\/v2\/pages\/230\/revisions"}],"up":[{"embeddable":true,"href":"https:\/\/latam.patiadiabetes.com\/es\/wp-json\/wp\/v2\/pages\/38"}],"wp:attachment":[{"href":"https:\/\/latam.patiadiabetes.com\/es\/wp-json\/wp\/v2\/media?parent=230"}],"curies":[{"name":"wp","href":"https:\/\/api.w.org\/{rel}","templated":true}]}}