{"id":255,"date":"2016-01-25T18:42:00","date_gmt":"2016-01-25T18:42:00","guid":{"rendered":"http:\/\/test.patiadiabetes.com\/?page_id=255"},"modified":"2020-12-07T18:13:52","modified_gmt":"2020-12-07T16:13:52","slug":"prevencion-de-la-diabetes","status":"publish","type":"page","link":"https:\/\/latam.patiadiabetes.com\/es\/patia\/prevencion-de-la-diabetes\/","title":{"rendered":"Prevenci\u00f3n de la diabetes"},"content":{"rendered":"<p><div class=\"fusion-fullwidth fullwidth-box fusion-builder-row-1 hundred-percent-fullwidth non-hundred-percent-height-scrolling\" style=\"background-color: rgba(255,255,255,0);background-position: center center;background-repeat: no-repeat;padding-top:0px;padding-right:0px;padding-bottom:0px;padding-left:0px;margin-bottom: 0px;margin-top: 0px;border-width: 0px 0px 0px 0px;border-color:#eae9e9;border-style:solid;\" ><div class=\"fusion-builder-row fusion-row\"><div class=\"fusion-layout-column fusion_builder_column fusion-builder-column-0 fusion_builder_column_1_1 1_1 fusion-one-full fusion-column-first fusion-column-last fusion-column-no-min-height\" style=\"margin-top:0px;margin-bottom:0px;\"><div class=\"fusion-column-wrapper fusion-flex-column-wrapper-legacy\" style=\"background-position:left top;background-repeat:no-repeat;-webkit-background-size:cover;-moz-background-size:cover;-o-background-size:cover;background-size:cover;padding: 0px 0px 0px 0px;\"><style type=\"text\/css\"><\/style><div class=\"fusion-title title fusion-title-1 fusion-sep-none fusion-title-center fusion-title-text fusion-title-size-one\" style=\"margin-top:0px;margin-right:0px;margin-bottom:31px;margin-left:0px;\"><h1 class=\"title-heading-center fusion-responsive-typography-calculated\" style=\"margin:0;--fontSize:45;line-height:1.24;\">Prevenci\u00f3n de la diabetes tipo 2<\/h1><\/div><div class=\"fusion-clearfix\"><\/div><\/div><\/div><div class=\"fusion-layout-column fusion_builder_column fusion-builder-column-1 fusion_builder_column_1_1 1_1 fusion-one-full fusion-column-first fusion-column-last fusion-column-no-min-height\" style=\"margin-top:0px;margin-bottom:0px;\"><div class=\"fusion-column-wrapper fusion-flex-column-wrapper-legacy\" style=\"background-position:left top;background-repeat:no-repeat;-webkit-background-size:cover;-moz-background-size:cover;-o-background-size:cover;background-size:cover;padding: 0px 0px 0px 0px;\"><style type=\"text\/css\"><\/style><div class=\"fusion-title title fusion-title-2 fusion-sep-none fusion-title-center fusion-title-text fusion-title-size-two\" style=\"margin-top:0px;margin-right:0px;margin-bottom:31px;margin-left:0px;\"><h2 class=\"title-heading-center fusion-responsive-typography-calculated\" style=\"margin:0;--fontSize:25;line-height:1.28;\"><span style=\"font-weight: 400\">Las medidas de prevenci\u00f3n son determinantes para reducir el riesgo a desarrollar diabetes as\u00ed como para disminuir sus posibles complicaciones en los ri\u00f1ones, el coraz\u00f3n el sistema nervioso, los pies o los ojos.<\/span><\/h2><\/div><div class=\"fusion-text fusion-text-1\"><p><img decoding=\"async\" class=\"lazyload wp-image-1988 alignright\" src=\"data:image\/svg+xml,%3Csvg%20xmlns%3D%27http%3A%2F%2Fwww.w3.org%2F2000%2Fsvg%27%20width%3D%27243%27%20height%3D%27254%27%20viewBox%3D%270%200%20243%20254%27%3E%3Crect%20width%3D%27243%27%20height%3D%27254%27%20fill-opacity%3D%220%22%2F%3E%3C%2Fsvg%3E\" data-orig-src=\"https:\/\/latam.patiadiabetes.com\/wp-content\/uploads\/2016\/02\/obesidad-y-diabetes.png\" alt=\"obesidad y diaberes\" width=\"243\" height=\"254\" \/><\/p>\n<p>&nbsp;<\/p>\n<p>A pesar de que existen factores que no se pueden modificar \u2013 como la edad o la predisposici\u00f3n gen\u00e9tica \u2013 claramente implicados en el desarrollo y evoluci\u00f3n de la diabetes tipo 2, hay factores modificables en los que la tarea preventiva debe centrarse: evitar la obesidad, el sedentarismo y el consumo de alimentos poco saludables.<\/p>\n<p>La combinaci\u00f3n de actividad f\u00edsica moderada, como por ejemplo caminar 30 minutos diarios, con una alimentaci\u00f3n saludable, baja en az\u00facares y grasas, son pautas b\u00e1sicas y muy eficaces en la prevenci\u00f3n de la prediabetes y la diabetes tipo 2.<\/p>\n<\/div><div class=\"fusion-sep-clear\"><\/div><div class=\"fusion-separator fusion-full-width-sep\" style=\"margin-left: auto;margin-right: auto;width:100%;\"><\/div><div class=\"fusion-sep-clear\"><\/div><div class=\"fusion-clearfix\"><\/div><\/div><\/div><\/div><style type=\"text\/css\">.fusion-fullwidth.fusion-builder-row-1 { overflow:visible; }<\/style><\/div><div class=\"fusion-fullwidth fullwidth-box fusion-builder-row-2 nonhundred-percent-fullwidth non-hundred-percent-height-scrolling\" style=\"background-color: rgba(255,255,255,0);background-position: left top;background-repeat: no-repeat;padding-top:0px;padding-right:0px;padding-bottom:20px;padding-left:0px;margin-bottom: 0px;margin-top: 0px;border-width: 0px 0px 0px 0px;border-color:#eae9e9;border-style:solid;\" ><div class=\"fusion-builder-row fusion-row\"><div class=\"fusion-layout-column fusion_builder_column fusion-builder-column-2 fusion_builder_column_1_2 1_2 fusion-one-half fusion-column-first\" style=\"width:48%; margin-right: 4%;margin-top:0px;margin-bottom:10px;\"><div class=\"fusion-column-wrapper fusion-flex-column-wrapper-legacy\" style=\"background-position:left top;background-repeat:no-repeat;-webkit-background-size:cover;-moz-background-size:cover;-o-background-size:cover;background-size:cover;padding: 0px 0px 0px 0px;\"><div class=\"fusion-text fusion-text-2\"><h2><img decoding=\"async\" class=\"lazyload size-full wp-image-1629 alignleft\" src=\"https:\/\/latam.patiadiabetes.com\/wp-content\/uploads\/2016\/01\/prevencion-diabetes-icono-corazon.png\" data-orig-src=\"https:\/\/latam.patiadiabetes.com\/wp-content\/uploads\/2016\/01\/prevencion-diabetes-icono-corazon.png\" alt=\"prevencion-diabetes-icono-corazon\" width=\"75\" height=\"75\" srcset=\"data:image\/svg+xml,%3Csvg%20xmlns%3D%27http%3A%2F%2Fwww.w3.org%2F2000%2Fsvg%27%20width%3D%2775%27%20height%3D%2775%27%20viewBox%3D%270%200%2075%2075%27%3E%3Crect%20width%3D%2775%27%20height%3D%2775%27%20fill-opacity%3D%220%22%2F%3E%3C%2Fsvg%3E\" data-srcset=\"https:\/\/latam.patiadiabetes.com\/wp-content\/uploads\/2016\/01\/prevencion-diabetes-icono-corazon-66x66.png 66w, https:\/\/latam.patiadiabetes.com\/wp-content\/uploads\/2016\/01\/prevencion-diabetes-icono-corazon.png 75w\" data-sizes=\"auto\" data-orig-sizes=\"(max-width: 75px) 100vw, 75px\" \/>Actividad f\u00edsica para prevenir la diabetes<\/h2>\n<p>Es muy importante el ejercicio f\u00edsico moderado tanto para prevenir la diabetes como para controlarla si ya tenemos la enfermedad. Mantenerse activo o activa f\u00edsicamente te ayudar\u00e1 a alcanzar y mantener un peso corporal saludable.<\/p>\n<\/div><span class=\" fusion-imageframe imageframe-none imageframe-1 hover-type-none\"><img decoding=\"async\" width=\"600\" height=\"336\" alt=\"prevenir diabetes\" title=\"prevenir diabetes\" src=\"data:image\/svg+xml,%3Csvg%20xmlns%3D%27http%3A%2F%2Fwww.w3.org%2F2000%2Fsvg%27%20width%3D%27600%27%20height%3D%27336%27%20viewBox%3D%270%200%20600%20336%27%3E%3Crect%20width%3D%27600%27%20height%3D%27336%27%20fill-opacity%3D%220%22%2F%3E%3C%2Fsvg%3E\" data-orig-src=\"https:\/\/latam.patiadiabetes.com\/wp-content\/uploads\/2016\/01\/prevenir-diabetes-e1456098260360.png\" class=\"lazyload img-responsive wp-image-2000\"\/><\/span><div class=\"fusion-clearfix\"><\/div><\/div><\/div><div class=\"fusion-layout-column fusion_builder_column fusion-builder-column-3 fusion_builder_column_1_2 1_2 fusion-one-half fusion-column-last\" style=\"width:48%;margin-top:0px;margin-bottom:10px;\"><div class=\"fusion-column-wrapper fusion-flex-column-wrapper-legacy\" style=\"background-position:left top;background-repeat:no-repeat;-webkit-background-size:cover;-moz-background-size:cover;-o-background-size:cover;background-size:cover;padding: 0px 0px 0px 0px;\"><div class=\"fusion-text fusion-text-3\"><h2><img decoding=\"async\" class=\"lazyload size-full wp-image-1630 alignleft\" src=\"https:\/\/latam.patiadiabetes.com\/wp-content\/uploads\/2016\/01\/prevencion-diabetes-icono-manzana.png\" data-orig-src=\"https:\/\/latam.patiadiabetes.com\/wp-content\/uploads\/2016\/01\/prevencion-diabetes-icono-manzana.png\" alt=\"prevencion-diabetes-icono-manzana\" width=\"75\" height=\"75\" srcset=\"data:image\/svg+xml,%3Csvg%20xmlns%3D%27http%3A%2F%2Fwww.w3.org%2F2000%2Fsvg%27%20width%3D%2775%27%20height%3D%2775%27%20viewBox%3D%270%200%2075%2075%27%3E%3Crect%20width%3D%2775%27%20height%3D%2775%27%20fill-opacity%3D%220%22%2F%3E%3C%2Fsvg%3E\" data-srcset=\"https:\/\/latam.patiadiabetes.com\/wp-content\/uploads\/2016\/01\/prevencion-diabetes-icono-manzana-66x66.png 66w, https:\/\/latam.patiadiabetes.com\/wp-content\/uploads\/2016\/01\/prevencion-diabetes-icono-manzana.png 75w\" data-sizes=\"auto\" data-orig-sizes=\"(max-width: 75px) 100vw, 75px\" \/>Nutrici\u00f3n saludable para prevenir la diabetes<\/h2>\n<p>Poner atenci\u00f3n a lo que ingerimos se vuelve crucial cuando nuestros niveles de glucosa en sangre tienen riesgo de elevarse. No se trata s\u00f3lo de vigilar los \u00edndices cal\u00f3ricos. Hay muchos alimentos contraindicados para la enfermedad y otros muchos que aportan los mayores nutrientes de una forma limpia y natural.<\/p>\n<p>Consumir una dieta equilibrada, que contenga dos piezas de fruta* y tres raciones diarias de hortalizas, as\u00ed como reducir el consumo de az\u00facar y grasas saturadas, son la pauta principal para llevar un estilo de vida saludable.<\/p>\n<p><span style=\"line-height: 1.5\"><em>*Debido a su contenido en fructosa, no conviene tomar fruta en exceso. Especialmente algunas variedades.<\/em><\/span><\/p>\n<\/div><div class=\"fusion-clearfix\"><\/div><\/div><\/div><div class=\"fusion-layout-column fusion_builder_column fusion-builder-column-4 fusion_builder_column_1_1 1_1 fusion-one-full fusion-column-first fusion-column-last fusion-column-no-min-height\" style=\"margin-top:0px;margin-bottom:0px;\"><div class=\"fusion-column-wrapper fusion-flex-column-wrapper-legacy\" style=\"background-position:left top;background-repeat:no-repeat;-webkit-background-size:cover;-moz-background-size:cover;-o-background-size:cover;background-size:cover;padding: 0px 0px 0px 0px;\"><div class=\"fusion-text fusion-text-4\"><p>Es importante seguir las recomendaciones de profesionales de la salud\u00a0 y cambiar la forma de alimentarse priorizando la salud.\u00a0Esto no s\u00f3lo nos ayudar\u00e1 a prevenir la diabetes sino tambi\u00e9n a evitar muchas otras enfermedades.<\/p>\n<\/div><div class=\"fusion-text fusion-text-5\"><h2>T\u00fa puedes prevenir diabetes tipo 2 y Patia quiere ayudarte.<\/h2>\n<p>Detectar tu predisposici\u00f3n gen\u00e9tica a padecer diabetes tipo 2 es vital para mejorar tu calidad de vida presente y futura. Cuanto antes tomes el control de tu salud m\u00e1s f\u00e1cil ser\u00e1 evitar la enfermedad.<\/p>\n<p>Con el test Diabetes Prevent evaluamos tu riesgo gen\u00e9tico a desarrollar la prediabetes o la diabetes tipo 2 y te acompa\u00f1amos con una app hacia un estilo de vida saludable.<\/p>\n<\/div><div class=\"fusion-clearfix\"><\/div><\/div><\/div><div class=\"fusion-layout-column fusion_builder_column fusion-builder-column-5 fusion_builder_column_1_1 1_1 fusion-one-full fusion-column-first fusion-column-last fusion-column-no-min-height\" style=\"margin-top:0px;margin-bottom:0px;\"><div class=\"fusion-column-wrapper fusion-flex-column-wrapper-legacy\" style=\"background-position:left top;background-repeat:no-repeat;-webkit-background-size:cover;-moz-background-size:cover;-o-background-size:cover;background-size:cover;padding: 0px 0px 0px 0px;\"><style type='text\/css'>.reading-box-container-1 .element-bottomshadow:before,.reading-box-container-1 .element-bottomshadow:after{opacity:0.7;}<\/style><div class=\"fusion-reading-box-container reading-box-container-1\" style=\"margin-top:50px;margin-bottom:40px;\"><div class=\"reading-box\" style=\"background-color:#f5f5f5;border-width:1px;border-color:#f5f5f5;border-left-width:3px;border-left-color:var(--primary_color);border-style:solid;\"><a class=\"button fusion-button button-default fusion-button-default-size button-default-size button-flat fusion-desktop-button fusion-tagline-button continue fusion-desktop-button-margin continue-right\" style=\"-webkit-box-shadow:none;-moz-box-shadow:none;box-shadow:none;border-radius:0px 0px 0px 0px\" href=\"https:\/\/latam.patiadiabetes.com\/contacto\/\" target=\"_self\"><span>Solicitar test<\/span><\/a><h2>Conoce tu predisposici\u00f3n gen\u00e9tica a desarrollar diabetes tipo 2<\/h2><div class=\"reading-box-description fusion-reading-box-additional\">Saberlo es determinante para modificar aquellos h\u00e1bitos que pueden provocar su desarrollo.<\/p>\n<p><\/div><div class=\"fusion-clearfix\"><\/div><a class=\"button fusion-button button-default fusion-button-default-size button-default-size button-flat fusion-mobile-button continue-right\" style=\"-webkit-box-shadow:none;-moz-box-shadow:none;box-shadow:none;border-radius:0px 0px 0px 0px\" href=\"https:\/\/latam.patiadiabetes.com\/contacto\/\" target=\"_self\"><span>Solicitar test<\/span><\/a><\/div><\/div><div class=\"fusion-clearfix\"><\/div><\/div><\/div><\/div><\/div><\/p>\n","protected":false},"excerpt":{"rendered":"","protected":false},"author":5,"featured_media":0,"parent":38,"menu_order":2,"comment_status":"closed","ping_status":"closed","template":"side-navigation.php","meta":[],"yoast_head":"<!-- This site is optimized with the Yoast SEO plugin v19.14 - https:\/\/yoast.com\/wordpress\/plugins\/seo\/ -->\n<title>Prevenci\u00f3n de la diabetes tipo 2<\/title>\n<meta name=\"description\" content=\"Detectar tu predisposici\u00f3n gen\u00e9tica a padecer diabetes tipo 2 es vital para mejorar tu calidad de vida presente y futura.\u00a0\" \/>\n<meta name=\"robots\" content=\"index, follow, max-snippet:-1, max-image-preview:large, max-video-preview:-1\" \/>\n<link rel=\"canonical\" href=\"https:\/\/latam.patiadiabetes.com\/es\/patia\/prevencion-de-la-diabetes\/\" \/>\n<meta property=\"og:locale\" content=\"es_ES\" \/>\n<meta property=\"og:type\" content=\"article\" \/>\n<meta property=\"og:title\" content=\"Prevenci\u00f3n de la diabetes tipo 2\" \/>\n<meta property=\"og:description\" content=\"Detectar tu predisposici\u00f3n gen\u00e9tica a padecer diabetes tipo 2 es vital para mejorar tu calidad de vida presente y futura.\u00a0\" \/>\n<meta property=\"og:url\" content=\"https:\/\/latam.patiadiabetes.com\/es\/patia\/prevencion-de-la-diabetes\/\" \/>\n<meta property=\"og:site_name\" content=\"PATIA Diabetes\" \/>\n<meta property=\"article:modified_time\" content=\"2020-12-07T16:13:52+00:00\" \/>\n<meta property=\"og:image\" content=\"https:\/\/latam.patiadiabetes.com\/wp-content\/uploads\/2016\/02\/obesidad-y-diabetes.png\" \/>\n<meta name=\"twitter:card\" content=\"summary_large_image\" \/>\n<meta name=\"twitter:label1\" content=\"Tiempo de lectura\" \/>\n\t<meta name=\"twitter:data1\" content=\"5 minutos\" \/>\n<script type=\"application\/ld+json\" class=\"yoast-schema-graph\">{\"@context\":\"https:\/\/schema.org\",\"@graph\":[{\"@type\":\"WebPage\",\"@id\":\"https:\/\/latam.patiadiabetes.com\/es\/patia\/prevencion-de-la-diabetes\/\",\"url\":\"https:\/\/latam.patiadiabetes.com\/es\/patia\/prevencion-de-la-diabetes\/\",\"name\":\"Prevenci\u00f3n de la diabetes tipo 2\",\"isPartOf\":{\"@id\":\"https:\/\/latam.patiadiabetes.com\/#website\"},\"datePublished\":\"2016-01-25T18:42:00+00:00\",\"dateModified\":\"2020-12-07T16:13:52+00:00\",\"description\":\"Detectar tu predisposici\u00f3n gen\u00e9tica a padecer diabetes tipo 2 es vital para mejorar tu calidad de vida presente y futura.\u00a0\",\"breadcrumb\":{\"@id\":\"https:\/\/latam.patiadiabetes.com\/es\/patia\/prevencion-de-la-diabetes\/#breadcrumb\"},\"inLanguage\":\"es\",\"potentialAction\":[{\"@type\":\"ReadAction\",\"target\":[\"https:\/\/latam.patiadiabetes.com\/es\/patia\/prevencion-de-la-diabetes\/\"]}]},{\"@type\":\"BreadcrumbList\",\"@id\":\"https:\/\/latam.patiadiabetes.com\/es\/patia\/prevencion-de-la-diabetes\/#breadcrumb\",\"itemListElement\":[{\"@type\":\"ListItem\",\"position\":1,\"name\":\"Patia\",\"item\":\"https:\/\/latam.patiadiabetes.com\/patia\/\"},{\"@type\":\"ListItem\",\"position\":2,\"name\":\"Prevenci\u00f3n de la diabetes\"}]},{\"@type\":\"WebSite\",\"@id\":\"https:\/\/latam.patiadiabetes.com\/#website\",\"url\":\"https:\/\/latam.patiadiabetes.com\/\",\"name\":\"PATIA Diabetes\",\"description\":\"T\u00fa puedes prevenir la diabetes tipo 2\",\"publisher\":{\"@id\":\"https:\/\/latam.patiadiabetes.com\/#organization\"},\"potentialAction\":[{\"@type\":\"SearchAction\",\"target\":{\"@type\":\"EntryPoint\",\"urlTemplate\":\"https:\/\/latam.patiadiabetes.com\/?s={search_term_string}\"},\"query-input\":\"required name=search_term_string\"}],\"inLanguage\":\"es\"},{\"@type\":\"Organization\",\"@id\":\"https:\/\/latam.patiadiabetes.com\/#organization\",\"name\":\"Patia\",\"url\":\"https:\/\/latam.patiadiabetes.com\/\",\"logo\":{\"@type\":\"ImageObject\",\"inLanguage\":\"es\",\"@id\":\"https:\/\/latam.patiadiabetes.com\/#\/schema\/logo\/image\/\",\"url\":\"https:\/\/www.patiadiabetes.com\/wp-content\/uploads\/2016\/01\/PATIA-logo.png\",\"contentUrl\":\"https:\/\/www.patiadiabetes.com\/wp-content\/uploads\/2016\/01\/PATIA-logo.png\",\"width\":150,\"height\":80,\"caption\":\"Patia\"},\"image\":{\"@id\":\"https:\/\/latam.patiadiabetes.com\/#\/schema\/logo\/image\/\"}}]}<\/script>\n<!-- \/ Yoast SEO plugin. -->","yoast_head_json":{"title":"Prevenci\u00f3n de la diabetes tipo 2","description":"Detectar tu predisposici\u00f3n gen\u00e9tica a padecer diabetes tipo 2 es vital para mejorar tu calidad de vida presente y futura.\u00a0","robots":{"index":"index","follow":"follow","max-snippet":"max-snippet:-1","max-image-preview":"max-image-preview:large","max-video-preview":"max-video-preview:-1"},"canonical":"https:\/\/latam.patiadiabetes.com\/es\/patia\/prevencion-de-la-diabetes\/","og_locale":"es_ES","og_type":"article","og_title":"Prevenci\u00f3n de la diabetes tipo 2","og_description":"Detectar tu predisposici\u00f3n gen\u00e9tica a padecer diabetes tipo 2 es vital para mejorar tu calidad de vida presente y futura.\u00a0","og_url":"https:\/\/latam.patiadiabetes.com\/es\/patia\/prevencion-de-la-diabetes\/","og_site_name":"PATIA Diabetes","article_modified_time":"2020-12-07T16:13:52+00:00","og_image":[{"url":"https:\/\/latam.patiadiabetes.com\/wp-content\/uploads\/2016\/02\/obesidad-y-diabetes.png"}],"twitter_card":"summary_large_image","twitter_misc":{"Tiempo de lectura":"5 minutos"},"schema":{"@context":"https:\/\/schema.org","@graph":[{"@type":"WebPage","@id":"https:\/\/latam.patiadiabetes.com\/es\/patia\/prevencion-de-la-diabetes\/","url":"https:\/\/latam.patiadiabetes.com\/es\/patia\/prevencion-de-la-diabetes\/","name":"Prevenci\u00f3n de la diabetes tipo 2","isPartOf":{"@id":"https:\/\/latam.patiadiabetes.com\/#website"},"datePublished":"2016-01-25T18:42:00+00:00","dateModified":"2020-12-07T16:13:52+00:00","description":"Detectar tu predisposici\u00f3n gen\u00e9tica a padecer diabetes tipo 2 es vital para mejorar tu calidad de vida presente y futura.\u00a0","breadcrumb":{"@id":"https:\/\/latam.patiadiabetes.com\/es\/patia\/prevencion-de-la-diabetes\/#breadcrumb"},"inLanguage":"es","potentialAction":[{"@type":"ReadAction","target":["https:\/\/latam.patiadiabetes.com\/es\/patia\/prevencion-de-la-diabetes\/"]}]},{"@type":"BreadcrumbList","@id":"https:\/\/latam.patiadiabetes.com\/es\/patia\/prevencion-de-la-diabetes\/#breadcrumb","itemListElement":[{"@type":"ListItem","position":1,"name":"Patia","item":"https:\/\/latam.patiadiabetes.com\/patia\/"},{"@type":"ListItem","position":2,"name":"Prevenci\u00f3n de la diabetes"}]},{"@type":"WebSite","@id":"https:\/\/latam.patiadiabetes.com\/#website","url":"https:\/\/latam.patiadiabetes.com\/","name":"PATIA Diabetes","description":"T\u00fa puedes prevenir la diabetes tipo 2","publisher":{"@id":"https:\/\/latam.patiadiabetes.com\/#organization"},"potentialAction":[{"@type":"SearchAction","target":{"@type":"EntryPoint","urlTemplate":"https:\/\/latam.patiadiabetes.com\/?s={search_term_string}"},"query-input":"required name=search_term_string"}],"inLanguage":"es"},{"@type":"Organization","@id":"https:\/\/latam.patiadiabetes.com\/#organization","name":"Patia","url":"https:\/\/latam.patiadiabetes.com\/","logo":{"@type":"ImageObject","inLanguage":"es","@id":"https:\/\/latam.patiadiabetes.com\/#\/schema\/logo\/image\/","url":"https:\/\/www.patiadiabetes.com\/wp-content\/uploads\/2016\/01\/PATIA-logo.png","contentUrl":"https:\/\/www.patiadiabetes.com\/wp-content\/uploads\/2016\/01\/PATIA-logo.png","width":150,"height":80,"caption":"Patia"},"image":{"@id":"https:\/\/latam.patiadiabetes.com\/#\/schema\/logo\/image\/"}}]}},"_links":{"self":[{"href":"https:\/\/latam.patiadiabetes.com\/es\/wp-json\/wp\/v2\/pages\/255"}],"collection":[{"href":"https:\/\/latam.patiadiabetes.com\/es\/wp-json\/wp\/v2\/pages"}],"about":[{"href":"https:\/\/latam.patiadiabetes.com\/es\/wp-json\/wp\/v2\/types\/page"}],"author":[{"embeddable":true,"href":"https:\/\/latam.patiadiabetes.com\/es\/wp-json\/wp\/v2\/users\/5"}],"replies":[{"embeddable":true,"href":"https:\/\/latam.patiadiabetes.com\/es\/wp-json\/wp\/v2\/comments?post=255"}],"version-history":[{"count":0,"href":"https:\/\/latam.patiadiabetes.com\/es\/wp-json\/wp\/v2\/pages\/255\/revisions"}],"up":[{"embeddable":true,"href":"https:\/\/latam.patiadiabetes.com\/es\/wp-json\/wp\/v2\/pages\/38"}],"wp:attachment":[{"href":"https:\/\/latam.patiadiabetes.com\/es\/wp-json\/wp\/v2\/media?parent=255"}],"curies":[{"name":"wp","href":"https:\/\/api.w.org\/{rel}","templated":true}]}}