{"id":257,"date":"2016-01-25T18:48:36","date_gmt":"2016-01-25T18:48:36","guid":{"rendered":"http:\/\/test.patiadiabetes.com\/?page_id=257"},"modified":"2022-05-30T17:53:01","modified_gmt":"2022-05-30T15:53:01","slug":"productos","status":"publish","type":"page","link":"https:\/\/latam.patiadiabetes.com\/es\/patia\/productos\/","title":{"rendered":"Productos"},"content":{"rendered":"<div class=\"fusion-fullwidth fullwidth-box fusion-builder-row-1 hundred-percent-fullwidth non-hundred-percent-height-scrolling\" style=\"background-color: rgba(255,255,255,0);background-position: center center;background-repeat: no-repeat;padding-top:0px;padding-right:0px;padding-bottom:0px;padding-left:0px;margin-bottom: 0px;margin-top: 0px;border-width: 0px 0px 0px 0px;border-color:#eae9e9;border-style:solid;\" ><div class=\"fusion-builder-row fusion-row\"><div class=\"fusion-layout-column fusion_builder_column fusion-builder-column-0 fusion_builder_column_1_1 1_1 fusion-one-full fusion-column-first fusion-column-last fusion-column-no-min-height\" style=\"margin-top:0px;margin-bottom:0px;\"><div class=\"fusion-column-wrapper fusion-flex-column-wrapper-legacy\" style=\"background-position:left top;background-repeat:no-repeat;-webkit-background-size:cover;-moz-background-size:cover;-o-background-size:cover;background-size:cover;padding: 0px 0px 0px 0px;\"><style type=\"text\/css\"><\/style><div class=\"fusion-title title fusion-title-1 fusion-sep-none fusion-title-text fusion-title-size-one\" style=\"margin-top:0px;margin-right:0px;margin-bottom:0px;margin-left:0px;\"><h1 class=\"title-heading-left fusion-responsive-typography-calculated\" style=\"margin:0;--fontSize:45;line-height:1.24;\">Productos PATIA<\/h1><\/div><div class=\"fusion-sep-clear\"><\/div><div class=\"fusion-separator fusion-full-width-sep\" style=\"margin-left: auto;margin-right: auto;margin-top:10px;margin-bottom:10px;width:100%;\"><\/div><div class=\"fusion-sep-clear\"><\/div><div class=\"fusion-clearfix\"><\/div><\/div><\/div><div class=\"fusion-layout-column fusion_builder_column fusion-builder-column-1 fusion_builder_column_1_1 1_1 fusion-one-full fusion-column-first fusion-column-last fusion-column-no-min-height\" style=\"margin-top:0px;margin-bottom:0px;\"><div class=\"fusion-column-wrapper fusion-flex-column-wrapper-legacy\" style=\"background-position:left top;background-repeat:no-repeat;-webkit-background-size:cover;-moz-background-size:cover;-o-background-size:cover;background-size:cover;padding: 0px 0px 0px 0px;\"><div class=\"fusion-tabs fusion-tabs-1 classic nav-not-justified horizontal-tabs icon-position-left mobile-mode-accordion\"><style type=\"text\/css\">.fusion-tabs.fusion-tabs-1 .nav-tabs li a.tab-link{border-top-color:#ebeaea;background-color:#ebeaea;}.fusion-tabs.fusion-tabs-1 .nav-tabs{background-color:#ffffff;}.fusion-tabs.fusion-tabs-1 .nav-tabs li.active a.tab-link,.fusion-tabs.fusion-tabs-1 .nav-tabs li.active a.tab-link:hover,.fusion-tabs.fusion-tabs-1 .nav-tabs li.active a.tab-link:focus{border-right-color:#ffffff;}.fusion-tabs.fusion-tabs-1.classic .nav-tabs > li.active .tab-link, .fusion-tabs.fusion-tabs-1.classic .nav-tabs > li.active .tab-link:hover { border-color: #4da6de;}.fusion-tabs.fusion-tabs-1 .nav-tabs li.active a.tab-link,.fusion-tabs.fusion-tabs-1 .nav-tabs li.active a.tab-link:hover,.fusion-tabs.fusion-tabs-1 .nav-tabs li.active a.tab-link:focus{background-color:#ffffff;}.fusion-tabs.fusion-tabs-1 .nav-tabs li a:hover{background-color:#ffffff;border-top-color:#ffffff;}.fusion-tabs.fusion-tabs-1 .tab-pane{background-color:#ffffff;}.fusion-tabs.fusion-tabs-1 .nav,.fusion-tabs.fusion-tabs-1 .nav-tabs,.fusion-tabs.fusion-tabs-1 .tab-content .tab-pane{border-color:#ebeaea;}@media only screen and (max-width: 800px){ .fusion-tabs.fusion-tabs-1 .nav:not(.fusion-mobile-tab-nav){\n\t\t\t\t\t\t\tdisplay: none;\n\t\t\t\t\t\t}}<\/style><div class=\"nav\"><ul class=\"nav-tabs\" role=\"tablist\"><li class=\"active\" role=\"presentation\"><a class=\"tab-link\" data-toggle=\"tab\" role=\"tab\" aria-controls=\"tab-be15757cd83689511ce\" aria-selected=\"true\" id=\"fusion-tab-diabetes&lt;i&gt;predict&lt;\/i&gt;\" href=\"#tab-be15757cd83689511ce\"><h4 class=\"fusion-tab-heading\">DIABETES<i>predict<\/i><\/h4><\/a><\/li><li role=\"presentation\"><a class=\"tab-link\" data-toggle=\"tab\" role=\"tab\" aria-controls=\"tab-2167a156c0efa8d43f5\" aria-selected=\"false\" tabindex=\"-1\" id=\"fusion-tab-diabe&lt;i&gt;gen&lt;\/i&gt;\" href=\"#tab-2167a156c0efa8d43f5\"><h4 class=\"fusion-tab-heading\">DIABE<i>gen<\/i><\/h4><\/a><\/li><li role=\"presentation\"><a class=\"tab-link\" data-toggle=\"tab\" role=\"tab\" aria-controls=\"tab-1f26506e0f2c95704be\" aria-selected=\"false\" tabindex=\"-1\" id=\"fusion-tab-mater&lt;i&gt;gen&lt;\/i&gt;\" href=\"#tab-1f26506e0f2c95704be\"><h4 class=\"fusion-tab-heading\">MATER<i>gen<\/i><\/h4><\/a><\/li><\/ul><\/div><div class=\"tab-content\"><div class=\"nav fusion-mobile-tab-nav\"><ul class=\"nav-tabs\" role=\"tablist\"><li class=\"active\" role=\"presentation\"><a class=\"tab-link\" data-toggle=\"tab\" role=\"tab\" aria-controls=\"tab-be15757cd83689511ce\" aria-selected=\"true\" id=\"mobile-fusion-tab-diabetes&lt;i&gt;predict&lt;\/i&gt;\" href=\"#tab-be15757cd83689511ce\"><h4 class=\"fusion-tab-heading\">DIABETES<i>predict<\/i><\/h4><\/a><\/li><\/ul><\/div><div class=\"tab-pane fade fusion-clearfix in active\" role=\"tabpanel\" tabindex=\"0\" aria-labelledby=\"fusion-tab-diabetes&lt;i&gt;predict&lt;\/i&gt;\" id=\"tab-be15757cd83689511ce\">\n<p><a href=\"https:\/\/latam.patiadiabetes.com\/patia\/productos\/diabetes-predict\/\"><b>DIABETES<\/b><b><i>predict<\/i><\/b><b>\u2122<\/b><\/a> es una prueba de laboratorio que proporciona una evaluaci\u00f3n de alta sensibilidad y especificidad de la predisposici\u00f3n gen\u00e9tica a desarrollar diabetes tipo 2 (DT2). Adem\u00e1s, ofrece recomendaciones personalizadas basadas en el perfil gen\u00e9tico del paciente.<\/p>\n<p>La prueba se ha desarrollado en colaboraci\u00f3n con cient\u00edficos y endocrin\u00f3logos del Hospital General de Massachusetts (Boston, MA) y del Instituto Broad del MIT y Harvard (Cambridge, MA).<\/p>\n<p><a href=\"https:\/\/latam.patiadiabetes.com\/patia\/productos\/diabetes-predict\/\">Saber m\u00e1s sobre DIABETES<em>p<\/em><em>redict<\/em><\/a><\/p>\n<\/div><div class=\"nav fusion-mobile-tab-nav\"><ul class=\"nav-tabs\" role=\"tablist\"><li role=\"presentation\"><a class=\"tab-link\" data-toggle=\"tab\" role=\"tab\" aria-controls=\"tab-2167a156c0efa8d43f5\" aria-selected=\"false\" tabindex=\"-1\" id=\"mobile-fusion-tab-diabe&lt;i&gt;gen&lt;\/i&gt;\" href=\"#tab-2167a156c0efa8d43f5\"><h4 class=\"fusion-tab-heading\">DIABE<i>gen<\/i><\/h4><\/a><\/li><\/ul><\/div><div class=\"tab-pane fade fusion-clearfix\" role=\"tabpanel\" tabindex=\"0\" aria-labelledby=\"fusion-tab-diabe&lt;i&gt;gen&lt;\/i&gt;\" id=\"tab-2167a156c0efa8d43f5\">\n<h2>diabegen\u2122<\/h2>\n<p>Patia presenta diabegen\u2122, una herramienta gen\u00f3mica que analiza las principales\u00a0<strong>variantes gen\u00e9ticas asociadas a la\u00a0diabetes tipo 2 y ofrece al m\u00e9dico consideraciones individualizadas para una intervenci\u00f3n precisa en el manejo de la patolog\u00eda.<\/strong><\/p>\n<p><a href=\"https:\/\/latam.patiadiabetes.com\/diabegen\/\">Para ver todos los detalles de DIABEgen<\/a><\/div><div class=\"nav fusion-mobile-tab-nav\"><ul class=\"nav-tabs\" role=\"tablist\"><li role=\"presentation\"><a class=\"tab-link\" data-toggle=\"tab\" role=\"tab\" aria-controls=\"tab-1f26506e0f2c95704be\" aria-selected=\"false\" tabindex=\"-1\" id=\"mobile-fusion-tab-mater&lt;i&gt;gen&lt;\/i&gt;\" href=\"#tab-1f26506e0f2c95704be\"><h4 class=\"fusion-tab-heading\">MATER<i>gen<\/i><\/h4><\/a><\/li><\/ul><\/div><div class=\"tab-pane fade fusion-clearfix\" role=\"tabpanel\" tabindex=\"0\" aria-labelledby=\"fusion-tab-mater&lt;i&gt;gen&lt;\/i&gt;\" id=\"tab-1f26506e0f2c95704be\">\n<h2><b>mater<\/b><b>gen\u2122 <\/b><\/h2>\n<p><b>es el test gen\u00e9tico que\u00a0<\/b><b>ayuda a la mujer durante el embarazo con el objeto de evitar:\u00a0<\/b><b>Defectos en el tubo neural, i<\/b><b>nterrupci\u00f3n temprana del embarazo,\u00a0<\/b><b>Complicaciones cong\u00e9nitas, p<\/b><b>arto prematuro, d<\/b><b>iabetes gestacional y\u00a0 r<\/b><b>estricci\u00f3n del crecimiento intrauterino<\/b><\/p>\n<p><b>mater<\/b><b>gen\u2122\u00a0<\/b>analiza la capacidad de metabolizaci\u00f3n del \u00e1cido f\u00f3lico, la necesidad de Vitamina B12 y el riesgo de diabetes gestacional.<\/p>\n<p><a href=\"https:\/\/latam.patiadiabetes.com\/matergen\/\">Para saber m\u00e1s del test MATERgen<\/a><\/div><\/div><\/div><div class=\"fusion-clearfix\"><\/div><\/div><\/div><div class=\"fusion-layout-column fusion_builder_column fusion-builder-column-2 fusion_builder_column_1_1 1_1 fusion-one-full fusion-column-first fusion-column-last fusion-column-no-min-height\" style=\"margin-top:0px;margin-bottom:0px;\"><div class=\"fusion-column-wrapper fusion-flex-column-wrapper-legacy\" style=\"background-position:left top;background-repeat:no-repeat;-webkit-background-size:cover;-moz-background-size:cover;-o-background-size:cover;background-size:cover;padding: 0px 0px 0px 0px;\"><style type='text\/css'>.reading-box-container-1 .element-bottomshadow:before,.reading-box-container-1 .element-bottomshadow:after{opacity:0.7;}<\/style><div class=\"fusion-reading-box-container reading-box-container-1\" style=\"margin-top:50px;margin-bottom:40px;\"><div class=\"reading-box\" style=\"background-color:#f5f5f5;border-width:1px;border-color:#f5f5f5;border-left-width:3px;border-left-color:var(--primary_color);border-style:solid;\"><a class=\"button fusion-button button-default fusion-button-default-size button-default-size button-flat fusion-desktop-button fusion-tagline-button continue fusion-desktop-button-margin continue-right\" style=\"-webkit-box-shadow:none;-moz-box-shadow:none;box-shadow:none;border-radius:2px 2px 2px 2px\" href=\"\/profesionales\/\" target=\"_self\"><span>M\u00e1s informaci\u00f3n<\/span><\/a><h2>\u00bfEres un profesional de la salud?<\/h2><div class=\"reading-box-description fusion-reading-box-additional\">Cont\u00e1ctanos para obtener m\u00e1s informaci\u00f3n sobre los productos PATIA.<\/div><div class=\"fusion-clearfix\"><\/div><a class=\"button fusion-button button-default fusion-button-default-size button-default-size button-flat fusion-mobile-button continue-right\" style=\"-webkit-box-shadow:none;-moz-box-shadow:none;box-shadow:none;border-radius:2px 2px 2px 2px\" href=\"\/profesionales\/\" target=\"_self\"><span>M\u00e1s informaci\u00f3n<\/span><\/a><\/div><\/div><div class=\"fusion-clearfix\"><\/div><\/div><\/div><\/div><style type=\"text\/css\">.fusion-fullwidth.fusion-builder-row-1 { overflow:visible; }<\/style><\/div>\n","protected":false},"excerpt":{"rendered":"","protected":false},"author":5,"featured_media":0,"parent":38,"menu_order":3,"comment_status":"closed","ping_status":"closed","template":"side-navigation.php","meta":[],"yoast_head":"<!-- This site is optimized with the Yoast SEO plugin v19.14 - https:\/\/yoast.com\/wordpress\/plugins\/seo\/ -->\n<title>Productos Patia | Prevenci\u00f3n y tratamiento diabetes tipo 2 y diabetes gestacional<\/title>\n<meta name=\"description\" content=\"En Patia trasladamos el valor cient\u00edfico a la prevenci\u00f3n, al tratamiento, y control de la diabetes creando herramientas que traten la enfermedad, comprendiendo los diferentes factores de riesgo, pacientes y fases de la enfermedad.\" \/>\n<meta name=\"robots\" content=\"index, follow, max-snippet:-1, max-image-preview:large, max-video-preview:-1\" \/>\n<link rel=\"canonical\" href=\"https:\/\/latam.patiadiabetes.com\/patia\/productos\/\" \/>\n<meta property=\"og:locale\" content=\"es_ES\" \/>\n<meta property=\"og:type\" content=\"article\" \/>\n<meta property=\"og:title\" content=\"Productos Patia | Prevenci\u00f3n y tratamiento diabetes tipo 2 y diabetes gestacional\" \/>\n<meta property=\"og:description\" content=\"En Patia trasladamos el valor cient\u00edfico a la prevenci\u00f3n, al tratamiento, y control de la diabetes creando herramientas que traten la enfermedad, comprendiendo los diferentes factores de riesgo, pacientes y fases de la enfermedad.\" \/>\n<meta property=\"og:url\" content=\"https:\/\/latam.patiadiabetes.com\/patia\/productos\/\" \/>\n<meta property=\"og:site_name\" content=\"PATIA Diabetes\" \/>\n<meta property=\"article:modified_time\" content=\"2022-05-30T15:53:01+00:00\" \/>\n<meta name=\"twitter:card\" content=\"summary_large_image\" \/>\n<meta name=\"twitter:label1\" content=\"Tiempo de lectura\" \/>\n\t<meta name=\"twitter:data1\" content=\"2 minutos\" \/>\n<script type=\"application\/ld+json\" class=\"yoast-schema-graph\">{\"@context\":\"https:\/\/schema.org\",\"@graph\":[{\"@type\":\"WebPage\",\"@id\":\"https:\/\/latam.patiadiabetes.com\/patia\/productos\/\",\"url\":\"https:\/\/latam.patiadiabetes.com\/patia\/productos\/\",\"name\":\"Productos Patia | Prevenci\u00f3n y tratamiento diabetes tipo 2 y diabetes gestacional\",\"isPartOf\":{\"@id\":\"https:\/\/latam.patiadiabetes.com\/#website\"},\"datePublished\":\"2016-01-25T18:48:36+00:00\",\"dateModified\":\"2022-05-30T15:53:01+00:00\",\"description\":\"En Patia trasladamos el valor cient\u00edfico a la prevenci\u00f3n, al tratamiento, y control de la diabetes creando herramientas que traten la enfermedad, comprendiendo los diferentes factores de riesgo, pacientes y fases de la enfermedad.\",\"breadcrumb\":{\"@id\":\"https:\/\/latam.patiadiabetes.com\/patia\/productos\/#breadcrumb\"},\"inLanguage\":\"es\",\"potentialAction\":[{\"@type\":\"ReadAction\",\"target\":[\"https:\/\/latam.patiadiabetes.com\/patia\/productos\/\"]}]},{\"@type\":\"BreadcrumbList\",\"@id\":\"https:\/\/latam.patiadiabetes.com\/patia\/productos\/#breadcrumb\",\"itemListElement\":[{\"@type\":\"ListItem\",\"position\":1,\"name\":\"Patia\",\"item\":\"https:\/\/latam.patiadiabetes.com\/patia\/\"},{\"@type\":\"ListItem\",\"position\":2,\"name\":\"Productos\"}]},{\"@type\":\"WebSite\",\"@id\":\"https:\/\/latam.patiadiabetes.com\/#website\",\"url\":\"https:\/\/latam.patiadiabetes.com\/\",\"name\":\"PATIA Diabetes\",\"description\":\"T\u00fa puedes prevenir la diabetes tipo 2\",\"publisher\":{\"@id\":\"https:\/\/latam.patiadiabetes.com\/#organization\"},\"potentialAction\":[{\"@type\":\"SearchAction\",\"target\":{\"@type\":\"EntryPoint\",\"urlTemplate\":\"https:\/\/latam.patiadiabetes.com\/?s={search_term_string}\"},\"query-input\":\"required name=search_term_string\"}],\"inLanguage\":\"es\"},{\"@type\":\"Organization\",\"@id\":\"https:\/\/latam.patiadiabetes.com\/#organization\",\"name\":\"Patia\",\"url\":\"https:\/\/latam.patiadiabetes.com\/\",\"logo\":{\"@type\":\"ImageObject\",\"inLanguage\":\"es\",\"@id\":\"https:\/\/latam.patiadiabetes.com\/#\/schema\/logo\/image\/\",\"url\":\"https:\/\/www.patiadiabetes.com\/wp-content\/uploads\/2016\/01\/PATIA-logo.png\",\"contentUrl\":\"https:\/\/www.patiadiabetes.com\/wp-content\/uploads\/2016\/01\/PATIA-logo.png\",\"width\":150,\"height\":80,\"caption\":\"Patia\"},\"image\":{\"@id\":\"https:\/\/latam.patiadiabetes.com\/#\/schema\/logo\/image\/\"}}]}<\/script>\n<!-- \/ Yoast SEO plugin. -->","yoast_head_json":{"title":"Productos Patia | Prevenci\u00f3n y tratamiento diabetes tipo 2 y diabetes gestacional","description":"En Patia trasladamos el valor cient\u00edfico a la prevenci\u00f3n, al tratamiento, y control de la diabetes creando herramientas que traten la enfermedad, comprendiendo los diferentes factores de riesgo, pacientes y fases de la enfermedad.","robots":{"index":"index","follow":"follow","max-snippet":"max-snippet:-1","max-image-preview":"max-image-preview:large","max-video-preview":"max-video-preview:-1"},"canonical":"https:\/\/latam.patiadiabetes.com\/patia\/productos\/","og_locale":"es_ES","og_type":"article","og_title":"Productos Patia | Prevenci\u00f3n y tratamiento diabetes tipo 2 y diabetes gestacional","og_description":"En Patia trasladamos el valor cient\u00edfico a la prevenci\u00f3n, al tratamiento, y control de la diabetes creando herramientas que traten la enfermedad, comprendiendo los diferentes factores de riesgo, pacientes y fases de la enfermedad.","og_url":"https:\/\/latam.patiadiabetes.com\/patia\/productos\/","og_site_name":"PATIA Diabetes","article_modified_time":"2022-05-30T15:53:01+00:00","twitter_card":"summary_large_image","twitter_misc":{"Tiempo de lectura":"2 minutos"},"schema":{"@context":"https:\/\/schema.org","@graph":[{"@type":"WebPage","@id":"https:\/\/latam.patiadiabetes.com\/patia\/productos\/","url":"https:\/\/latam.patiadiabetes.com\/patia\/productos\/","name":"Productos Patia | Prevenci\u00f3n y tratamiento diabetes tipo 2 y diabetes gestacional","isPartOf":{"@id":"https:\/\/latam.patiadiabetes.com\/#website"},"datePublished":"2016-01-25T18:48:36+00:00","dateModified":"2022-05-30T15:53:01+00:00","description":"En Patia trasladamos el valor cient\u00edfico a la prevenci\u00f3n, al tratamiento, y control de la diabetes creando herramientas que traten la enfermedad, comprendiendo los diferentes factores de riesgo, pacientes y fases de la enfermedad.","breadcrumb":{"@id":"https:\/\/latam.patiadiabetes.com\/patia\/productos\/#breadcrumb"},"inLanguage":"es","potentialAction":[{"@type":"ReadAction","target":["https:\/\/latam.patiadiabetes.com\/patia\/productos\/"]}]},{"@type":"BreadcrumbList","@id":"https:\/\/latam.patiadiabetes.com\/patia\/productos\/#breadcrumb","itemListElement":[{"@type":"ListItem","position":1,"name":"Patia","item":"https:\/\/latam.patiadiabetes.com\/patia\/"},{"@type":"ListItem","position":2,"name":"Productos"}]},{"@type":"WebSite","@id":"https:\/\/latam.patiadiabetes.com\/#website","url":"https:\/\/latam.patiadiabetes.com\/","name":"PATIA Diabetes","description":"T\u00fa puedes prevenir la diabetes tipo 2","publisher":{"@id":"https:\/\/latam.patiadiabetes.com\/#organization"},"potentialAction":[{"@type":"SearchAction","target":{"@type":"EntryPoint","urlTemplate":"https:\/\/latam.patiadiabetes.com\/?s={search_term_string}"},"query-input":"required name=search_term_string"}],"inLanguage":"es"},{"@type":"Organization","@id":"https:\/\/latam.patiadiabetes.com\/#organization","name":"Patia","url":"https:\/\/latam.patiadiabetes.com\/","logo":{"@type":"ImageObject","inLanguage":"es","@id":"https:\/\/latam.patiadiabetes.com\/#\/schema\/logo\/image\/","url":"https:\/\/www.patiadiabetes.com\/wp-content\/uploads\/2016\/01\/PATIA-logo.png","contentUrl":"https:\/\/www.patiadiabetes.com\/wp-content\/uploads\/2016\/01\/PATIA-logo.png","width":150,"height":80,"caption":"Patia"},"image":{"@id":"https:\/\/latam.patiadiabetes.com\/#\/schema\/logo\/image\/"}}]}},"_links":{"self":[{"href":"https:\/\/latam.patiadiabetes.com\/es\/wp-json\/wp\/v2\/pages\/257"}],"collection":[{"href":"https:\/\/latam.patiadiabetes.com\/es\/wp-json\/wp\/v2\/pages"}],"about":[{"href":"https:\/\/latam.patiadiabetes.com\/es\/wp-json\/wp\/v2\/types\/page"}],"author":[{"embeddable":true,"href":"https:\/\/latam.patiadiabetes.com\/es\/wp-json\/wp\/v2\/users\/5"}],"replies":[{"embeddable":true,"href":"https:\/\/latam.patiadiabetes.com\/es\/wp-json\/wp\/v2\/comments?post=257"}],"version-history":[{"count":2,"href":"https:\/\/latam.patiadiabetes.com\/es\/wp-json\/wp\/v2\/pages\/257\/revisions"}],"predecessor-version":[{"id":13926,"href":"https:\/\/latam.patiadiabetes.com\/es\/wp-json\/wp\/v2\/pages\/257\/revisions\/13926"}],"up":[{"embeddable":true,"href":"https:\/\/latam.patiadiabetes.com\/es\/wp-json\/wp\/v2\/pages\/38"}],"wp:attachment":[{"href":"https:\/\/latam.patiadiabetes.com\/es\/wp-json\/wp\/v2\/media?parent=257"}],"curies":[{"name":"wp","href":"https:\/\/api.w.org\/{rel}","templated":true}]}}