{"id":266,"date":"2016-01-25T23:26:23","date_gmt":"2016-01-25T23:26:23","guid":{"rendered":"http:\/\/test.patiadiabetes.com\/?page_id=266"},"modified":"2020-12-07T18:13:47","modified_gmt":"2020-12-07T16:13:47","slug":"jaakko-tuomilehto","status":"publish","type":"page","link":"https:\/\/latam.patiadiabetes.com\/es\/patia\/comite-cientifico\/jaakko-tuomilehto\/","title":{"rendered":"Jaakko Tuomilehto"},"content":{"rendered":"<div class=\"fusion-fullwidth fullwidth-box fusion-builder-row-1 hundred-percent-fullwidth non-hundred-percent-height-scrolling\" style=\"background-color: rgba(255,255,255,0);background-position: center center;background-repeat: no-repeat;padding-top:0px;padding-right:0px;padding-bottom:0px;padding-left:0px;margin-bottom: 0px;margin-top: 0px;border-width: 0px 0px 0px 0px;border-color:#eae9e9;border-style:solid;\" ><div class=\"fusion-builder-row fusion-row\"><div class=\"fusion-layout-column fusion_builder_column fusion-builder-column-0 fusion_builder_column_1_1 1_1 fusion-one-full fusion-column-first fusion-column-last fusion-column-no-min-height\" style=\"margin-top:0px;margin-bottom:0px;\"><div class=\"fusion-column-wrapper fusion-flex-column-wrapper-legacy\" style=\"background-position:left top;background-repeat:no-repeat;-webkit-background-size:cover;-moz-background-size:cover;-o-background-size:cover;background-size:cover;padding: 0px 0px 0px 0px;\"><style type=\"text\/css\"><\/style><div class=\"fusion-title title fusion-title-1 fusion-sep-none fusion-title-text fusion-title-size-one\" style=\"margin-top:0px;margin-right:0px;margin-bottom:31px;margin-left:0px;\"><h1 class=\"title-heading-left fusion-responsive-typography-calculated\" style=\"margin:0;--fontSize:45;line-height:1.24;\">Jaakko Tuomilehto<\/h1><\/div><div class=\"fusion-text fusion-text-1\"><h3><img decoding=\"async\" class=\"lazyload wp-image-1730 size-full alignleft\" src=\"https:\/\/latam.patiadiabetes.com\/wp-content\/uploads\/2016\/01\/jaakko-tuomilehto.png\" data-orig-src=\"https:\/\/latam.patiadiabetes.com\/wp-content\/uploads\/2016\/01\/jaakko-tuomilehto.png\" alt=\"\" width=\"155\" height=\"155\" srcset=\"data:image\/svg+xml,%3Csvg%20xmlns%3D%27http%3A%2F%2Fwww.w3.org%2F2000%2Fsvg%27%20width%3D%27155%27%20height%3D%27155%27%20viewBox%3D%270%200%20155%20155%27%3E%3Crect%20width%3D%27155%27%20height%3D%27155%27%20fill-opacity%3D%220%22%2F%3E%3C%2Fsvg%3E\" data-srcset=\"https:\/\/latam.patiadiabetes.com\/wp-content\/uploads\/2016\/01\/jaakko-tuomilehto-66x66.png 66w, https:\/\/latam.patiadiabetes.com\/wp-content\/uploads\/2016\/01\/jaakko-tuomilehto-150x150.png 150w, https:\/\/latam.patiadiabetes.com\/wp-content\/uploads\/2016\/01\/jaakko-tuomilehto.png 155w\" data-sizes=\"auto\" data-orig-sizes=\"(max-width: 155px) 100vw, 155px\" \/>Dr. Jaakko Tuomilehto<\/h3>\n<p>Creador del test Findrisc<br \/>\nUniversidad de Helsinki<br \/>\nDepartment of Public Health,\u00a0Finlandia<\/p>\n<\/div><div class=\"fusion-sep-clear\"><\/div><div class=\"fusion-separator fusion-full-width-sep\" style=\"margin-left: auto;margin-right: auto;margin-top:10px;margin-bottom:10px;width:100%;\"><\/div><div class=\"fusion-sep-clear\"><\/div><div class=\"fusion-text fusion-text-2\"><h3>Biograf\u00eda<\/h3>\n<p>El profesor Jaakko Tuomilehto, MD, CBPD, PhD, es profesor de Salud P\u00fablica de la Universidad de Helsinki, Finlandia. Es\u00a0jefe del departamento de Ciencia del <strong>Instituto Dasman\u00a0Diabetes<\/strong> de Kuwait. Tambi\u00e9n est\u00e1 afiliado a la Unidad de Diabetes y Epidemiolog\u00eda Gen\u00e9tica del Instituto Nacional de Salud P\u00fablica de Helsinki, Finlandia, y mantiene la posici\u00f3n como profesor de la Universidad del Danubio-Krems, Austria. El Dr. Tuomilehto recibi\u00f3 su t\u00edtulo en medicina de la Universidad de Turku, en Finlandia, seguida de una MPolSc en la sociolog\u00eda, la estad\u00edstica y la psicolog\u00eda. Tambi\u00e9n complet\u00f3 su doctorado en Epidemiolog\u00eda y Medicina Comunitaria de la Universidad de Kuoprio, Finlandia. El Dr. Tuomilehto ha estado involucrado en una serie de estudios clave de prevenci\u00f3n cardiovascular, incluyendo el Proyecto de Karelia del Norte, el Estudio FINMONICA (la parte finlandesa del proyecto de la OMS MONICA), DECODE y DECODA. Se inici\u00f3 el Estudio Finland\u00e9s de Prevenci\u00f3n de la Diabetes, el estudio de referencia para la prevenci\u00f3n primaria de la diabetes tipo 2. El Dr. Tuomilehto es miembro de varios comit\u00e9s nacionales e internacionales y el presidente de la Sociedad Epidemiol\u00f3gica finland\u00e9s y el Panel de Ciencia Neuroepidemiolog\u00eda de la Federaci\u00f3n Europea de Ciencias Neurol\u00f3gicas. Fue presidente de la Sociedad Finlandesa de hipertensi\u00f3n, diabetes Epidemiolog\u00eda Grupo Internacional.<\/p>\n<h3>Publicaciones<\/h3>\n<p>El Dr. Tuomilehto ha publicado m\u00e1s de 800 art\u00edculos originales y m\u00e1s de 200 editoriales, cr\u00edticas y cap\u00edtulos de libros. Tambi\u00e9n ha sido miembro de los consejos asesores de varias revistas cient\u00edficas.<\/p>\n<h3>Distinciones<\/h3>\n<p>El Dr. Tuomilehto ha recibido varios premios de prestigio como: la India Prof. M. Viswanathan RDC Plata Premio Jubileo Oraci\u00f3n; Premio Hans Chiari de la Sociedad de Investigaci\u00f3n de carrera austriaca, el Premio Kelly West para el logro excepcional en Epidemiolog\u00eda de la Asociaci\u00f3n Americana de Diabetes y el Premio de Epidemiolog\u00eda de la Diabetes Peter Bennett del Grupo Internacional de Epidemiolog\u00eda.<\/p>\n<\/div><div class=\"fusion-clearfix\"><\/div><\/div><\/div><\/div><style type=\"text\/css\">.fusion-fullwidth.fusion-builder-row-1 { overflow:visible; }<\/style><\/div>\n","protected":false},"excerpt":{"rendered":"","protected":false},"author":5,"featured_media":0,"parent":263,"menu_order":0,"comment_status":"closed","ping_status":"closed","template":"side-navigation.php","meta":[],"yoast_head":"<!-- This site is optimized with the Yoast SEO plugin v19.14 - https:\/\/yoast.com\/wordpress\/plugins\/seo\/ -->\n<title>Jaakko Tuomilehto - Comit\u00e9 cient\u00edfico Diabetes Prevent<\/title>\n<meta name=\"description\" content=\"El programa para conocer la predisposici\u00f3n gen\u00e9tica a padecer diabetes tipo 2 y de prevenci\u00f3n de la diabetes DIABETESprevent est\u00e1 avalado por el creador del Test Findrisk de medici\u00f3n de riesgo de diabetes, Jaakko Tuomilehto.\" \/>\n<meta name=\"robots\" content=\"index, follow, max-snippet:-1, max-image-preview:large, max-video-preview:-1\" \/>\n<link rel=\"canonical\" href=\"https:\/\/latam.patiadiabetes.com\/es\/patia\/comite-cientifico\/jaakko-tuomilehto\/\" \/>\n<meta property=\"og:locale\" content=\"es_ES\" \/>\n<meta property=\"og:type\" content=\"article\" \/>\n<meta property=\"og:title\" content=\"Jaakko Tuomilehto - Comit\u00e9 cient\u00edfico Diabetes Prevent\" \/>\n<meta property=\"og:description\" content=\"El programa para conocer la predisposici\u00f3n gen\u00e9tica a padecer diabetes tipo 2 y de prevenci\u00f3n de la diabetes DIABETESprevent est\u00e1 avalado por el creador del Test Findrisk de medici\u00f3n de riesgo de diabetes, Jaakko Tuomilehto.\" \/>\n<meta property=\"og:url\" content=\"https:\/\/latam.patiadiabetes.com\/es\/patia\/comite-cientifico\/jaakko-tuomilehto\/\" \/>\n<meta property=\"og:site_name\" content=\"PATIA Diabetes\" \/>\n<meta property=\"article:modified_time\" content=\"2020-12-07T16:13:47+00:00\" \/>\n<meta property=\"og:image\" content=\"https:\/\/latam.patiadiabetes.com\/wp-content\/uploads\/2016\/01\/jaakko-tuomilehto.png\" \/>\n<meta name=\"twitter:card\" content=\"summary_large_image\" \/>\n<meta name=\"twitter:label1\" content=\"Tiempo de lectura\" \/>\n\t<meta name=\"twitter:data1\" content=\"2 minutos\" \/>\n<script type=\"application\/ld+json\" class=\"yoast-schema-graph\">{\"@context\":\"https:\/\/schema.org\",\"@graph\":[{\"@type\":\"WebPage\",\"@id\":\"https:\/\/latam.patiadiabetes.com\/es\/patia\/comite-cientifico\/jaakko-tuomilehto\/\",\"url\":\"https:\/\/latam.patiadiabetes.com\/es\/patia\/comite-cientifico\/jaakko-tuomilehto\/\",\"name\":\"Jaakko Tuomilehto - Comit\u00e9 cient\u00edfico Diabetes Prevent\",\"isPartOf\":{\"@id\":\"https:\/\/latam.patiadiabetes.com\/#website\"},\"datePublished\":\"2016-01-25T23:26:23+00:00\",\"dateModified\":\"2020-12-07T16:13:47+00:00\",\"description\":\"El programa para conocer la predisposici\u00f3n gen\u00e9tica a padecer diabetes tipo 2 y de prevenci\u00f3n de la diabetes DIABETESprevent est\u00e1 avalado por el creador del Test Findrisk de medici\u00f3n de riesgo de diabetes, Jaakko Tuomilehto.\",\"breadcrumb\":{\"@id\":\"https:\/\/latam.patiadiabetes.com\/es\/patia\/comite-cientifico\/jaakko-tuomilehto\/#breadcrumb\"},\"inLanguage\":\"es\",\"potentialAction\":[{\"@type\":\"ReadAction\",\"target\":[\"https:\/\/latam.patiadiabetes.com\/es\/patia\/comite-cientifico\/jaakko-tuomilehto\/\"]}]},{\"@type\":\"BreadcrumbList\",\"@id\":\"https:\/\/latam.patiadiabetes.com\/es\/patia\/comite-cientifico\/jaakko-tuomilehto\/#breadcrumb\",\"itemListElement\":[{\"@type\":\"ListItem\",\"position\":1,\"name\":\"Patia\",\"item\":\"https:\/\/latam.patiadiabetes.com\/patia\/\"},{\"@type\":\"ListItem\",\"position\":2,\"name\":\"Comit\u00e9 cient\u00edfico\",\"item\":\"https:\/\/latam.patiadiabetes.com\/patia\/comite-cientifico\/\"},{\"@type\":\"ListItem\",\"position\":3,\"name\":\"Jaakko Tuomilehto\"}]},{\"@type\":\"WebSite\",\"@id\":\"https:\/\/latam.patiadiabetes.com\/#website\",\"url\":\"https:\/\/latam.patiadiabetes.com\/\",\"name\":\"PATIA Diabetes\",\"description\":\"T\u00fa puedes prevenir la diabetes tipo 2\",\"publisher\":{\"@id\":\"https:\/\/latam.patiadiabetes.com\/#organization\"},\"potentialAction\":[{\"@type\":\"SearchAction\",\"target\":{\"@type\":\"EntryPoint\",\"urlTemplate\":\"https:\/\/latam.patiadiabetes.com\/?s={search_term_string}\"},\"query-input\":\"required name=search_term_string\"}],\"inLanguage\":\"es\"},{\"@type\":\"Organization\",\"@id\":\"https:\/\/latam.patiadiabetes.com\/#organization\",\"name\":\"Patia\",\"url\":\"https:\/\/latam.patiadiabetes.com\/\",\"logo\":{\"@type\":\"ImageObject\",\"inLanguage\":\"es\",\"@id\":\"https:\/\/latam.patiadiabetes.com\/#\/schema\/logo\/image\/\",\"url\":\"https:\/\/www.patiadiabetes.com\/wp-content\/uploads\/2016\/01\/PATIA-logo.png\",\"contentUrl\":\"https:\/\/www.patiadiabetes.com\/wp-content\/uploads\/2016\/01\/PATIA-logo.png\",\"width\":150,\"height\":80,\"caption\":\"Patia\"},\"image\":{\"@id\":\"https:\/\/latam.patiadiabetes.com\/#\/schema\/logo\/image\/\"}}]}<\/script>\n<!-- \/ Yoast SEO plugin. -->","yoast_head_json":{"title":"Jaakko Tuomilehto - Comit\u00e9 cient\u00edfico Diabetes Prevent","description":"El programa para conocer la predisposici\u00f3n gen\u00e9tica a padecer diabetes tipo 2 y de prevenci\u00f3n de la diabetes DIABETESprevent est\u00e1 avalado por el creador del Test Findrisk de medici\u00f3n de riesgo de diabetes, Jaakko Tuomilehto.","robots":{"index":"index","follow":"follow","max-snippet":"max-snippet:-1","max-image-preview":"max-image-preview:large","max-video-preview":"max-video-preview:-1"},"canonical":"https:\/\/latam.patiadiabetes.com\/es\/patia\/comite-cientifico\/jaakko-tuomilehto\/","og_locale":"es_ES","og_type":"article","og_title":"Jaakko Tuomilehto - Comit\u00e9 cient\u00edfico Diabetes Prevent","og_description":"El programa para conocer la predisposici\u00f3n gen\u00e9tica a padecer diabetes tipo 2 y de prevenci\u00f3n de la diabetes DIABETESprevent est\u00e1 avalado por el creador del Test Findrisk de medici\u00f3n de riesgo de diabetes, Jaakko Tuomilehto.","og_url":"https:\/\/latam.patiadiabetes.com\/es\/patia\/comite-cientifico\/jaakko-tuomilehto\/","og_site_name":"PATIA Diabetes","article_modified_time":"2020-12-07T16:13:47+00:00","og_image":[{"url":"https:\/\/latam.patiadiabetes.com\/wp-content\/uploads\/2016\/01\/jaakko-tuomilehto.png"}],"twitter_card":"summary_large_image","twitter_misc":{"Tiempo de lectura":"2 minutos"},"schema":{"@context":"https:\/\/schema.org","@graph":[{"@type":"WebPage","@id":"https:\/\/latam.patiadiabetes.com\/es\/patia\/comite-cientifico\/jaakko-tuomilehto\/","url":"https:\/\/latam.patiadiabetes.com\/es\/patia\/comite-cientifico\/jaakko-tuomilehto\/","name":"Jaakko Tuomilehto - Comit\u00e9 cient\u00edfico Diabetes Prevent","isPartOf":{"@id":"https:\/\/latam.patiadiabetes.com\/#website"},"datePublished":"2016-01-25T23:26:23+00:00","dateModified":"2020-12-07T16:13:47+00:00","description":"El programa para conocer la predisposici\u00f3n gen\u00e9tica a padecer diabetes tipo 2 y de prevenci\u00f3n de la diabetes DIABETESprevent est\u00e1 avalado por el creador del Test Findrisk de medici\u00f3n de riesgo de diabetes, Jaakko Tuomilehto.","breadcrumb":{"@id":"https:\/\/latam.patiadiabetes.com\/es\/patia\/comite-cientifico\/jaakko-tuomilehto\/#breadcrumb"},"inLanguage":"es","potentialAction":[{"@type":"ReadAction","target":["https:\/\/latam.patiadiabetes.com\/es\/patia\/comite-cientifico\/jaakko-tuomilehto\/"]}]},{"@type":"BreadcrumbList","@id":"https:\/\/latam.patiadiabetes.com\/es\/patia\/comite-cientifico\/jaakko-tuomilehto\/#breadcrumb","itemListElement":[{"@type":"ListItem","position":1,"name":"Patia","item":"https:\/\/latam.patiadiabetes.com\/patia\/"},{"@type":"ListItem","position":2,"name":"Comit\u00e9 cient\u00edfico","item":"https:\/\/latam.patiadiabetes.com\/patia\/comite-cientifico\/"},{"@type":"ListItem","position":3,"name":"Jaakko Tuomilehto"}]},{"@type":"WebSite","@id":"https:\/\/latam.patiadiabetes.com\/#website","url":"https:\/\/latam.patiadiabetes.com\/","name":"PATIA Diabetes","description":"T\u00fa puedes prevenir la diabetes tipo 2","publisher":{"@id":"https:\/\/latam.patiadiabetes.com\/#organization"},"potentialAction":[{"@type":"SearchAction","target":{"@type":"EntryPoint","urlTemplate":"https:\/\/latam.patiadiabetes.com\/?s={search_term_string}"},"query-input":"required name=search_term_string"}],"inLanguage":"es"},{"@type":"Organization","@id":"https:\/\/latam.patiadiabetes.com\/#organization","name":"Patia","url":"https:\/\/latam.patiadiabetes.com\/","logo":{"@type":"ImageObject","inLanguage":"es","@id":"https:\/\/latam.patiadiabetes.com\/#\/schema\/logo\/image\/","url":"https:\/\/www.patiadiabetes.com\/wp-content\/uploads\/2016\/01\/PATIA-logo.png","contentUrl":"https:\/\/www.patiadiabetes.com\/wp-content\/uploads\/2016\/01\/PATIA-logo.png","width":150,"height":80,"caption":"Patia"},"image":{"@id":"https:\/\/latam.patiadiabetes.com\/#\/schema\/logo\/image\/"}}]}},"_links":{"self":[{"href":"https:\/\/latam.patiadiabetes.com\/es\/wp-json\/wp\/v2\/pages\/266"}],"collection":[{"href":"https:\/\/latam.patiadiabetes.com\/es\/wp-json\/wp\/v2\/pages"}],"about":[{"href":"https:\/\/latam.patiadiabetes.com\/es\/wp-json\/wp\/v2\/types\/page"}],"author":[{"embeddable":true,"href":"https:\/\/latam.patiadiabetes.com\/es\/wp-json\/wp\/v2\/users\/5"}],"replies":[{"embeddable":true,"href":"https:\/\/latam.patiadiabetes.com\/es\/wp-json\/wp\/v2\/comments?post=266"}],"version-history":[{"count":0,"href":"https:\/\/latam.patiadiabetes.com\/es\/wp-json\/wp\/v2\/pages\/266\/revisions"}],"up":[{"embeddable":true,"href":"https:\/\/latam.patiadiabetes.com\/es\/wp-json\/wp\/v2\/pages\/263"}],"wp:attachment":[{"href":"https:\/\/latam.patiadiabetes.com\/es\/wp-json\/wp\/v2\/media?parent=266"}],"curies":[{"name":"wp","href":"https:\/\/api.w.org\/{rel}","templated":true}]}}