{"id":276,"date":"2016-01-25T23:31:46","date_gmt":"2016-01-25T23:31:46","guid":{"rendered":"http:\/\/test.patiadiabetes.com\/?page_id=276"},"modified":"2023-02-28T18:58:48","modified_gmt":"2023-02-28T16:58:48","slug":"diabetes-prevent","status":"publish","type":"page","link":"https:\/\/latam.patiadiabetes.com\/es\/diabetes-prevent\/","title":{"rendered":"Diabetes Prevent"},"content":{"rendered":"<p><div class=\"fusion-fullwidth fullwidth-box fusion-builder-row-1 nonhundred-percent-fullwidth non-hundred-percent-height-scrolling\" style=\"background-color: rgba(255,255,255,0);background-position: left top;background-repeat: no-repeat;padding-top:20px;padding-right:0px;padding-bottom:20px;padding-left:0px;margin-bottom: 0px;margin-top: 0px;border-width: 0px 0px 0px 0px;border-color:#eae9e9;border-style:solid;\" ><div class=\"fusion-builder-row fusion-row\"><div class=\"fusion-layout-column fusion_builder_column fusion-builder-column-0 fusion_builder_column_1_2 1_2 fusion-one-half fusion-column-first\" style=\"width:48%; margin-right: 4%;margin-top:0px;margin-bottom:10px;\"><div class=\"fusion-column-wrapper fusion-flex-column-wrapper-legacy\" style=\"background-position:left top;background-repeat:no-repeat;-webkit-background-size:cover;-moz-background-size:cover;-o-background-size:cover;background-size:cover;padding: 0px 0px 0px 0px;\"><style type=\"text\/css\"><\/style><div class=\"fusion-title title fusion-title-1 fusion-sep-none fusion-title-text fusion-title-size-one\" style=\"margin-top:0px;margin-right:0px;margin-bottom:31px;margin-left:0px;\"><h1 class=\"title-heading-left fusion-responsive-typography-calculated\" style=\"margin:0;--fontSize:45;line-height:1.24;\"><strong>DIABETES<em>predict<\/em> <\/strong>te ayuda a prevenir la diabetes<\/h1><\/div><style type=\"text\/css\"><\/style><div class=\"fusion-title title fusion-title-2 fusion-sep-none fusion-title-text fusion-title-size-two\" style=\"margin-top:0px;margin-right:0px;margin-bottom:31px;margin-left:0px;\"><h2 class=\"title-heading-left fusion-responsive-typography-calculated\" style=\"margin:0;--fontSize:25;line-height:1.28;\"><p>DIABETES<i>predict<\/i> es<\/p>\n<h2 class=\"fusion-responsive-typography-calculated\" data-fontsize=\"25\" data-lineheight=\"31px\">El m\u00e1s alto nivel de robustez del mercado en test de pron\u00f3stico<\/h2><\/h2><\/div><ul class=\"fusion-checklist fusion-checklist-1\" style=\"font-size:16px;line-height:27.2px;\"><li style=\"background-color:rgba(255,255,255,0);\" class=\"fusion-li-item\"><span style=\"height:27.2px;width:27.2px;margin-right:11.2px;\" class=\"icon-wrapper circle-no\"><i class=\"fusion-li-icon fa fa-check\" style=\"color:#54667a;\" aria-hidden=\"true\"><\/i><\/span><div class=\"fusion-li-item-content\" style=\"margin-left:38.4px;color:var(--awb-color8);\">Conocer tu predisposici\u00f3n gen\u00e9tica y la de tu familia a la\u00a0diabetes tipo 2<\/div><\/li><li style=\"background-color:rgba(255,255,255,0);\" class=\"fusion-li-item\"><span style=\"height:27.2px;width:27.2px;margin-right:11.2px;\" class=\"icon-wrapper circle-no\"><i class=\"fusion-li-icon fa fa-check\" style=\"color:#54667a;\" aria-hidden=\"true\"><\/i><\/span><div class=\"fusion-li-item-content\" style=\"margin-left:38.4px;color:var(--awb-color8);\">Prevenir el desarrollo de la diabetes tipo 2<\/div><\/li><li style=\"background-color:rgba(255,255,255,0);\" class=\"fusion-li-item\"><span style=\"height:27.2px;width:27.2px;margin-right:11.2px;\" class=\"icon-wrapper circle-no\"><i class=\"fusion-li-icon fa fa-check\" style=\"color:#54667a;\" aria-hidden=\"true\"><\/i><\/span><div class=\"fusion-li-item-content\" style=\"margin-left:38.4px;color:var(--awb-color8);\">\n<p>Contar recomendaciones informadas por el genotipo<\/p>\n<\/div><\/li><\/ul><div class=\"fusion-sep-clear\"><\/div><div class=\"fusion-separator fusion-full-width-sep\" style=\"margin-left: auto;margin-right: auto;margin-top:10px;margin-bottom:10px;width:100%;\"><\/div><div class=\"fusion-sep-clear\"><\/div><div class=\"fusion-clearfix\"><\/div><\/div><\/div><div class=\"fusion-layout-column fusion_builder_column fusion-builder-column-1 fusion_builder_column_1_2 1_2 fusion-one-half fusion-column-last\" style=\"width:48%;margin-top:0px;margin-bottom:10px;\"><div class=\"fusion-column-wrapper fusion-flex-column-wrapper-legacy\" style=\"background-position:left top;background-repeat:no-repeat;-webkit-background-size:cover;-moz-background-size:cover;-o-background-size:cover;background-size:cover;padding: 0px 0px 0px 0px;\"><div class=\"fusion-column-content-centered\"><div class=\"fusion-column-content\"><div class=\"fusion-sep-clear\"><\/div><div class=\"fusion-separator fusion-full-width-sep\" style=\"margin-left: auto;margin-right: auto;margin-top:15px;margin-bottom:15px;width:100%;\"><\/div><div class=\"fusion-sep-clear\"><\/div><div class=\"fusion-video fusion-vimeo\" style=\"max-width:600px;max-height:350px;\" data-autoplay=\"1\"><div class=\"video-shortcode\"><div class=\"fluid-width-video-wrapper\" style=\"padding-top:58.33%;\" ><iframe title=\"Vimeo video player 1\" src=\"https:\/\/player.vimeo.com\/video\/157623182?autoplay=0&autopause=0\" width=\"600\" height=\"350\" allowfullscreen allow=\"autoplay; fullscreen\"><\/iframe><\/div><\/div><\/div><\/div><\/div><div class=\"fusion-clearfix\"><\/div><\/div><\/div><\/div><\/div><div class=\"fusion-fullwidth fullwidth-box fusion-builder-row-2 fullgris nonhundred-percent-fullwidth non-hundred-percent-height-scrolling\" style=\"background-color: rgba(255,255,255,0);background-position: left top;background-repeat: no-repeat;padding-top:20px;padding-right:0px;padding-bottom:20px;padding-left:0px;margin-bottom: 0px;margin-top: 0px;border-width: 0px 0px 0px 0px;border-color:#eae9e9;border-style:solid;\" ><div class=\"fusion-builder-row fusion-row\"><div class=\"fusion-layout-column fusion_builder_column fusion-builder-column-2 fusion_builder_column_1_1 1_1 fusion-one-full fusion-column-first fusion-column-last fusion-column-no-min-height\" style=\"margin-top:0px;margin-bottom:0px;\"><div class=\"fusion-column-wrapper fusion-flex-column-wrapper-legacy\" style=\"background-position:left top;background-repeat:no-repeat;-webkit-background-size:cover;-moz-background-size:cover;-o-background-size:cover;background-size:cover;padding: 0px 0px 0px 0px;\"><div class=\"fusion-sep-clear\"><\/div><div class=\"fusion-separator fusion-full-width-sep\" style=\"margin-left: auto;margin-right: auto;margin-top:10px;margin-bottom:10px;width:100%;\"><\/div><div class=\"fusion-sep-clear\"><\/div><div class=\"fusion-clearfix\"><\/div><\/div><\/div><div class=\"fusion-layout-column fusion_builder_column fusion-builder-column-3 fusion_builder_column_2_5 2_5 fusion-two-fifth fusion-column-first\" style=\"width:37.6%; margin-right: 4%;margin-top:0px;margin-bottom:10px;\"><div class=\"fusion-column-wrapper fusion-flex-column-wrapper-legacy\" style=\"background-position:left top;background-repeat:no-repeat;-webkit-background-size:cover;-moz-background-size:cover;-o-background-size:cover;background-size:cover;padding: 0px 0px 0px 0px;\"><span class=\" fusion-imageframe imageframe-none imageframe-1 hover-type-none\"><img decoding=\"async\" width=\"1200\" height=\"800\" alt=\"Diabetes Prevent Familia\" title=\"Diabetes Prevent quien\" src=\"data:image\/svg+xml,%3Csvg%20xmlns%3D%27http%3A%2F%2Fwww.w3.org%2F2000%2Fsvg%27%20width%3D%271200%27%20height%3D%27800%27%20viewBox%3D%270%200%201200%20800%27%3E%3Crect%20width%3D%271200%27%20height%3D%27800%27%20fill-opacity%3D%220%22%2F%3E%3C%2Fsvg%3E\" data-orig-src=\"https:\/\/latam.patiadiabetes.com\/wp-content\/uploads\/2016\/01\/bigstock-Mom-with-her-years-old-child-93478745-e1455349791214.jpg\" class=\"lazyload img-responsive wp-image-1141\"\/><\/span><div class=\"fusion-clearfix\"><\/div><\/div><\/div><div class=\"fusion-layout-column fusion_builder_column fusion-builder-column-4 fusion_builder_column_3_5 3_5 fusion-three-fifth fusion-column-last\" style=\"width:58.4%;margin-top:0px;margin-bottom:10px;\"><div class=\"fusion-column-wrapper fusion-flex-column-wrapper-legacy\" style=\"background-position:left top;background-repeat:no-repeat;-webkit-background-size:cover;-moz-background-size:cover;-o-background-size:cover;background-size:cover;padding: 0px 0px 0px 0px;\"><style type=\"text\/css\"><\/style><div class=\"fusion-title title fusion-title-3 fusion-sep-none fusion-title-text fusion-title-size-two\" style=\"margin-top:0px;margin-right:0px;margin-bottom:31px;margin-left:0px;\"><h2 class=\"title-heading-left fusion-responsive-typography-calculated\" style=\"margin:0;--fontSize:25;line-height:1.28;\">\u00bfQui\u00e9n debe conocer su riesgo gen\u00e9tico a padecer diabetes tipo 2?<\/h2><\/div><div class=\"fusion-text fusion-text-1\"><p><strong>La diabetes tipo 2 se puede prevenir<\/strong>. Conocer tu riesgo gen\u00e9tico a desarrollar la enfermedad puede ayudarte a controlar y evitar mucho antes un futuro de complicaciones.<br \/>\nDIABETESpredict es para ti si:<\/p>\n<ul>\n<li>Est\u00e1s por encima de tu peso y llevas una vida sedentaria<\/li>\n<li>Tienes familiares con diabetes<\/li>\n<li>Tienes diabetes tipo 2 y quieres evaluar la predisposici\u00f3n gen\u00e9tica de tus familiares a padecerla<\/li>\n<li>Has padecido diabetes gestacional, lo que aumenta en un 60% tu riesgo a la diabetes tipo 2<\/li>\n<li>Tienes niveles altos de az\u00facar en sangre<\/li>\n<li>O simplemente si te preocupa tu salud y la de tu familia y quieres evitar a tiempo las complicaciones de la diabetes tipo 2<\/li>\n<\/ul>\n<h2 data-fontsize=\"25\" style=\"--fontSize:25; line-height: 1.28;\" data-lineheight=\"32px\" class=\"fusion-responsive-typography-calculated\"><\/h2>\n<\/div><div class=\"fusion-clearfix\"><\/div><\/div><\/div><\/div><\/div><div class=\"fusion-fullwidth fullwidth-box fusion-builder-row-3 nonhundred-percent-fullwidth non-hundred-percent-height-scrolling\" style=\"background-color: rgba(255,255,255,0);background-position: left top;background-repeat: no-repeat;padding-top:20px;padding-right:0px;padding-bottom:20px;padding-left:0px;margin-bottom: 0px;margin-top: 0px;border-width: 0px 0px 0px 0px;border-color:#eae9e9;border-style:solid;\" ><div class=\"fusion-builder-row fusion-row\"><div class=\"fusion-layout-column fusion_builder_column fusion-builder-column-5 fusion_builder_column_1_1 1_1 fusion-one-full fusion-column-first fusion-column-last fusion-column-no-min-height\" style=\"margin-top:0px;margin-bottom:0px;\"><div class=\"fusion-column-wrapper fusion-flex-column-wrapper-legacy\" style=\"background-position:left top;background-repeat:no-repeat;-webkit-background-size:cover;-moz-background-size:cover;-o-background-size:cover;background-size:cover;padding: 0px 0px 0px 0px;\"><style type=\"text\/css\"><\/style><div class=\"fusion-title title fusion-title-4 fusion-sep-none fusion-title-text fusion-title-size-two\" style=\"margin-top:0px;margin-right:0px;margin-bottom:31px;margin-left:0px;\"><h2 class=\"title-heading-left fusion-responsive-typography-calculated\" style=\"margin:0;--fontSize:25;line-height:1.28;\">Informe de resultados con tarjeta de recomendaciones basadas en tu perfil gen\u00e9tico<\/h2><\/div><div class=\"fusion-text fusion-text-2\"><p><img decoding=\"async\" class=\"lazyload alignnone size-full wp-image-11818\" src=\"https:\/\/latam.patiadiabetes.com\/wp-content\/uploads\/2020\/10\/informe-recomendaciones.jpg\" data-orig-src=\"https:\/\/latam.patiadiabetes.com\/wp-content\/uploads\/2020\/10\/informe-recomendaciones.jpg\" alt=\"informe recomendaciones\" width=\"1200\" height=\"600\" srcset=\"data:image\/svg+xml,%3Csvg%20xmlns%3D%27http%3A%2F%2Fwww.w3.org%2F2000%2Fsvg%27%20width%3D%271200%27%20height%3D%27600%27%20viewBox%3D%270%200%201200%20600%27%3E%3Crect%20width%3D%271200%27%20height%3D%27600%27%20fill-opacity%3D%220%22%2F%3E%3C%2Fsvg%3E\" data-srcset=\"https:\/\/latam.patiadiabetes.com\/wp-content\/uploads\/2020\/10\/informe-recomendaciones-300x150.jpg 300w, https:\/\/latam.patiadiabetes.com\/wp-content\/uploads\/2020\/10\/informe-recomendaciones-768x384.jpg 768w, https:\/\/latam.patiadiabetes.com\/wp-content\/uploads\/2020\/10\/informe-recomendaciones-1024x512.jpg 1024w, https:\/\/latam.patiadiabetes.com\/wp-content\/uploads\/2020\/10\/informe-recomendaciones.jpg 1200w\" data-sizes=\"auto\" data-orig-sizes=\"(max-width: 1200px) 100vw, 1200px\" \/><\/p>\n<\/div><div class=\"fusion-clearfix\"><\/div><\/div><\/div><\/div><\/div><div class=\"fusion-fullwidth fullwidth-box fusion-builder-row-4 nonhundred-percent-fullwidth non-hundred-percent-height-scrolling\" style=\"background-color: rgba(255,255,255,0);background-position: left top;background-repeat: no-repeat;padding-top:20px;padding-right:0px;padding-bottom:20px;padding-left:0px;margin-bottom: 0px;margin-top: 0px;border-width: 0px 0px 0px 0px;border-color:#eae9e9;border-style:solid;\" ><div class=\"fusion-builder-row fusion-row\"><div class=\"fusion-layout-column fusion_builder_column fusion-builder-column-6 fusion_builder_column_1_1 1_1 fusion-one-full fusion-column-first fusion-column-last fusion-column-no-min-height\" style=\"margin-top:0px;margin-bottom:0px;\"><div class=\"fusion-column-wrapper fusion-flex-column-wrapper-legacy\" style=\"background-position:left top;background-repeat:no-repeat;-webkit-background-size:cover;-moz-background-size:cover;-o-background-size:cover;background-size:cover;padding: 0px 0px 0px 0px;\"><style type=\"text\/css\"><\/style><div class=\"fusion-title title fusion-title-5 fusion-sep-none fusion-title-text fusion-title-size-two\" style=\"margin-top:0px;margin-right:0px;margin-bottom:31px;margin-left:0px;\"><h2 class=\"title-heading-left fusion-responsive-typography-calculated\" style=\"margin:0;--fontSize:25;line-height:1.28;\">\u00bfQu\u00e9 ventajas me ofrece DIABETES<i>predict<\/i>?<\/h2><\/div><div class=\"fusion-text fusion-text-3\"><ul>\n<li><strong>Simple.<\/strong>\u00a0 <strong>C\u00f3modo<\/strong>.\u00a0<strong>Accesible.\u00a0<\/strong>Nunca estuvo tan a mano una prueba gen\u00e9tica de prevenci\u00f3n de diabetes tipo 2.<\/li>\n<li><strong>Cient\u00edfico. <\/strong>Basado en los datos de los <a href=\"https:\/\/latam.patiadiabetes.com\/patia\/productos\/diabetes-predict\/\">mayores proyectos gen\u00e9ticos<\/a> sobre diabetes hasta la fecha<\/li>\n<li><strong>Muy \u00fatil. <\/strong>Tu resultado como\u00a0motivador de un cambio en tu estilo de vida<\/li>\n<li><strong>Completo. <\/strong>Pack de acompa\u00f1amiento incluido en el test:\u00a0<strong>App de seguimiento<\/strong> + <strong>plataforma web<\/strong> + <strong>pod\u00f3metro<\/strong>\u00a0<strong>monitor de actividad<\/strong> (opcional)<\/li>\n<\/ul>\n<h2>\u00a0<\/h2>\n<\/div><div class=\"fusion-clearfix\"><\/div><\/div><\/div><\/div><\/div><\/p>\n","protected":false},"excerpt":{"rendered":"","protected":false},"author":5,"featured_media":0,"parent":0,"menu_order":2,"comment_status":"closed","ping_status":"closed","template":"100-width.php","meta":[],"yoast_head":"<!-- This site is optimized with the Yoast SEO plugin v19.14 - https:\/\/yoast.com\/wordpress\/plugins\/seo\/ -->\n<title>Diabetes Prevent - Prevenci\u00f3n de la diabetes tipo 2<\/title>\n<meta name=\"description\" content=\"Es el programa de prevenci\u00f3n desarrollado por Patia que permite conocer tu predisposici\u00f3n gen\u00e9tica a padecer diabetes tipo 2 con un sencillo test.\" \/>\n<meta name=\"robots\" content=\"index, follow, max-snippet:-1, max-image-preview:large, max-video-preview:-1\" \/>\n<link rel=\"canonical\" href=\"https:\/\/latam.patiadiabetes.com\/diabetes-prevent\/\" \/>\n<meta property=\"og:locale\" content=\"es_ES\" \/>\n<meta property=\"og:type\" content=\"article\" \/>\n<meta property=\"og:title\" content=\"Diabetes Prevent - Prevenci\u00f3n de la diabetes tipo 2\" \/>\n<meta property=\"og:description\" content=\"Es el programa de prevenci\u00f3n desarrollado por Patia que permite conocer tu predisposici\u00f3n gen\u00e9tica a padecer diabetes tipo 2 con un sencillo test.\" \/>\n<meta property=\"og:url\" content=\"https:\/\/latam.patiadiabetes.com\/diabetes-prevent\/\" \/>\n<meta property=\"og:site_name\" content=\"PATIA Diabetes\" \/>\n<meta property=\"article:modified_time\" content=\"2023-02-28T16:58:48+00:00\" \/>\n<meta property=\"og:image\" content=\"https:\/\/latam.patiadiabetes.com\/wp-content\/uploads\/2016\/01\/bigstock-Mom-with-her-years-old-child-93478745-e1455349791214.jpg\" \/>\n<meta name=\"twitter:card\" content=\"summary_large_image\" \/>\n<meta name=\"twitter:label1\" content=\"Tiempo de lectura\" \/>\n\t<meta name=\"twitter:data1\" content=\"6 minutos\" \/>\n<script type=\"application\/ld+json\" class=\"yoast-schema-graph\">{\"@context\":\"https:\/\/schema.org\",\"@graph\":[{\"@type\":\"WebPage\",\"@id\":\"https:\/\/latam.patiadiabetes.com\/diabetes-prevent\/\",\"url\":\"https:\/\/latam.patiadiabetes.com\/diabetes-prevent\/\",\"name\":\"Diabetes Prevent - Prevenci\u00f3n de la diabetes tipo 2\",\"isPartOf\":{\"@id\":\"https:\/\/latam.patiadiabetes.com\/#website\"},\"datePublished\":\"2016-01-25T23:31:46+00:00\",\"dateModified\":\"2023-02-28T16:58:48+00:00\",\"description\":\"Es el programa de prevenci\u00f3n desarrollado por Patia que permite conocer tu predisposici\u00f3n gen\u00e9tica a padecer diabetes tipo 2 con un sencillo test.\",\"inLanguage\":\"es\",\"potentialAction\":[{\"@type\":\"ReadAction\",\"target\":[\"https:\/\/latam.patiadiabetes.com\/diabetes-prevent\/\"]}]},{\"@type\":\"WebSite\",\"@id\":\"https:\/\/latam.patiadiabetes.com\/#website\",\"url\":\"https:\/\/latam.patiadiabetes.com\/\",\"name\":\"PATIA Diabetes\",\"description\":\"T\u00fa puedes prevenir la diabetes tipo 2\",\"publisher\":{\"@id\":\"https:\/\/latam.patiadiabetes.com\/#organization\"},\"potentialAction\":[{\"@type\":\"SearchAction\",\"target\":{\"@type\":\"EntryPoint\",\"urlTemplate\":\"https:\/\/latam.patiadiabetes.com\/?s={search_term_string}\"},\"query-input\":\"required name=search_term_string\"}],\"inLanguage\":\"es\"},{\"@type\":\"Organization\",\"@id\":\"https:\/\/latam.patiadiabetes.com\/#organization\",\"name\":\"Patia\",\"url\":\"https:\/\/latam.patiadiabetes.com\/\",\"logo\":{\"@type\":\"ImageObject\",\"inLanguage\":\"es\",\"@id\":\"https:\/\/latam.patiadiabetes.com\/#\/schema\/logo\/image\/\",\"url\":\"https:\/\/www.patiadiabetes.com\/wp-content\/uploads\/2016\/01\/PATIA-logo.png\",\"contentUrl\":\"https:\/\/www.patiadiabetes.com\/wp-content\/uploads\/2016\/01\/PATIA-logo.png\",\"width\":150,\"height\":80,\"caption\":\"Patia\"},\"image\":{\"@id\":\"https:\/\/latam.patiadiabetes.com\/#\/schema\/logo\/image\/\"}}]}<\/script>\n<!-- \/ Yoast SEO plugin. -->","yoast_head_json":{"title":"Diabetes Prevent - Prevenci\u00f3n de la diabetes tipo 2","description":"Es el programa de prevenci\u00f3n desarrollado por Patia que permite conocer tu predisposici\u00f3n gen\u00e9tica a padecer diabetes tipo 2 con un sencillo test.","robots":{"index":"index","follow":"follow","max-snippet":"max-snippet:-1","max-image-preview":"max-image-preview:large","max-video-preview":"max-video-preview:-1"},"canonical":"https:\/\/latam.patiadiabetes.com\/diabetes-prevent\/","og_locale":"es_ES","og_type":"article","og_title":"Diabetes Prevent - Prevenci\u00f3n de la diabetes tipo 2","og_description":"Es el programa de prevenci\u00f3n desarrollado por Patia que permite conocer tu predisposici\u00f3n gen\u00e9tica a padecer diabetes tipo 2 con un sencillo test.","og_url":"https:\/\/latam.patiadiabetes.com\/diabetes-prevent\/","og_site_name":"PATIA Diabetes","article_modified_time":"2023-02-28T16:58:48+00:00","og_image":[{"url":"https:\/\/latam.patiadiabetes.com\/wp-content\/uploads\/2016\/01\/bigstock-Mom-with-her-years-old-child-93478745-e1455349791214.jpg"}],"twitter_card":"summary_large_image","twitter_misc":{"Tiempo de lectura":"6 minutos"},"schema":{"@context":"https:\/\/schema.org","@graph":[{"@type":"WebPage","@id":"https:\/\/latam.patiadiabetes.com\/diabetes-prevent\/","url":"https:\/\/latam.patiadiabetes.com\/diabetes-prevent\/","name":"Diabetes Prevent - Prevenci\u00f3n de la diabetes tipo 2","isPartOf":{"@id":"https:\/\/latam.patiadiabetes.com\/#website"},"datePublished":"2016-01-25T23:31:46+00:00","dateModified":"2023-02-28T16:58:48+00:00","description":"Es el programa de prevenci\u00f3n desarrollado por Patia que permite conocer tu predisposici\u00f3n gen\u00e9tica a padecer diabetes tipo 2 con un sencillo test.","inLanguage":"es","potentialAction":[{"@type":"ReadAction","target":["https:\/\/latam.patiadiabetes.com\/diabetes-prevent\/"]}]},{"@type":"WebSite","@id":"https:\/\/latam.patiadiabetes.com\/#website","url":"https:\/\/latam.patiadiabetes.com\/","name":"PATIA Diabetes","description":"T\u00fa puedes prevenir la diabetes tipo 2","publisher":{"@id":"https:\/\/latam.patiadiabetes.com\/#organization"},"potentialAction":[{"@type":"SearchAction","target":{"@type":"EntryPoint","urlTemplate":"https:\/\/latam.patiadiabetes.com\/?s={search_term_string}"},"query-input":"required name=search_term_string"}],"inLanguage":"es"},{"@type":"Organization","@id":"https:\/\/latam.patiadiabetes.com\/#organization","name":"Patia","url":"https:\/\/latam.patiadiabetes.com\/","logo":{"@type":"ImageObject","inLanguage":"es","@id":"https:\/\/latam.patiadiabetes.com\/#\/schema\/logo\/image\/","url":"https:\/\/www.patiadiabetes.com\/wp-content\/uploads\/2016\/01\/PATIA-logo.png","contentUrl":"https:\/\/www.patiadiabetes.com\/wp-content\/uploads\/2016\/01\/PATIA-logo.png","width":150,"height":80,"caption":"Patia"},"image":{"@id":"https:\/\/latam.patiadiabetes.com\/#\/schema\/logo\/image\/"}}]}},"_links":{"self":[{"href":"https:\/\/latam.patiadiabetes.com\/es\/wp-json\/wp\/v2\/pages\/276"}],"collection":[{"href":"https:\/\/latam.patiadiabetes.com\/es\/wp-json\/wp\/v2\/pages"}],"about":[{"href":"https:\/\/latam.patiadiabetes.com\/es\/wp-json\/wp\/v2\/types\/page"}],"author":[{"embeddable":true,"href":"https:\/\/latam.patiadiabetes.com\/es\/wp-json\/wp\/v2\/users\/5"}],"replies":[{"embeddable":true,"href":"https:\/\/latam.patiadiabetes.com\/es\/wp-json\/wp\/v2\/comments?post=276"}],"version-history":[{"count":2,"href":"https:\/\/latam.patiadiabetes.com\/es\/wp-json\/wp\/v2\/pages\/276\/revisions"}],"predecessor-version":[{"id":14253,"href":"https:\/\/latam.patiadiabetes.com\/es\/wp-json\/wp\/v2\/pages\/276\/revisions\/14253"}],"wp:attachment":[{"href":"https:\/\/latam.patiadiabetes.com\/es\/wp-json\/wp\/v2\/media?parent=276"}],"curies":[{"name":"wp","href":"https:\/\/api.w.org\/{rel}","templated":true}]}}