{"id":304,"date":"2016-01-26T00:00:56","date_gmt":"2016-01-26T00:00:56","guid":{"rendered":"http:\/\/test.patiadiabetes.com\/?page_id=304"},"modified":"2020-12-07T18:13:46","modified_gmt":"2020-12-07T16:13:46","slug":"historias-diabetes-prevent-historias-diabetes-prevent","status":"publish","type":"page","link":"https:\/\/latam.patiadiabetes.com\/es\/diabetes-prevent\/como-funciona\/historias-diabetes-prevent-historias-diabetes-prevent\/","title":{"rendered":"Historias Diabetes Prevent"},"content":{"rendered":"<p><div class=\"fusion-fullwidth fullwidth-box fusion-builder-row-1 fusion-parallax-fixed historias nonhundred-percent-fullwidth non-hundred-percent-height-scrolling lazyload\" style=\"background-color: rgba(255,255,255,0);background-position: left top;background-repeat: no-repeat;padding-top:120px;padding-right:0px;padding-bottom:150px;padding-left:0px;margin-bottom: 0px;margin-top: 0px;border-width: 0px 0px 0px 0px;border-color:#eae9e9;border-style:solid;-webkit-background-size:cover;-moz-background-size:cover;-o-background-size:cover;background-size:cover;background-attachment:fixed;\" data-bg=\"https:\/\/latam.patiadiabetes.com\/wp-content\/uploads\/2016\/01\/madre-hija1500.jpg\" ><div class=\"fusion-builder-row fusion-row\"><div class=\"fusion-layout-column fusion_builder_column fusion-builder-column-0 fusion_builder_column_1_1 1_1 fusion-one-full fusion-column-first fusion-column-last fusion-column-no-min-height\" style=\"margin-top:0px;margin-bottom:0px;\"><div class=\"fusion-column-wrapper fusion-flex-column-wrapper-legacy\" style=\"background-position:left top;background-repeat:no-repeat;-webkit-background-size:cover;-moz-background-size:cover;-o-background-size:cover;background-size:cover;padding: 0px 0px 0px 0px;\"><style type=\"text\/css\"><\/style><div class=\"fusion-title title fusion-title-1 fusion-sep-none fusion-title-center fusion-title-text fusion-title-size-one azul-oscuro\" style=\"margin-top:0px;margin-right:0px;margin-bottom:31px;margin-left:0px;\"><h1 class=\"title-heading-center fusion-responsive-typography-calculated\" style=\"margin:0;--fontSize:45;line-height:1.24;\">#historiasdiabetesprevent<\/h1><\/div><div class=\"fusion-clearfix\"><\/div><\/div><\/div><\/div><\/div><div class=\"fusion-fullwidth fullwidth-box fusion-builder-row-2 historias nonhundred-percent-fullwidth non-hundred-percent-height-scrolling\" style=\"background-color: rgba(255,255,255,0);background-position: left top;background-repeat: no-repeat;padding-top:20px;padding-right:0px;padding-bottom:20px;padding-left:0px;margin-bottom: 0px;margin-top: 0px;border-width: 0px 0px 0px 0px;border-color:#eae9e9;border-style:solid;\" ><div class=\"fusion-builder-row fusion-row\"><div class=\"fusion-layout-column fusion_builder_column fusion-builder-column-1 fusion_builder_column_1_1 1_1 fusion-one-full fusion-column-first fusion-column-last fusion-column-no-min-height\" style=\"margin-top:0px;margin-bottom:0px;\"><div class=\"fusion-column-wrapper fusion-flex-column-wrapper-legacy\" style=\"background-position:left top;background-repeat:no-repeat;-webkit-background-size:cover;-moz-background-size:cover;-o-background-size:cover;background-size:cover;padding: 0px 0px 0px 0px;\"><style type=\"text\/css\"><\/style><div class=\"fusion-title title fusion-title-2 fusion-sep-none fusion-title-center fusion-title-text fusion-title-size-two azul-oscuro\" style=\"margin-top:0px;margin-right:0px;margin-bottom:31px;margin-left:0px;\"><h2 class=\"title-heading-center fusion-responsive-typography-calculated\" style=\"margin:0;--fontSize:25;line-height:1.28;\"><span style=\"font-weight: 400;\">Conoce lo que opinan las personas que han probado la prueba gen\u00e9tica de predisposici\u00f3n a la diabetes tipo 2 que ofrece Diabetes Prevent.<\/span><\/h2><\/div><div class=\"fusion-clearfix\"><\/div><\/div><\/div><\/div><\/div><div class=\"fusion-fullwidth fullwidth-box fusion-builder-row-3 nonhundred-percent-fullwidth non-hundred-percent-height-scrolling\" style=\"background-color: rgba(255,255,255,0);background-position: left top;background-repeat: no-repeat;padding-top:20px;padding-right:0px;padding-bottom:20px;padding-left:0px;margin-bottom: 0px;margin-top: 0px;border-width: 0px 0px 0px 0px;border-color:#eae9e9;border-style:solid;\" ><div class=\"fusion-builder-row fusion-row\"><div class=\"fusion-layout-column fusion_builder_column fusion-builder-column-2 fusion_builder_column_1_3 1_3 fusion-one-third fusion-column-first\" style=\"width:30.6666%; margin-right: 4%;margin-top:0px;margin-bottom:10px;\"><div class=\"fusion-column-wrapper fusion-flex-column-wrapper-legacy\" style=\"background-position:left top;background-repeat:no-repeat;-webkit-background-size:cover;-moz-background-size:cover;-o-background-size:cover;background-size:cover;padding: 0px 0px 0px 0px;\"><span class=\" fusion-imageframe imageframe-none imageframe-1 hover-type-none imageframe-historias\" style=\"margin-right:25px;float:left;\"><img decoding=\"async\" width=\"300\" height=\"300\" alt=\"Testimonios | Diabetes Prevent\" title=\"doctor\" src=\"data:image\/svg+xml,%3Csvg%20xmlns%3D%27http%3A%2F%2Fwww.w3.org%2F2000%2Fsvg%27%20width%3D%27300%27%20height%3D%27300%27%20viewBox%3D%270%200%20300%20300%27%3E%3Crect%20width%3D%27300%27%20height%3D%27300%27%20fill-opacity%3D%220%22%2F%3E%3C%2Fsvg%3E\" data-orig-src=\"https:\/\/latam.patiadiabetes.com\/wp-content\/uploads\/2016\/03\/doctor-1.png\" class=\"lazyload img-responsive wp-image-2271\"\/><\/span><div class=\"fusion-text fusion-text-1\"><div class=\"datos-testimonio\"><strong>Jaime L.<\/strong><br \/>\n<em>52 a\u00f1os, Madrid<\/em><\/div>\n<\/div><div class=\"fusion-text fusion-text-2\"><blockquote>\n<p>Sin duda una herramienta que puede ayudar a muchas personas y ahorrar graves complicaciones.<\/p>\n<\/blockquote>\n<\/div><div class=\"fusion-clearfix\"><\/div><\/div><\/div><div class=\"fusion-layout-column fusion_builder_column fusion-builder-column-3 fusion_builder_column_1_3 1_3 fusion-one-third testimonio\" style=\"width:30.6666%; margin-right: 4%;margin-top:0px;margin-bottom:10px;\"><div class=\"fusion-column-wrapper fusion-flex-column-wrapper-legacy\" style=\"background-position:left top;background-repeat:no-repeat;-webkit-background-size:cover;-moz-background-size:cover;-o-background-size:cover;background-size:cover;padding: 0px 0px 0px 0px;\"><span class=\" fusion-imageframe imageframe-none imageframe-2 hover-type-none imageframe-historias\" style=\"margin-right:25px;float:left;\"><img decoding=\"async\" width=\"150\" height=\"150\" alt=\"Testimonios | Diabetes Prevent\" title=\"Testimonios | Diabetes Prevent\" src=\"data:image\/svg+xml,%3Csvg%20xmlns%3D%27http%3A%2F%2Fwww.w3.org%2F2000%2Fsvg%27%20width%3D%27300%27%20height%3D%27300%27%20viewBox%3D%270%200%20300%20300%27%3E%3Crect%20width%3D%27300%27%20height%3D%27300%27%20fill-opacity%3D%220%22%2F%3E%3C%2Fsvg%3E\" data-orig-src=\"https:\/\/latam.patiadiabetes.com\/wp-content\/uploads\/2016\/01\/testimonios-diabetes-prevent-uno-150x150.png\" class=\"lazyload img-responsive wp-image-662\"\/><\/span><div class=\"fusion-text fusion-text-3\"><div class=\"datos-testimonio\"><strong>Laura G.<\/strong><br \/>\n<em>39 a\u00f1os, Bilbao<\/em><\/div>\n<\/div><div class=\"fusion-text fusion-text-4\"><blockquote>\n<p>Nunca pens\u00e9 que ser\u00eda tan f\u00e1cil hacer la prueba a mi hijo: en 5 minutos y sin agujas.<\/p>\n<\/blockquote>\n<\/div><div class=\"fusion-clearfix\"><\/div><\/div><\/div><div class=\"fusion-layout-column fusion_builder_column fusion-builder-column-4 fusion_builder_column_1_3 1_3 fusion-one-third fusion-column-last\" style=\"width:30.6666%;margin-top:0px;margin-bottom:10px;\"><div class=\"fusion-column-wrapper fusion-flex-column-wrapper-legacy\" style=\"background-position:left top;background-repeat:no-repeat;-webkit-background-size:cover;-moz-background-size:cover;-o-background-size:cover;background-size:cover;padding: 0px 0px 0px 0px;\"><span class=\" fusion-imageframe imageframe-none imageframe-3 hover-type-none imageframe-historias\" style=\"margin-right:25px;float:left;\"><img decoding=\"async\" width=\"300\" height=\"300\" alt=\"Testimonios | Diabetes Prevent\" title=\"Carlos\" src=\"data:image\/svg+xml,%3Csvg%20xmlns%3D%27http%3A%2F%2Fwww.w3.org%2F2000%2Fsvg%27%20width%3D%27300%27%20height%3D%27300%27%20viewBox%3D%270%200%20300%20300%27%3E%3Crect%20width%3D%27300%27%20height%3D%27300%27%20fill-opacity%3D%220%22%2F%3E%3C%2Fsvg%3E\" data-orig-src=\"https:\/\/latam.patiadiabetes.com\/wp-content\/uploads\/2016\/01\/happyman.png\" class=\"lazyload img-responsive wp-image-1309\"\/><\/span><div class=\"fusion-text fusion-text-5\"><div class=\"datos-testimonio\"><strong>Pedro P.<\/strong><br \/>\n<em>49 a\u00f1os,\u00a0Monterrey<\/em><\/div>\n<\/div><div class=\"fusion-text fusion-text-6\"><blockquote>\n<p>He decidido tomarme las cosas en serio y empezar a cuidarme antes de que sea tarde.<\/p>\n<\/blockquote>\n<\/div><div class=\"fusion-clearfix\"><\/div><\/div><\/div><\/div><\/div><div class=\"fusion-fullwidth fullwidth-box fusion-builder-row-4 nonhundred-percent-fullwidth non-hundred-percent-height-scrolling\" style=\"background-color: rgba(255,255,255,0);background-position: left top;background-repeat: no-repeat;padding-top:0px;padding-right:0px;padding-bottom:0px;padding-left:0px;margin-bottom: 0px;margin-top: 0px;border-width: 0px 0px 0px 0px;border-color:#eae9e9;border-style:solid;\" ><div class=\"fusion-builder-row fusion-row\"><div class=\"fusion-layout-column fusion_builder_column fusion-builder-column-5 fusion_builder_column_1_1 1_1 fusion-one-full fusion-column-first fusion-column-last\" style=\"margin-top:0px;margin-bottom:10px;\"><div class=\"fusion-column-wrapper fusion-flex-column-wrapper-legacy\" style=\"background-position:left top;background-repeat:no-repeat;-webkit-background-size:cover;-moz-background-size:cover;-o-background-size:cover;background-size:cover;padding: 0px 0px 0px 0px;\"><div class=\"fusion-text fusion-text-7\"><h2>D\u00e9janos tu opini\u00f3n<\/h2>\n<p>Tu opini\u00f3n puede ser de gran ayuda para que Patia siga trabajando en la prevenci\u00f3n de la diabetes y para que otras personas conozcan m\u00e1s sobre Diabetes Prevent.<br \/>\nMuchas gracias.<\/p>\n<\/div><div class=\"fusion-clearfix\"><\/div><\/div><\/div><div class=\"fusion-layout-column fusion_builder_column fusion-builder-column-6 fusion_builder_column_1_1 1_1 fusion-one-full fusion-column-first fusion-column-last fusion-column-no-min-height\" style=\"margin-top:0px;margin-bottom:0px;\"><div class=\"fusion-column-wrapper fusion-flex-column-wrapper-legacy\" style=\"background-position:left top;background-repeat:no-repeat;-webkit-background-size:cover;-moz-background-size:cover;-o-background-size:cover;background-size:cover;padding: 0px 0px 0px 0px;\"><div class=\"fusion-text fusion-text-8\"><div class=\"wpcf7 no-js\" id=\"wpcf7-f27-o1\" lang=\"es-ES\" dir=\"ltr\">\n<div class=\"screen-reader-response\"><p role=\"status\" aria-live=\"polite\" aria-atomic=\"true\"><\/p> <ul><\/ul><\/div>\n<form action=\"\/es\/wp-json\/wp\/v2\/pages\/304#wpcf7-f27-o1\" method=\"post\" class=\"wpcf7-form init\" aria-label=\"Formulario de contacto\" novalidate=\"novalidate\" data-status=\"init\">\n<div style=\"display: none;\">\n<input type=\"hidden\" name=\"_wpcf7\" value=\"27\" \/>\n<input type=\"hidden\" name=\"_wpcf7_version\" value=\"5.7.2\" \/>\n<input type=\"hidden\" name=\"_wpcf7_locale\" value=\"es_ES\" \/>\n<input type=\"hidden\" name=\"_wpcf7_unit_tag\" value=\"wpcf7-f27-o1\" \/>\n<input type=\"hidden\" name=\"_wpcf7_container_post\" value=\"0\" \/>\n<input type=\"hidden\" name=\"_wpcf7_posted_data_hash\" value=\"\" \/>\n<input type=\"hidden\" name=\"_wpcf7_recaptcha_response\" value=\"\" \/>\n<\/div>\n<p>Tu nombre (requerido)\n<\/p>\n<p><span class=\"wpcf7-form-control-wrap\" data-name=\"NOMBRE\"><input size=\"40\" class=\"wpcf7-form-control wpcf7-text wpcf7-validates-as-required\" aria-required=\"true\" aria-invalid=\"false\" value=\"\" type=\"text\" name=\"NOMBRE\" \/><\/span>\n<\/p>\n<p>Tu e-mail (requerido)\n<\/p>\n<p><span class=\"wpcf7-form-control-wrap\" data-name=\"EMAIL\"><input size=\"40\" class=\"wpcf7-form-control wpcf7-text wpcf7-email wpcf7-validates-as-required wpcf7-validates-as-email\" aria-required=\"true\" aria-invalid=\"false\" value=\"\" type=\"email\" name=\"EMAIL\" \/><\/span>\n<\/p>\n<p>Mensaje\n<\/p>\n<p><span class=\"wpcf7-form-control-wrap\" data-name=\"MENSAJE\"><textarea cols=\"40\" rows=\"10\" class=\"wpcf7-form-control wpcf7-textarea\" aria-invalid=\"false\" name=\"MENSAJE\"><\/textarea><\/span>\n<\/p>\n<p><br \/>\nPara evitar SPAM, escribe este c\u00f3digo en el campo siguiente<br \/>\n<em>Para usar CAPTCHA, tienes que tener instalado el plugin <a href=\"https:\/\/wordpress.org\/plugins\/really-simple-captcha\/\">Really Simple CAPTCHA<\/a>.<\/em><br \/>\n<span class=\"wpcf7-form-control-wrap\" data-name=\"captcha-257\"><input size=\"40\" class=\"wpcf7-form-control wpcf7-captchar\" autocomplete=\"off\" aria-invalid=\"false\" value=\"\" type=\"text\" name=\"captcha-257\" \/><\/span>\n<\/p>\n<p><span class=\"wpcf7-form-control-wrap\" data-name=\"acceptance-175\"><span class=\"wpcf7-form-control wpcf7-acceptance\"><span class=\"wpcf7-list-item\"><input type=\"checkbox\" name=\"acceptance-175\" value=\"1\" checked=\"checked\" aria-invalid=\"false\" \/><\/span><\/span><\/span> Acepto <a href=\"\/aviso-legal\/\" target=\"_blank\">las condiciones legales y la pol\u00edtica de privacidad<\/a>.\n<\/p>\n<p><input class=\"wpcf7-form-control has-spinner wpcf7-submit\" type=\"submit\" value=\"Enviar\" \/>\n<\/p><div class=\"fusion-alert alert custom alert-custom fusion-alert-center wpcf7-response-output alert-dismissable\" role=\"alert\" style=\"border-width:1px;\"><div class=\"fusion-alert-content-wrapper\"><span class=\"fusion-alert-content\"><\/span><\/div><button type=\"button\" class=\"close toggle-alert\" data-dismiss=\"alert\" aria-label=\"Close\">&times;<\/button><\/div><\/form><\/div>\n<\/div><div class=\"fusion-clearfix\"><\/div><\/div><\/div><\/div><\/div><\/p>\n","protected":false},"excerpt":{"rendered":"","protected":false},"author":5,"featured_media":0,"parent":302,"menu_order":0,"comment_status":"closed","ping_status":"closed","template":"100-width.php","meta":[],"yoast_head":"<!-- This site is optimized with the Yoast SEO plugin v19.14 - https:\/\/yoast.com\/wordpress\/plugins\/seo\/ -->\n<title>Historias Diabetes Prevent - Testimonios sobre el test de riesgo gen\u00e9tico a la diabetes<\/title>\n<meta name=\"description\" content=\"Encuentra opiniones y valoraciones sobre el test de predisposici\u00f3n gen\u00e9tica a padecer diabetes tipo 2 del programa de prevenci\u00f3n Diabetes Prevent.\" \/>\n<meta name=\"robots\" content=\"index, follow, max-snippet:-1, max-image-preview:large, max-video-preview:-1\" \/>\n<link rel=\"canonical\" href=\"https:\/\/latam.patiadiabetes.com\/es\/diabetes-prevent\/como-funciona\/historias-diabetes-prevent-historias-diabetes-prevent\/\" \/>\n<meta property=\"og:locale\" content=\"es_ES\" \/>\n<meta property=\"og:type\" content=\"article\" \/>\n<meta property=\"og:title\" content=\"Historias Diabetes Prevent - Testimonios sobre el test de riesgo gen\u00e9tico a la diabetes\" \/>\n<meta property=\"og:description\" content=\"Encuentra opiniones y valoraciones sobre el test de predisposici\u00f3n gen\u00e9tica a padecer diabetes tipo 2 del programa de prevenci\u00f3n Diabetes Prevent.\" \/>\n<meta property=\"og:url\" content=\"https:\/\/latam.patiadiabetes.com\/es\/diabetes-prevent\/como-funciona\/historias-diabetes-prevent-historias-diabetes-prevent\/\" \/>\n<meta property=\"og:site_name\" content=\"PATIA Diabetes\" \/>\n<meta property=\"article:modified_time\" content=\"2020-12-07T16:13:46+00:00\" \/>\n<meta property=\"og:image\" content=\"https:\/\/latam.patiadiabetes.com\/wp-content\/uploads\/2016\/03\/doctor-1.png\" \/>\n<meta name=\"twitter:card\" content=\"summary_large_image\" \/>\n<meta name=\"twitter:label1\" content=\"Tiempo de lectura\" \/>\n\t<meta name=\"twitter:data1\" content=\"5 minutos\" \/>\n<script type=\"application\/ld+json\" class=\"yoast-schema-graph\">{\"@context\":\"https:\/\/schema.org\",\"@graph\":[{\"@type\":\"WebPage\",\"@id\":\"https:\/\/latam.patiadiabetes.com\/es\/diabetes-prevent\/como-funciona\/historias-diabetes-prevent-historias-diabetes-prevent\/\",\"url\":\"https:\/\/latam.patiadiabetes.com\/es\/diabetes-prevent\/como-funciona\/historias-diabetes-prevent-historias-diabetes-prevent\/\",\"name\":\"Historias Diabetes Prevent - Testimonios sobre el test de riesgo gen\u00e9tico a la diabetes\",\"isPartOf\":{\"@id\":\"https:\/\/latam.patiadiabetes.com\/#website\"},\"datePublished\":\"2016-01-26T00:00:56+00:00\",\"dateModified\":\"2020-12-07T16:13:46+00:00\",\"description\":\"Encuentra opiniones y valoraciones sobre el test de predisposici\u00f3n gen\u00e9tica a padecer diabetes tipo 2 del programa de prevenci\u00f3n Diabetes Prevent.\",\"breadcrumb\":{\"@id\":\"https:\/\/latam.patiadiabetes.com\/es\/diabetes-prevent\/como-funciona\/historias-diabetes-prevent-historias-diabetes-prevent\/#breadcrumb\"},\"inLanguage\":\"es\",\"potentialAction\":[{\"@type\":\"ReadAction\",\"target\":[\"https:\/\/latam.patiadiabetes.com\/es\/diabetes-prevent\/como-funciona\/historias-diabetes-prevent-historias-diabetes-prevent\/\"]}]},{\"@type\":\"BreadcrumbList\",\"@id\":\"https:\/\/latam.patiadiabetes.com\/es\/diabetes-prevent\/como-funciona\/historias-diabetes-prevent-historias-diabetes-prevent\/#breadcrumb\",\"itemListElement\":[{\"@type\":\"ListItem\",\"position\":1,\"name\":\"Diabetes Prevent\",\"item\":\"https:\/\/latam.patiadiabetes.com\/diabetes-prevent\/\"},{\"@type\":\"ListItem\",\"position\":2,\"name\":\"C\u00f3mo funciona\",\"item\":\"https:\/\/latam.patiadiabetes.com\/diabetes-prevent\/como-funciona\/\"},{\"@type\":\"ListItem\",\"position\":3,\"name\":\"Historias Diabetes Prevent\"}]},{\"@type\":\"WebSite\",\"@id\":\"https:\/\/latam.patiadiabetes.com\/#website\",\"url\":\"https:\/\/latam.patiadiabetes.com\/\",\"name\":\"PATIA Diabetes\",\"description\":\"T\u00fa puedes prevenir la diabetes tipo 2\",\"publisher\":{\"@id\":\"https:\/\/latam.patiadiabetes.com\/#organization\"},\"potentialAction\":[{\"@type\":\"SearchAction\",\"target\":{\"@type\":\"EntryPoint\",\"urlTemplate\":\"https:\/\/latam.patiadiabetes.com\/?s={search_term_string}\"},\"query-input\":\"required name=search_term_string\"}],\"inLanguage\":\"es\"},{\"@type\":\"Organization\",\"@id\":\"https:\/\/latam.patiadiabetes.com\/#organization\",\"name\":\"Patia\",\"url\":\"https:\/\/latam.patiadiabetes.com\/\",\"logo\":{\"@type\":\"ImageObject\",\"inLanguage\":\"es\",\"@id\":\"https:\/\/latam.patiadiabetes.com\/#\/schema\/logo\/image\/\",\"url\":\"https:\/\/www.patiadiabetes.com\/wp-content\/uploads\/2016\/01\/PATIA-logo.png\",\"contentUrl\":\"https:\/\/www.patiadiabetes.com\/wp-content\/uploads\/2016\/01\/PATIA-logo.png\",\"width\":150,\"height\":80,\"caption\":\"Patia\"},\"image\":{\"@id\":\"https:\/\/latam.patiadiabetes.com\/#\/schema\/logo\/image\/\"}}]}<\/script>\n<!-- \/ Yoast SEO plugin. -->","yoast_head_json":{"title":"Historias Diabetes Prevent - Testimonios sobre el test de riesgo gen\u00e9tico a la diabetes","description":"Encuentra opiniones y valoraciones sobre el test de predisposici\u00f3n gen\u00e9tica a padecer diabetes tipo 2 del programa de prevenci\u00f3n Diabetes Prevent.","robots":{"index":"index","follow":"follow","max-snippet":"max-snippet:-1","max-image-preview":"max-image-preview:large","max-video-preview":"max-video-preview:-1"},"canonical":"https:\/\/latam.patiadiabetes.com\/es\/diabetes-prevent\/como-funciona\/historias-diabetes-prevent-historias-diabetes-prevent\/","og_locale":"es_ES","og_type":"article","og_title":"Historias Diabetes Prevent - Testimonios sobre el test de riesgo gen\u00e9tico a la diabetes","og_description":"Encuentra opiniones y valoraciones sobre el test de predisposici\u00f3n gen\u00e9tica a padecer diabetes tipo 2 del programa de prevenci\u00f3n Diabetes Prevent.","og_url":"https:\/\/latam.patiadiabetes.com\/es\/diabetes-prevent\/como-funciona\/historias-diabetes-prevent-historias-diabetes-prevent\/","og_site_name":"PATIA Diabetes","article_modified_time":"2020-12-07T16:13:46+00:00","og_image":[{"url":"https:\/\/latam.patiadiabetes.com\/wp-content\/uploads\/2016\/03\/doctor-1.png"}],"twitter_card":"summary_large_image","twitter_misc":{"Tiempo de lectura":"5 minutos"},"schema":{"@context":"https:\/\/schema.org","@graph":[{"@type":"WebPage","@id":"https:\/\/latam.patiadiabetes.com\/es\/diabetes-prevent\/como-funciona\/historias-diabetes-prevent-historias-diabetes-prevent\/","url":"https:\/\/latam.patiadiabetes.com\/es\/diabetes-prevent\/como-funciona\/historias-diabetes-prevent-historias-diabetes-prevent\/","name":"Historias Diabetes Prevent - Testimonios sobre el test de riesgo gen\u00e9tico a la diabetes","isPartOf":{"@id":"https:\/\/latam.patiadiabetes.com\/#website"},"datePublished":"2016-01-26T00:00:56+00:00","dateModified":"2020-12-07T16:13:46+00:00","description":"Encuentra opiniones y valoraciones sobre el test de predisposici\u00f3n gen\u00e9tica a padecer diabetes tipo 2 del programa de prevenci\u00f3n Diabetes Prevent.","breadcrumb":{"@id":"https:\/\/latam.patiadiabetes.com\/es\/diabetes-prevent\/como-funciona\/historias-diabetes-prevent-historias-diabetes-prevent\/#breadcrumb"},"inLanguage":"es","potentialAction":[{"@type":"ReadAction","target":["https:\/\/latam.patiadiabetes.com\/es\/diabetes-prevent\/como-funciona\/historias-diabetes-prevent-historias-diabetes-prevent\/"]}]},{"@type":"BreadcrumbList","@id":"https:\/\/latam.patiadiabetes.com\/es\/diabetes-prevent\/como-funciona\/historias-diabetes-prevent-historias-diabetes-prevent\/#breadcrumb","itemListElement":[{"@type":"ListItem","position":1,"name":"Diabetes Prevent","item":"https:\/\/latam.patiadiabetes.com\/diabetes-prevent\/"},{"@type":"ListItem","position":2,"name":"C\u00f3mo funciona","item":"https:\/\/latam.patiadiabetes.com\/diabetes-prevent\/como-funciona\/"},{"@type":"ListItem","position":3,"name":"Historias Diabetes Prevent"}]},{"@type":"WebSite","@id":"https:\/\/latam.patiadiabetes.com\/#website","url":"https:\/\/latam.patiadiabetes.com\/","name":"PATIA Diabetes","description":"T\u00fa puedes prevenir la diabetes tipo 2","publisher":{"@id":"https:\/\/latam.patiadiabetes.com\/#organization"},"potentialAction":[{"@type":"SearchAction","target":{"@type":"EntryPoint","urlTemplate":"https:\/\/latam.patiadiabetes.com\/?s={search_term_string}"},"query-input":"required name=search_term_string"}],"inLanguage":"es"},{"@type":"Organization","@id":"https:\/\/latam.patiadiabetes.com\/#organization","name":"Patia","url":"https:\/\/latam.patiadiabetes.com\/","logo":{"@type":"ImageObject","inLanguage":"es","@id":"https:\/\/latam.patiadiabetes.com\/#\/schema\/logo\/image\/","url":"https:\/\/www.patiadiabetes.com\/wp-content\/uploads\/2016\/01\/PATIA-logo.png","contentUrl":"https:\/\/www.patiadiabetes.com\/wp-content\/uploads\/2016\/01\/PATIA-logo.png","width":150,"height":80,"caption":"Patia"},"image":{"@id":"https:\/\/latam.patiadiabetes.com\/#\/schema\/logo\/image\/"}}]}},"_links":{"self":[{"href":"https:\/\/latam.patiadiabetes.com\/es\/wp-json\/wp\/v2\/pages\/304"}],"collection":[{"href":"https:\/\/latam.patiadiabetes.com\/es\/wp-json\/wp\/v2\/pages"}],"about":[{"href":"https:\/\/latam.patiadiabetes.com\/es\/wp-json\/wp\/v2\/types\/page"}],"author":[{"embeddable":true,"href":"https:\/\/latam.patiadiabetes.com\/es\/wp-json\/wp\/v2\/users\/5"}],"replies":[{"embeddable":true,"href":"https:\/\/latam.patiadiabetes.com\/es\/wp-json\/wp\/v2\/comments?post=304"}],"version-history":[{"count":0,"href":"https:\/\/latam.patiadiabetes.com\/es\/wp-json\/wp\/v2\/pages\/304\/revisions"}],"up":[{"embeddable":true,"href":"https:\/\/latam.patiadiabetes.com\/es\/wp-json\/wp\/v2\/pages\/302"}],"wp:attachment":[{"href":"https:\/\/latam.patiadiabetes.com\/es\/wp-json\/wp\/v2\/media?parent=304"}],"curies":[{"name":"wp","href":"https:\/\/api.w.org\/{rel}","templated":true}]}}