{"id":38,"date":"2016-01-06T16:07:58","date_gmt":"2016-01-06T16:07:58","guid":{"rendered":"http:\/\/patiadiabetes.com\/?page_id=38"},"modified":"2020-12-07T18:13:54","modified_gmt":"2020-12-07T16:13:54","slug":"patia","status":"publish","type":"page","link":"https:\/\/latam.patiadiabetes.com\/es\/patia\/","title":{"rendered":"Patia"},"content":{"rendered":"<p><div class=\"fusion-fullwidth fullwidth-box fusion-builder-row-1 hundred-percent-fullwidth non-hundred-percent-height-scrolling\" style=\"background-color: rgba(255,255,255,0);background-position: center center;background-repeat: no-repeat;padding-top:0px;padding-right:0px;padding-bottom:0px;padding-left:0px;margin-bottom: 0px;margin-top: 0px;border-width: 0px 0px 0px 0px;border-color:#eae9e9;border-style:solid;\" ><div class=\"fusion-builder-row fusion-row\"><div class=\"fusion-layout-column fusion_builder_column fusion-builder-column-0 fusion_builder_column_1_1 1_1 fusion-one-full fusion-column-first fusion-column-last fusion-column-no-min-height\" style=\"margin-top:0px;margin-bottom:0px;\"><div class=\"fusion-column-wrapper fusion-flex-column-wrapper-legacy\" style=\"background-position:left top;background-repeat:no-repeat;-webkit-background-size:cover;-moz-background-size:cover;-o-background-size:cover;background-size:cover;padding: 0px 0px 0px 0px;\"><style type=\"text\/css\"><\/style><div class=\"fusion-title title fusion-title-1 fusion-sep-none fusion-title-center fusion-title-text fusion-title-size-one\" style=\"margin-top:0px;margin-right:0px;margin-bottom:31px;margin-left:0px;\"><h1 class=\"title-heading-center fusion-responsive-typography-calculated\" style=\"margin:0;--fontSize:45;line-height:1.24;\">\u00bfQu\u00e9 es Patia?<\/h1><\/div><div class=\"fusion-clearfix\"><\/div><\/div><\/div><div class=\"fusion-layout-column fusion_builder_column fusion-builder-column-1 fusion_builder_column_1_1 1_1 fusion-one-full fusion-column-first fusion-column-last\" style=\"margin-top:0px;margin-bottom:10px;\"><div class=\"fusion-column-wrapper fusion-flex-column-wrapper-legacy\" style=\"background-position:left top;background-repeat:no-repeat;-webkit-background-size:cover;-moz-background-size:cover;-o-background-size:cover;background-size:cover;padding: 0px 0px 0px 0px;\"><div class=\"fusion-text fusion-text-1\"><h2 style=\"text-align: center\">En <strong>Patia<\/strong> unimos la gen\u00e9tica con herramientas digitales para prevenir y controlar la diabetes.<\/h2>\n<p>Trabajamos para reducir los casos de diabetes en el mundo y para mejorar la calidad de vida de las personas diab\u00e9ticas, creando soluciones tecnol\u00f3gicas y acompa\u00f1\u00e1ndote en un estilo de vida saludable.<\/p>\n<\/div><div class=\"fusion-clearfix\"><\/div><\/div><\/div><div class=\"fusion-layout-column fusion_builder_column fusion-builder-column-2 fusion_builder_column_1_1 1_1 fusion-one-full fusion-column-first fusion-column-last fusion-column-no-min-height\" style=\"margin-top:0px;margin-bottom:0px;\"><div class=\"fusion-column-wrapper fusion-flex-column-wrapper-legacy\" style=\"background-position:left top;background-repeat:no-repeat;-webkit-background-size:cover;-moz-background-size:cover;-o-background-size:cover;background-size:cover;padding: 0px 0px 0px 0px;\"><div class=\"fusion-sep-clear\"><\/div><div class=\"fusion-separator fusion-full-width-sep\" style=\"margin-left: auto;margin-right: auto;width:100%;\"><\/div><div class=\"fusion-sep-clear\"><\/div><div class=\"fusion-clearfix\"><\/div><\/div><\/div><div class=\"fusion-layout-column fusion_builder_column fusion-builder-column-3 fusion_builder_column_1_6 1_6 fusion-one-sixth fusion-column-first\" style=\"width:13.3333%; margin-right: 4%;margin-top:0px;margin-bottom:10px;\"><div class=\"fusion-column-wrapper fusion-flex-column-wrapper-legacy\" style=\"background-position:left top;background-repeat:no-repeat;-webkit-background-size:cover;-moz-background-size:cover;-o-background-size:cover;background-size:cover;padding: 0px 0px 0px 0px;\"><div class=\"fusion-clearfix\"><\/div><\/div><\/div><div class=\"fusion-layout-column fusion_builder_column fusion-builder-column-4 fusion_builder_column_2_5 2_5 fusion-two-fifth\" style=\"width:37.6%; margin-right: 4%;margin-top:0px;margin-bottom:10px;\"><div class=\"fusion-column-wrapper fusion-flex-column-wrapper-legacy\" style=\"background-position:left top;background-repeat:no-repeat;-webkit-background-size:cover;-moz-background-size:cover;-o-background-size:cover;background-size:cover;padding: 0px 0px 0px 0px;\"><div class=\"fusion-text fusion-text-2\"><h2><strong>Patia<\/strong> es una empresa dedicada a la Salud P\u00fablica que integra herramientas gen\u00e9ticas, metabol\u00f3micas y digitales, para facilitar la prevenci\u00f3n y control de la <a href=\"https:\/\/latam.patiadiabetes.com\/patia\/diabetes\/diabetes-tipo-2\/\">diabetes tipo 2.<\/a><\/h2>\n<\/div><div class=\"fusion-clearfix\"><\/div><\/div><\/div><div class=\"fusion-layout-column fusion_builder_column fusion-builder-column-5 fusion_builder_column_1_4 1_4 fusion-one-fourth\" style=\"width:22%; margin-right: 4%;margin-top:30px;margin-bottom:10px;\"><div class=\"fusion-column-wrapper fusion-flex-column-wrapper-legacy\" style=\"background-position:left top;background-repeat:no-repeat;-webkit-background-size:cover;-moz-background-size:cover;-o-background-size:cover;background-size:cover;padding: 0px 0px 0px 0px;\"><span class=\" fusion-imageframe imageframe-none imageframe-1 hover-type-none\"><img decoding=\"async\" alt=\"Patia\" src=\"data:image\/gif;base64,R0lGODlhAQABAAAAACH5BAEKAAEALAAAAAABAAEAAAICTAEAOw==\" data-orig-src=\"https:\/\/latam.patiadiabetes.com\/wp-content\/uploads\/2016\/01\/patia_blue-e1455906477176.jpg\" class=\"lazyload img-responsive\"\/><\/span><div class=\"fusion-clearfix\"><\/div><\/div><\/div><div class=\"fusion-layout-column fusion_builder_column fusion-builder-column-6 fusion_builder_column_1_6 1_6 fusion-one-sixth\" style=\"width:13.3333%; margin-right: 4%;margin-top:0px;margin-bottom:10px;\"><div class=\"fusion-column-wrapper fusion-flex-column-wrapper-legacy\" style=\"background-position:left top;background-repeat:no-repeat;-webkit-background-size:cover;-moz-background-size:cover;-o-background-size:cover;background-size:cover;padding: 0px 0px 0px 0px;\"><div class=\"fusion-clearfix\"><\/div><\/div><\/div><div class=\"fusion-layout-column fusion_builder_column fusion-builder-column-7 fusion_builder_column_1_1 1_1 fusion-one-full fusion-column-last fusion-column-no-min-height\" style=\"margin-top:0px;margin-bottom:0px;\"><div class=\"fusion-column-wrapper fusion-flex-column-wrapper-legacy\" style=\"background-position:left top;background-repeat:no-repeat;-webkit-background-size:cover;-moz-background-size:cover;-o-background-size:cover;background-size:cover;padding: 0px 0px 0px 0px;\"><div class=\"fusion-text fusion-text-3\"><h2>Nuestra batalla contra la diabetes<\/h2>\n<p>La diabetes se ha convertido en la epidemia del siglo XXI.\u00a0 Sus complicaciones son muy graves para los pacientes si la enfermedad no es controlada y derivan en costosos tratamientos.<\/p>\n<p>El objetivo de <strong>Patia<\/strong> es convertir el conocimiento cient\u00edfico avanzado en pioneras soluciones tecnol\u00f3gicas que ayuden a prevenir y controlar la diabetes.<\/p>\n<\/div><div class=\"fusion-clearfix\"><\/div><\/div><\/div><div class=\"fusion-layout-column fusion_builder_column fusion-builder-column-8 fusion_builder_column_1_1 1_1 fusion-one-full fusion-column-first fusion-column-last\" style=\"margin-top:0px;margin-bottom:10px;\"><div class=\"fusion-column-wrapper fusion-flex-column-wrapper-legacy\" style=\"background-position:left top;background-repeat:no-repeat;-webkit-background-size:cover;-moz-background-size:cover;-o-background-size:cover;background-size:cover;padding: 0px 0px 0px 0px;\"><div class=\"fusion-text fusion-text-4\"><h2>Qui\u00e9nes somos<\/h2>\n<p>El personal de <strong>Patia<\/strong> tiene una amplia experiencia en el campo de la biolog\u00eda molecular y la medicina gen\u00f3mica. Su conocimiento se complementa con alianzas con prestigiosos centros de investigaci\u00f3n en Europa y Am\u00e9rica para poner a disposici\u00f3n de la poblaci\u00f3n las herramientas gen\u00f3micas y tecnol\u00f3gicas m\u00e1s avanzadas del modo m\u00e1s accesible.<\/p>\n<p>Los proyectos de prevenci\u00f3n de la diabetes de <strong>Patia<\/strong>, como <a href=\"https:\/\/latam.patiadiabetes.com\/diabetes-prevent\/\"><strong>Diabetes Prevent<\/strong><\/a>, est\u00e1n avalados por un <a href=\"https:\/\/latam.patiadiabetes.com\/patia\/comite-cientifico\/\">comit\u00e9 cient\u00edfico<\/a> con larga trayectoria y amplia experiencia en el campo de la prevenci\u00f3n y tratamiento de la diabetes.<\/p>\n<\/div><div class=\"fusion-clearfix\"><\/div><\/div><\/div><div class=\"fusion-layout-column fusion_builder_column fusion-builder-column-9 fusion_builder_column_1_2 1_2 fusion-one-half fusion-column-first\" style=\"width:48%; margin-right: 4%;margin-top:0px;margin-bottom:10px;\"><div class=\"fusion-column-wrapper fusion-flex-column-wrapper-legacy\" style=\"background-position:left top;background-repeat:no-repeat;-webkit-background-size:cover;-moz-background-size:cover;-o-background-size:cover;background-size:cover;padding: 0px 0px 0px 0px;\"><div class=\"fusion-text fusion-text-5\"><h2>Empat\u00eda, transparencia y responsabilidad con la sociedad<\/h2>\n<p>Nuestro principal valor es la <strong>empat\u00eda<\/strong>. El sentido de <strong>Patia<\/strong> es estar cerca de la sociedad y crear nuevas y mejores soluciones para las personas.<\/p>\n<p><strong>Rigor<\/strong>. Somos cient\u00edficos.<\/p>\n<p><strong>Transparencia. <\/strong>Mostramos lo que somos y lo que hacemos con honestidad.<\/p>\n<p><strong>Responsabilidad. <\/strong> Nuestro compromiso con la sociedad no acabar\u00e1 nunca. Ni siquiera si logramos nuestra meta: revertir la epidemia de la diabetes en el planeta.<\/p>\n<\/div><div class=\"fusion-clearfix\"><\/div><\/div><\/div><div class=\"fusion-layout-column fusion_builder_column fusion-builder-column-10 fusion_builder_column_1_2 1_2 fusion-one-half fusion-column-last\" style=\"width:48%;margin-top:0px;margin-bottom:10px;\"><div class=\"fusion-column-wrapper fusion-flex-column-wrapper-legacy\" style=\"background-position:left top;background-repeat:no-repeat;-webkit-background-size:cover;-moz-background-size:cover;-o-background-size:cover;background-size:cover;padding: 0px 0px 0px 0px;\"><span class=\" fusion-imageframe imageframe-none imageframe-2 hover-type-none\"><img decoding=\"async\" width=\"600\" height=\"600\" alt=\"Compromiso sociedad\" title=\"gente\" src=\"data:image\/svg+xml,%3Csvg%20xmlns%3D%27http%3A%2F%2Fwww.w3.org%2F2000%2Fsvg%27%20width%3D%27600%27%20height%3D%27600%27%20viewBox%3D%270%200%20600%20600%27%3E%3Crect%20width%3D%27600%27%20height%3D%27600%27%20fill-opacity%3D%220%22%2F%3E%3C%2Fsvg%3E\" data-orig-src=\"https:\/\/latam.patiadiabetes.com\/wp-content\/uploads\/2016\/01\/gente.png\" class=\"lazyload img-responsive wp-image-1347\"\/><\/span><div class=\"fusion-clearfix\"><\/div><\/div><\/div><\/div><style type=\"text\/css\">.fusion-fullwidth.fusion-builder-row-1 { overflow:visible; }<\/style><\/div><div class=\"fusion-fullwidth fullwidth-box fusion-builder-row-2 nonhundred-percent-fullwidth non-hundred-percent-height-scrolling\" style=\"background-color: rgba(255,255,255,0);background-position: left top;background-repeat: no-repeat;padding-top:20px;padding-right:0px;padding-bottom:20px;padding-left:0px;margin-bottom: 0px;margin-top: 0px;border-width: 0px 0px 0px 0px;border-color:#eae9e9;border-style:solid;\" ><div class=\"fusion-builder-row fusion-row\"><\/div><\/div><div class=\"fusion-fullwidth fullwidth-box fusion-builder-row-3 hundred-percent-fullwidth non-hundred-percent-height-scrolling\" style=\"background-color: rgba(255,255,255,0);background-position: center center;background-repeat: no-repeat;padding-top:0px;padding-right:0px;padding-bottom:0px;padding-left:0px;margin-bottom: 0px;margin-top: 0px;border-width: 0px 0px 0px 0px;border-color:#eae9e9;border-style:solid;\" ><div class=\"fusion-builder-row fusion-row\"><div class=\"fusion-layout-column fusion_builder_column fusion-builder-column-11 fusion_builder_column_1_1 1_1 fusion-one-full fusion-column-first fusion-column-last fusion-column-no-min-height\" style=\"margin-top:0px;margin-bottom:0px;\"><div class=\"fusion-column-wrapper fusion-flex-column-wrapper-legacy\" style=\"background-position:left top;background-repeat:no-repeat;-webkit-background-size:cover;-moz-background-size:cover;-o-background-size:cover;background-size:cover;padding: 0px 0px 0px 0px;\"><style type='text\/css'>.reading-box-container-1 .element-bottomshadow:before,.reading-box-container-1 .element-bottomshadow:after{opacity:0.7;}<\/style><div class=\"fusion-reading-box-container reading-box-container-1\" style=\"margin-top:50px;margin-bottom:40px;\"><div class=\"reading-box\" style=\"background-color:#f5f5f5;border-width:1px;border-color:#f5f5f5;border-top-width:3px;border-top-color:var(--primary_color);border-style:solid;\"><div class=\"reading-box-additional\">\n<h3>Conoce m\u00e1s sobre Patia<\/h3>\n<h4><a href=\"https:\/\/latam.patiadiabetes.com\/diabetes-prevent\/\">Diabetes Prevent<\/a><\/h4>\n<h4><a href=\"https:\/\/latam.patiadiabetes.com\/patia\/nuestro-enfoque\/\">Nuestro enfoque<\/a><\/h4>\n<h4><a href=\"https:\/\/latam.patiadiabetes.com\/patia\/comite-cientifico\/\">Comit\u00e9 cient\u00edfico<\/a><\/h4>\n<h4><a href=\"https:\/\/latam.patiadiabetes.com\/profesionales\/\">\u00bfEres profesional de la salud<\/a> y quieres m\u00e1s informaci\u00f3n?<\/h4>\n<\/div><div class=\"fusion-clearfix\"><\/div><\/div><\/div><div class=\"fusion-clearfix\"><\/div><\/div><\/div><\/div><style type=\"text\/css\">.fusion-fullwidth.fusion-builder-row-3 { overflow:visible; }<\/style><\/div><\/p>\n","protected":false},"excerpt":{"rendered":"","protected":false},"author":1,"featured_media":0,"parent":0,"menu_order":1,"comment_status":"closed","ping_status":"closed","template":"side-navigation.php","meta":[],"yoast_head":"<!-- This site is optimized with the Yoast SEO plugin v19.14 - https:\/\/yoast.com\/wordpress\/plugins\/seo\/ -->\n<title>Patia - Prevenci\u00f3n y control de la diabetes<\/title>\n<meta name=\"description\" content=\"Trabajamos para reducir los casos de diabetes en el mundo y para mejorar la calidad de vida de las personas diab\u00e9ticas, creando soluciones tecnol\u00f3gicas y acompa\u00f1\u00e1ndote en un estilo de vida saludable. La prevenci\u00f3n de la diabetes y buscar c\u00f3mo combatir la diabetes son nuestras prioridades.\" \/>\n<meta name=\"robots\" content=\"index, follow, max-snippet:-1, max-image-preview:large, max-video-preview:-1\" \/>\n<link rel=\"canonical\" href=\"https:\/\/latam.patiadiabetes.com\/patia\/\" \/>\n<meta property=\"og:locale\" content=\"es_ES\" \/>\n<meta property=\"og:type\" content=\"article\" \/>\n<meta property=\"og:title\" content=\"Patia - Prevenci\u00f3n y control de la diabetes\" \/>\n<meta property=\"og:description\" content=\"Trabajamos para reducir los casos de diabetes en el mundo y para mejorar la calidad de vida de las personas diab\u00e9ticas, creando soluciones tecnol\u00f3gicas y acompa\u00f1\u00e1ndote en un estilo de vida saludable. La prevenci\u00f3n de la diabetes y buscar c\u00f3mo combatir la diabetes son nuestras prioridades.\" \/>\n<meta property=\"og:url\" content=\"https:\/\/latam.patiadiabetes.com\/patia\/\" \/>\n<meta property=\"og:site_name\" content=\"PATIA Diabetes\" \/>\n<meta property=\"article:modified_time\" content=\"2020-12-07T16:13:54+00:00\" \/>\n<meta property=\"og:image\" content=\"https:\/\/latam.patiadiabetes.com\/wp-content\/uploads\/2016\/01\/patia_blue-e1455906477176.jpg\" \/>\n<meta name=\"twitter:card\" content=\"summary_large_image\" \/>\n<meta name=\"twitter:label1\" content=\"Tiempo de lectura\" \/>\n\t<meta name=\"twitter:data1\" content=\"7 minutos\" \/>\n<script type=\"application\/ld+json\" class=\"yoast-schema-graph\">{\"@context\":\"https:\/\/schema.org\",\"@graph\":[{\"@type\":\"WebPage\",\"@id\":\"https:\/\/latam.patiadiabetes.com\/patia\/\",\"url\":\"https:\/\/latam.patiadiabetes.com\/patia\/\",\"name\":\"Patia - Prevenci\u00f3n y control de la diabetes\",\"isPartOf\":{\"@id\":\"https:\/\/latam.patiadiabetes.com\/#website\"},\"datePublished\":\"2016-01-06T16:07:58+00:00\",\"dateModified\":\"2020-12-07T16:13:54+00:00\",\"description\":\"Trabajamos para reducir los casos de diabetes en el mundo y para mejorar la calidad de vida de las personas diab\u00e9ticas, creando soluciones tecnol\u00f3gicas y acompa\u00f1\u00e1ndote en un estilo de vida saludable. La prevenci\u00f3n de la diabetes y buscar c\u00f3mo combatir la diabetes son nuestras prioridades.\",\"inLanguage\":\"es\",\"potentialAction\":[{\"@type\":\"ReadAction\",\"target\":[\"https:\/\/latam.patiadiabetes.com\/patia\/\"]}]},{\"@type\":\"WebSite\",\"@id\":\"https:\/\/latam.patiadiabetes.com\/#website\",\"url\":\"https:\/\/latam.patiadiabetes.com\/\",\"name\":\"PATIA Diabetes\",\"description\":\"T\u00fa puedes prevenir la diabetes tipo 2\",\"publisher\":{\"@id\":\"https:\/\/latam.patiadiabetes.com\/#organization\"},\"potentialAction\":[{\"@type\":\"SearchAction\",\"target\":{\"@type\":\"EntryPoint\",\"urlTemplate\":\"https:\/\/latam.patiadiabetes.com\/?s={search_term_string}\"},\"query-input\":\"required name=search_term_string\"}],\"inLanguage\":\"es\"},{\"@type\":\"Organization\",\"@id\":\"https:\/\/latam.patiadiabetes.com\/#organization\",\"name\":\"Patia\",\"url\":\"https:\/\/latam.patiadiabetes.com\/\",\"logo\":{\"@type\":\"ImageObject\",\"inLanguage\":\"es\",\"@id\":\"https:\/\/latam.patiadiabetes.com\/#\/schema\/logo\/image\/\",\"url\":\"https:\/\/www.patiadiabetes.com\/wp-content\/uploads\/2016\/01\/PATIA-logo.png\",\"contentUrl\":\"https:\/\/www.patiadiabetes.com\/wp-content\/uploads\/2016\/01\/PATIA-logo.png\",\"width\":150,\"height\":80,\"caption\":\"Patia\"},\"image\":{\"@id\":\"https:\/\/latam.patiadiabetes.com\/#\/schema\/logo\/image\/\"}}]}<\/script>\n<!-- \/ Yoast SEO plugin. -->","yoast_head_json":{"title":"Patia - Prevenci\u00f3n y control de la diabetes","description":"Trabajamos para reducir los casos de diabetes en el mundo y para mejorar la calidad de vida de las personas diab\u00e9ticas, creando soluciones tecnol\u00f3gicas y acompa\u00f1\u00e1ndote en un estilo de vida saludable. La prevenci\u00f3n de la diabetes y buscar c\u00f3mo combatir la diabetes son nuestras prioridades.","robots":{"index":"index","follow":"follow","max-snippet":"max-snippet:-1","max-image-preview":"max-image-preview:large","max-video-preview":"max-video-preview:-1"},"canonical":"https:\/\/latam.patiadiabetes.com\/patia\/","og_locale":"es_ES","og_type":"article","og_title":"Patia - Prevenci\u00f3n y control de la diabetes","og_description":"Trabajamos para reducir los casos de diabetes en el mundo y para mejorar la calidad de vida de las personas diab\u00e9ticas, creando soluciones tecnol\u00f3gicas y acompa\u00f1\u00e1ndote en un estilo de vida saludable. La prevenci\u00f3n de la diabetes y buscar c\u00f3mo combatir la diabetes son nuestras prioridades.","og_url":"https:\/\/latam.patiadiabetes.com\/patia\/","og_site_name":"PATIA Diabetes","article_modified_time":"2020-12-07T16:13:54+00:00","og_image":[{"url":"https:\/\/latam.patiadiabetes.com\/wp-content\/uploads\/2016\/01\/patia_blue-e1455906477176.jpg"}],"twitter_card":"summary_large_image","twitter_misc":{"Tiempo de lectura":"7 minutos"},"schema":{"@context":"https:\/\/schema.org","@graph":[{"@type":"WebPage","@id":"https:\/\/latam.patiadiabetes.com\/patia\/","url":"https:\/\/latam.patiadiabetes.com\/patia\/","name":"Patia - Prevenci\u00f3n y control de la diabetes","isPartOf":{"@id":"https:\/\/latam.patiadiabetes.com\/#website"},"datePublished":"2016-01-06T16:07:58+00:00","dateModified":"2020-12-07T16:13:54+00:00","description":"Trabajamos para reducir los casos de diabetes en el mundo y para mejorar la calidad de vida de las personas diab\u00e9ticas, creando soluciones tecnol\u00f3gicas y acompa\u00f1\u00e1ndote en un estilo de vida saludable. La prevenci\u00f3n de la diabetes y buscar c\u00f3mo combatir la diabetes son nuestras prioridades.","inLanguage":"es","potentialAction":[{"@type":"ReadAction","target":["https:\/\/latam.patiadiabetes.com\/patia\/"]}]},{"@type":"WebSite","@id":"https:\/\/latam.patiadiabetes.com\/#website","url":"https:\/\/latam.patiadiabetes.com\/","name":"PATIA Diabetes","description":"T\u00fa puedes prevenir la diabetes tipo 2","publisher":{"@id":"https:\/\/latam.patiadiabetes.com\/#organization"},"potentialAction":[{"@type":"SearchAction","target":{"@type":"EntryPoint","urlTemplate":"https:\/\/latam.patiadiabetes.com\/?s={search_term_string}"},"query-input":"required name=search_term_string"}],"inLanguage":"es"},{"@type":"Organization","@id":"https:\/\/latam.patiadiabetes.com\/#organization","name":"Patia","url":"https:\/\/latam.patiadiabetes.com\/","logo":{"@type":"ImageObject","inLanguage":"es","@id":"https:\/\/latam.patiadiabetes.com\/#\/schema\/logo\/image\/","url":"https:\/\/www.patiadiabetes.com\/wp-content\/uploads\/2016\/01\/PATIA-logo.png","contentUrl":"https:\/\/www.patiadiabetes.com\/wp-content\/uploads\/2016\/01\/PATIA-logo.png","width":150,"height":80,"caption":"Patia"},"image":{"@id":"https:\/\/latam.patiadiabetes.com\/#\/schema\/logo\/image\/"}}]}},"_links":{"self":[{"href":"https:\/\/latam.patiadiabetes.com\/es\/wp-json\/wp\/v2\/pages\/38"}],"collection":[{"href":"https:\/\/latam.patiadiabetes.com\/es\/wp-json\/wp\/v2\/pages"}],"about":[{"href":"https:\/\/latam.patiadiabetes.com\/es\/wp-json\/wp\/v2\/types\/page"}],"author":[{"embeddable":true,"href":"https:\/\/latam.patiadiabetes.com\/es\/wp-json\/wp\/v2\/users\/1"}],"replies":[{"embeddable":true,"href":"https:\/\/latam.patiadiabetes.com\/es\/wp-json\/wp\/v2\/comments?post=38"}],"version-history":[{"count":0,"href":"https:\/\/latam.patiadiabetes.com\/es\/wp-json\/wp\/v2\/pages\/38\/revisions"}],"wp:attachment":[{"href":"https:\/\/latam.patiadiabetes.com\/es\/wp-json\/wp\/v2\/media?parent=38"}],"curies":[{"name":"wp","href":"https:\/\/api.w.org\/{rel}","templated":true}]}}