{"id":758,"date":"2016-02-11T09:01:14","date_gmt":"2016-02-11T09:01:14","guid":{"rendered":"http:\/\/test.patiadiabetes.com\/?page_id=758"},"modified":"2020-12-07T18:13:46","modified_gmt":"2020-12-07T16:13:46","slug":"rafael-gabriel-2","status":"publish","type":"page","link":"https:\/\/latam.patiadiabetes.com\/es\/patia\/comite-cientifico\/rafael-gabriel-2\/","title":{"rendered":"Rafael Gabriel"},"content":{"rendered":"<div class=\"fusion-fullwidth fullwidth-box fusion-builder-row-1 hundred-percent-fullwidth non-hundred-percent-height-scrolling\" style=\"background-color: rgba(255,255,255,0);background-position: center center;background-repeat: no-repeat;padding-top:0px;padding-right:0px;padding-bottom:0px;padding-left:0px;margin-bottom: 0px;margin-top: 0px;border-width: 0px 0px 0px 0px;border-color:#eae9e9;border-style:solid;\" ><div class=\"fusion-builder-row fusion-row\"><div class=\"fusion-layout-column fusion_builder_column fusion-builder-column-0 fusion_builder_column_1_1 1_1 fusion-one-full fusion-column-first fusion-column-last fusion-column-no-min-height\" style=\"margin-top:0px;margin-bottom:0px;\"><div class=\"fusion-column-wrapper fusion-flex-column-wrapper-legacy\" style=\"background-position:left top;background-repeat:no-repeat;-webkit-background-size:cover;-moz-background-size:cover;-o-background-size:cover;background-size:cover;padding: 0px 0px 0px 0px;\"><style type=\"text\/css\"><\/style><div class=\"fusion-title title fusion-title-1 fusion-sep-none fusion-title-text fusion-title-size-one\" style=\"margin-top:0px;margin-right:0px;margin-bottom:31px;margin-left:0px;\"><h1 class=\"title-heading-left fusion-responsive-typography-calculated\" style=\"margin:0;--fontSize:45;line-height:1.24;\">Rafael Gabriel<\/h1><\/div><div class=\"fusion-text fusion-text-1\"><p><img decoding=\"async\" class=\"lazyload wp-image-2036 size-full alignleft\" src=\"https:\/\/latam.patiadiabetes.com\/wp-content\/uploads\/2016\/01\/rafael-gabriel-1.png\" data-orig-src=\"https:\/\/latam.patiadiabetes.com\/wp-content\/uploads\/2016\/01\/rafael-gabriel-1.png\" alt=\"\" width=\"155\" height=\"155\" srcset=\"data:image\/svg+xml,%3Csvg%20xmlns%3D%27http%3A%2F%2Fwww.w3.org%2F2000%2Fsvg%27%20width%3D%27155%27%20height%3D%27155%27%20viewBox%3D%270%200%20155%20155%27%3E%3Crect%20width%3D%27155%27%20height%3D%27155%27%20fill-opacity%3D%220%22%2F%3E%3C%2Fsvg%3E\" data-srcset=\"https:\/\/latam.patiadiabetes.com\/wp-content\/uploads\/2016\/01\/rafael-gabriel-1-66x66.png 66w, https:\/\/latam.patiadiabetes.com\/wp-content\/uploads\/2016\/01\/rafael-gabriel-1-150x150.png 150w, https:\/\/latam.patiadiabetes.com\/wp-content\/uploads\/2016\/01\/rafael-gabriel-1.png 155w\" data-sizes=\"auto\" data-orig-sizes=\"(max-width: 155px) 100vw, 155px\" \/><\/p>\n<h3>Dr. Rafael Gabriel S\u00e1nchez<\/h3>\n<p>Director de la Unidad de Metodolog\u00eda de la Investigaci\u00f3n<br \/>\nUniversidad Aut\u00f3noma de Madrid<br \/>\nMadrid (Espa\u00f1a)<\/p>\n<\/div><div class=\"fusion-sep-clear\"><\/div><div class=\"fusion-separator fusion-full-width-sep\" style=\"margin-left: auto;margin-right: auto;margin-top:10px;margin-bottom:10px;width:100%;\"><\/div><div class=\"fusion-sep-clear\"><\/div><div class=\"fusion-text fusion-text-2\"><h3>Biograf\u00eda<\/h3>\n<p>Rafael Gabriel S\u00e1nchez, MD, PhD, es Director de la Unidad de Metodolog\u00eda de la Investigaci\u00f3n, Instituto de Investigaci\u00f3n del Hospital Universitario de la Princesa, Universidad Aut\u00f3noma de Madrid. Jefe de Grupo de la Red Espa\u00f1ola de de Investigaci\u00f3n Cardiovascular, 2012-15. Patrono fundador de la Fundaci\u00f3n FIRCAVA de la Red RECAVA y RIC. Presidente de la Asociaci\u00f3n Espa\u00f1ola de Epidemiolog\u00eda Cl\u00ednica (AEDEC). IP del proyecto Europeo ePREDICE: \u201cEarly Prevention of Microvascular Complications in People with Hyperglycaemia in Europe\u201d, 7\u00aa Programa Marco de Investigaci\u00f3n de la UE. Miembro del consejo editorial (Cochrane Heart Group) de la Colaboraci\u00f3n Cochrane. Miembro del Consejo Editorial (comit\u00e9 metodol\u00f3gico) de la Revista Espa\u00f1ola de Cardiolog\u00eda.<\/p>\n<\/div><div class=\"fusion-text fusion-text-3\"><h3>M\u00e9ritos anteriores<\/h3>\n<p>Director de la Unidad de Investigaci\u00f3n del Instituto IdiPAZ, Hospital Universitario La Paz, Madrid, 2004-2014. Jefe de la Unidad de Epidemiolog\u00eda Cl\u00ednica del Hospital Universitario La Princesa, Madrid, 1990-2004. Miembro Del Comit\u00e9 Ejecutivo de RECAVA (Red Espa\u00f1ola de Investigaci\u00f3n Cardiovascular), Instituto de Salud Carlos III. Coordinador, Red Iberoamericana de Investigaci\u00f3n Cooperativa ba\u00f1o Prevenci\u00f3n de Enfermedades (Cardiometab\u00f3licas IBERCARMEN), CYTED. Profesor visitante, Departamento de Salud P\u00fablica de la Universidad de Helsinki, Finlandia. Profesor visitante Centro de Global e-Health Innovation de la Universidad de Toronto, Canad\u00e1. Director Cient\u00edfico Fundaci\u00f3n para la Diabetes, Madrid. Patrono de la Fundaci\u00f3n Espa\u00f1ola Para La e-salud (FESALUD). Director Cl\u00ednico de la Unidad Epidemiolog\u00eda Cl\u00ednica de la Fundaci\u00f3n Jim\u00e9nez D\u00edaz, de Madrid, 1994. Editor en jefe (2000-2007) de la Medicina Basada en la Evidencia Journal (Edici\u00f3n en espa\u00f1ol) publicado por el British Medical Journal. Editor principal del libro \u201cM\u00e9todos de Investigaci\u00f3n Cl\u00ednica en Cardiolog\u00eda, editado por la Revista Espa\u00f1ola de Cardiolog\u00eda. IP para Espa\u00f1a de los proyectos Europeos RISC (Insulin Resistance and Cardiovascular Disease), Prevenci\u00f3n de la Diabetes (proyectos DE-PLAN e IMAGE), EURO Heart Survey II, European Heart Network y varias subvenciones del Instituto de Salud Carlos III en el campo de la Epidemiolog\u00eda Cardiovascular y Diabetes.<\/p>\n<\/div><div class=\"fusion-text fusion-text-4\"><h3>Publicaciones<\/h3>\n<p>Ha publicado m\u00e1s de 200 art\u00edculos cient\u00edficos originales en revistas con impacto y revisi\u00f3n por pares principalmente en los temas de epidemiolog\u00eda y prevenci\u00f3n de la diabetes, las enfermedades cardiovasculares, deterioro cognitivo, el envejecimiento y sus factores de riesgo.<\/p>\n<\/div><div class=\"fusion-clearfix\"><\/div><\/div><\/div><\/div><style type=\"text\/css\">.fusion-fullwidth.fusion-builder-row-1 { overflow:visible; }<\/style><\/div>\n","protected":false},"excerpt":{"rendered":"","protected":false},"author":4,"featured_media":0,"parent":263,"menu_order":0,"comment_status":"closed","ping_status":"closed","template":"side-navigation.php","meta":[],"yoast_head":"<!-- This site is optimized with the Yoast SEO plugin v19.14 - https:\/\/yoast.com\/wordpress\/plugins\/seo\/ -->\n<title>Rafael Gabriel - Comit\u00e9 cient\u00edfico Diabetes Prevent<\/title>\n<meta name=\"description\" content=\"El programa para conocer la predisposici\u00f3n gen\u00e9tica a padecer diabetes tipo 2 y de prevenci\u00f3n de la diabetes DIABETESprevent est\u00e1 avalado por el Dr.Rafael Gabriel S\u00e1nchez, MD, PhD, Director de la Unidad de Metodolog\u00eda de la Investigaci\u00f3n, Instituto de Investigaci\u00f3n del Hospital Universitario de la Princesa, Universidad Aut\u00f3noma de Madrid. Ha publicado m\u00e1s de 200 art\u00edculos cient\u00edficos originales en revistas con impacto y revisi\u00f3n por pares principalmente en los temas de epidemiolog\u00eda y prevenci\u00f3n de la diabetes, las enfermedades cardiovasculares, deterioro cognitivo, el envejecimiento y sus factores de riesgo.\" \/>\n<meta name=\"robots\" content=\"index, follow, max-snippet:-1, max-image-preview:large, max-video-preview:-1\" \/>\n<link rel=\"canonical\" href=\"https:\/\/latam.patiadiabetes.com\/es\/patia\/comite-cientifico\/rafael-gabriel-2\/\" \/>\n<meta property=\"og:locale\" content=\"es_ES\" \/>\n<meta property=\"og:type\" content=\"article\" \/>\n<meta property=\"og:title\" content=\"Rafael Gabriel - Comit\u00e9 cient\u00edfico Diabetes Prevent\" \/>\n<meta property=\"og:description\" content=\"El programa para conocer la predisposici\u00f3n gen\u00e9tica a padecer diabetes tipo 2 y de prevenci\u00f3n de la diabetes DIABETESprevent est\u00e1 avalado por el Dr.Rafael Gabriel S\u00e1nchez, MD, PhD, Director de la Unidad de Metodolog\u00eda de la Investigaci\u00f3n, Instituto de Investigaci\u00f3n del Hospital Universitario de la Princesa, Universidad Aut\u00f3noma de Madrid. Ha publicado m\u00e1s de 200 art\u00edculos cient\u00edficos originales en revistas con impacto y revisi\u00f3n por pares principalmente en los temas de epidemiolog\u00eda y prevenci\u00f3n de la diabetes, las enfermedades cardiovasculares, deterioro cognitivo, el envejecimiento y sus factores de riesgo.\" \/>\n<meta property=\"og:url\" content=\"https:\/\/latam.patiadiabetes.com\/es\/patia\/comite-cientifico\/rafael-gabriel-2\/\" \/>\n<meta property=\"og:site_name\" content=\"PATIA Diabetes\" \/>\n<meta property=\"article:modified_time\" content=\"2020-12-07T16:13:46+00:00\" \/>\n<meta property=\"og:image\" content=\"https:\/\/latam.patiadiabetes.com\/wp-content\/uploads\/2016\/01\/rafael-gabriel-1.png\" \/>\n<meta name=\"twitter:card\" content=\"summary_large_image\" \/>\n<meta name=\"twitter:label1\" content=\"Tiempo de lectura\" \/>\n\t<meta name=\"twitter:data1\" content=\"3 minutos\" \/>\n<script type=\"application\/ld+json\" class=\"yoast-schema-graph\">{\"@context\":\"https:\/\/schema.org\",\"@graph\":[{\"@type\":\"WebPage\",\"@id\":\"https:\/\/latam.patiadiabetes.com\/es\/patia\/comite-cientifico\/rafael-gabriel-2\/\",\"url\":\"https:\/\/latam.patiadiabetes.com\/es\/patia\/comite-cientifico\/rafael-gabriel-2\/\",\"name\":\"Rafael Gabriel - Comit\u00e9 cient\u00edfico Diabetes Prevent\",\"isPartOf\":{\"@id\":\"https:\/\/latam.patiadiabetes.com\/#website\"},\"datePublished\":\"2016-02-11T09:01:14+00:00\",\"dateModified\":\"2020-12-07T16:13:46+00:00\",\"description\":\"El programa para conocer la predisposici\u00f3n gen\u00e9tica a padecer diabetes tipo 2 y de prevenci\u00f3n de la diabetes DIABETESprevent est\u00e1 avalado por el Dr.Rafael Gabriel S\u00e1nchez, MD, PhD, Director de la Unidad de Metodolog\u00eda de la Investigaci\u00f3n, Instituto de Investigaci\u00f3n del Hospital Universitario de la Princesa, Universidad Aut\u00f3noma de Madrid. Ha publicado m\u00e1s de 200 art\u00edculos cient\u00edficos originales en revistas con impacto y revisi\u00f3n por pares principalmente en los temas de epidemiolog\u00eda y prevenci\u00f3n de la diabetes, las enfermedades cardiovasculares, deterioro cognitivo, el envejecimiento y sus factores de riesgo.\",\"breadcrumb\":{\"@id\":\"https:\/\/latam.patiadiabetes.com\/es\/patia\/comite-cientifico\/rafael-gabriel-2\/#breadcrumb\"},\"inLanguage\":\"es\",\"potentialAction\":[{\"@type\":\"ReadAction\",\"target\":[\"https:\/\/latam.patiadiabetes.com\/es\/patia\/comite-cientifico\/rafael-gabriel-2\/\"]}]},{\"@type\":\"BreadcrumbList\",\"@id\":\"https:\/\/latam.patiadiabetes.com\/es\/patia\/comite-cientifico\/rafael-gabriel-2\/#breadcrumb\",\"itemListElement\":[{\"@type\":\"ListItem\",\"position\":1,\"name\":\"Patia\",\"item\":\"https:\/\/latam.patiadiabetes.com\/patia\/\"},{\"@type\":\"ListItem\",\"position\":2,\"name\":\"Comit\u00e9 cient\u00edfico\",\"item\":\"https:\/\/latam.patiadiabetes.com\/patia\/comite-cientifico\/\"},{\"@type\":\"ListItem\",\"position\":3,\"name\":\"Rafael Gabriel\"}]},{\"@type\":\"WebSite\",\"@id\":\"https:\/\/latam.patiadiabetes.com\/#website\",\"url\":\"https:\/\/latam.patiadiabetes.com\/\",\"name\":\"PATIA Diabetes\",\"description\":\"T\u00fa puedes prevenir la diabetes tipo 2\",\"publisher\":{\"@id\":\"https:\/\/latam.patiadiabetes.com\/#organization\"},\"potentialAction\":[{\"@type\":\"SearchAction\",\"target\":{\"@type\":\"EntryPoint\",\"urlTemplate\":\"https:\/\/latam.patiadiabetes.com\/?s={search_term_string}\"},\"query-input\":\"required name=search_term_string\"}],\"inLanguage\":\"es\"},{\"@type\":\"Organization\",\"@id\":\"https:\/\/latam.patiadiabetes.com\/#organization\",\"name\":\"Patia\",\"url\":\"https:\/\/latam.patiadiabetes.com\/\",\"logo\":{\"@type\":\"ImageObject\",\"inLanguage\":\"es\",\"@id\":\"https:\/\/latam.patiadiabetes.com\/#\/schema\/logo\/image\/\",\"url\":\"https:\/\/www.patiadiabetes.com\/wp-content\/uploads\/2016\/01\/PATIA-logo.png\",\"contentUrl\":\"https:\/\/www.patiadiabetes.com\/wp-content\/uploads\/2016\/01\/PATIA-logo.png\",\"width\":150,\"height\":80,\"caption\":\"Patia\"},\"image\":{\"@id\":\"https:\/\/latam.patiadiabetes.com\/#\/schema\/logo\/image\/\"}}]}<\/script>\n<!-- \/ Yoast SEO plugin. -->","yoast_head_json":{"title":"Rafael Gabriel - Comit\u00e9 cient\u00edfico Diabetes Prevent","description":"El programa para conocer la predisposici\u00f3n gen\u00e9tica a padecer diabetes tipo 2 y de prevenci\u00f3n de la diabetes DIABETESprevent est\u00e1 avalado por el Dr.Rafael Gabriel S\u00e1nchez, MD, PhD, Director de la Unidad de Metodolog\u00eda de la Investigaci\u00f3n, Instituto de Investigaci\u00f3n del Hospital Universitario de la Princesa, Universidad Aut\u00f3noma de Madrid. Ha publicado m\u00e1s de 200 art\u00edculos cient\u00edficos originales en revistas con impacto y revisi\u00f3n por pares principalmente en los temas de epidemiolog\u00eda y prevenci\u00f3n de la diabetes, las enfermedades cardiovasculares, deterioro cognitivo, el envejecimiento y sus factores de riesgo.","robots":{"index":"index","follow":"follow","max-snippet":"max-snippet:-1","max-image-preview":"max-image-preview:large","max-video-preview":"max-video-preview:-1"},"canonical":"https:\/\/latam.patiadiabetes.com\/es\/patia\/comite-cientifico\/rafael-gabriel-2\/","og_locale":"es_ES","og_type":"article","og_title":"Rafael Gabriel - Comit\u00e9 cient\u00edfico Diabetes Prevent","og_description":"El programa para conocer la predisposici\u00f3n gen\u00e9tica a padecer diabetes tipo 2 y de prevenci\u00f3n de la diabetes DIABETESprevent est\u00e1 avalado por el Dr.Rafael Gabriel S\u00e1nchez, MD, PhD, Director de la Unidad de Metodolog\u00eda de la Investigaci\u00f3n, Instituto de Investigaci\u00f3n del Hospital Universitario de la Princesa, Universidad Aut\u00f3noma de Madrid. Ha publicado m\u00e1s de 200 art\u00edculos cient\u00edficos originales en revistas con impacto y revisi\u00f3n por pares principalmente en los temas de epidemiolog\u00eda y prevenci\u00f3n de la diabetes, las enfermedades cardiovasculares, deterioro cognitivo, el envejecimiento y sus factores de riesgo.","og_url":"https:\/\/latam.patiadiabetes.com\/es\/patia\/comite-cientifico\/rafael-gabriel-2\/","og_site_name":"PATIA Diabetes","article_modified_time":"2020-12-07T16:13:46+00:00","og_image":[{"url":"https:\/\/latam.patiadiabetes.com\/wp-content\/uploads\/2016\/01\/rafael-gabriel-1.png"}],"twitter_card":"summary_large_image","twitter_misc":{"Tiempo de lectura":"3 minutos"},"schema":{"@context":"https:\/\/schema.org","@graph":[{"@type":"WebPage","@id":"https:\/\/latam.patiadiabetes.com\/es\/patia\/comite-cientifico\/rafael-gabriel-2\/","url":"https:\/\/latam.patiadiabetes.com\/es\/patia\/comite-cientifico\/rafael-gabriel-2\/","name":"Rafael Gabriel - Comit\u00e9 cient\u00edfico Diabetes Prevent","isPartOf":{"@id":"https:\/\/latam.patiadiabetes.com\/#website"},"datePublished":"2016-02-11T09:01:14+00:00","dateModified":"2020-12-07T16:13:46+00:00","description":"El programa para conocer la predisposici\u00f3n gen\u00e9tica a padecer diabetes tipo 2 y de prevenci\u00f3n de la diabetes DIABETESprevent est\u00e1 avalado por el Dr.Rafael Gabriel S\u00e1nchez, MD, PhD, Director de la Unidad de Metodolog\u00eda de la Investigaci\u00f3n, Instituto de Investigaci\u00f3n del Hospital Universitario de la Princesa, Universidad Aut\u00f3noma de Madrid. Ha publicado m\u00e1s de 200 art\u00edculos cient\u00edficos originales en revistas con impacto y revisi\u00f3n por pares principalmente en los temas de epidemiolog\u00eda y prevenci\u00f3n de la diabetes, las enfermedades cardiovasculares, deterioro cognitivo, el envejecimiento y sus factores de riesgo.","breadcrumb":{"@id":"https:\/\/latam.patiadiabetes.com\/es\/patia\/comite-cientifico\/rafael-gabriel-2\/#breadcrumb"},"inLanguage":"es","potentialAction":[{"@type":"ReadAction","target":["https:\/\/latam.patiadiabetes.com\/es\/patia\/comite-cientifico\/rafael-gabriel-2\/"]}]},{"@type":"BreadcrumbList","@id":"https:\/\/latam.patiadiabetes.com\/es\/patia\/comite-cientifico\/rafael-gabriel-2\/#breadcrumb","itemListElement":[{"@type":"ListItem","position":1,"name":"Patia","item":"https:\/\/latam.patiadiabetes.com\/patia\/"},{"@type":"ListItem","position":2,"name":"Comit\u00e9 cient\u00edfico","item":"https:\/\/latam.patiadiabetes.com\/patia\/comite-cientifico\/"},{"@type":"ListItem","position":3,"name":"Rafael Gabriel"}]},{"@type":"WebSite","@id":"https:\/\/latam.patiadiabetes.com\/#website","url":"https:\/\/latam.patiadiabetes.com\/","name":"PATIA Diabetes","description":"T\u00fa puedes prevenir la diabetes tipo 2","publisher":{"@id":"https:\/\/latam.patiadiabetes.com\/#organization"},"potentialAction":[{"@type":"SearchAction","target":{"@type":"EntryPoint","urlTemplate":"https:\/\/latam.patiadiabetes.com\/?s={search_term_string}"},"query-input":"required name=search_term_string"}],"inLanguage":"es"},{"@type":"Organization","@id":"https:\/\/latam.patiadiabetes.com\/#organization","name":"Patia","url":"https:\/\/latam.patiadiabetes.com\/","logo":{"@type":"ImageObject","inLanguage":"es","@id":"https:\/\/latam.patiadiabetes.com\/#\/schema\/logo\/image\/","url":"https:\/\/www.patiadiabetes.com\/wp-content\/uploads\/2016\/01\/PATIA-logo.png","contentUrl":"https:\/\/www.patiadiabetes.com\/wp-content\/uploads\/2016\/01\/PATIA-logo.png","width":150,"height":80,"caption":"Patia"},"image":{"@id":"https:\/\/latam.patiadiabetes.com\/#\/schema\/logo\/image\/"}}]}},"_links":{"self":[{"href":"https:\/\/latam.patiadiabetes.com\/es\/wp-json\/wp\/v2\/pages\/758"}],"collection":[{"href":"https:\/\/latam.patiadiabetes.com\/es\/wp-json\/wp\/v2\/pages"}],"about":[{"href":"https:\/\/latam.patiadiabetes.com\/es\/wp-json\/wp\/v2\/types\/page"}],"author":[{"embeddable":true,"href":"https:\/\/latam.patiadiabetes.com\/es\/wp-json\/wp\/v2\/users\/4"}],"replies":[{"embeddable":true,"href":"https:\/\/latam.patiadiabetes.com\/es\/wp-json\/wp\/v2\/comments?post=758"}],"version-history":[{"count":0,"href":"https:\/\/latam.patiadiabetes.com\/es\/wp-json\/wp\/v2\/pages\/758\/revisions"}],"up":[{"embeddable":true,"href":"https:\/\/latam.patiadiabetes.com\/es\/wp-json\/wp\/v2\/pages\/263"}],"wp:attachment":[{"href":"https:\/\/latam.patiadiabetes.com\/es\/wp-json\/wp\/v2\/media?parent=758"}],"curies":[{"name":"wp","href":"https:\/\/api.w.org\/{rel}","templated":true}]}}