{"id":8972,"date":"2018-05-07T10:25:27","date_gmt":"2018-05-07T08:25:27","guid":{"rendered":"https:\/\/latam.patiadiabetes.com\/?page_id=8972"},"modified":"2020-12-07T18:13:44","modified_gmt":"2020-12-07T16:13:44","slug":"jaime-berumen","status":"publish","type":"page","link":"https:\/\/latam.patiadiabetes.com\/es\/patia\/comite-cientifico\/jaime-berumen\/","title":{"rendered":"Jaime Berumen"},"content":{"rendered":"<div class=\"fusion-fullwidth fullwidth-box fusion-builder-row-1 hundred-percent-fullwidth non-hundred-percent-height-scrolling\" style=\"background-color: rgba(255,255,255,0);background-position: center center;background-repeat: no-repeat;padding-top:0px;padding-right:0px;padding-bottom:0px;padding-left:0px;margin-bottom: 0px;margin-top: 0px;border-width: 0px 0px 0px 0px;border-color:#eae9e9;border-style:solid;\" ><div class=\"fusion-builder-row fusion-row\"><div class=\"fusion-layout-column fusion_builder_column fusion-builder-column-0 fusion_builder_column_1_1 1_1 fusion-one-full fusion-column-first fusion-column-last fusion-column-no-min-height\" style=\"margin-top:0px;margin-bottom:0px;\"><div class=\"fusion-column-wrapper fusion-flex-column-wrapper-legacy\" style=\"background-position:left top;background-repeat:no-repeat;-webkit-background-size:cover;-moz-background-size:cover;-o-background-size:cover;background-size:cover;padding: 0px 0px 0px 0px;\"><style type=\"text\/css\"><\/style><div class=\"fusion-title title fusion-title-1 fusion-sep-none fusion-title-text fusion-title-size-one\" style=\"margin-top:0px;margin-right:0px;margin-bottom:31px;margin-left:0px;\"><h1 class=\"title-heading-left fusion-responsive-typography-calculated\" style=\"margin:0;--fontSize:45;line-height:1.24;\">Jaime Berumen<\/h1><\/div><div class=\"fusion-text fusion-text-1\"><p><img decoding=\"async\" class=\"lazyload wp-image-8951 size-full alignleft\" src=\"https:\/\/latam.patiadiabetes.com\/wp-content\/uploads\/2018\/04\/jaimeberumen-1.jpg\" data-orig-src=\"https:\/\/latam.patiadiabetes.com\/wp-content\/uploads\/2018\/04\/jaimeberumen-1.jpg\" alt=\"\" width=\"155\" height=\"155\" srcset=\"data:image\/svg+xml,%3Csvg%20xmlns%3D%27http%3A%2F%2Fwww.w3.org%2F2000%2Fsvg%27%20width%3D%27155%27%20height%3D%27155%27%20viewBox%3D%270%200%20155%20155%27%3E%3Crect%20width%3D%27155%27%20height%3D%27155%27%20fill-opacity%3D%220%22%2F%3E%3C%2Fsvg%3E\" data-srcset=\"https:\/\/latam.patiadiabetes.com\/wp-content\/uploads\/2018\/04\/jaimeberumen-1-66x66.jpg 66w, https:\/\/latam.patiadiabetes.com\/wp-content\/uploads\/2018\/04\/jaimeberumen-1-150x150.jpg 150w, https:\/\/latam.patiadiabetes.com\/wp-content\/uploads\/2018\/04\/jaimeberumen-1.jpg 155w\" data-sizes=\"auto\" data-orig-sizes=\"(max-width: 155px) 100vw, 155px\" \/><\/p>\n<h3>Dr.\u00a0Jaime Berumen<\/h3>\n<p>Profesor Titular, Jefe de la Unidad de Medicina Gen\u00f3mica<\/p>\n<p>Hospital General de M\u00e9xico\u00a0&#8211; Facultad de Medicina de la UNAM.<\/p>\n<\/div><div class=\"fusion-sep-clear\"><\/div><div class=\"fusion-separator fusion-full-width-sep\" style=\"margin-left: auto;margin-right: auto;margin-top:10px;margin-bottom:10px;width:100%;\"><\/div><div class=\"fusion-sep-clear\"><\/div><div class=\"fusion-text fusion-text-2\"><h3>Biograf\u00eda<\/h3>\n<p>Actualmente es Profesor Titular B, jefe de la Unidad de Medicina Gen\u00f3mica, Hospital General de M\u00e9xico \/ Facultad de Medicina de la UNAM.<\/p>\n<p>En 1994 fue doctorado en Investigaci\u00f3n Biom\u00e9dica B\u00e1sica (Biolog\u00eda Molecular), por el Instituto de Investigaciones Biom\u00e9dicas, UNAM. Posdoctorado en Loyola University Medical Center (Chicago Illinois, 1993-1994) y es miembro de la Academia Nacional de Medicina de M\u00e9xico.<\/p>\n<\/div><div class=\"fusion-text fusion-text-3\"><h3>Publicaciones<\/h3>\n<p>Autor de 65 publicaciones, 50 internacionales y 1598 citas bibliogr\u00e1ficas. El Dr Berumen descubri\u00f3 una variedad muy oncog\u00e9nica del Virus del Papiloma Humano 16 (variedad Asi\u00e1tico-Americana), muy frecuente en las mujeres con c\u00e1ncer del cuello uterino en M\u00e9xico.<\/p>\n<\/div><div class=\"fusion-text fusion-text-4\"><h3>M\u00e9ritos anteriores<\/h3>\n<p>Premio de Investigaci\u00f3n M\u00e9dica \u201cDr. Rosenkranz 1999\u201d, otorgado por el Grupo Roche Syntex. Tambi\u00e9n el Premio CONACyT 2001 al mejor trabajo de investigaci\u00f3n cl\u00ednica, otorgado por la Academia Nacional de Medicina y el Premio Nacional de Oncolog\u00eda \u201cDr. Guillermo Monta\u00f1o Islas\u201d 2003 y 2004.<\/p>\n<p>Tambi\u00e9n es Premio Nacional de Ciencia y Tecnolog\u00eda de Alimentos 2012, otorgado por el CONACyT y la industria Coca-Cola de M\u00e9xico por el trabajo en que se identific\u00f3 la presencia de aflatoxinas en c\u00e1ncer del cuello uterino y su interacci\u00f3n con el Virus del Papiloma Humano.<\/p>\n<\/div><div class=\"fusion-clearfix\"><\/div><\/div><\/div><\/div><style type=\"text\/css\">.fusion-fullwidth.fusion-builder-row-1 { overflow:visible; }<\/style><\/div>\n","protected":false},"excerpt":{"rendered":"","protected":false},"author":4,"featured_media":0,"parent":263,"menu_order":0,"comment_status":"closed","ping_status":"closed","template":"side-navigation.php","meta":[],"yoast_head":"<!-- This site is optimized with the Yoast SEO plugin v19.14 - https:\/\/yoast.com\/wordpress\/plugins\/seo\/ -->\n<title>Jaime Berumen - Comit\u00e9 cient\u00edfico Diabetes Prevent<\/title>\n<meta name=\"description\" content=\"El Doctor es actualmente Profesor Titular B, jefe de la Unidad de Medicina Gen\u00f3mica, Hospital General de M\u00e9xico\/Facultad de Medicina de la UNAM.\" \/>\n<meta name=\"robots\" content=\"index, follow, max-snippet:-1, max-image-preview:large, max-video-preview:-1\" \/>\n<link rel=\"canonical\" href=\"https:\/\/latam.patiadiabetes.com\/es\/patia\/comite-cientifico\/jaime-berumen\/\" \/>\n<meta property=\"og:locale\" content=\"es_ES\" \/>\n<meta property=\"og:type\" content=\"article\" \/>\n<meta property=\"og:title\" content=\"Jaime Berumen - Comit\u00e9 cient\u00edfico Diabetes Prevent\" \/>\n<meta property=\"og:description\" content=\"El Doctor es actualmente Profesor Titular B, jefe de la Unidad de Medicina Gen\u00f3mica, Hospital General de M\u00e9xico\/Facultad de Medicina de la UNAM.\" \/>\n<meta property=\"og:url\" content=\"https:\/\/latam.patiadiabetes.com\/es\/patia\/comite-cientifico\/jaime-berumen\/\" \/>\n<meta property=\"og:site_name\" content=\"PATIA Diabetes\" \/>\n<meta property=\"article:modified_time\" content=\"2020-12-07T16:13:44+00:00\" \/>\n<meta property=\"og:image\" content=\"https:\/\/latam.patiadiabetes.com\/wp-content\/uploads\/2018\/04\/jaimeberumen-1.jpg\" \/>\n<meta name=\"twitter:card\" content=\"summary_large_image\" \/>\n<meta name=\"twitter:label1\" content=\"Tiempo de lectura\" \/>\n\t<meta name=\"twitter:data1\" content=\"2 minutos\" \/>\n<script type=\"application\/ld+json\" class=\"yoast-schema-graph\">{\"@context\":\"https:\/\/schema.org\",\"@graph\":[{\"@type\":\"WebPage\",\"@id\":\"https:\/\/latam.patiadiabetes.com\/es\/patia\/comite-cientifico\/jaime-berumen\/\",\"url\":\"https:\/\/latam.patiadiabetes.com\/es\/patia\/comite-cientifico\/jaime-berumen\/\",\"name\":\"Jaime Berumen - Comit\u00e9 cient\u00edfico Diabetes Prevent\",\"isPartOf\":{\"@id\":\"https:\/\/latam.patiadiabetes.com\/#website\"},\"datePublished\":\"2018-05-07T08:25:27+00:00\",\"dateModified\":\"2020-12-07T16:13:44+00:00\",\"description\":\"El Doctor es actualmente Profesor Titular B, jefe de la Unidad de Medicina Gen\u00f3mica, Hospital General de M\u00e9xico\/Facultad de Medicina de la UNAM.\",\"breadcrumb\":{\"@id\":\"https:\/\/latam.patiadiabetes.com\/es\/patia\/comite-cientifico\/jaime-berumen\/#breadcrumb\"},\"inLanguage\":\"es\",\"potentialAction\":[{\"@type\":\"ReadAction\",\"target\":[\"https:\/\/latam.patiadiabetes.com\/es\/patia\/comite-cientifico\/jaime-berumen\/\"]}]},{\"@type\":\"BreadcrumbList\",\"@id\":\"https:\/\/latam.patiadiabetes.com\/es\/patia\/comite-cientifico\/jaime-berumen\/#breadcrumb\",\"itemListElement\":[{\"@type\":\"ListItem\",\"position\":1,\"name\":\"Patia\",\"item\":\"https:\/\/latam.patiadiabetes.com\/patia\/\"},{\"@type\":\"ListItem\",\"position\":2,\"name\":\"Comit\u00e9 cient\u00edfico\",\"item\":\"https:\/\/latam.patiadiabetes.com\/patia\/comite-cientifico\/\"},{\"@type\":\"ListItem\",\"position\":3,\"name\":\"Jaime Berumen\"}]},{\"@type\":\"WebSite\",\"@id\":\"https:\/\/latam.patiadiabetes.com\/#website\",\"url\":\"https:\/\/latam.patiadiabetes.com\/\",\"name\":\"PATIA Diabetes\",\"description\":\"T\u00fa puedes prevenir la diabetes tipo 2\",\"publisher\":{\"@id\":\"https:\/\/latam.patiadiabetes.com\/#organization\"},\"potentialAction\":[{\"@type\":\"SearchAction\",\"target\":{\"@type\":\"EntryPoint\",\"urlTemplate\":\"https:\/\/latam.patiadiabetes.com\/?s={search_term_string}\"},\"query-input\":\"required name=search_term_string\"}],\"inLanguage\":\"es\"},{\"@type\":\"Organization\",\"@id\":\"https:\/\/latam.patiadiabetes.com\/#organization\",\"name\":\"Patia\",\"url\":\"https:\/\/latam.patiadiabetes.com\/\",\"logo\":{\"@type\":\"ImageObject\",\"inLanguage\":\"es\",\"@id\":\"https:\/\/latam.patiadiabetes.com\/#\/schema\/logo\/image\/\",\"url\":\"https:\/\/www.patiadiabetes.com\/wp-content\/uploads\/2016\/01\/PATIA-logo.png\",\"contentUrl\":\"https:\/\/www.patiadiabetes.com\/wp-content\/uploads\/2016\/01\/PATIA-logo.png\",\"width\":150,\"height\":80,\"caption\":\"Patia\"},\"image\":{\"@id\":\"https:\/\/latam.patiadiabetes.com\/#\/schema\/logo\/image\/\"}}]}<\/script>\n<!-- \/ Yoast SEO plugin. -->","yoast_head_json":{"title":"Jaime Berumen - Comit\u00e9 cient\u00edfico Diabetes Prevent","description":"El Doctor es actualmente Profesor Titular B, jefe de la Unidad de Medicina Gen\u00f3mica, Hospital General de M\u00e9xico\/Facultad de Medicina de la UNAM.","robots":{"index":"index","follow":"follow","max-snippet":"max-snippet:-1","max-image-preview":"max-image-preview:large","max-video-preview":"max-video-preview:-1"},"canonical":"https:\/\/latam.patiadiabetes.com\/es\/patia\/comite-cientifico\/jaime-berumen\/","og_locale":"es_ES","og_type":"article","og_title":"Jaime Berumen - Comit\u00e9 cient\u00edfico Diabetes Prevent","og_description":"El Doctor es actualmente Profesor Titular B, jefe de la Unidad de Medicina Gen\u00f3mica, Hospital General de M\u00e9xico\/Facultad de Medicina de la UNAM.","og_url":"https:\/\/latam.patiadiabetes.com\/es\/patia\/comite-cientifico\/jaime-berumen\/","og_site_name":"PATIA Diabetes","article_modified_time":"2020-12-07T16:13:44+00:00","og_image":[{"url":"https:\/\/latam.patiadiabetes.com\/wp-content\/uploads\/2018\/04\/jaimeberumen-1.jpg"}],"twitter_card":"summary_large_image","twitter_misc":{"Tiempo de lectura":"2 minutos"},"schema":{"@context":"https:\/\/schema.org","@graph":[{"@type":"WebPage","@id":"https:\/\/latam.patiadiabetes.com\/es\/patia\/comite-cientifico\/jaime-berumen\/","url":"https:\/\/latam.patiadiabetes.com\/es\/patia\/comite-cientifico\/jaime-berumen\/","name":"Jaime Berumen - Comit\u00e9 cient\u00edfico Diabetes Prevent","isPartOf":{"@id":"https:\/\/latam.patiadiabetes.com\/#website"},"datePublished":"2018-05-07T08:25:27+00:00","dateModified":"2020-12-07T16:13:44+00:00","description":"El Doctor es actualmente Profesor Titular B, jefe de la Unidad de Medicina Gen\u00f3mica, Hospital General de M\u00e9xico\/Facultad de Medicina de la UNAM.","breadcrumb":{"@id":"https:\/\/latam.patiadiabetes.com\/es\/patia\/comite-cientifico\/jaime-berumen\/#breadcrumb"},"inLanguage":"es","potentialAction":[{"@type":"ReadAction","target":["https:\/\/latam.patiadiabetes.com\/es\/patia\/comite-cientifico\/jaime-berumen\/"]}]},{"@type":"BreadcrumbList","@id":"https:\/\/latam.patiadiabetes.com\/es\/patia\/comite-cientifico\/jaime-berumen\/#breadcrumb","itemListElement":[{"@type":"ListItem","position":1,"name":"Patia","item":"https:\/\/latam.patiadiabetes.com\/patia\/"},{"@type":"ListItem","position":2,"name":"Comit\u00e9 cient\u00edfico","item":"https:\/\/latam.patiadiabetes.com\/patia\/comite-cientifico\/"},{"@type":"ListItem","position":3,"name":"Jaime Berumen"}]},{"@type":"WebSite","@id":"https:\/\/latam.patiadiabetes.com\/#website","url":"https:\/\/latam.patiadiabetes.com\/","name":"PATIA Diabetes","description":"T\u00fa puedes prevenir la diabetes tipo 2","publisher":{"@id":"https:\/\/latam.patiadiabetes.com\/#organization"},"potentialAction":[{"@type":"SearchAction","target":{"@type":"EntryPoint","urlTemplate":"https:\/\/latam.patiadiabetes.com\/?s={search_term_string}"},"query-input":"required name=search_term_string"}],"inLanguage":"es"},{"@type":"Organization","@id":"https:\/\/latam.patiadiabetes.com\/#organization","name":"Patia","url":"https:\/\/latam.patiadiabetes.com\/","logo":{"@type":"ImageObject","inLanguage":"es","@id":"https:\/\/latam.patiadiabetes.com\/#\/schema\/logo\/image\/","url":"https:\/\/www.patiadiabetes.com\/wp-content\/uploads\/2016\/01\/PATIA-logo.png","contentUrl":"https:\/\/www.patiadiabetes.com\/wp-content\/uploads\/2016\/01\/PATIA-logo.png","width":150,"height":80,"caption":"Patia"},"image":{"@id":"https:\/\/latam.patiadiabetes.com\/#\/schema\/logo\/image\/"}}]}},"_links":{"self":[{"href":"https:\/\/latam.patiadiabetes.com\/es\/wp-json\/wp\/v2\/pages\/8972"}],"collection":[{"href":"https:\/\/latam.patiadiabetes.com\/es\/wp-json\/wp\/v2\/pages"}],"about":[{"href":"https:\/\/latam.patiadiabetes.com\/es\/wp-json\/wp\/v2\/types\/page"}],"author":[{"embeddable":true,"href":"https:\/\/latam.patiadiabetes.com\/es\/wp-json\/wp\/v2\/users\/4"}],"replies":[{"embeddable":true,"href":"https:\/\/latam.patiadiabetes.com\/es\/wp-json\/wp\/v2\/comments?post=8972"}],"version-history":[{"count":0,"href":"https:\/\/latam.patiadiabetes.com\/es\/wp-json\/wp\/v2\/pages\/8972\/revisions"}],"up":[{"embeddable":true,"href":"https:\/\/latam.patiadiabetes.com\/es\/wp-json\/wp\/v2\/pages\/263"}],"wp:attachment":[{"href":"https:\/\/latam.patiadiabetes.com\/es\/wp-json\/wp\/v2\/media?parent=8972"}],"curies":[{"name":"wp","href":"https:\/\/api.w.org\/{rel}","templated":true}]}}