{"id":9025,"date":"2018-05-08T13:17:21","date_gmt":"2018-05-08T11:17:21","guid":{"rendered":"https:\/\/latam.patiadiabetes.com\/?page_id=9025"},"modified":"2020-12-07T18:13:44","modified_gmt":"2020-12-07T16:13:44","slug":"solicita-mas-informacion","status":"publish","type":"page","link":"https:\/\/latam.patiadiabetes.com\/es\/solicita-mas-informacion\/","title":{"rendered":"Solicita m\u00e1s informaci\u00f3n GDMpredict"},"content":{"rendered":"<h2><img decoding=\"async\" class=\"lazyload alignnone wp-image-9030 size-full\" src=\"https:\/\/latam.patiadiabetes.com\/wp-content\/uploads\/2018\/05\/GDMpredict_banner2-e1525778789246.png\" data-orig-src=\"https:\/\/latam.patiadiabetes.com\/wp-content\/uploads\/2018\/05\/GDMpredict_banner2-e1525778789246.png\" alt=\"GDMpredict Test riesgo diabetes gestacional\" width=\"583\" height=\"163\" srcset=\"data:image\/svg+xml,%3Csvg%20xmlns%3D%27http%3A%2F%2Fwww.w3.org%2F2000%2Fsvg%27%20width%3D%27583%27%20height%3D%27163%27%20viewBox%3D%270%200%20583%20163%27%3E%3Crect%20width%3D%27583%27%20height%3D%27163%27%20fill-opacity%3D%220%22%2F%3E%3C%2Fsvg%3E\" data-srcset=\"https:\/\/latam.patiadiabetes.com\/wp-content\/uploads\/2018\/05\/GDMpredict_banner2-e1525778789246-300x84.png 300w, https:\/\/latam.patiadiabetes.com\/wp-content\/uploads\/2018\/05\/GDMpredict_banner2-e1525778789246.png 583w\" data-sizes=\"auto\" data-orig-sizes=\"(max-width: 583px) 100vw, 583px\" \/><\/h2>\n<h3>Pr\u00f3ximamente lanzamos GDM<em>predict<\/em>. Rellena el formulario y compartiremos\u00a0informaci\u00f3n contigo en tiempo real.<\/h3>\n<h3><div class=\"fusion-fullwidth fullwidth-box fusion-builder-row-1 hundred-percent-fullwidth non-hundred-percent-height-scrolling\" style=\"background-color: rgba(255,255,255,0);background-position: center center;background-repeat: no-repeat;padding-top:0px;padding-right:0px;padding-bottom:0px;padding-left:0px;margin-bottom: 0px;margin-top: 0px;border-width: 0px 0px 0px 0px;border-color:#eae9e9;border-style:solid;\" ><div class=\"fusion-builder-row fusion-row\"><div class=\"fusion-layout-column fusion_builder_column fusion-builder-column-0 fusion_builder_column_1_1 1_1 fusion-one-full fusion-column-first fusion-column-last fusion-column-no-min-height\" style=\"margin-top:0px;margin-bottom:0px;\"><div class=\"fusion-column-wrapper fusion-flex-column-wrapper-legacy\" style=\"background-position:left top;background-repeat:no-repeat;-webkit-background-size:cover;-moz-background-size:cover;-o-background-size:cover;background-size:cover;padding: 0px 0px 0px 0px;\"><div class=\"wpcf7 no-js\" id=\"wpcf7-f9018-o1\" lang=\"es-ES\" dir=\"ltr\">\n<div class=\"screen-reader-response\"><p role=\"status\" aria-live=\"polite\" aria-atomic=\"true\"><\/p> <ul><\/ul><\/div>\n<form action=\"\/es\/wp-json\/wp\/v2\/pages\/9025#wpcf7-f9018-o1\" method=\"post\" class=\"wpcf7-form init\" aria-label=\"Formulario de contacto\" novalidate=\"novalidate\" data-status=\"init\">\n<div style=\"display: none;\">\n<input type=\"hidden\" name=\"_wpcf7\" value=\"9018\" \/>\n<input type=\"hidden\" name=\"_wpcf7_version\" value=\"5.7.2\" \/>\n<input type=\"hidden\" name=\"_wpcf7_locale\" value=\"es_ES\" \/>\n<input type=\"hidden\" name=\"_wpcf7_unit_tag\" value=\"wpcf7-f9018-o1\" \/>\n<input type=\"hidden\" name=\"_wpcf7_container_post\" value=\"0\" \/>\n<input type=\"hidden\" name=\"_wpcf7_posted_data_hash\" value=\"\" \/>\n<input type=\"hidden\" name=\"_wpcf7_recaptcha_response\" value=\"\" \/>\n<\/div>\n<p>Persona de contacto (*)\n<\/p>\n<p><span class=\"wpcf7-form-control-wrap\" data-name=\"NOMBRE\"><input size=\"40\" class=\"wpcf7-form-control wpcf7-text wpcf7-validates-as-required\" aria-required=\"true\" aria-invalid=\"false\" value=\"\" type=\"text\" name=\"NOMBRE\" \/><\/span>\n<\/p>\n<p>Instituci\u00f3n\n<\/p>\n<p><span class=\"wpcf7-form-control-wrap\" data-name=\"INTITUCION\"><input size=\"40\" class=\"wpcf7-form-control wpcf7-text\" aria-invalid=\"false\" value=\"\" type=\"text\" name=\"INTITUCION\" \/><\/span>\n<\/p>\n<p>Localidad\n<\/p>\n<p><span class=\"wpcf7-form-control-wrap\" data-name=\"LOCALIDAD\"><input size=\"40\" class=\"wpcf7-form-control wpcf7-text\" aria-invalid=\"false\" value=\"\" type=\"text\" name=\"LOCALIDAD\" \/><\/span>\n<\/p>\n<p>Pa\u00eds\n<\/p>\n<p><span class=\"wpcf7-form-control-wrap\" data-name=\"PAIS\"><input size=\"40\" class=\"wpcf7-form-control wpcf7-text\" aria-invalid=\"false\" value=\"\" type=\"text\" name=\"PAIS\" \/><\/span>\n<\/p>\n<p>Tel\u00e9fono de contacto (*)\n<\/p>\n<p><span class=\"wpcf7-form-control-wrap\" data-name=\"TELEFONO\"><input size=\"40\" class=\"wpcf7-form-control wpcf7-text wpcf7-tel wpcf7-validates-as-tel\" aria-invalid=\"false\" value=\"\" type=\"tel\" name=\"TELEFONO\" \/><\/span>\n<\/p>\n<p>Email (*)\n<\/p>\n<p><span class=\"wpcf7-form-control-wrap\" data-name=\"EMAIL\"><input size=\"40\" class=\"wpcf7-form-control wpcf7-text wpcf7-email wpcf7-validates-as-required wpcf7-validates-as-email\" aria-required=\"true\" aria-invalid=\"false\" value=\"\" type=\"email\" name=\"EMAIL\" \/><\/span>\n<\/p>\n<p><label>Especialidad<\/label>\n<\/p>\n<p><span class=\"wpcf7-form-control-wrap\" data-name=\"ESPECIALIDAD\"><input size=\"40\" class=\"wpcf7-form-control wpcf7-text\" aria-invalid=\"false\" value=\"\" type=\"text\" name=\"ESPECIALIDAD\" \/><\/span>\n<\/p>\n<p>Mensaje\n<\/p>\n<p><span class=\"wpcf7-form-control-wrap\" data-name=\"MENSAJE\"><textarea cols=\"40\" rows=\"10\" class=\"wpcf7-form-control wpcf7-textarea\" aria-invalid=\"false\" name=\"MENSAJE\"><\/textarea><\/span>\n<\/p>\n<p><br \/>\nPara evitar SPAM, escribe este c\u00f3digo en el campo siguiente<br \/>\n<em>Para usar CAPTCHA, tienes que tener instalado el plugin <a href=\"https:\/\/wordpress.org\/plugins\/really-simple-captcha\/\">Really Simple CAPTCHA<\/a>.<\/em><br \/>\n<span class=\"wpcf7-form-control-wrap\" data-name=\"captcha-257\"><input size=\"40\" class=\"wpcf7-form-control wpcf7-captchar\" autocomplete=\"off\" aria-invalid=\"false\" value=\"\" type=\"text\" name=\"captcha-257\" \/><\/span>\n<\/p>\n<p><span class=\"wpcf7-form-control-wrap\" data-name=\"acceptance-175\"><span class=\"wpcf7-form-control wpcf7-acceptance\"><span class=\"wpcf7-list-item\"><input type=\"checkbox\" name=\"acceptance-175\" value=\"1\" checked=\"checked\" aria-invalid=\"false\" \/><\/span><\/span><\/span> Acepto <a href=\"\/aviso-legal\/\" target=\"_blank\">las condiciones legales y la pol\u00edtica de privacidad<\/a>.\n<\/p>\n<p><input class=\"wpcf7-form-control has-spinner wpcf7-submit\" type=\"submit\" value=\"Enviar\" \/>\n<\/p><div class=\"fusion-alert alert custom alert-custom fusion-alert-center wpcf7-response-output alert-dismissable\" role=\"alert\" style=\"border-width:1px;\"><div class=\"fusion-alert-content-wrapper\"><span class=\"fusion-alert-content\"><\/span><\/div><button type=\"button\" class=\"close toggle-alert\" data-dismiss=\"alert\" aria-label=\"Close\">&times;<\/button><\/div><\/form><\/div><\/h3>\n<p>&nbsp;<\/p>\n<p>&nbsp;<\/p>\n<p>&nbsp;<div class=\"fusion-clearfix\"><\/div><\/div><\/div><\/div><style type=\"text\/css\">.fusion-fullwidth.fusion-builder-row-1 { overflow:visible; }<\/style><\/div><\/p>\n","protected":false},"excerpt":{"rendered":"<p>Pr\u00f3ximamente lanzamos GDMpredict. Rellena el formulario y compartiremos\u00a0informaci\u00f3n contigo en tiempo real.<\/p>\n","protected":false},"author":4,"featured_media":0,"parent":0,"menu_order":0,"comment_status":"closed","ping_status":"closed","template":"","meta":[],"yoast_head":"<!-- This site is optimized with the Yoast SEO plugin v19.14 - https:\/\/yoast.com\/wordpress\/plugins\/seo\/ -->\n<title>Solicita m\u00e1s informaci\u00f3n GDMpredict - PATIA Diabetes<\/title>\n<meta name=\"robots\" content=\"index, nofollow, max-snippet:-1, max-image-preview:large, max-video-preview:-1\" \/>\n<link rel=\"canonical\" href=\"https:\/\/latam.patiadiabetes.com\/solicita-mas-informacion\/\" \/>\n<meta property=\"og:locale\" content=\"es_ES\" \/>\n<meta property=\"og:type\" content=\"article\" \/>\n<meta property=\"og:title\" content=\"Solicita m\u00e1s informaci\u00f3n GDMpredict - PATIA Diabetes\" \/>\n<meta property=\"og:description\" content=\"Pr\u00f3ximamente lanzamos GDMpredict. Rellena el formulario y compartiremos\u00a0informaci\u00f3n contigo en tiempo real.\" \/>\n<meta property=\"og:url\" content=\"https:\/\/latam.patiadiabetes.com\/solicita-mas-informacion\/\" \/>\n<meta property=\"og:site_name\" content=\"PATIA Diabetes\" \/>\n<meta property=\"article:modified_time\" content=\"2020-12-07T16:13:44+00:00\" \/>\n<meta property=\"og:image\" content=\"https:\/\/latam.patiadiabetes.com\/wp-content\/uploads\/2018\/05\/GDMpredict_banner2-e1525778789246.png\" \/>\n<meta name=\"twitter:card\" content=\"summary_large_image\" \/>\n<script type=\"application\/ld+json\" class=\"yoast-schema-graph\">{\"@context\":\"https:\/\/schema.org\",\"@graph\":[{\"@type\":\"WebPage\",\"@id\":\"https:\/\/latam.patiadiabetes.com\/solicita-mas-informacion\/\",\"url\":\"https:\/\/latam.patiadiabetes.com\/solicita-mas-informacion\/\",\"name\":\"Solicita m\u00e1s informaci\u00f3n GDMpredict - PATIA Diabetes\",\"isPartOf\":{\"@id\":\"https:\/\/latam.patiadiabetes.com\/#website\"},\"datePublished\":\"2018-05-08T11:17:21+00:00\",\"dateModified\":\"2020-12-07T16:13:44+00:00\",\"inLanguage\":\"es\",\"potentialAction\":[{\"@type\":\"ReadAction\",\"target\":[\"https:\/\/latam.patiadiabetes.com\/solicita-mas-informacion\/\"]}]},{\"@type\":\"WebSite\",\"@id\":\"https:\/\/latam.patiadiabetes.com\/#website\",\"url\":\"https:\/\/latam.patiadiabetes.com\/\",\"name\":\"PATIA Diabetes\",\"description\":\"T\u00fa puedes prevenir la diabetes tipo 2\",\"publisher\":{\"@id\":\"https:\/\/latam.patiadiabetes.com\/#organization\"},\"potentialAction\":[{\"@type\":\"SearchAction\",\"target\":{\"@type\":\"EntryPoint\",\"urlTemplate\":\"https:\/\/latam.patiadiabetes.com\/?s={search_term_string}\"},\"query-input\":\"required name=search_term_string\"}],\"inLanguage\":\"es\"},{\"@type\":\"Organization\",\"@id\":\"https:\/\/latam.patiadiabetes.com\/#organization\",\"name\":\"Patia\",\"url\":\"https:\/\/latam.patiadiabetes.com\/\",\"logo\":{\"@type\":\"ImageObject\",\"inLanguage\":\"es\",\"@id\":\"https:\/\/latam.patiadiabetes.com\/#\/schema\/logo\/image\/\",\"url\":\"https:\/\/www.patiadiabetes.com\/wp-content\/uploads\/2016\/01\/PATIA-logo.png\",\"contentUrl\":\"https:\/\/www.patiadiabetes.com\/wp-content\/uploads\/2016\/01\/PATIA-logo.png\",\"width\":150,\"height\":80,\"caption\":\"Patia\"},\"image\":{\"@id\":\"https:\/\/latam.patiadiabetes.com\/#\/schema\/logo\/image\/\"}}]}<\/script>\n<!-- \/ Yoast SEO plugin. -->","yoast_head_json":{"title":"Solicita m\u00e1s informaci\u00f3n GDMpredict - PATIA Diabetes","robots":{"index":"index","follow":"nofollow","max-snippet":"max-snippet:-1","max-image-preview":"max-image-preview:large","max-video-preview":"max-video-preview:-1"},"canonical":"https:\/\/latam.patiadiabetes.com\/solicita-mas-informacion\/","og_locale":"es_ES","og_type":"article","og_title":"Solicita m\u00e1s informaci\u00f3n GDMpredict - PATIA Diabetes","og_description":"Pr\u00f3ximamente lanzamos GDMpredict. Rellena el formulario y compartiremos\u00a0informaci\u00f3n contigo en tiempo real.","og_url":"https:\/\/latam.patiadiabetes.com\/solicita-mas-informacion\/","og_site_name":"PATIA Diabetes","article_modified_time":"2020-12-07T16:13:44+00:00","og_image":[{"url":"https:\/\/latam.patiadiabetes.com\/wp-content\/uploads\/2018\/05\/GDMpredict_banner2-e1525778789246.png"}],"twitter_card":"summary_large_image","schema":{"@context":"https:\/\/schema.org","@graph":[{"@type":"WebPage","@id":"https:\/\/latam.patiadiabetes.com\/solicita-mas-informacion\/","url":"https:\/\/latam.patiadiabetes.com\/solicita-mas-informacion\/","name":"Solicita m\u00e1s informaci\u00f3n GDMpredict - PATIA Diabetes","isPartOf":{"@id":"https:\/\/latam.patiadiabetes.com\/#website"},"datePublished":"2018-05-08T11:17:21+00:00","dateModified":"2020-12-07T16:13:44+00:00","inLanguage":"es","potentialAction":[{"@type":"ReadAction","target":["https:\/\/latam.patiadiabetes.com\/solicita-mas-informacion\/"]}]},{"@type":"WebSite","@id":"https:\/\/latam.patiadiabetes.com\/#website","url":"https:\/\/latam.patiadiabetes.com\/","name":"PATIA Diabetes","description":"T\u00fa puedes prevenir la diabetes tipo 2","publisher":{"@id":"https:\/\/latam.patiadiabetes.com\/#organization"},"potentialAction":[{"@type":"SearchAction","target":{"@type":"EntryPoint","urlTemplate":"https:\/\/latam.patiadiabetes.com\/?s={search_term_string}"},"query-input":"required name=search_term_string"}],"inLanguage":"es"},{"@type":"Organization","@id":"https:\/\/latam.patiadiabetes.com\/#organization","name":"Patia","url":"https:\/\/latam.patiadiabetes.com\/","logo":{"@type":"ImageObject","inLanguage":"es","@id":"https:\/\/latam.patiadiabetes.com\/#\/schema\/logo\/image\/","url":"https:\/\/www.patiadiabetes.com\/wp-content\/uploads\/2016\/01\/PATIA-logo.png","contentUrl":"https:\/\/www.patiadiabetes.com\/wp-content\/uploads\/2016\/01\/PATIA-logo.png","width":150,"height":80,"caption":"Patia"},"image":{"@id":"https:\/\/latam.patiadiabetes.com\/#\/schema\/logo\/image\/"}}]}},"_links":{"self":[{"href":"https:\/\/latam.patiadiabetes.com\/es\/wp-json\/wp\/v2\/pages\/9025"}],"collection":[{"href":"https:\/\/latam.patiadiabetes.com\/es\/wp-json\/wp\/v2\/pages"}],"about":[{"href":"https:\/\/latam.patiadiabetes.com\/es\/wp-json\/wp\/v2\/types\/page"}],"author":[{"embeddable":true,"href":"https:\/\/latam.patiadiabetes.com\/es\/wp-json\/wp\/v2\/users\/4"}],"replies":[{"embeddable":true,"href":"https:\/\/latam.patiadiabetes.com\/es\/wp-json\/wp\/v2\/comments?post=9025"}],"version-history":[{"count":0,"href":"https:\/\/latam.patiadiabetes.com\/es\/wp-json\/wp\/v2\/pages\/9025\/revisions"}],"wp:attachment":[{"href":"https:\/\/latam.patiadiabetes.com\/es\/wp-json\/wp\/v2\/media?parent=9025"}],"curies":[{"name":"wp","href":"https:\/\/api.w.org\/{rel}","templated":true}]}}